{"id":1893,"date":"2019-01-31T06:53:31","date_gmt":"2019-01-31T06:53:31","guid":{"rendered":"https:\/\/istorie.unibuc.ro\/?page_id=1893"},"modified":"2019-01-31T06:56:38","modified_gmt":"2019-01-31T06:56:38","slug":"cercul-de-economie","status":"publish","type":"page","link":"https:\/\/istorie.unibuc.ro\/facultate\/studenti\/cercuri-studentesti\/cercul-de-economie\/","title":{"rendered":"Cercul de Economie"},"content":{"rendered":"\n<div class=\"wp-block-image\"><figure class=\"alignleft is-resized\"><img loading=\"lazy\" decoding=\"async\" data-attachment-id=\"1900\" data-permalink=\"https:\/\/istorie.unibuc.ro\/facultate\/studenti\/cercuri-studentesti\/cercul-de-economie\/12304503_952488091494426_7436492581650453977_o\/\" data-orig-file=\"https:\/\/i0.wp.com\/istorie.unibuc.ro\/wp-content\/uploads\/2019\/01\/12304503_952488091494426_7436492581650453977_o.png?fit=1200%2C1199&amp;ssl=1\" data-orig-size=\"1200,1199\" data-comments-opened=\"0\" data-image-meta=\"{&quot;aperture&quot;:&quot;0&quot;,&quot;credit&quot;:&quot;&quot;,&quot;camera&quot;:&quot;&quot;,&quot;caption&quot;:&quot;&quot;,&quot;created_timestamp&quot;:&quot;0&quot;,&quot;copyright&quot;:&quot;&quot;,&quot;focal_length&quot;:&quot;0&quot;,&quot;iso&quot;:&quot;0&quot;,&quot;shutter_speed&quot;:&quot;0&quot;,&quot;title&quot;:&quot;&quot;,&quot;orientation&quot;:&quot;0&quot;}\" data-image-title=\"12304503_952488091494426_7436492581650453977_o\" data-image-description=\"\" data-image-caption=\"\" data-large-file=\"https:\/\/i0.wp.com\/istorie.unibuc.ro\/wp-content\/uploads\/2019\/01\/12304503_952488091494426_7436492581650453977_o.png?fit=771%2C771&amp;ssl=1\" src=\"https:\/\/i1.wp.com\/istorie.unibuc.ro\/wp-content\/uploads\/2019\/01\/12304503_952488091494426_7436492581650453977_o.png?fit=640%2C640&amp;ssl=1\" alt=\"\" class=\"wp-image-1900\" width=\"191\" height=\"190\" srcset=\"https:\/\/i0.wp.com\/istorie.unibuc.ro\/wp-content\/uploads\/2019\/01\/12304503_952488091494426_7436492581650453977_o.png?w=1200&amp;ssl=1 1200w, https:\/\/i0.wp.com\/istorie.unibuc.ro\/wp-content\/uploads\/2019\/01\/12304503_952488091494426_7436492581650453977_o.png?resize=150%2C150&amp;ssl=1 150w, https:\/\/i0.wp.com\/istorie.unibuc.ro\/wp-content\/uploads\/2019\/01\/12304503_952488091494426_7436492581650453977_o.png?resize=300%2C300&amp;ssl=1 300w, https:\/\/i0.wp.com\/istorie.unibuc.ro\/wp-content\/uploads\/2019\/01\/12304503_952488091494426_7436492581650453977_o.png?resize=768%2C767&amp;ssl=1 768w, https:\/\/i0.wp.com\/istorie.unibuc.ro\/wp-content\/uploads\/2019\/01\/12304503_952488091494426_7436492581650453977_o.png?resize=1024%2C1024&amp;ssl=1 1024w\" sizes=\"auto, (max-width: 191px) 100vw, 191px\" \/><\/figure><\/div>\n\n\n\n<p class=\"wp-block-paragraph\">Cercul de Economie al Facult\u0103\u021bii de Istorie a fost \u00eenfiin\u021bat \u00een 2016 la ini\u021biativa unui grup de studen\u021bi din cadrul programului Rela\u021bii Interna\u021bionale \u0219i Studii Europene, sub coordonarea dlui. Lect. Dr. Christian N\u0103sulea.&nbsp;<\/p>\n\n\n\n<p class=\"wp-block-paragraph\"><br>Economia este str\u00e2ns legat\u0103 de toate aspectele vie\u021bii de zi cu zi, de la alegerile pe care le facem ca indivizi sau \u00een interiorul familiei ori societ\u0103\u021bii, la organiza\u021bii private sau structuri guvernamentale. A\u0219adar, modul economic de g\u00e2ndire ne ajut\u0103 s\u0103 \u00een\u021belegem lumea din jurul nostru \u0219i s\u0103 facem alegeri mai bune.<\/p>\n\n\n\n<p class=\"wp-block-paragraph\"><br><strong>De ce la Istorie?<\/strong><br>Istoria reprezint\u0103 studiul evenimentelor. Ca domeniu de activitate, ea prive\u0219te fiecare eveniment \u00een mod particular, iar \u00een ciuda faptului c\u0103 poate determina modele sau similitudini, punctul de reper este \u00eentotdeauna reprezentat de analiza studiului de caz, a evenimentul \u00een mod exclusiv, \u00eentr-o anumit\u0103 perioad\u0103 de timp sau context istoric.<\/p>\n\n\n\n<p class=\"wp-block-paragraph\"><br>Economia studiaz\u0103 modele. Economi\u0219tii caut\u0103 similitudini ale diferitelor evenimente \u0219i se \u00eentreab\u0103 dac\u0103 acestea creeaz\u0103 sau nu modele ori confirm\u0103 sau infirm\u0103 anumite teorii.<\/p>\n\n\n\n<p class=\"wp-block-paragraph\"><br>Cele dou\u0103 domenii pot fi, \u00eentr-adev\u0103r, studiate separat. \u00cens\u0103, pentru ni\u0219te istorici, viitori anali\u0219ti politici sau speciali\u0219ti \u00een rela\u021bii interna\u021bionale, devine necesar\u0103 o \u00een\u021belegere mai complex\u0103 a lumii \u00een care tr\u0103im \u0219i a factorilor care influen\u021beaz\u0103 decizia \u00eentr-un anumit moment, iar acest cerc \u00ee\u0219i propune s\u0103 creeze un cadru de formare \u0219i dezvoltare a viitorilor exper\u021bi.<\/p>\n\n\n\n<p class=\"wp-block-paragraph\"><br>Obiectivul Cercului de Economie este acela de a oferi un cadru informal de dezbatere a unor probleme \u0219i provoc\u0103ri reale ale economiei contemporane \u00een contextul globaliz\u0103rii. \u00cen cadrul cercului studen\u021bii pasiona\u021bi de anumite subiecte sau regiuni \u00ee\u0219i pot exersa abilit\u0103\u021bile de comunicare \u00een public prin prezentarea unei teme interesante \u0219i prin moderarea dezbaterilor. <\/p>\n\n\n\n<p class=\"wp-block-paragraph\"><br>La \u00eent\u00e2lnirile Cercului de Economie poate participa orice student al FIUB, indiferent de anul \u0219i programul de studii. Atmostfera din cadrul \u00eent\u00e2lnirilor este una relaxat\u0103, iar discu\u021biile \u0219i dezbaterile sunt \u00eencurajate. De-a lungul timpului au fost invita\u021bi \u0219i repezentan\u021bi ai mediului de afaceri, reprezentan\u021bi din cadrul administra\u021biei publice, dar \u0219i profesori de la alte Universit\u0103\u021bi.<\/p>\n\n\n\n<p class=\"wp-block-paragraph\"><br>\u00cent\u00e2lnirile Cercului de Economie au loc o dat\u0103 pe s\u0103tp\u0103m\u00e2n\u0103, mar\u021bi, \u00eencep\u00e2nd cu orele 20.00.<\/p>\n\n\n\n<figure class=\"wp-block-embed-facebook wp-block-embed\"><div class=\"wp-block-embed__wrapper\">\nhttps:\/\/www.facebook.com\/cerculdeeconomie\/\n<\/div><\/figure>\n\n\n\n<ul class=\"wp-block-gallery columns-3 is-cropped wp-block-gallery-1 is-layout-flex wp-block-gallery-is-layout-flex\"><li class=\"blocks-gallery-item\"><figure><img data-recalc-dims=\"1\" loading=\"lazy\" decoding=\"async\" width=\"771\" height=\"849\" data-attachment-id=\"1894\" data-permalink=\"https:\/\/istorie.unibuc.ro\/facultate\/studenti\/cercuri-studentesti\/cercul-de-economie\/48366362_2052210581522166_8709004996844191744_n\/\" data-orig-file=\"https:\/\/i0.wp.com\/istorie.unibuc.ro\/wp-content\/uploads\/2019\/01\/48366362_2052210581522166_8709004996844191744_n.jpg?fit=872%2C960&amp;ssl=1\" data-orig-size=\"872,960\" data-comments-opened=\"0\" data-image-meta=\"{&quot;aperture&quot;:&quot;0&quot;,&quot;credit&quot;:&quot;&quot;,&quot;camera&quot;:&quot;&quot;,&quot;caption&quot;:&quot;&quot;,&quot;created_timestamp&quot;:&quot;0&quot;,&quot;copyright&quot;:&quot;&quot;,&quot;focal_length&quot;:&quot;0&quot;,&quot;iso&quot;:&quot;0&quot;,&quot;shutter_speed&quot;:&quot;0&quot;,&quot;title&quot;:&quot;&quot;,&quot;orientation&quot;:&quot;0&quot;}\" data-image-title=\"48366362_2052210581522166_8709004996844191744_n\" data-image-description=\"\" data-image-caption=\"\" data-large-file=\"https:\/\/i0.wp.com\/istorie.unibuc.ro\/wp-content\/uploads\/2019\/01\/48366362_2052210581522166_8709004996844191744_n.jpg?fit=771%2C849&amp;ssl=1\" src=\"https:\/\/i0.wp.com\/istorie.unibuc.ro\/wp-content\/uploads\/2019\/01\/48366362_2052210581522166_8709004996844191744_n.jpg?resize=771%2C849&#038;ssl=1\" alt=\"\" data-id=\"1894\" data-link=\"https:\/\/istorie.unibuc.ro\/?attachment_id=1894\" class=\"wp-image-1894\" srcset=\"https:\/\/i0.wp.com\/istorie.unibuc.ro\/wp-content\/uploads\/2019\/01\/48366362_2052210581522166_8709004996844191744_n.jpg?w=872&amp;ssl=1 872w, https:\/\/i0.wp.com\/istorie.unibuc.ro\/wp-content\/uploads\/2019\/01\/48366362_2052210581522166_8709004996844191744_n.jpg?resize=273%2C300&amp;ssl=1 273w, https:\/\/i0.wp.com\/istorie.unibuc.ro\/wp-content\/uploads\/2019\/01\/48366362_2052210581522166_8709004996844191744_n.jpg?resize=768%2C846&amp;ssl=1 768w\" sizes=\"auto, (max-width: 771px) 100vw, 771px\" \/><\/figure><\/li><li class=\"blocks-gallery-item\"><figure><img data-recalc-dims=\"1\" loading=\"lazy\" decoding=\"async\" width=\"771\" height=\"389\" data-attachment-id=\"1896\" data-permalink=\"https:\/\/istorie.unibuc.ro\/facultate\/studenti\/cercuri-studentesti\/cercul-de-economie\/15439858_1213382428738323_652968042609583493_n\/\" data-orig-file=\"https:\/\/i0.wp.com\/istorie.unibuc.ro\/wp-content\/uploads\/2019\/01\/15439858_1213382428738323_652968042609583493_n.jpg?fit=960%2C484&amp;ssl=1\" data-orig-size=\"960,484\" data-comments-opened=\"0\" data-image-meta=\"{&quot;aperture&quot;:&quot;0&quot;,&quot;credit&quot;:&quot;&quot;,&quot;camera&quot;:&quot;&quot;,&quot;caption&quot;:&quot;&quot;,&quot;created_timestamp&quot;:&quot;0&quot;,&quot;copyright&quot;:&quot;&quot;,&quot;focal_length&quot;:&quot;0&quot;,&quot;iso&quot;:&quot;0&quot;,&quot;shutter_speed&quot;:&quot;0&quot;,&quot;title&quot;:&quot;&quot;,&quot;orientation&quot;:&quot;0&quot;}\" data-image-title=\"15439858_1213382428738323_652968042609583493_n\" data-image-description=\"\" data-image-caption=\"\" data-large-file=\"https:\/\/i0.wp.com\/istorie.unibuc.ro\/wp-content\/uploads\/2019\/01\/15439858_1213382428738323_652968042609583493_n.jpg?fit=771%2C389&amp;ssl=1\" src=\"https:\/\/i0.wp.com\/istorie.unibuc.ro\/wp-content\/uploads\/2019\/01\/15439858_1213382428738323_652968042609583493_n.jpg?resize=771%2C389&#038;ssl=1\" alt=\"\" data-id=\"1896\" data-link=\"https:\/\/istorie.unibuc.ro\/?attachment_id=1896\" class=\"wp-image-1896\" srcset=\"https:\/\/i0.wp.com\/istorie.unibuc.ro\/wp-content\/uploads\/2019\/01\/15439858_1213382428738323_652968042609583493_n.jpg?w=960&amp;ssl=1 960w, https:\/\/i0.wp.com\/istorie.unibuc.ro\/wp-content\/uploads\/2019\/01\/15439858_1213382428738323_652968042609583493_n.jpg?resize=300%2C151&amp;ssl=1 300w, https:\/\/i0.wp.com\/istorie.unibuc.ro\/wp-content\/uploads\/2019\/01\/15439858_1213382428738323_652968042609583493_n.jpg?resize=768%2C387&amp;ssl=1 768w, https:\/\/i0.wp.com\/istorie.unibuc.ro\/wp-content\/uploads\/2019\/01\/15439858_1213382428738323_652968042609583493_n.jpg?resize=400%2C202&amp;ssl=1 400w\" sizes=\"auto, (max-width: 771px) 100vw, 771px\" \/><\/figure><\/li><li class=\"blocks-gallery-item\"><figure><img data-recalc-dims=\"1\" loading=\"lazy\" decoding=\"async\" width=\"771\" height=\"389\" data-attachment-id=\"1897\" data-permalink=\"https:\/\/istorie.unibuc.ro\/facultate\/studenti\/cercuri-studentesti\/cercul-de-economie\/15439858_1213382428738323_652968042609583493_n-2\/\" data-orig-file=\"https:\/\/i0.wp.com\/istorie.unibuc.ro\/wp-content\/uploads\/2019\/01\/15439858_1213382428738323_652968042609583493_n-1.jpg?fit=960%2C484&amp;ssl=1\" data-orig-size=\"960,484\" data-comments-opened=\"0\" data-image-meta=\"{&quot;aperture&quot;:&quot;0&quot;,&quot;credit&quot;:&quot;&quot;,&quot;camera&quot;:&quot;&quot;,&quot;caption&quot;:&quot;&quot;,&quot;created_timestamp&quot;:&quot;0&quot;,&quot;copyright&quot;:&quot;&quot;,&quot;focal_length&quot;:&quot;0&quot;,&quot;iso&quot;:&quot;0&quot;,&quot;shutter_speed&quot;:&quot;0&quot;,&quot;title&quot;:&quot;&quot;,&quot;orientation&quot;:&quot;0&quot;}\" data-image-title=\"15439858_1213382428738323_652968042609583493_n\" data-image-description=\"\" data-image-caption=\"\" data-large-file=\"https:\/\/i0.wp.com\/istorie.unibuc.ro\/wp-content\/uploads\/2019\/01\/15439858_1213382428738323_652968042609583493_n-1.jpg?fit=771%2C389&amp;ssl=1\" src=\"https:\/\/i0.wp.com\/istorie.unibuc.ro\/wp-content\/uploads\/2019\/01\/15439858_1213382428738323_652968042609583493_n-1.jpg?resize=771%2C389&#038;ssl=1\" alt=\"\" data-id=\"1897\" data-link=\"https:\/\/istorie.unibuc.ro\/?attachment_id=1897\" class=\"wp-image-1897\" srcset=\"https:\/\/i0.wp.com\/istorie.unibuc.ro\/wp-content\/uploads\/2019\/01\/15439858_1213382428738323_652968042609583493_n-1.jpg?w=960&amp;ssl=1 960w, https:\/\/i0.wp.com\/istorie.unibuc.ro\/wp-content\/uploads\/2019\/01\/15439858_1213382428738323_652968042609583493_n-1.jpg?resize=300%2C151&amp;ssl=1 300w, https:\/\/i0.wp.com\/istorie.unibuc.ro\/wp-content\/uploads\/2019\/01\/15439858_1213382428738323_652968042609583493_n-1.jpg?resize=768%2C387&amp;ssl=1 768w, https:\/\/i0.wp.com\/istorie.unibuc.ro\/wp-content\/uploads\/2019\/01\/15439858_1213382428738323_652968042609583493_n-1.jpg?resize=400%2C202&amp;ssl=1 400w\" sizes=\"auto, (max-width: 771px) 100vw, 771px\" \/><\/figure><\/li><li class=\"blocks-gallery-item\"><figure><img data-recalc-dims=\"1\" loading=\"lazy\" decoding=\"async\" width=\"771\" height=\"466\" data-attachment-id=\"1903\" data-permalink=\"https:\/\/istorie.unibuc.ro\/facultate\/studenti\/cercuri-studentesti\/cercul-de-economie\/17522532_1375033722573192_3610771827150883237_n-2\/\" data-orig-file=\"https:\/\/i0.wp.com\/istorie.unibuc.ro\/wp-content\/uploads\/2019\/01\/17522532_1375033722573192_3610771827150883237_n-1.jpg?fit=960%2C580&amp;ssl=1\" data-orig-size=\"960,580\" data-comments-opened=\"0\" data-image-meta=\"{&quot;aperture&quot;:&quot;0&quot;,&quot;credit&quot;:&quot;&quot;,&quot;camera&quot;:&quot;&quot;,&quot;caption&quot;:&quot;&quot;,&quot;created_timestamp&quot;:&quot;0&quot;,&quot;copyright&quot;:&quot;&quot;,&quot;focal_length&quot;:&quot;0&quot;,&quot;iso&quot;:&quot;0&quot;,&quot;shutter_speed&quot;:&quot;0&quot;,&quot;title&quot;:&quot;&quot;,&quot;orientation&quot;:&quot;0&quot;}\" data-image-title=\"17522532_1375033722573192_3610771827150883237_n\" data-image-description=\"\" data-image-caption=\"\" data-large-file=\"https:\/\/i0.wp.com\/istorie.unibuc.ro\/wp-content\/uploads\/2019\/01\/17522532_1375033722573192_3610771827150883237_n-1.jpg?fit=771%2C466&amp;ssl=1\" src=\"https:\/\/i0.wp.com\/istorie.unibuc.ro\/wp-content\/uploads\/2019\/01\/17522532_1375033722573192_3610771827150883237_n-1.jpg?resize=771%2C466&#038;ssl=1\" alt=\"\" data-id=\"1903\" data-link=\"https:\/\/istorie.unibuc.ro\/studenti\/cercuri-studentesti\/cercul-de-economie\/17522532_1375033722573192_3610771827150883237_n-2\/\" class=\"wp-image-1903\" srcset=\"https:\/\/i0.wp.com\/istorie.unibuc.ro\/wp-content\/uploads\/2019\/01\/17522532_1375033722573192_3610771827150883237_n-1.jpg?w=960&amp;ssl=1 960w, https:\/\/i0.wp.com\/istorie.unibuc.ro\/wp-content\/uploads\/2019\/01\/17522532_1375033722573192_3610771827150883237_n-1.jpg?resize=300%2C181&amp;ssl=1 300w, https:\/\/i0.wp.com\/istorie.unibuc.ro\/wp-content\/uploads\/2019\/01\/17522532_1375033722573192_3610771827150883237_n-1.jpg?resize=768%2C464&amp;ssl=1 768w, https:\/\/i0.wp.com\/istorie.unibuc.ro\/wp-content\/uploads\/2019\/01\/17522532_1375033722573192_3610771827150883237_n-1.jpg?resize=400%2C242&amp;ssl=1 400w\" sizes=\"auto, (max-width: 771px) 100vw, 771px\" \/><\/figure><\/li><\/ul>\n","protected":false},"excerpt":{"rendered":"<p>Cercul de Economie al Facult\u0103\u021bii de Istorie a fost \u00eenfiin\u021bat \u00een 2016 la ini\u021biativa unui grup de studen\u021bi din cadrul programului Rela\u021bii Interna\u021bionale \u0219i Studii Europene, sub coordonarea dlui. Lect. Dr. Christian N\u0103sulea.&nbsp; Economia este str\u00e2ns legat\u0103 de toate aspectele vie\u021bii de zi cu zi, de la alegerile pe care le facem ca indivizi sau [&hellip;]<\/p>\n","protected":false},"author":2,"featured_media":0,"parent":1527,"menu_order":0,"comment_status":"closed","ping_status":"closed","template":"","meta":{"_crdt_document":"","jetpack_post_was_ever_published":false,"footnotes":""},"class_list":["post-1893","page","type-page","status-publish","hentry"],"jetpack_sharing_enabled":true,"jetpack_shortlink":"https:\/\/wp.me\/PaobZd-ux","jetpack-related-posts":[],"_links":{"self":[{"href":"https:\/\/istorie.unibuc.ro\/facultate\/wp-json\/wp\/v2\/pages\/1893","targetHints":{"allow":["GET"]}}],"collection":[{"href":"https:\/\/istorie.unibuc.ro\/facultate\/wp-json\/wp\/v2\/pages"}],"about":[{"href":"https:\/\/istorie.unibuc.ro\/facultate\/wp-json\/wp\/v2\/types\/page"}],"author":[{"embeddable":true,"href":"https:\/\/istorie.unibuc.ro\/facultate\/wp-json\/wp\/v2\/users\/2"}],"replies":[{"embeddable":true,"href":"https:\/\/istorie.unibuc.ro\/facultate\/wp-json\/wp\/v2\/comments?post=1893"}],"version-history":[{"count":2,"href":"https:\/\/istorie.unibuc.ro\/facultate\/wp-json\/wp\/v2\/pages\/1893\/revisions"}],"predecessor-version":[{"id":1904,"href":"https:\/\/istorie.unibuc.ro\/facultate\/wp-json\/wp\/v2\/pages\/1893\/revisions\/1904"}],"up":[{"embeddable":true,"href":"https:\/\/istorie.unibuc.ro\/facultate\/wp-json\/wp\/v2\/pages\/1527"}],"wp:attachment":[{"href":"https:\/\/istorie.unibuc.ro\/facultate\/wp-json\/wp\/v2\/media?parent=1893"}],"curies":[{"name":"wp","href":"https:\/\/api.w.org\/{rel}","templated":true}]}}