{"id":188,"date":"2018-10-26T14:50:45","date_gmt":"2018-10-26T14:50:45","guid":{"rendered":"http:\/\/newhis.bucharest.university\/?page_id=188"},"modified":"2024-09-30T11:18:01","modified_gmt":"2024-09-30T11:18:01","slug":"istorie-if","status":"publish","type":"page","link":"https:\/\/istorie.unibuc.ro\/facultate\/programe\/licenta\/istorie-if\/","title":{"rendered":"Istorie IF"},"content":{"rendered":"\n<p class=\"wp-block-paragraph\">Programul de preg\u0103tire a licen\u0163ei \u00een istorie are dou\u0103 componente fundamentale : cursurile de preg\u0103tire istoric\u0103 general\u0103 \u015fi cursurile de specializare ini\u0163ial\u0103.<\/p>\n\n\n\n<div class=\"wp-block-cover is-light\"><span aria-hidden=\"true\" class=\"wp-block-cover__background has-background-dim\"><\/span><img data-recalc-dims=\"1\" loading=\"lazy\" decoding=\"async\" width=\"771\" height=\"1157\" data-attachment-id=\"189\" data-permalink=\"https:\/\/istorie.unibuc.ro\/facultate\/programe\/licenta\/istorie-if\/pag-_3_sus\/\" data-orig-file=\"https:\/\/i0.wp.com\/istorie.unibuc.ro\/wp-content\/uploads\/2018\/10\/pag._3_sus.jpg?fit=3456%2C5184&amp;ssl=1\" data-orig-size=\"3456,5184\" data-comments-opened=\"0\" data-image-meta=\"{&quot;aperture&quot;:&quot;2.8&quot;,&quot;credit&quot;:&quot;Bogdan Brasoveanu&quot;,&quot;camera&quot;:&quot;Canon EOS 60D&quot;,&quot;caption&quot;:&quot;&quot;,&quot;created_timestamp&quot;:&quot;1332931598&quot;,&quot;copyright&quot;:&quot;www.foto-de-eveniment.ro&quot;,&quot;focal_length&quot;:&quot;50&quot;,&quot;iso&quot;:&quot;250&quot;,&quot;shutter_speed&quot;:&quot;0.01&quot;,&quot;title&quot;:&quot;&quot;,&quot;orientation&quot;:&quot;0&quot;}\" data-image-title=\"pag._3_sus\" data-image-description=\"\" data-image-caption=\"\" data-large-file=\"https:\/\/i0.wp.com\/istorie.unibuc.ro\/wp-content\/uploads\/2018\/10\/pag._3_sus.jpg?fit=683%2C1024&amp;ssl=1\" class=\"wp-block-cover__image-background wp-image-189\" alt=\"\" src=\"https:\/\/i0.wp.com\/newhis.bucharest.university\/wp-content\/uploads\/2018\/10\/pag._3_sus.jpg?resize=771%2C1157\" data-object-fit=\"cover\" srcset=\"https:\/\/i0.wp.com\/istorie.unibuc.ro\/wp-content\/uploads\/2018\/10\/pag._3_sus.jpg?w=3456&amp;ssl=1 3456w, https:\/\/i0.wp.com\/istorie.unibuc.ro\/wp-content\/uploads\/2018\/10\/pag._3_sus.jpg?resize=200%2C300&amp;ssl=1 200w, https:\/\/i0.wp.com\/istorie.unibuc.ro\/wp-content\/uploads\/2018\/10\/pag._3_sus.jpg?resize=768%2C1152&amp;ssl=1 768w, https:\/\/i0.wp.com\/istorie.unibuc.ro\/wp-content\/uploads\/2018\/10\/pag._3_sus.jpg?resize=683%2C1024&amp;ssl=1 683w, https:\/\/i0.wp.com\/istorie.unibuc.ro\/wp-content\/uploads\/2018\/10\/pag._3_sus.jpg?w=1542&amp;ssl=1 1542w, https:\/\/i0.wp.com\/istorie.unibuc.ro\/wp-content\/uploads\/2018\/10\/pag._3_sus.jpg?w=2313&amp;ssl=1 2313w\" sizes=\"auto, (max-width: 771px) 100vw, 771px\" \/><div class=\"wp-block-cover__inner-container is-layout-flow wp-block-cover-is-layout-flow\">\n<p class=\"has-text-align-center has-large-font-size wp-block-paragraph\"><\/p>\n<\/div><\/div>\n\n\n\n<p class=\"wp-block-paragraph\">Preg\u0103tirea general\u0103 are ca obiectiv formarea unei culturi profesionale de baz\u0103, constituirea unui orizont istoriografic suficient de complex pentru ca \u00een final absolven\u0163ii s\u0103 poat\u0103 avea op\u0163iuni c\u00e2t mai numeroase. Aceast\u0103 parte a programului cuprinde 26 de discipline cu durata unui semestru (aproximativ 14 unit\u0103\u0163i de curs fiecare). Tematica acestor cursuri este organizat\u0103 \u00een func\u0163ie de dou\u0103 criterii majore: cel cronologico-regional \u015fi cel metodologic. Din prima categorie fac parte cursuri precum Preistoria general\u0103, Antichitatea oriental\u0103, greac\u0103 sau roman\u0103, Istoria medieval\u0103, Istoria Bizan\u0163ului, Istoria modern\u0103, Istoria contemporan\u0103, Integrarea euro-atlantic\u0103, etc. Categoria a doua include Arheologia, \u015etiin\u0163ele speciale ale istoriei (\u00eentre care muzeologia \u015fi arhivistica), Istoriografia. Chiar dac\u0103 toate aceste discipline sunt obligatorii, studen\u0163ii au posibilitatea de a face op\u0163iuni \u00eentre modulele oferite de c\u0103tre fiecare domeniu \u00een parte. Modulele sunt concepute problematizat \u015fi se focalizeaz\u0103 asupra unor chestiuni specifice \u015fi fundamentale din istoria epocii sau spa\u0163iului istoric studiat, de la istoria politic\u0103 \u015fi cultural\u0103 la cea a mentalit\u0103\u0163ilor sau a structurilor sociale.<\/p>\n\n\n\n<p class=\"wp-block-paragraph\"><strong>Preg\u0103tirea de specialitate<\/strong> ini\u0163ial\u0103 const\u0103 \u00eentr-o serie de cursuri numite op\u0163ionale \u015fi speciale, dedicate unor chestiuni mai precis conturate \u015fi mai aplicate dec\u00e2t cursurile generale introductive. Obiectivul acestei p\u0103r\u0163i a programului, care \u00eencepe \u00een anul al doilea, este acela de a-i ajuta pe absolven\u0163i s\u0103 \u00ee\u015fi aprecieze atitudinile pentru cercetare \u015fi s\u0103 \u00ee\u015fi formeze c\u00e2teva dintre abilit\u0103\u0163ile specifice acesteia. Desigur, veritabila specializare urmeaz\u0103 dup\u0103 licen\u0163\u0103, \u00een programele de masterat \u015fi mai ales de doctorat. Pentru cei care nu vor continua dup\u0103 licen\u0163\u0103 studiile istorice, preg\u0103tirea de specialitate ini\u0163ial\u0103 reprezint\u0103 o \u015fans\u0103 pentru a \u00een\u0163elege mai bine \u00een ce const\u0103 laboratorul unui istoric, mecanismele \u015fi resursele care sunt antrenate \u00een studierea \u015ftiin\u0163ific\u0103 a trecutului. Miza esen\u0163ial\u0103 a programului o constituie formarea atitudinii critice \u00een rela\u0163ie cu sursele istorice de toate tipurile.<br>Oferta didactic\u0103 foarte variat\u0103 \u00eencearc\u0103 s\u0103 reflecteze complexitatea domeniului istoriografic modern, care nu ocole\u015fte nimic din ceea ce este uman : politic\u0103, tehnologie, rela\u0163iile dintre sexe, economia, evolu\u0163ia ideilor \u015fi a mentalit\u0103\u0163ilor, diploma\u0163ia, modul de locuire \u015fi rela\u0163iile cu mediul, r\u0103zboiul, religia, etc. Al\u0103turi de studiile referitoare la toate epocile istoriei rom\u00e2ne\u015fti \u015fi europene, facultatea ofer\u0103 cursuri de osmanistic\u0103, istoria S.U.A., egiptologie, bizantinistic\u0103, civiliza\u0163ii orientale etc.<\/p>\n\n\n\n<p class=\"wp-block-paragraph\">Facultatea organizeaz\u0103 \u00een mod tradi\u0163ional stagii de preg\u0103tire practic\u0103, \u00een cadrul c\u0103rora studen\u0163ii pot opta \u00eentre \u015fantierele arheologice, muzee \u015fi arhive.<\/p>\n\n\n\n<p class=\"wp-block-paragraph\">Cei care doresc s\u0103 urmeze o carier\u0103 didactic\u0103 pot urma, de asemenea, modulul de preg\u0103tire psiho-pedagogic\u0103.<\/p>\n\n\n\n<p class=\"wp-block-paragraph\">Studiul istoriei este un bun \u00eenceput \u00eentr-o carier\u0103 dinamic\u0103, potrivit\u0103 unui t\u00e2n\u0103r care \u00ee\u015fi dore\u015fte o profesie care s\u0103-l pun\u0103 \u00een valoare \u015fi s\u0103-i p\u0103streze pasiunea \u015fi entuziasmul intelectual, \u00een special acolo unde sunt cerute cuno\u015ftin\u0163e generale solide \u015fi \u00een\u0163elegerea profund\u0103 a rela\u0163iilor sociale. Absolven\u0163ii facult\u0103\u0163ii func\u0163ioneaz\u0103 \u00een prezent \u00een domenii foarte variate : sistemul muzeal, \u00eenv\u0103\u0163\u0103m\u00e2nt, diploma\u0163ie, cercetare, politic\u0103, arhive, mass-media, sistemul editorial, administra\u0163ia central\u0103 \u015fi local\u0103, ONG-uri rom\u00e2ne\u015fti \u015fi interna\u0163ionale de diverse profiluri, etc.<\/p>\n\n\n\n<p class=\"wp-block-paragraph\"><\/p>\n\n\n\n<h2 class=\"wp-block-heading\"><strong><a href=\"https:\/\/istorie.unibuc.ro\/facultate\/fise-discipline-istorie\/\" data-type=\"page\" data-id=\"16436\">Fi\u0219e discipline Istorie<\/a><\/strong><\/h2>\n\n\n\n<p class=\"wp-block-paragraph\"><\/p>\n","protected":false},"excerpt":{"rendered":"<p>Programul de preg\u0103tire a licen\u0163ei \u00een istorie are dou\u0103 componente fundamentale : cursurile de preg\u0103tire istoric\u0103 general\u0103 \u015fi cursurile de specializare ini\u0163ial\u0103. Preg\u0103tirea general\u0103 are ca obiectiv formarea unei culturi profesionale de baz\u0103, constituirea unui orizont istoriografic suficient de complex pentru ca \u00een final absolven\u0163ii s\u0103 poat\u0103 avea op\u0163iuni c\u00e2t mai numeroase. Aceast\u0103 parte a [&hellip;]<\/p>\n","protected":false},"author":2,"featured_media":0,"parent":186,"menu_order":0,"comment_status":"closed","ping_status":"closed","template":"","meta":{"_crdt_document":"","jetpack_post_was_ever_published":false,"footnotes":""},"class_list":["post-188","page","type-page","status-publish","hentry"],"jetpack_sharing_enabled":true,"jetpack_shortlink":"https:\/\/wp.me\/PaobZd-32","jetpack-related-posts":[],"_links":{"self":[{"href":"https:\/\/istorie.unibuc.ro\/facultate\/wp-json\/wp\/v2\/pages\/188","targetHints":{"allow":["GET"]}}],"collection":[{"href":"https:\/\/istorie.unibuc.ro\/facultate\/wp-json\/wp\/v2\/pages"}],"about":[{"href":"https:\/\/istorie.unibuc.ro\/facultate\/wp-json\/wp\/v2\/types\/page"}],"author":[{"embeddable":true,"href":"https:\/\/istorie.unibuc.ro\/facultate\/wp-json\/wp\/v2\/users\/2"}],"replies":[{"embeddable":true,"href":"https:\/\/istorie.unibuc.ro\/facultate\/wp-json\/wp\/v2\/comments?post=188"}],"version-history":[{"count":19,"href":"https:\/\/istorie.unibuc.ro\/facultate\/wp-json\/wp\/v2\/pages\/188\/revisions"}],"predecessor-version":[{"id":16439,"href":"https:\/\/istorie.unibuc.ro\/facultate\/wp-json\/wp\/v2\/pages\/188\/revisions\/16439"}],"up":[{"embeddable":true,"href":"https:\/\/istorie.unibuc.ro\/facultate\/wp-json\/wp\/v2\/pages\/186"}],"wp:attachment":[{"href":"https:\/\/istorie.unibuc.ro\/facultate\/wp-json\/wp\/v2\/media?parent=188"}],"curies":[{"name":"wp","href":"https:\/\/api.w.org\/{rel}","templated":true}]}}