{"id":186,"date":"2018-10-26T14:47:09","date_gmt":"2018-10-26T14:47:09","guid":{"rendered":"http:\/\/newhis.bucharest.university\/?page_id=186"},"modified":"2024-09-29T17:25:40","modified_gmt":"2024-09-29T17:25:40","slug":"licenta","status":"publish","type":"page","link":"https:\/\/istorie.unibuc.ro\/facultate\/programe\/licenta\/","title":{"rendered":"Licen\u021b\u0103"},"content":{"rendered":"\n<div class=\"wp-block-columns has-2-columns is-layout-flex wp-container-core-columns-is-layout-8f761849 wp-block-columns-is-layout-flex\">\n<div class=\"wp-block-column is-layout-flow wp-block-column-is-layout-flow\">\n<p class=\"wp-block-paragraph\">Facultatea de Istorie propune patru specializ\u0103ri pentru ciclul licen\u021b\u0103, primul nivel al educa\u021biei superioare din Rom\u00e2nia. Fiecare dintre cele trei programe are o durata de 3 ani, fiind organizat \u00een sistemul Bologna. Toate cele trei sec\u0163ii sunt acreditate.<\/p>\n\n\n\n<ul class=\"wp-block-list\">\n<li><a href=\"https:\/\/istorie.unibuc.ro\/programe\/licenta\/istorie-if\/\">Istorie&nbsp;<\/a><\/li>\n\n\n\n<li><a href=\"https:\/\/istorie.unibuc.ro\/programe\/licenta\/istorie-id\/\">Istorie ID<\/a><\/li>\n\n\n\n<li><a href=\"https:\/\/istorie.unibuc.ro\/programe\/licenta\/istoria-artei\/\">Istoria artei \u2013 studii IF<\/a><\/li>\n\n\n\n<li><a href=\"https:\/\/istorie.unibuc.ro\/programe\/licenta\/relatii-internationale-si-studii-europene\/\">Rela\u0163ii interna\u0163ionale \u015fi studii europene \u2013 studii IF<\/a><\/li>\n<\/ul>\n<\/div>\n\n\n\n<div class=\"wp-block-column is-layout-flow wp-block-column-is-layout-flow\">\n<h3 class=\"wp-block-heading\"><\/h3>\n<\/div>\n<\/div>\n\n\n\n<p class=\"wp-block-paragraph\"><\/p>\n\n\n\n<h2 class=\"wp-block-heading\"><\/h2>\n\n\n\n<div class=\"wp-block-cover alignfull wp-duotone-unset-2\" style=\"margin-top:0;padding-top:48px;padding-right:48px;padding-bottom:48px;padding-left:48px;min-height:66vh;aspect-ratio:unset;\"><span aria-hidden=\"true\" class=\"wp-block-cover__background has-background-dim-30 has-background-dim\" style=\"background-color:#624f41\"><\/span><img data-recalc-dims=\"1\" loading=\"lazy\" decoding=\"async\" width=\"771\" height=\"771\" data-attachment-id=\"15808\" data-permalink=\"https:\/\/istorie.unibuc.ro\/facultate\/cercetare\/centre-de-cercetare-2\/\" data-orig-file=\"https:\/\/i0.wp.com\/istorie.unibuc.ro\/wp-content\/uploads\/2024\/09\/Centre-de-cercetare.jpg?fit=1680%2C1680&amp;ssl=1\" data-orig-size=\"1680,1680\" data-comments-opened=\"0\" data-image-meta=\"{&quot;aperture&quot;:&quot;0&quot;,&quot;credit&quot;:&quot;&quot;,&quot;camera&quot;:&quot;&quot;,&quot;caption&quot;:&quot;&quot;,&quot;created_timestamp&quot;:&quot;0&quot;,&quot;copyright&quot;:&quot;&quot;,&quot;focal_length&quot;:&quot;0&quot;,&quot;iso&quot;:&quot;0&quot;,&quot;shutter_speed&quot;:&quot;0&quot;,&quot;title&quot;:&quot;&quot;,&quot;orientation&quot;:&quot;0&quot;}\" data-image-title=\"Centre de cercetare\" data-image-description=\"\" data-image-caption=\"\" data-large-file=\"https:\/\/i0.wp.com\/istorie.unibuc.ro\/wp-content\/uploads\/2024\/09\/Centre-de-cercetare.jpg?fit=771%2C771&amp;ssl=1\" class=\"wp-block-cover__image-background wp-image-15808\" alt=\"\" src=\"https:\/\/i0.wp.com\/istorie.unibuc.ro\/wp-content\/uploads\/2024\/09\/Centre-de-cercetare.jpg?resize=771%2C771&#038;ssl=1\" data-object-fit=\"cover\" srcset=\"https:\/\/i0.wp.com\/istorie.unibuc.ro\/wp-content\/uploads\/2024\/09\/Centre-de-cercetare.jpg?w=1680&amp;ssl=1 1680w, https:\/\/i0.wp.com\/istorie.unibuc.ro\/wp-content\/uploads\/2024\/09\/Centre-de-cercetare.jpg?resize=300%2C300&amp;ssl=1 300w, https:\/\/i0.wp.com\/istorie.unibuc.ro\/wp-content\/uploads\/2024\/09\/Centre-de-cercetare.jpg?resize=1024%2C1024&amp;ssl=1 1024w, https:\/\/i0.wp.com\/istorie.unibuc.ro\/wp-content\/uploads\/2024\/09\/Centre-de-cercetare.jpg?resize=150%2C150&amp;ssl=1 150w, https:\/\/i0.wp.com\/istorie.unibuc.ro\/wp-content\/uploads\/2024\/09\/Centre-de-cercetare.jpg?resize=768%2C768&amp;ssl=1 768w, https:\/\/i0.wp.com\/istorie.unibuc.ro\/wp-content\/uploads\/2024\/09\/Centre-de-cercetare.jpg?resize=1536%2C1536&amp;ssl=1 1536w\" sizes=\"auto, (max-width: 771px) 100vw, 771px\" \/><div class=\"wp-block-cover__inner-container is-layout-flow wp-block-cover-is-layout-flow\">\n<div class=\"wp-block-group is-content-justification-left\"><div class=\"wp-block-group__inner-container is-layout-constrained wp-container-core-group-is-layout-2f471073 wp-block-group-is-layout-constrained\">\n<h2 class=\"wp-block-heading has-text-align-left has-white-color has-text-color has-link-color wp-elements-6015b8e460ecc08e9aec772f54bdbd7a\" style=\"font-size:21px;font-style:normal;font-weight:700;letter-spacing:0px;line-height:1;text-transform:uppercase\"><a href=\"https:\/\/istorie.unibuc.ro\/facultate\/programe\/planuri-de-invatamant\/\">Planuri de \u00eenv\u0103\u021b\u0103m\u00e2nt licen\u021b\u0103<\/a><\/h2>\n<\/div><\/div>\n\n\n\n<div style=\"height:72px\" aria-hidden=\"true\" class=\"wp-block-spacer\"><\/div>\n\n\n\n<div class=\"wp-block-buttons is-content-justification-left is-nowrap is-layout-flex wp-container-core-buttons-is-layout-f4069c65 wp-block-buttons-is-layout-flex\">\n<div class=\"wp-block-button has-custom-font-size is-style-outline is-style-outline--1\" style=\"font-size:16px;font-style:normal;font-weight:600;letter-spacing:0px;text-transform:uppercase\"><a class=\"wp-block-button__link has-white-color has-text-color wp-element-button\" href=\"https:\/\/istorie.unibuc.ro\/facultate\/programe\/planuri-de-invatamant\/\" style=\"padding-top:24px;padding-right:48px;padding-bottom:24px;padding-left:48px\">Mai multe informa\u021bii<\/a><\/div>\n<\/div>\n<\/div><\/div>\n","protected":false},"excerpt":{"rendered":"<p>Facultatea de Istorie propune patru specializ\u0103ri pentru ciclul licen\u021b\u0103, primul nivel al educa\u021biei superioare din Rom\u00e2nia. Fiecare dintre cele trei programe are o durata de 3 ani, fiind organizat \u00een sistemul Bologna. Toate cele trei sec\u0163ii sunt acreditate.<\/p>\n","protected":false},"author":2,"featured_media":0,"parent":184,"menu_order":0,"comment_status":"closed","ping_status":"closed","template":"","meta":{"_crdt_document":"","jetpack_post_was_ever_published":false,"footnotes":""},"class_list":["post-186","page","type-page","status-publish","hentry"],"jetpack_sharing_enabled":true,"jetpack_shortlink":"https:\/\/wp.me\/PaobZd-30","jetpack-related-posts":[],"_links":{"self":[{"href":"https:\/\/istorie.unibuc.ro\/facultate\/wp-json\/wp\/v2\/pages\/186","targetHints":{"allow":["GET"]}}],"collection":[{"href":"https:\/\/istorie.unibuc.ro\/facultate\/wp-json\/wp\/v2\/pages"}],"about":[{"href":"https:\/\/istorie.unibuc.ro\/facultate\/wp-json\/wp\/v2\/types\/page"}],"author":[{"embeddable":true,"href":"https:\/\/istorie.unibuc.ro\/facultate\/wp-json\/wp\/v2\/users\/2"}],"replies":[{"embeddable":true,"href":"https:\/\/istorie.unibuc.ro\/facultate\/wp-json\/wp\/v2\/comments?post=186"}],"version-history":[{"count":15,"href":"https:\/\/istorie.unibuc.ro\/facultate\/wp-json\/wp\/v2\/pages\/186\/revisions"}],"predecessor-version":[{"id":16336,"href":"https:\/\/istorie.unibuc.ro\/facultate\/wp-json\/wp\/v2\/pages\/186\/revisions\/16336"}],"up":[{"embeddable":true,"href":"https:\/\/istorie.unibuc.ro\/facultate\/wp-json\/wp\/v2\/pages\/184"}],"wp:attachment":[{"href":"https:\/\/istorie.unibuc.ro\/facultate\/wp-json\/wp\/v2\/media?parent=186"}],"curies":[{"name":"wp","href":"https:\/\/api.w.org\/{rel}","templated":true}]}}