{"id":184,"date":"2018-10-26T14:45:26","date_gmt":"2018-10-26T14:45:26","guid":{"rendered":"http:\/\/newhis.bucharest.university\/?page_id=184"},"modified":"2018-10-26T14:45:29","modified_gmt":"2018-10-26T14:45:29","slug":"programe","status":"publish","type":"page","link":"https:\/\/istorie.unibuc.ro\/facultate\/programe\/","title":{"rendered":"Programe"},"content":{"rendered":"\n<p class=\"wp-block-paragraph\">Facultatea de Istorie cuprinde trei cicluri de studii:<\/p>\n\n\n\n<ul class=\"wp-block-list\"><li>Programe de licen\u021b\u0103, cu o durat\u0103 de trei ani (180 de credite);<\/li><li>Programe de master, cu o durat\u0103 de doi ani (120 de credite);<\/li><li>Doctoratul, cu o durat\u0103 de trei ani (60 credite)<\/li><li>Structura programelor de studii este organizat\u0103 conform principiilor europene, enun\u0163ate \u00een documentele adoptate la Bologna. De asemenea, toate programele sunt organizate pe baza creditelor transferabile \u00een sistem european.<\/li><\/ul>\n","protected":false},"excerpt":{"rendered":"<p>Facultatea de Istorie cuprinde trei cicluri de studii: Programe de licen\u021b\u0103, cu o durat\u0103 de trei ani (180 de credite); Programe de master, cu o durat\u0103 de doi ani (120 de credite); Doctoratul, cu o durat\u0103 de trei ani (60 credite) Structura programelor de studii este organizat\u0103 conform principiilor europene, enun\u0163ate \u00een documentele adoptate la [&hellip;]<\/p>\n","protected":false},"author":2,"featured_media":0,"parent":0,"menu_order":0,"comment_status":"closed","ping_status":"closed","template":"","meta":{"_crdt_document":"","jetpack_post_was_ever_published":false,"footnotes":""},"class_list":["post-184","page","type-page","status-publish","hentry"],"jetpack_sharing_enabled":true,"jetpack_shortlink":"https:\/\/wp.me\/PaobZd-2Y","jetpack-related-posts":[],"_links":{"self":[{"href":"https:\/\/istorie.unibuc.ro\/facultate\/wp-json\/wp\/v2\/pages\/184","targetHints":{"allow":["GET"]}}],"collection":[{"href":"https:\/\/istorie.unibuc.ro\/facultate\/wp-json\/wp\/v2\/pages"}],"about":[{"href":"https:\/\/istorie.unibuc.ro\/facultate\/wp-json\/wp\/v2\/types\/page"}],"author":[{"embeddable":true,"href":"https:\/\/istorie.unibuc.ro\/facultate\/wp-json\/wp\/v2\/users\/2"}],"replies":[{"embeddable":true,"href":"https:\/\/istorie.unibuc.ro\/facultate\/wp-json\/wp\/v2\/comments?post=184"}],"version-history":[{"count":1,"href":"https:\/\/istorie.unibuc.ro\/facultate\/wp-json\/wp\/v2\/pages\/184\/revisions"}],"predecessor-version":[{"id":185,"href":"https:\/\/istorie.unibuc.ro\/facultate\/wp-json\/wp\/v2\/pages\/184\/revisions\/185"}],"wp:attachment":[{"href":"https:\/\/istorie.unibuc.ro\/facultate\/wp-json\/wp\/v2\/media?parent=184"}],"curies":[{"name":"wp","href":"https:\/\/api.w.org\/{rel}","templated":true}]}}