{"id":1837,"date":"2019-01-26T21:30:54","date_gmt":"2019-01-26T21:30:54","guid":{"rendered":"https:\/\/istorie.unibuc.ro\/?page_id=1837"},"modified":"2019-01-26T21:30:58","modified_gmt":"2019-01-26T21:30:58","slug":"platforma-pluridisciplinara-complexa-de-cercetare-integrativa-si-sistematica-a-identitatilor-si-patrimoniului-cultural-tangibil-si-non-tangibil-din-romania","status":"publish","type":"page","link":"https:\/\/istorie.unibuc.ro\/facultate\/platforma-pluridisciplinara-complexa-de-cercetare-integrativa-si-sistematica-a-identitatilor-si-patrimoniului-cultural-tangibil-si-non-tangibil-din-romania\/","title":{"rendered":"Platform\u0103 pluridisciplinar\u0103 complex\u0103 de cercetare integrativ\u0103 \u0219i sistematic\u0103 a identit\u0103\u021bilor \u0219i patrimoniului cultural tangibil \u0219i non-tangibil din Rom\u00e2nia"},"content":{"rendered":"\n<div class=\"wp-block-image\"><figure class=\"alignright is-resized\"><img loading=\"lazy\" decoding=\"async\" data-attachment-id=\"1839\" data-permalink=\"https:\/\/istorie.unibuc.ro\/facultate\/platforma-pluridisciplinara-complexa-de-cercetare-integrativa-si-sistematica-a-identitatilor-si-patrimoniului-cultural-tangibil-si-non-tangibil-din-romania\/proiect-pccdi\/\" data-orig-file=\"https:\/\/i0.wp.com\/istorie.unibuc.ro\/wp-content\/uploads\/2019\/01\/Proiect-PCCDI.png?fit=2292%2C1230&amp;ssl=1\" data-orig-size=\"2292,1230\" data-comments-opened=\"0\" data-image-meta=\"{&quot;aperture&quot;:&quot;0&quot;,&quot;credit&quot;:&quot;&quot;,&quot;camera&quot;:&quot;&quot;,&quot;caption&quot;:&quot;&quot;,&quot;created_timestamp&quot;:&quot;0&quot;,&quot;copyright&quot;:&quot;&quot;,&quot;focal_length&quot;:&quot;0&quot;,&quot;iso&quot;:&quot;0&quot;,&quot;shutter_speed&quot;:&quot;0&quot;,&quot;title&quot;:&quot;&quot;,&quot;orientation&quot;:&quot;0&quot;}\" data-image-title=\"Proiect PCCDI\" data-image-description=\"\" data-image-caption=\"\" data-large-file=\"https:\/\/i0.wp.com\/istorie.unibuc.ro\/wp-content\/uploads\/2019\/01\/Proiect-PCCDI.png?fit=771%2C414&amp;ssl=1\" src=\"https:\/\/i2.wp.com\/istorie.unibuc.ro\/wp-content\/uploads\/2019\/01\/Proiect-PCCDI.png?fit=640%2C344&amp;ssl=1\" alt=\"\" class=\"wp-image-1839\" width=\"284\" height=\"152\" srcset=\"https:\/\/i0.wp.com\/istorie.unibuc.ro\/wp-content\/uploads\/2019\/01\/Proiect-PCCDI.png?w=2292&amp;ssl=1 2292w, https:\/\/i0.wp.com\/istorie.unibuc.ro\/wp-content\/uploads\/2019\/01\/Proiect-PCCDI.png?resize=300%2C161&amp;ssl=1 300w, https:\/\/i0.wp.com\/istorie.unibuc.ro\/wp-content\/uploads\/2019\/01\/Proiect-PCCDI.png?resize=768%2C412&amp;ssl=1 768w, https:\/\/i0.wp.com\/istorie.unibuc.ro\/wp-content\/uploads\/2019\/01\/Proiect-PCCDI.png?resize=1024%2C550&amp;ssl=1 1024w, https:\/\/i0.wp.com\/istorie.unibuc.ro\/wp-content\/uploads\/2019\/01\/Proiect-PCCDI.png?resize=400%2C215&amp;ssl=1 400w, https:\/\/i0.wp.com\/istorie.unibuc.ro\/wp-content\/uploads\/2019\/01\/Proiect-PCCDI.png?w=1542&amp;ssl=1 1542w\" sizes=\"auto, (max-width: 284px) 100vw, 284px\" \/><\/figure><\/div>\n\n\n\n<p class=\"wp-block-paragraph\">Titlu proiect: Platform\u0103 pluridisciplinar\u0103 complex\u0103 de cercetare integrativ\u0103 \u0219i sistematic\u0103 a identit\u0103\u021bilor \u0219i patrimoniului cultural tangibil \u0219i non-tangibil din Rom\u00e2nia <\/p>\n\n\n\n<p class=\"wp-block-paragraph\">Acronim: PATCULT#RO<\/p>\n\n\n\n<p class=\"wp-block-paragraph\">Cod proiect: PN-III-P1-1.2-PCCDI-2017-0686<\/p>\n\n\n\n<p class=\"wp-block-paragraph\">Contract: 52\/PCCDI<\/p>\n\n\n\n<p class=\"wp-block-paragraph\">Linie finantare: Programul 1 &#8211; Dezvoltarea sistemului na\u0163ional de cercetare-dezvoltare, Subprogramul 1.2 &#8211; Performant\u0326a\u0306 institut\u0326ionala\u0306, Proiectele complexe realizate \u00een consor\u021bii CDI (PCCDI)<\/p>\n\n\n\n<p class=\"wp-block-paragraph\">Finantator: Unitatea Executiv\u0103 pentru Finan\u021barea \u00cenv\u0103\u021b\u0103m\u00e2ntului Superior, a Cercet\u0103rii, Dezvolt\u0103rii \u0219i Inov\u0103rii (UEFISCDI)<\/p>\n\n\n\n<p class=\"wp-block-paragraph\">Perioda de implementare: 30 luni (01\/03\/2018 \u2013 31\/08\/2020)<\/p>\n\n\n\n<p class=\"wp-block-paragraph\">Director de proiect complex: Dr. C\u0103t\u0103lin Laz\u0103r<\/p>\n\n\n\n<p class=\"wp-block-paragraph\">Descriere:<br>\nProiectul de fa\u021b\u0103 reprezint\u0103 o abordare original\u0103, din perspectiv\u0103 inter-, pluri-, multi- \u0219i transdisciplinar\u0103 a problematicilor Domeniului 6 &#8211; Patrimoniu \u0219i identitate cultural\u0103. Prin structura consortiul managementul proiectului, obiectivele propuse de proiectele componente, prin sinergiile \u0219i complementarit\u0103\u021bile obtinu\u021be, f\u0103r\u0103 \u00eendoial\u0103, prezint\u0103 un grad ridicat de fezabilitate, fiind o abordare complexa, integrativa si exhaustiva pentru Rom\u00e2nia. Rezultatele sale vor avea un impact atat in cadrul comunitatiilor stiintifice nationale si internationale, dar si asupra marelui public, contribuind prin activitatile propuse si la consolidarea, dezvoltarea si perfectionarea sistemului CDI din tara noastra, si indirect la formare a viitorilor specialisti din cercetarea romaneasca. copul final al proiectului este de a realiza o platform\u0103 inter-institutionala pluridisciplinar\u0103 complex\u0103 de cercetare integrativ\u0103 \u0219i sistematic\u0103 a identit\u0103\u021bilor \u0219i patrimoniului cultural tangibil \u0219i non-tangibil din Rom\u00e2nia. Consor\u021biul ce va implementa acest proiect complex este coordonat de Universitatea din Bucuresti (CO-UB), in parteneriat cu Institutul de Arheologie &#8222;Vasile P\u00e2rvan&#8221; al Academiei Rom\u00e2ne (P1-IAB), Institutul Na\u021bional de Cercetare-Dezvoltare pentru Fizic\u0103 \u0219i Inginerie Nuclear\u0103 &#8222;Horia Hulubei&#8221; (P2-IFIN-HH), Universitatea &#8222;Al. I. Cuza&#8221; Ia\u0219i (P3-UAIC), Universitatea de Vest Timi\u0219oara (P4-UVT), Institutul National de Cercetare \u2013Dezvoltare pentru Fizica Materialelor (P5-INCDFM), complex Institutul Na\u021bional de Cercetare &#8211; Dezvoltare \u00een Informatic\u0103 &#8211; ICI Bucure\u0219t (P6-ICI), Universitatea &#8222;Ovidius&#8221; din Constan\u021ba (P7-UOC) \u0219i Universitatea din Oradea (P8-UO). Modul de distributie geografica la nivelul Romaniei asigura categoric o bun\u0103 reprezentare regional\u0103 a entit\u0103\u021bilor juridice reprezentate \u00een cadrul consor\u021biului din acest proiect. Asocierea aceasta dintre 5 universit\u0103\u021bi si 3 institute na\u021bionale de cercetare reprezinta combinatia ideala pentru sustinerea si implementarea unui asemenea proiect complex.<\/p>\n\n\n\n<p class=\"wp-block-paragraph\">Obiective:<br>\nObiectivul principal al proiectui complex PATCULT#RO \u0219i a institu\u021biilor partenere din acest consor\u021biu este realizarea unei platforme inter-, pluri-, multi- \u0219i transdisciplinar\u0103 complex\u0103 de cercetare integrativ\u0103 \u0219i sistematic\u0103 a identit\u0103\u021bilor \u0219i patrimoniului cultural tangibil \u0219i non-tangibil din Rom\u00e2nia. Aceast\u0103 structur\u0103 de cercetare inter-institutional\u0103 va fi coordonat\u0103 de Universitatea Bucure\u0219ti, \u00een parteneriat cu alte 8 institu\u021bii de profil din Rom\u00e2nia (Universit\u0103\u021bi, Institute Na\u021bionale de Cercetare, Dezvoltare, Inovare \u0219i Institute ale Academiei Rom\u00e2ne). Structura aceasta inter-institu\u021bional\u0103 va aborda at\u00e2t cercetarea (fundamental\u0103, exploratorie, demonstrativ\u0103 \u0219i experimental\u0103), c\u00e2t \u0219i dezvoltarea unor discipline de ni\u0219\u0103 \u0219i inovarea. Totodat\u0103, aceast\u0103 structur\u0103 de cercetare va urm\u0103rii formarea profesional\u0103 a viitoarelor genera\u021bii de speciali\u0219ti din domeniul identit\u0103\u021bilor \u0219i patrimoniului cultural, dar \u0219i integrarea acestora \u00een structura institu\u021bilor participante la proiectele componente (noii angaja\u021bi ENI).<\/p>\n\n\n\n<p class=\"wp-block-paragraph\">Consor\u021biu:<\/p>\n\n\n\n<p class=\"wp-block-paragraph\">Denumirea institu\u0163iilor  participante in proiect    Acronim organizatie Tip organiza\u0163ie Rolul organiza\u0163iei in proiect<br>\n(Coordonator proiect complex\/partener)<br>\nUNIVERSITATEA BUCURE\u0218TI    UB  UNI Coordonator proiect complex (CO)<\/p>\n\n\n\n<p class=\"wp-block-paragraph\">INSTITUTUL DE ARHEOLOGIE &#8222;VASILE P\u00c2RVAN&#8221;<br>\n    IAB I-AR    Partener 1 proiect complex (P1)<\/p>\n\n\n\n<p class=\"wp-block-paragraph\">INSTITUTUL NA\u021aIONAL DE CERCETARE &#8211; DEZVOLTARE PENTRU FIZIC\u0102 \u0218I INGINERIE NUCLEAR\u0102 &#8221; HORIA HULUBEI &#8222;<br>\n    IFIN-HH INCD    Partener 2 proiect complex (P2)<\/p>\n\n\n\n<p class=\"wp-block-paragraph\">UNIVERSITATEA &#8222;ALEXANDRU IOAN CUZA&#8221; DIN IA\u0218I<br>\n    UAIC    UNI Partener 3 proiect complex (P3)<\/p>\n\n\n\n<p class=\"wp-block-paragraph\">UNIVERSITATEA DE VEST TIMI\u0218OARA<br>\n    UVT UNI Partener 4 proiect complex (P4)<\/p>\n\n\n\n<p class=\"wp-block-paragraph\">INSTITUTUL NATIONAL DE CERCETARE &#8211; DEZVOLTARE PENTRU FIZICA MATERIALELOR BUCURE\u0218TI <br>\n    INCDFM  INCD    Partener 5 proiect complex (P5)<\/p>\n\n\n\n<p class=\"wp-block-paragraph\">INSTITUTUL NATIONAL DE CERCETARE &#8211; DEZVOLTARE IN INFORMATICA BUCURE\u0218TI<br>\n    ICI INCD    Partener 6 proiect complex (P6)<\/p>\n\n\n\n<p class=\"wp-block-paragraph\">UNIVERSITATEA &#8222;OVIDIUS&#8221; DIN CONSTAN\u021aA<br>\n    UOC UNI Partener 7 proiect complex (P7)<\/p>\n\n\n\n<p class=\"wp-block-paragraph\">UNIVERSITATEA DIN ORADEA<br>\n    UO  UNI Partener 8 proiect complex (P8)<\/p>\n\n\n\n<p class=\"wp-block-paragraph\">Structura consor\u021biului:<\/p>\n\n\n\n<p class=\"wp-block-paragraph\">Asocierea complex\u0103 din cadrul consor\u021biului proiectului PATCULT#RO, dintre 5 universit\u0103\u021bi, 3 institute na\u021bionale de cercetare \u0219i un institut de cercetare al Academiei Rom\u00e2ne, reprezint\u0103 combina\u021bia ideal\u0103 pentru sus\u021binerea \u0219i implementarea unui proiect complex de cercetare precum cel propus in aceasta aplicatie. Mai mult, institu\u021bia coordonatoare a proiectului complex de fa\u021b\u0103 este implicat\u0103 cu 7 facult\u0103\u021bi componente (Biologie, Chimie, Filozofie, Fizica, Geografie, Geologie si Geofizica, Istorie). Ceilalti partenerii universitari participa la acest proiect cu urmatoarele facultati: P3-UAIC (Chimie, Filozofie si Stiinte Politice), P4-UVT (\u015etiin\u0163e Politice, Filozofie \u015fi \u015etiin\u0163e ale Comunic\u0103rii \/ Chimie, Biologie s\u0327i Geografie), P7-UOC (S\u0326tiint\u0326e ale Naturii s\u0326i S\u0326tiint\u0326e Agricole) \u0219i P8-UO (Geografie, Turism \u0219i Sport). Astfel, cu 12 facult\u0103\u021bi componente, din domenii diferite, dublate de institutele de cercetare nationale sau academice, propunerea de proiect de fata va permite abordarea intr-o maniera complexa, sistematica, integrata si interdisciplinara a unor problematici vaste legate de patrimoniul national mobil si imobil, patrimoniul tangibil si intangibil, identitati culturale, fiind atinse atat partea de cercetare fundamentala si aplicativa, cat si cea demonstrativ-experimentala sau aspectele legate de conservarea si valorificarea patrimoniului si identitatilor culturale. Acestea se desf\u0103\u0219oar\u0103 \u00een cadrul a cinci proiecte componente distincte, iar coordonarea activit\u0103\u021bilor institu\u021bionale implicate de acest proiect complex revine Responsabililor de Parteneri.<\/p>\n\n\n\n<p class=\"wp-block-paragraph\">Proiecte componente:<\/p>\n\n\n\n<p class=\"wp-block-paragraph\">Proiect component    Institu\u021bii participante \u00een realizarea proiectului   Responsabil de proiect<br>\nProiect 1: Analiza interdisciplinar\u0103 integrat\u0103 \u0219i sistematic\u0103 a datelor istorico-arheologice din perioadele cheie ale istoriei Rom\u00e2niei din perspectiv\u0103 bioarheologic\u0103    P1-IAB, CO-UB, P6-INCDI Dr. Adrian B\u0103l\u0103\u0219escu (P1-IAB)<br>\nProiect 2: Investiga\u021bii arheometrice complexe asupra patrimoniului mobil \u0219i imobil din Rom\u00e2nia    P2-IFIN-HH, CO-UB,<br>\nP5-INCDFM    Dr. Florin Constantin  (P2-IFIN-HH)<br>\nProiect 3: Noi tehnologii pentru prezervarea, conservarea \u0219i recuperarea patrimoniului cultural    CO-UB, P3-UAIC, P2-IFIN-HH  Dr. Carmen Chifiriuc (CO-UB)<br>\nProiect 4: Arhitecturi identitare \u0219i noi categorii ale patrimoniului: analiza multidisciplinar\u0103 a mecanismelor construc\u021biei identitare \u00een rela\u021bie cu patrimoniul cultural \u00een Rom\u00e2nia contemporan\u0103    CO-UB, P3-UAIC, <br>\nP4-UVT    Romulus Br\u00e2ncoveanu (CO-UB)<br>\nProiect 5: Analiza \u0219i generarea modelelor \u0219i politicilor de dezvoltare local\u0103\/regional\u0103 fondate pe valorizarea patrimoniului \u0219i identit\u0103\u021bii culturale    CO-UB, P7-UOC, P8-UO    Dr. Ioan Iano\u0219<br>\n(CO-UB)<\/p>\n\n\n\n<p class=\"wp-block-paragraph\">Obiectivele proiectelor componente sunt particulare \u0219i specifice, datorit\u0103 variet\u0103\u021bii domeniilor abordate de c\u0103tre acestea: istorie, arheologie, conservare, restaurare, arheometrie, filozofie, patrimoniu etc., tratate sub divserse aspecte, conform Agendei comune de cercetare. Astfel, obiectivele principale ale proiectelor componente sunt:<\/p>\n\n\n\n<p class=\"wp-block-paragraph\">Proiectul component 1 Analiza interdisciplinar\u0103 integrat\u0103 \u0219i sistematic\u0103 a datelor istorico-arheologice din perioadele cheie ale istoriei Rom\u00e2niei din perspectiv\u0103 bioarheologic\u0103, implementat de P1-IAB (IC) \u0219i CO-UB (Responsabil de proiect: dr. Adrian B\u0103l\u0103\u0219escu \u2013 P1-IAB) are drept obiectiv major cercetarea, valorificarea \u0219i diseminarea datelor de bioarheologie ob\u021binute pe baza studiulului unor situri reprezentative pentru perioadele cheie ale istoriei Rom\u00e2niei. Informa\u021biile ob\u0163inute vor fi integrate \u00een contextul arheologic \u015fi istoric fiind astfel posibil\u0103 corelarea acestora cu datele existente \u00een alte spa\u0163ii culturale \u015fi includerea lor \u00eentr-un cadru mai larg, european, ceea ce va contribui la diminuarea actualei izol\u0103ri a cercet\u0103rii rom\u00e2ne\u015fti \u00een acest domeniu.<br>\nLivrabil \/ Indicator realizare: 1 baza de date comun\u0103 (cu un segment de arheologie si un altule de bioarheologie); 6 rapoarte s\u0326i buletine de cercetare; 2 rapoarte de evaluare a colect\u0326iilor de ecofacte inedite aflate \u00een depozitele unor institut\u0326ii de profil din Rom\u00e2nia; 1 studiu de arheologie experimentala\u0306 &#8211; stagii de documentare \u00een stra\u0306ina\u0306tate; 1 colect\u0326ie de obiecte experimentale s\u0326i demonstrative; un workshop de bioarheologie; workshop de arheologie experimentala\u0306; stagii de documentare \u00een stra\u0306ina\u0306tate; 14 comunicari s\u0326tiint\u0326ifice; 8 articole ISI sau BDI; 6 rapoarte s\u0326tiint\u0326ifice pentru raportare; 8 noi angaja\u021bi ENI.<\/p>\n\n\n\n<p class=\"wp-block-paragraph\">Proiectul component 2 Investiga\u021bii arheometrice complexe asupra patrimoniului mobil \u0219i imobil din Rom\u00e2nia, implementat de P2-IFIN-HH (IC), P5-INCDFM \u0219i CO-UB (Responsabil de proiect: dr. Florin Constantin \u2013 P2-IFIN-HH) are drept obiectiv major cercetarea \u0219i analizarea arheometric\u0103, prin metode specifice (fizico-chimice, imagistice, izotopice, geologice etc.) a unor artefacte \u0219i ecofacte sau a unor structuri arheologice ob\u0163inute din cercetarea unor situri reprezentative pentru perioadele cheie ale istoriei Rom\u00e2niei, \u00een cadrul proiectului component 1. Informa\u021biile ob\u0163inute vor fi integrate cu cele din primul proiect component, iar datele comune vor facilita corelarea acestora cu datele existente \u00een alte spa\u0163ii culturale \u015fi includerea lor \u00eentr-un cadru mai larg, european, ceea ce va contribui la diminuarea actualei izol\u0103ri a cercet\u0103rii rom\u00e2ne\u015fti \u00een aceste domenii de cercetare inter-, pluri-, multi- \u0219i transdisciplinar\u0103.<br>\nLivrabil \/ Indicator realizare: 1 baza de date; 3 rapoarte anuale de investigat\u0326ii imagistice s\u0326i data\u0306ri radiocarbon pe artefacte s\u0326i ecofacte arheologice; 3 rapoarte anuale de investigat\u0326ii arheochimice, geoarheologice s\u0326i arheofizice pe artefacte s\u0326i ecofacte arheologice; 6 rapoarte anuale de investigat\u0326ii arheofizice pe artefacte s\u0326i ecofacte arheologice; 17 comunica\u0306ri s\u0326tiint\u0326ifice; 7 articole ISI sau BDI &#8211; 9 rapoarte s\u0326tiint\u0326ifice pentru raportare; 7 noi angaja\u021bi ENI.<\/p>\n\n\n\n<p class=\"wp-block-paragraph\">Proiectul component 3 Noi tehnologii pentru prezervarea, conservarea \u0219i recuperarea patrimoniului cultural, implementat de CO-UB (IC), P3-UAIC, P4-UVT \u0219i P5-INCDFM (Responsabil de proiect: dr. Carmen Chifiriuc \u2013 CO-UB) are drept obiectiv major studierea proceselor de biodeteriorare a obiectelor de patrimoniu (monumente, ecofacte \u0219i artefacte), o problem\u0103 major\u0103 la nivel mondial. \u00cen acest context, proiectul propune dezvoltarea unor strategii moderne de conservare ecologic\u0103 a patrimoniului cultural mobil \u0219i imobil din Rom\u00e2nia, bazate pe cunoa\u0219terea \u0219i  \u00een\u021belegerea structural\u0103 \u0219i func\u021bional\u0103 a comunit\u0103\u021bilor microbiene complexe cu rol in biodegradare, axat pe metode de investiga\u021bie clasice \u0219i moleculare. Informa\u021biile ob\u0163inute vor fi integrate \u00een contextul arheologic \u015fi istoric al elementelor analizate, fiind astfel posibil\u0103 corelarea acestora cu datele existente \u00een alte state europene. <br>\nLivrabil \/ Indicator realizare: 1 baza de date de lucru (cu 4 componente pentru toti partenerii); 1 raport privind dozele maxime care nu induc leziuni la nivelul ADN; 1 raport privind criterii de clasificare a potent\u0326ialului de biodeteriorare a microorganismelor izolate; 1 raport privind microorganismele identificate pe baza caracterelor de cultura\u0306, de colonie, caracterelor microscopice s\u0326i pe baza secvent\u0326ierii; Fis\u0326e de caracterizare privind gradul de biodeteriorare a patrimoniului material selectat; 1 raport privind diametrele zonelor de inhibit\u0326ie a cres\u0326terii microbiene; 1 raport privind produsele cu efect antimicrobian ridicat; 1 capitol de carte; 3 articol ISI sau BDI; 2 brevete; organizarea unui workshop; 2 comunicari s\u0326tiint\u0326ifice; 9 rapoarte s\u0326tiint\u0326ifice pentru raportare; 3 noi angaja\u021bi ENI.<\/p>\n\n\n\n<p class=\"wp-block-paragraph\">Proiectul component 4 Arhitecturi identitare \u0219i noi categorii ale patrimoniului: analiza multidisciplinar\u0103 a mecanismelor construc\u021biei identitare \u00een rela\u021bie cu patrimoniul cultural \u00een Rom\u00e2nia contemporan\u0103, implementat de CO-UB (IC), P3-UAIC, P4-UVT \u0219i P6-ICI (Responsabil de proiect: dr. Romulus Br\u00e2ncoveanu \u2013 CO-UB) are drept obiectiv major studierea unei categorii de patrimoniu mai pu\u021bin abordat, cel tangibli \u0219i intangibil, corelat cu problematica identit\u0103\u021bilor culturale. Astfel, acest proiect component va oferi o serie de analize pertinente \u0219i de actualitate asupra acestor teme, iar datele rezultate vor fi integrate \u00een contextul mai larg, european, al abord\u0103rilor de acest gen.<br>\nLivrabil \/ Indicator realizare: 3 newslettere ale proiectului; 2 acorduri de cooperare cu centre de cercetare europene; 2 vizite \u00een universita\u0306t\u0326i din Europa; 2 schimburi de experient\u0326a\u0306; 1 studiu privind ipotezele cerceta\u0306rii; 2 studii privind reevaluarea patrimoniul spiritual; 17 protocoale de progres al cerceta\u0306rii; 3 studii privind reevaluarea patrimoniul spiritual; 10 comunicari s\u0326tiint\u0326ifice; 1 comunitate de cercetare realizata\u0306; 2 proceedings propuse spre publicare unei reviste internat\u0326ionale de s\u0326tiint\u0326e sociale; 9 articole ISI sau BDI; 1 volum de studii editat; digitizarea unei reviste de filozofie; Crearea unei platforme digitale tip HUB RO-Cultural Heritage and Identities; 9 rapoarte s\u0326tiint\u0326ifice pentru raportare; 9 noi angaja\u021bi ENI.<\/p>\n\n\n\n<p class=\"wp-block-paragraph\">Proiectul component 5 Analiza \u0219i generarea modelelor \u0219i politicilor de dezvoltare local\u0103\/regional\u0103 fondate pe valorizarea patrimoniului \u0219i identit\u0103\u021bii culturale, implementat de CO-UB (IC), P7-UOC \u0219i P8-UO (Responsabil de proiect: dr. Ioan Iano\u0219 \u2013 CO-UB) are drept obiectiv major realizarea conexiunilor dintre localizarea siturilor istorico-arheologice \u0219i a elementelor de patrimoniu cultural cu politicile locale \u0219i regionale \u00een folosul comunit\u0103\u021bilor la diferite sc\u0103ri, pe fondul cre\u0219terii interesului public pentru cunoa\u0219terea tuturor valen\u021belor patrimoniului cultural, dar \u0219i a transform\u0103rii acestuia \u00eentr-un stimulent al activit\u0103\u021bilor economice din diferite arii geografice. Abordarea analitic\u0103 efectuat\u0103 \u00een cadrul proiectului va scoate \u00een eviden\u021b\u0103 at\u00e2t efectele directe, c\u00e2t \u0219i indirecte, pun\u00e2nd accentul pe caracterul multiplicator \u0219i de accelerare al investi\u021biei alocate patrimoniului cultural, istoric \u0219i arheologic, \u00een special. Datele rezultate din acest proiect componet vor fi integrate \u00een context, european.<br>\nLivrabil \/ Indicator realizare: 1 baza de date (3 componente distincte pentru fiecare partener); 3 scheme-model de planificare teritoriala\u0306; organizarea a 2 workshopuri \u00eentre parteneri; 4 comunicari s\u0326tiint\u0326ifice; 6 articole ISI sau BDI; 9 rapoarte s\u0326tiint\u0326ifice pentru raportare; 1 nou angajat ENI.<\/p>\n\n\n\n<p class=\"wp-block-paragraph\">Web:<\/p>\n\n\n\n<p class=\"wp-block-paragraph\">www.patcultro.unibuc.ro<\/p>\n","protected":false},"excerpt":{"rendered":"<p>Titlu proiect: Platform\u0103 pluridisciplinar\u0103 complex\u0103 de cercetare integrativ\u0103 \u0219i sistematic\u0103 a identit\u0103\u021bilor \u0219i patrimoniului cultural tangibil \u0219i non-tangibil din Rom\u00e2nia Acronim: PATCULT#RO Cod proiect: PN-III-P1-1.2-PCCDI-2017-0686 Contract: 52\/PCCDI Linie finantare: Programul 1 &#8211; Dezvoltarea sistemului na\u0163ional de cercetare-dezvoltare, Subprogramul 1.2 &#8211; Performant\u0326a\u0306 institut\u0326ionala\u0306, Proiectele complexe realizate \u00een consor\u021bii CDI (PCCDI) Finantator: Unitatea Executiv\u0103 pentru Finan\u021barea \u00cenv\u0103\u021b\u0103m\u00e2ntului [&hellip;]<\/p>\n","protected":false},"author":2,"featured_media":0,"parent":0,"menu_order":0,"comment_status":"closed","ping_status":"closed","template":"","meta":{"_crdt_document":"","jetpack_post_was_ever_published":false,"footnotes":""},"class_list":["post-1837","page","type-page","status-publish","hentry"],"jetpack_sharing_enabled":true,"jetpack_shortlink":"https:\/\/wp.me\/PaobZd-tD","jetpack-related-posts":[],"_links":{"self":[{"href":"https:\/\/istorie.unibuc.ro\/facultate\/wp-json\/wp\/v2\/pages\/1837","targetHints":{"allow":["GET"]}}],"collection":[{"href":"https:\/\/istorie.unibuc.ro\/facultate\/wp-json\/wp\/v2\/pages"}],"about":[{"href":"https:\/\/istorie.unibuc.ro\/facultate\/wp-json\/wp\/v2\/types\/page"}],"author":[{"embeddable":true,"href":"https:\/\/istorie.unibuc.ro\/facultate\/wp-json\/wp\/v2\/users\/2"}],"replies":[{"embeddable":true,"href":"https:\/\/istorie.unibuc.ro\/facultate\/wp-json\/wp\/v2\/comments?post=1837"}],"version-history":[{"count":2,"href":"https:\/\/istorie.unibuc.ro\/facultate\/wp-json\/wp\/v2\/pages\/1837\/revisions"}],"predecessor-version":[{"id":1840,"href":"https:\/\/istorie.unibuc.ro\/facultate\/wp-json\/wp\/v2\/pages\/1837\/revisions\/1840"}],"wp:attachment":[{"href":"https:\/\/istorie.unibuc.ro\/facultate\/wp-json\/wp\/v2\/media?parent=1837"}],"curies":[{"name":"wp","href":"https:\/\/api.w.org\/{rel}","templated":true}]}}