{"id":1824,"date":"2019-01-26T21:07:45","date_gmt":"2019-01-26T21:07:45","guid":{"rendered":"https:\/\/istorie.unibuc.ro\/?page_id=1824"},"modified":"2026-03-09T10:51:42","modified_gmt":"2026-03-09T10:51:42","slug":"admitere2026","status":"publish","type":"page","link":"https:\/\/istorie.unibuc.ro\/facultate\/admitere2026\/","title":{"rendered":"Admitere 2026"},"content":{"rendered":"\n<h2 class=\"wp-block-heading\">Instruc\u021biuni admitere<\/h2>\n\n\n\n<p class=\"wp-block-paragraph\">Candida\u021bii \u00ee\u0219i vor crea un cont (se va folosi adresa de mail a candidatului) pe &nbsp;<a rel=\"noreferrer noopener\" href=\"https:\/\/admitereonline.unibuc.ro\/\" target=\"_blank\">https:\/\/admitereonline.unibuc.ro\/<\/a>&nbsp;&nbsp;vor parcurge etapele disponibile pe platform\u0103 \u0219i vor completa informa\u021biile personale \u0219i legate de parcursul educa\u021bional de p\u00e2n\u0103 acum.<\/p>\n\n\n\n<p class=\"wp-block-paragraph\">Pe platforma&nbsp; de \u00eenscriere, candida\u021bii vor putea selec\u021biona din oferta Facult\u0103\u021bii programele de studii (Istorie, Istorie ID, Rela\u021bii Interna\u021bionale \u0219i Studii Europene, Istoria Artei), precum \u0219i tipul de loc vizat (locuri finan\u021bate de la buget, tax\u0103).<\/p>\n\n\n\n<p class=\"wp-block-paragraph\">Ca parte a procesului de \u00eenscriere, candida\u021bii vor putea \u00eenc\u0103rca \u0219i scrisoarea de inten\u021bie. Textul, redactat pe computer, va avea maximum 2500 de semne (orientativ). Documentul ar trebui s\u0103 includ\u0103 o scurt\u0103 prezentare a candidatului, inclusiv a eventualelor rezultate deosebite (olimpiade, activit\u0103\u021bi extra-curriculare) ob\u021binute la disciplinele relevante pentru specializarea aleas\u0103, ar trebui s\u0103 prezinte motivele alegerii facult\u0103\u021bii\/specializ\u0103rii, precum \u0219i pasiunile \u0219i a\u0219tept\u0103rile candidatului legate de evolu\u021bia sa profesional\u0103.<\/p>\n\n\n\n<p class=\"wp-block-paragraph\">Succes!<\/p>\n\n\n\n<hr class=\"wp-block-separator has-alpha-channel-opacity\"\/>\n\n\n\n<p class=\"wp-block-paragraph\"><strong><mark>ATEN\u021aIE!!!<\/mark><\/strong><\/p>\n\n\n\n<ul class=\"wp-block-list\">\n<li><strong>Admiterea se realizeaz\u0103 exclusiv online, astfel:<\/strong><\/li>\n<\/ul>\n\n\n\n<p class=\"wp-block-paragraph\"><strong>Acces\u00e2nd&nbsp;&nbsp;<a href=\"https:\/\/admitereonline.unibuc.ro\/\">https:\/\/admitereonline.unibuc.ro\/<\/a><\/strong><\/p>\n\n\n\n<p class=\"wp-block-paragraph\"><strong>Creare cont (e-mail personal candidat);<\/strong><\/p>\n\n\n\n<p class=\"wp-block-paragraph\"><strong>Completare date;<\/strong><strong><\/strong><\/p>\n\n\n\n<p class=\"wp-block-paragraph\"><strong>\u00cenc\u0103rcare documente solicitate;<\/strong><strong><\/strong><\/p>\n\n\n\n<p class=\"wp-block-paragraph\"><strong>Trimitere \u00eenscriere.<\/strong><strong><\/strong><\/p>\n\n\n\n<p class=\"wp-block-paragraph\"><strong>&nbsp; Pentru asisten\u021b\u0103, v\u0103 rug\u0103m s\u0103 ne scrie\u021bi la adresa&nbsp;<a href=\"mailto:admitere.istorie@unibuc.ro\">admitere.istorie@unibuc.ro<\/a><\/strong><\/p>\n\n\n\n<ul class=\"wp-block-list\">\n<li><strong>Candida\u021bii care se vor prezenta la sediul facult\u0103\u021bii vor primi asisten\u021ba \u00een procesul de \u00eenscriere.<\/strong><\/li>\n<\/ul>\n\n\n\n<hr class=\"wp-block-separator has-alpha-channel-opacity\"\/>\n\n\n\n<p class=\"wp-block-paragraph\"><strong>V\u0103 rug\u0103m s\u0103 completa\u021bi cu aten\u021bie toate informa\u021biile \u0219i s\u0103 \u00eenc\u0103rca\u021bi documentele solicitate. Scutirea pentru  taxa de \u00eenscriere se acord\u0103 numai o dat\u0103 pentru un singur program al unei facult\u0103\u021bi a Universit\u0103\u021bii din Bucure\u0219ti. \u00censcrierile care nu respect\u0103 indica\u021biile men\u021bionate vor fi invalidate. <\/strong><\/p>\n\n\n\n<blockquote class=\"wp-block-quote has-text-align-left is-style-large is-layout-flow wp-block-quote-is-layout-flow\">\n<p class=\"has-text-align-center wp-block-paragraph\">Studiaz\u0103 istoria \u00een inima Bucure\u0219tiului!<\/p>\n<\/blockquote>\n\n\n\n<div class=\"wp-block-columns has-2-columns is-layout-flex wp-container-core-columns-is-layout-8f761849 wp-block-columns-is-layout-flex\">\n<div class=\"wp-block-column is-layout-flow wp-block-column-is-layout-flow\">\n<div class=\"wp-block-cover\"><img loading=\"lazy\" decoding=\"async\" width=\"3000\" height=\"1996\" data-attachment-id=\"1825\" data-permalink=\"https:\/\/istorie.unibuc.ro\/facultate\/admitere2026\/art_0174\/\" data-orig-file=\"https:\/\/i0.wp.com\/istorie.unibuc.ro\/wp-content\/uploads\/2019\/01\/ART_0174.jpg?fit=3000%2C1996&amp;ssl=1\" data-orig-size=\"3000,1996\" data-comments-opened=\"0\" data-image-meta=\"{&quot;aperture&quot;:&quot;0&quot;,&quot;credit&quot;:&quot;&quot;,&quot;camera&quot;:&quot;&quot;,&quot;caption&quot;:&quot;&quot;,&quot;created_timestamp&quot;:&quot;0&quot;,&quot;copyright&quot;:&quot;&quot;,&quot;focal_length&quot;:&quot;0&quot;,&quot;iso&quot;:&quot;0&quot;,&quot;shutter_speed&quot;:&quot;0&quot;,&quot;title&quot;:&quot;&quot;,&quot;orientation&quot;:&quot;0&quot;}\" data-image-title=\"ART_0174\" data-image-description=\"\" data-image-caption=\"\" data-large-file=\"https:\/\/i0.wp.com\/istorie.unibuc.ro\/wp-content\/uploads\/2019\/01\/ART_0174.jpg?fit=771%2C513&amp;ssl=1\" class=\"wp-block-cover__image-background wp-image-1825\" alt=\"\" src=\"https:\/\/i2.wp.com\/istorie.unibuc.ro\/wp-content\/uploads\/2019\/01\/ART_0174.jpg?fit=640%2C426&amp;ssl=1\" data-object-fit=\"cover\" srcset=\"https:\/\/i0.wp.com\/istorie.unibuc.ro\/wp-content\/uploads\/2019\/01\/ART_0174.jpg?w=3000&amp;ssl=1 3000w, https:\/\/i0.wp.com\/istorie.unibuc.ro\/wp-content\/uploads\/2019\/01\/ART_0174.jpg?resize=300%2C200&amp;ssl=1 300w, https:\/\/i0.wp.com\/istorie.unibuc.ro\/wp-content\/uploads\/2019\/01\/ART_0174.jpg?resize=768%2C511&amp;ssl=1 768w, https:\/\/i0.wp.com\/istorie.unibuc.ro\/wp-content\/uploads\/2019\/01\/ART_0174.jpg?resize=1024%2C681&amp;ssl=1 1024w, https:\/\/i0.wp.com\/istorie.unibuc.ro\/wp-content\/uploads\/2019\/01\/ART_0174.jpg?resize=400%2C266&amp;ssl=1 400w, https:\/\/i0.wp.com\/istorie.unibuc.ro\/wp-content\/uploads\/2019\/01\/ART_0174.jpg?w=1542&amp;ssl=1 1542w, https:\/\/i0.wp.com\/istorie.unibuc.ro\/wp-content\/uploads\/2019\/01\/ART_0174.jpg?w=2313&amp;ssl=1 2313w\" sizes=\"auto, (max-width: 771px) 100vw, 771px\" \/><span aria-hidden=\"true\" class=\"wp-block-cover__background has-very-light-gray-background-color has-background-dim-80 has-background-dim\"><\/span><div class=\"wp-block-cover__inner-container is-layout-flow wp-block-cover-is-layout-flow\">\n<p class=\"has-text-align-center has-large-font-size wp-block-paragraph\"><a href=\"https:\/\/istorie.unibuc.ro\/facultate\/admitere-licenta-2025\" data-type=\"link\" data-id=\"https:\/\/istorie.unibuc.ro\/facultate\/admitere-licenta-2025\" target=\"_blank\" rel=\"noreferrer noopener\"><strong>Licen\u021b\u0103<\/strong><\/a><\/p>\n<\/div><\/div>\n<\/div>\n\n\n\n<div class=\"wp-block-column is-layout-flow wp-block-column-is-layout-flow\">\n<div class=\"wp-block-cover\"><img data-recalc-dims=\"1\" loading=\"lazy\" decoding=\"async\" width=\"771\" height=\"1157\" data-attachment-id=\"1822\" data-permalink=\"https:\/\/istorie.unibuc.ro\/facultate\/admitere2026\/pag-_6-2\/\" data-orig-file=\"https:\/\/i0.wp.com\/istorie.unibuc.ro\/wp-content\/uploads\/2019\/01\/pag._6.jpg?fit=2110%2C3166&amp;ssl=1\" data-orig-size=\"2110,3166\" data-comments-opened=\"0\" data-image-meta=\"{&quot;aperture&quot;:&quot;2.8&quot;,&quot;credit&quot;:&quot;Bogdan Brasoveanu&quot;,&quot;camera&quot;:&quot;Canon EOS 60D&quot;,&quot;caption&quot;:&quot;&quot;,&quot;created_timestamp&quot;:&quot;1332930300&quot;,&quot;copyright&quot;:&quot;www.foto-de-eveniment.ro&quot;,&quot;focal_length&quot;:&quot;50&quot;,&quot;iso&quot;:&quot;800&quot;,&quot;shutter_speed&quot;:&quot;0.01&quot;,&quot;title&quot;:&quot;&quot;,&quot;orientation&quot;:&quot;0&quot;}\" data-image-title=\"pag._6\" data-image-description=\"\" data-image-caption=\"\" data-large-file=\"https:\/\/i0.wp.com\/istorie.unibuc.ro\/wp-content\/uploads\/2019\/01\/pag._6.jpg?fit=682%2C1024&amp;ssl=1\" class=\"wp-block-cover__image-background wp-image-1822\" alt=\"\" src=\"https:\/\/i0.wp.com\/istorie.unibuc.ro\/wp-content\/uploads\/2019\/01\/pag._6.jpg?resize=771%2C1157&#038;ssl=1\" style=\"object-position:32% 42%\" data-object-fit=\"cover\" data-object-position=\"32% 42%\" srcset=\"https:\/\/i0.wp.com\/istorie.unibuc.ro\/wp-content\/uploads\/2019\/01\/pag._6.jpg?w=2110&amp;ssl=1 2110w, https:\/\/i0.wp.com\/istorie.unibuc.ro\/wp-content\/uploads\/2019\/01\/pag._6.jpg?resize=200%2C300&amp;ssl=1 200w, https:\/\/i0.wp.com\/istorie.unibuc.ro\/wp-content\/uploads\/2019\/01\/pag._6.jpg?resize=768%2C1152&amp;ssl=1 768w, https:\/\/i0.wp.com\/istorie.unibuc.ro\/wp-content\/uploads\/2019\/01\/pag._6.jpg?resize=682%2C1024&amp;ssl=1 682w, https:\/\/i0.wp.com\/istorie.unibuc.ro\/wp-content\/uploads\/2019\/01\/pag._6.jpg?w=1542&amp;ssl=1 1542w\" sizes=\"auto, (max-width: 771px) 100vw, 771px\" \/><span aria-hidden=\"true\" class=\"wp-block-cover__background has-very-light-gray-background-color has-background-dim-80 has-background-dim\"><\/span><div class=\"wp-block-cover__inner-container is-layout-flow wp-block-cover-is-layout-flow\">\n<p class=\"has-text-align-center has-large-font-size wp-block-paragraph\"><a href=\"https:\/\/istorie.unibuc.ro\/facultate\/admitere-master-2025\/\" data-type=\"link\" data-id=\"https:\/\/istorie.unibuc.ro\/facultate\/admitere-master-2025\/\"><strong>Master<\/strong><\/a><\/p>\n<\/div><\/div>\n<\/div>\n<\/div>\n\n\n\n<div class=\"wp-block-columns has-2-columns is-layout-flex wp-container-core-columns-is-layout-8f761849 wp-block-columns-is-layout-flex\">\n<div class=\"wp-block-column is-layout-flow wp-block-column-is-layout-flow\">\n<div class=\"wp-block-cover\"><img data-recalc-dims=\"1\" loading=\"lazy\" decoding=\"async\" width=\"771\" height=\"398\" data-attachment-id=\"1828\" data-permalink=\"https:\/\/istorie.unibuc.ro\/facultate\/admitere2026\/img_0867\/\" data-orig-file=\"https:\/\/i0.wp.com\/istorie.unibuc.ro\/wp-content\/uploads\/2019\/01\/IMG_0867.jpg?fit=5865%2C3024&amp;ssl=1\" data-orig-size=\"5865,3024\" data-comments-opened=\"0\" data-image-meta=\"{&quot;aperture&quot;:&quot;3.5&quot;,&quot;credit&quot;:&quot;&quot;,&quot;camera&quot;:&quot;Canon EOS 80D&quot;,&quot;caption&quot;:&quot;&quot;,&quot;created_timestamp&quot;:&quot;1519830929&quot;,&quot;copyright&quot;:&quot;&quot;,&quot;focal_length&quot;:&quot;20&quot;,&quot;iso&quot;:&quot;1000&quot;,&quot;shutter_speed&quot;:&quot;0.033333333333333&quot;,&quot;title&quot;:&quot;&quot;,&quot;orientation&quot;:&quot;0&quot;}\" data-image-title=\"IMG_0867\" data-image-description=\"\" data-image-caption=\"\" data-large-file=\"https:\/\/i0.wp.com\/istorie.unibuc.ro\/wp-content\/uploads\/2019\/01\/IMG_0867.jpg?fit=771%2C398&amp;ssl=1\" class=\"wp-block-cover__image-background wp-image-1828\" alt=\"\" src=\"https:\/\/i0.wp.com\/istorie.unibuc.ro\/wp-content\/uploads\/2019\/01\/IMG_0867.jpg?resize=771%2C398&#038;ssl=1\" data-object-fit=\"cover\" srcset=\"https:\/\/i0.wp.com\/istorie.unibuc.ro\/wp-content\/uploads\/2019\/01\/IMG_0867.jpg?w=5865&amp;ssl=1 5865w, https:\/\/i0.wp.com\/istorie.unibuc.ro\/wp-content\/uploads\/2019\/01\/IMG_0867.jpg?resize=300%2C155&amp;ssl=1 300w, https:\/\/i0.wp.com\/istorie.unibuc.ro\/wp-content\/uploads\/2019\/01\/IMG_0867.jpg?resize=768%2C396&amp;ssl=1 768w, https:\/\/i0.wp.com\/istorie.unibuc.ro\/wp-content\/uploads\/2019\/01\/IMG_0867.jpg?resize=1024%2C528&amp;ssl=1 1024w, https:\/\/i0.wp.com\/istorie.unibuc.ro\/wp-content\/uploads\/2019\/01\/IMG_0867.jpg?resize=400%2C206&amp;ssl=1 400w, https:\/\/i0.wp.com\/istorie.unibuc.ro\/wp-content\/uploads\/2019\/01\/IMG_0867.jpg?w=1542&amp;ssl=1 1542w, https:\/\/i0.wp.com\/istorie.unibuc.ro\/wp-content\/uploads\/2019\/01\/IMG_0867.jpg?w=2313&amp;ssl=1 2313w\" sizes=\"auto, (max-width: 771px) 100vw, 771px\" \/><span aria-hidden=\"true\" class=\"wp-block-cover__background has-very-light-gray-background-color has-background-dim-80 has-background-dim\"><\/span><div class=\"wp-block-cover__inner-container is-layout-flow wp-block-cover-is-layout-flow\">\n<p class=\"has-text-align-center has-large-font-size wp-block-paragraph\"><strong><a href=\"https:\/\/istorie.unibuc.ro\/facultate\/admitere2025\/admitere-doctorat\/\" data-type=\"page\" data-id=\"18010\">\u0218coala Doctoral\u0103 de Istorie<\/a><\/strong><\/p>\n<\/div><\/div>\n<\/div>\n\n\n\n<div class=\"wp-block-column is-layout-flow wp-block-column-is-layout-flow\">\n<div class=\"wp-block-cover\"><img data-recalc-dims=\"1\" loading=\"lazy\" decoding=\"async\" width=\"683\" height=\"1024\" data-attachment-id=\"1827\" data-permalink=\"https:\/\/istorie.unibuc.ro\/facultate\/admitere2026\/intalnire-profesori-liceu-decembrie-2017\/\" data-orig-file=\"https:\/\/i0.wp.com\/istorie.unibuc.ro\/wp-content\/uploads\/2019\/01\/intalnire-profesori-liceu-decembrie-2017.jpg?fit=683%2C1024&amp;ssl=1\" data-orig-size=\"683,1024\" data-comments-opened=\"0\" data-image-meta=\"{&quot;aperture&quot;:&quot;5.6&quot;,&quot;credit&quot;:&quot;&quot;,&quot;camera&quot;:&quot;Canon EOS 80D&quot;,&quot;caption&quot;:&quot;&quot;,&quot;created_timestamp&quot;:&quot;1512823267&quot;,&quot;copyright&quot;:&quot;&quot;,&quot;focal_length&quot;:&quot;110&quot;,&quot;iso&quot;:&quot;6400&quot;,&quot;shutter_speed&quot;:&quot;0.01&quot;,&quot;title&quot;:&quot;&quot;,&quot;orientation&quot;:&quot;0&quot;}\" data-image-title=\"intalnire profesori liceu-decembrie 2017\" data-image-description=\"\" data-image-caption=\"\" data-large-file=\"https:\/\/i0.wp.com\/istorie.unibuc.ro\/wp-content\/uploads\/2019\/01\/intalnire-profesori-liceu-decembrie-2017.jpg?fit=683%2C1024&amp;ssl=1\" class=\"wp-block-cover__image-background wp-image-1827\" alt=\"\" src=\"https:\/\/i0.wp.com\/istorie.unibuc.ro\/wp-content\/uploads\/2019\/01\/intalnire-profesori-liceu-decembrie-2017.jpg?resize=683%2C1024&#038;ssl=1\" data-object-fit=\"cover\" srcset=\"https:\/\/i0.wp.com\/istorie.unibuc.ro\/wp-content\/uploads\/2019\/01\/intalnire-profesori-liceu-decembrie-2017.jpg?w=683&amp;ssl=1 683w, https:\/\/i0.wp.com\/istorie.unibuc.ro\/wp-content\/uploads\/2019\/01\/intalnire-profesori-liceu-decembrie-2017.jpg?resize=200%2C300&amp;ssl=1 200w\" sizes=\"auto, (max-width: 683px) 100vw, 683px\" \/><span aria-hidden=\"true\" class=\"wp-block-cover__background has-very-light-gray-background-color has-background-dim-80 has-background-dim\"><\/span><div class=\"wp-block-cover__inner-container is-layout-flow wp-block-cover-is-layout-flow\">\n<p class=\"has-text-align-center has-large-font-size wp-block-paragraph\"><strong><a href=\"https:\/\/istorie.unibuc.ro\/facultate\/admitere-conversie-profesionala-2023\/\">Conversie Profesional\u0103<\/a><\/strong><\/p>\n<\/div><\/div>\n<\/div>\n<\/div>\n\n\n\n<p class=\"has-text-align-center wp-block-paragraph\"><strong><a href=\"https:\/\/istorie.unibuc.ro\/admitere2019\/faq\/\">Ai intrebari despre admiterea la FIUB? Click aici pentru lista de FAQ <\/a><\/strong><\/p>\n\n\n\n<p class=\"wp-block-paragraph\"><\/p>\n\n\n\n<p class=\"wp-block-paragraph\"><br>Facultatea de Istorie ofer\u0103 studen\u021bilor o serie de oportunit\u0103\u021bi care o plaseaz\u0103 \u00een v\u00e2rful institu\u021biilor de profil din Rom\u00e2nia. <\/p>\n\n\n\n<ul class=\"wp-block-list\">\n<li><strong>Pentru c\u0103\u2026..<\/strong><\/li>\n\n\n\n<li>exist\u0103 posibilitatea ridicat\u0103 de angajare dup\u0103 absolvire;<\/li>\n\n\n\n<li>pute\u021bi beneficia de parteneriatele facult\u0103\u021bii cu firme\/asocia\u021bii care ofer\u0103 internshipuri;<\/li>\n\n\n\n<li>ve\u021bi studia la cea mai prestigioas\u0103 Universitate din \u021bar\u0103;<\/li>\n\n\n\n<li>veti avea unii dintre cei mai importan\u021bi profesori din domeniu<\/li>\n<\/ul>\n\n\n\n<h4 class=\"wp-block-heading\">De ce la Istorie la Bucure\u0219ti?<\/h4>\n\n\n\n<p class=\"wp-block-paragraph\">Pentru c\u0103\u2026 istoria se studiaz\u0103 la Universitatea Bucure\u0219ti de 150 de ani, \u00een cadrul celei mai prestigioase institu\u021bii de \u00eenv\u0103\u021b\u0103m\u00e2nt superior din Rom\u00e2nia. <br>Pentru c\u0103\u2026 studiind la Facultatea de Istorie ave\u0163i \u015fansa de a avea profesori din r\u00e2ndul celor mai importan\u0163i speciali\u015fti ai domeniului. Nume pe care le-a\u0163i \u00eent\u00e2lnit \u00een libr\u0103rii, biblioteci sau la televizor se vor transforma \u00een tot at\u00e2\u021bia profesori care v\u0103 vor fi al\u0103turi \u00een anii de studiu: Adrian Cioroianu, Andrei Pippidi, Bogdan Murgescu,  Mihai R\u0103zvan Ungureanu, Alin Ciupal\u0103, Ioana Ciocan, Mihai Constantinescu, Viorel Panaite etc.<\/p>\n\n\n\n<p class=\"wp-block-paragraph\">Pentru c\u0103\u2026 \u00een func\u021bie de rezultatele la admitere\/examene, studen\u021bii Facult\u0103\u021bii de Istorie primesc burse de studiu \u0219i burse sociale \u0219i locuri \u00een c\u0103minele studen\u021be\u0219ti. De asemenea, au posibilitatea s\u0103 aplice pentru burse Erasmus \u00een marile centre universitare europene.<\/p>\n\n\n\n<p class=\"wp-block-paragraph\"><\/p>\n","protected":false},"excerpt":{"rendered":"<p>Instruc\u021biuni admitere Candida\u021bii \u00ee\u0219i vor crea un cont (se va folosi adresa de mail a candidatului) pe &nbsp;https:\/\/admitereonline.unibuc.ro\/&nbsp;&nbsp;vor parcurge etapele disponibile pe platform\u0103 \u0219i vor completa informa\u021biile personale \u0219i legate de parcursul educa\u021bional de p\u00e2n\u0103 acum. Pe platforma&nbsp; de \u00eenscriere, candida\u021bii vor putea selec\u021biona din oferta Facult\u0103\u021bii programele de studii (Istorie, Istorie ID, Rela\u021bii Interna\u021bionale [&hellip;]<\/p>\n","protected":false},"author":2,"featured_media":0,"parent":0,"menu_order":0,"comment_status":"closed","ping_status":"closed","template":"","meta":{"_crdt_document":"","jetpack_post_was_ever_published":false,"footnotes":""},"class_list":["post-1824","page","type-page","status-publish","hentry"],"jetpack_sharing_enabled":true,"jetpack_shortlink":"https:\/\/wp.me\/PaobZd-tq","jetpack-related-posts":[],"_links":{"self":[{"href":"https:\/\/istorie.unibuc.ro\/facultate\/wp-json\/wp\/v2\/pages\/1824","targetHints":{"allow":["GET"]}}],"collection":[{"href":"https:\/\/istorie.unibuc.ro\/facultate\/wp-json\/wp\/v2\/pages"}],"about":[{"href":"https:\/\/istorie.unibuc.ro\/facultate\/wp-json\/wp\/v2\/types\/page"}],"author":[{"embeddable":true,"href":"https:\/\/istorie.unibuc.ro\/facultate\/wp-json\/wp\/v2\/users\/2"}],"replies":[{"embeddable":true,"href":"https:\/\/istorie.unibuc.ro\/facultate\/wp-json\/wp\/v2\/comments?post=1824"}],"version-history":[{"count":76,"href":"https:\/\/istorie.unibuc.ro\/facultate\/wp-json\/wp\/v2\/pages\/1824\/revisions"}],"predecessor-version":[{"id":21651,"href":"https:\/\/istorie.unibuc.ro\/facultate\/wp-json\/wp\/v2\/pages\/1824\/revisions\/21651"}],"wp:attachment":[{"href":"https:\/\/istorie.unibuc.ro\/facultate\/wp-json\/wp\/v2\/media?parent=1824"}],"curies":[{"name":"wp","href":"https:\/\/api.w.org\/{rel}","templated":true}]}}