{"id":18010,"date":"2025-02-24T18:47:50","date_gmt":"2025-02-24T18:47:50","guid":{"rendered":"https:\/\/istorie.unibuc.ro\/facultate\/?page_id=18010"},"modified":"2026-04-07T06:13:18","modified_gmt":"2026-04-07T06:13:18","slug":"admitere-doctorat","status":"publish","type":"page","link":"https:\/\/istorie.unibuc.ro\/facultate\/admitere2026\/admitere-doctorat\/","title":{"rendered":"Admitere Doctorat"},"content":{"rendered":"\n<h2 class=\"wp-block-heading\"><strong>\u0218coala doctoral\u0103 de Istorie &#8211; sesiunea iulie 2026<\/strong><\/h2>\n\n\n\n<hr class=\"wp-block-separator has-alpha-channel-opacity\"\/>\n\n\n\n<h2 class=\"wp-block-heading\"><strong>Locuri<\/strong> <strong>propuse<\/strong>:<\/h2>\n\n\n\n<p class=\"wp-block-paragraph\">Buget &#8211; 22 locuri<\/p>\n\n\n\n<p class=\"wp-block-paragraph\">Cu tax\u0103 &#8211; 5 locuri<\/p>\n\n\n\n<p class=\"wp-block-paragraph\"><strong>Admitere etnici rom\u00e2ni<\/strong>\u00a0(locuri bugetate):<a href=\"https:\/\/unibuc.ro\/international\/admitere-etnici-romani\/\">\u00a0https:\/\/unibuc.ro\/international\/admitere-etnici-romani\/ <\/a><\/p>\n\n\n\n<p class=\"wp-block-paragraph\"><strong>Admitere studen\u021bi interna\u021bionali:\u00a0<\/strong><a href=\"https:\/\/unibuc.ro\/international\/studenti-internationali\/?lang=en\">https:\/\/unibuc.ro\/international\/studenti-internationali\/admitere-doctorat\/?lang=en <\/a><\/p>\n\n\n\n<h2 class=\"wp-block-heading\"><strong>Calendar:<\/strong><\/h2>\n\n\n\n<p class=\"wp-block-paragraph\"><a href=\"https:\/\/doctorat.unibuc.ro\/admitere\/\">https:\/\/doctorat.unibuc.ro\/admitere\/<\/a><\/p>\n\n\n\n<h2 class=\"wp-block-heading\"><strong>Modalitate admitere<\/strong>: colocviu online<\/h2>\n\n\n\n<h2 class=\"wp-block-heading\"><strong>Taxe<\/strong>:<\/h2>\n\n\n\n<p class=\"wp-block-paragraph\">Taxa de \u00eenscriere: 400 lei <a href=\"https:\/\/po.unibuc.ro\/doctorat.php\">https:\/\/po.unibuc.ro\/doctorat.php<\/a><\/p>\n\n\n\n<p class=\"wp-block-paragraph\">Taxa de \u0219colarizare (locuri tax\u0103):\u00a013600 lei\/an<\/p>\n\n\n\n<h2 class=\"wp-block-heading\"><strong>Regulamente<\/strong>:<\/h2>\n\n\n\n<div class=\"wp-block-file\"><a id=\"wp-block-file--media-a6e2157b-5cfb-46a7-b893-e03ddde44462\" href=\"https:\/\/istorie.unibuc.ro\/wp-content\/uploads\/2026\/04\/Istorie-Regulament-admitere-SDI-2026-site.pdf\" target=\"_blank\" rel=\"noreferrer noopener\">Istorie Regulament admitere SDI-2026 site<\/a><a href=\"https:\/\/istorie.unibuc.ro\/wp-content\/uploads\/2026\/04\/Istorie-Regulament-admitere-SDI-2026-site.pdf\" class=\"wp-block-file__button wp-element-button\" download aria-describedby=\"wp-block-file--media-a6e2157b-5cfb-46a7-b893-e03ddde44462\">Descarc\u0103<\/a><\/div>\n\n\n\n<div class=\"wp-block-file\"><a id=\"wp-block-file--media-8801d68c-0efe-4f22-864d-dc5575c0ceeb\" href=\"https:\/\/istorie.unibuc.ro\/wp-content\/uploads\/2026\/04\/Regulamentul_admitere_Doctorat_UB_2026_Aprobat_Senat-2025-12-17_site.pdf\" target=\"_blank\" rel=\"noreferrer noopener\">Regulamentul_admitere_Doctorat_UB_2026_Aprobat_Senat-2025-12-17_site<\/a><a href=\"https:\/\/istorie.unibuc.ro\/wp-content\/uploads\/2026\/04\/Regulamentul_admitere_Doctorat_UB_2026_Aprobat_Senat-2025-12-17_site.pdf\" class=\"wp-block-file__button wp-element-button\" download aria-describedby=\"wp-block-file--media-8801d68c-0efe-4f22-864d-dc5575c0ceeb\">Descarc\u0103<\/a><\/div>\n\n\n\n<div class=\"wp-block-file\"><a id=\"wp-block-file--media-cf9c4da0-c321-4953-bfe0-8bced97221c6\" href=\"https:\/\/istorie.unibuc.ro\/wp-content\/uploads\/2026\/04\/Reg_Anexa_Tipuri-de-certificate_lingvistice_admitere_Doctorat_UB_Aprobat_Senat.pdf\" target=\"_blank\" rel=\"noreferrer noopener\">Reg_Anexa_Tipuri-de-certificate_lingvistice_admitere_Doctorat_UB_Aprobat_Senat<\/a><a href=\"https:\/\/istorie.unibuc.ro\/wp-content\/uploads\/2026\/04\/Reg_Anexa_Tipuri-de-certificate_lingvistice_admitere_Doctorat_UB_Aprobat_Senat.pdf\" class=\"wp-block-file__button wp-element-button\" download aria-describedby=\"wp-block-file--media-cf9c4da0-c321-4953-bfe0-8bced97221c6\">Descarc\u0103<\/a><\/div>\n\n\n\n<p class=\"wp-block-paragraph\"><strong>Preciz\u0103ri cu privire la&nbsp;certificatul de competen\u021b\u0103 lingvistic\u0103:<\/strong><\/p>\n\n\n\n<p class=\"wp-block-paragraph\">Conform <strong>R<em>egulamentului de Admitere_UB_202<\/em>6<\/strong> &#8211; certificatul de competen\u021b\u0103 lingvistic\u0103 (primit la absolvirea studiilor de licen\u021b\u0103, care nu are men\u021bionat\u0103 perioad\u0103 de valabilitate) emis de Departamentul de Limbi\u00a0Moderne al Facult\u0103\u021bii de Limbi \u0219i Literaturi Str\u0103ine,\u00a0Universitatea din Bucure\u0219ti\u00a0 este acceptat pentru dosarul de \u00eenscriere.<\/p>\n\n\n\n<p class=\"wp-block-paragraph\">Dac\u0103 nu ave\u021bi un astfel de certificat de competen\u021b\u0103 lingvistic\u0103,  v\u0103 rug\u0103m s\u0103 v\u0103 adresa\u021bi Centrului de Limbi Str\u0103ine \u201eAriel\u201d al Universit\u0103\u021bii din Bucure\u0219ti (<strong>BD. Mihail KOG\u0102LNICEANU, Nr. 36-46, c\u0103min B, etajul 3, camera 301, sector 5, Bucure\u0219ti, 0786512494<\/strong>.<\/p>\n","protected":false},"excerpt":{"rendered":"<p>\u0218coala doctoral\u0103 de Istorie &#8211; sesiunea iulie 2026 Locuri propuse: Buget &#8211; 22 locuri Cu tax\u0103 &#8211; 5 locuri Admitere etnici rom\u00e2ni\u00a0(locuri bugetate):\u00a0https:\/\/unibuc.ro\/international\/admitere-etnici-romani\/ Admitere studen\u021bi interna\u021bionali:\u00a0https:\/\/unibuc.ro\/international\/studenti-internationali\/admitere-doctorat\/?lang=en Calendar: https:\/\/doctorat.unibuc.ro\/admitere\/ Modalitate admitere: colocviu online Taxe: Taxa de \u00eenscriere: 400 lei https:\/\/po.unibuc.ro\/doctorat.php Taxa de \u0219colarizare (locuri tax\u0103):\u00a013600 lei\/an Regulamente: Preciz\u0103ri cu privire la&nbsp;certificatul de competen\u021b\u0103 lingvistic\u0103: Conform Regulamentului [&hellip;]<\/p>\n","protected":false},"author":10,"featured_media":0,"parent":1824,"menu_order":0,"comment_status":"closed","ping_status":"closed","template":"","meta":{"_crdt_document":"","jetpack_post_was_ever_published":false,"footnotes":""},"class_list":["post-18010","page","type-page","status-publish","hentry"],"jetpack_sharing_enabled":true,"jetpack_shortlink":"https:\/\/wp.me\/PaobZd-4Gu","jetpack-related-posts":[],"_links":{"self":[{"href":"https:\/\/istorie.unibuc.ro\/facultate\/wp-json\/wp\/v2\/pages\/18010","targetHints":{"allow":["GET"]}}],"collection":[{"href":"https:\/\/istorie.unibuc.ro\/facultate\/wp-json\/wp\/v2\/pages"}],"about":[{"href":"https:\/\/istorie.unibuc.ro\/facultate\/wp-json\/wp\/v2\/types\/page"}],"author":[{"embeddable":true,"href":"https:\/\/istorie.unibuc.ro\/facultate\/wp-json\/wp\/v2\/users\/10"}],"replies":[{"embeddable":true,"href":"https:\/\/istorie.unibuc.ro\/facultate\/wp-json\/wp\/v2\/comments?post=18010"}],"version-history":[{"count":30,"href":"https:\/\/istorie.unibuc.ro\/facultate\/wp-json\/wp\/v2\/pages\/18010\/revisions"}],"predecessor-version":[{"id":21774,"href":"https:\/\/istorie.unibuc.ro\/facultate\/wp-json\/wp\/v2\/pages\/18010\/revisions\/21774"}],"up":[{"embeddable":true,"href":"https:\/\/istorie.unibuc.ro\/facultate\/wp-json\/wp\/v2\/pages\/1824"}],"wp:attachment":[{"href":"https:\/\/istorie.unibuc.ro\/facultate\/wp-json\/wp\/v2\/media?parent=18010"}],"curies":[{"name":"wp","href":"https:\/\/api.w.org\/{rel}","templated":true}]}}