{"id":17863,"date":"2025-02-24T11:17:39","date_gmt":"2025-02-24T11:17:39","guid":{"rendered":"https:\/\/istorie.unibuc.ro\/facultate\/?page_id=17863"},"modified":"2025-02-24T17:00:42","modified_gmt":"2025-02-24T17:00:42","slug":"fise-discipline-ssr","status":"publish","type":"page","link":"https:\/\/istorie.unibuc.ro\/facultate\/programe\/master\/societate-stat-razboi-in-secolele-xviii-xx\/fise-discipline-ssr\/","title":{"rendered":"Fi\u0219e discipline SSR"},"content":{"rendered":"\n<h2 class=\"wp-block-heading\"><strong>An I<\/strong><\/h2>\n\n\n\n<h2 class=\"wp-block-heading\"><strong>Semestrul I<\/strong><\/h2>\n\n\n\n<p class=\"wp-block-paragraph\"><\/p>\n\n\n\n<h2 class=\"wp-block-heading\"><strong>Semestrul II<\/strong><\/h2>\n\n\n\n<div class=\"wp-block-file\"><a id=\"wp-block-file--media-deb49c11-5383-405b-8eb8-01bb830ef9da\" href=\"https:\/\/istorie.unibuc.ro\/wp-content\/uploads\/2025\/02\/I-Fisa-disciplinei-_master_SSR_Romania-in-Primul-Razboi-Mondial_P-Otu_2024-1.pdf\">I Fi\u0219a disciplinei _master_SSR_Rom\u00e2nia \u00een Primul R\u0103zboi Mondial_P-Otu_2024<\/a><a href=\"https:\/\/istorie.unibuc.ro\/wp-content\/uploads\/2025\/02\/I-Fisa-disciplinei-_master_SSR_Romania-in-Primul-Razboi-Mondial_P-Otu_2024-1.pdf\" class=\"wp-block-file__button wp-element-button\" download aria-describedby=\"wp-block-file--media-deb49c11-5383-405b-8eb8-01bb830ef9da\">Descarc\u0103<\/a><\/div>\n\n\n\n<div class=\"wp-block-file\"><a id=\"wp-block-file--media-a7847d8a-2a8d-4c99-bdd0-bdec360b170e\" href=\"https:\/\/istorie.unibuc.ro\/wp-content\/uploads\/2025\/02\/I-Fisa-disciplinei_master-SSR_Corpul-ofiteresc-roman_A-F-Sora_2024.pdf\">I Fi\u0219a disciplinei_master-SSR_Corpul ofi\u021beresc rom\u00e2n_A-F-Sora_2024<\/a><a href=\"https:\/\/istorie.unibuc.ro\/wp-content\/uploads\/2025\/02\/I-Fisa-disciplinei_master-SSR_Corpul-ofiteresc-roman_A-F-Sora_2024.pdf\" class=\"wp-block-file__button wp-element-button\" download aria-describedby=\"wp-block-file--media-a7847d8a-2a8d-4c99-bdd0-bdec360b170e\">Descarc\u0103<\/a><\/div>\n\n\n\n<div class=\"wp-block-file\"><a id=\"wp-block-file--media-2cdaf364-e4c7-4aba-9e1b-4506af6d33b2\" href=\"https:\/\/istorie.unibuc.ro\/wp-content\/uploads\/2025\/02\/I-Fisa-disciplinei_master-SSR_Istoriografia-istoriei-militare_S-Anghel_2024.pdf\">I Fi\u0219a disciplinei_master-SSR_Istoriografia istoriei militare_S-Anghel_2024<\/a><a href=\"https:\/\/istorie.unibuc.ro\/wp-content\/uploads\/2025\/02\/I-Fisa-disciplinei_master-SSR_Istoriografia-istoriei-militare_S-Anghel_2024.pdf\" class=\"wp-block-file__button wp-element-button\" download aria-describedby=\"wp-block-file--media-2cdaf364-e4c7-4aba-9e1b-4506af6d33b2\">Descarc\u0103<\/a><\/div>\n\n\n\n<div class=\"wp-block-file\"><a id=\"wp-block-file--media-5ef7ba53-a77c-43f0-997c-a5cdc9549faa\" href=\"https:\/\/istorie.unibuc.ro\/wp-content\/uploads\/2025\/02\/I-Fisa-disciplinei_master-SSR_Orasul-si-modernitatea_S-Caltia_2024.pdf\">I Fi\u0219a disciplinei_master-SSR_Ora\u0219ul \u0219i modernitatea_S-C\u00e2l\u021bia_2024<\/a><a href=\"https:\/\/istorie.unibuc.ro\/wp-content\/uploads\/2025\/02\/I-Fisa-disciplinei_master-SSR_Orasul-si-modernitatea_S-Caltia_2024.pdf\" class=\"wp-block-file__button wp-element-button\" download aria-describedby=\"wp-block-file--media-5ef7ba53-a77c-43f0-997c-a5cdc9549faa\">Descarc\u0103<\/a><\/div>\n\n\n\n<div class=\"wp-block-file\"><a id=\"wp-block-file--media-10bff4c4-5c7b-4d7f-80f7-76ec256343df\" href=\"https:\/\/istorie.unibuc.ro\/wp-content\/uploads\/2025\/02\/I-Fisa-disciplinei_master-SSR_Razboi-si-pace-in-Europa-si-sursele-vizuale_A-Ciupala_2024.pdf\">I Fi\u0219a disciplinei_master-SSR_R\u0103zboi \u0219i pace \u00een Europa \u0219i sursele vizuale_A-Ciupal\u0103_2024<\/a><a href=\"https:\/\/istorie.unibuc.ro\/wp-content\/uploads\/2025\/02\/I-Fisa-disciplinei_master-SSR_Razboi-si-pace-in-Europa-si-sursele-vizuale_A-Ciupala_2024.pdf\" class=\"wp-block-file__button wp-element-button\" download aria-describedby=\"wp-block-file--media-10bff4c4-5c7b-4d7f-80f7-76ec256343df\">Descarc\u0103<\/a><\/div>\n\n\n\n<p class=\"wp-block-paragraph\"><\/p>\n\n\n\n<p class=\"wp-block-paragraph\"><\/p>\n\n\n\n<h2 class=\"wp-block-heading\"><strong>An II<\/strong><\/h2>\n\n\n\n<h2 class=\"wp-block-heading\"><strong>Semestrul I<\/strong><\/h2>\n\n\n\n<p class=\"wp-block-paragraph\"><\/p>\n\n\n\n<h2 class=\"wp-block-heading\"><strong>Semestrul II<\/strong><\/h2>\n\n\n\n<div class=\"wp-block-file\"><a id=\"wp-block-file--media-02858f25-2fbc-4176-be87-be5a8423c738\" href=\"https:\/\/istorie.unibuc.ro\/wp-content\/uploads\/2025\/02\/II-Fisa-disciplinei_master-SSR_Seminar-disertatie_C-Gudin_2024.pdf\">II Fi\u0219a disciplinei_master-SSR_Seminar diserta\u021bie_C-Gudin_2024<\/a><a href=\"https:\/\/istorie.unibuc.ro\/wp-content\/uploads\/2025\/02\/II-Fisa-disciplinei_master-SSR_Seminar-disertatie_C-Gudin_2024.pdf\" class=\"wp-block-file__button wp-element-button\" download aria-describedby=\"wp-block-file--media-02858f25-2fbc-4176-be87-be5a8423c738\">Descarc\u0103<\/a><\/div>\n","protected":false},"excerpt":{"rendered":"<p>An I Semestrul I Semestrul II An II Semestrul I Semestrul II<\/p>\n","protected":false},"author":10,"featured_media":0,"parent":17860,"menu_order":0,"comment_status":"closed","ping_status":"closed","template":"","meta":{"_crdt_document":"","jetpack_post_was_ever_published":false,"footnotes":""},"class_list":["post-17863","page","type-page","status-publish","hentry"],"jetpack_sharing_enabled":true,"jetpack_shortlink":"https:\/\/wp.me\/PaobZd-4E7","jetpack-related-posts":[],"_links":{"self":[{"href":"https:\/\/istorie.unibuc.ro\/facultate\/wp-json\/wp\/v2\/pages\/17863","targetHints":{"allow":["GET"]}}],"collection":[{"href":"https:\/\/istorie.unibuc.ro\/facultate\/wp-json\/wp\/v2\/pages"}],"about":[{"href":"https:\/\/istorie.unibuc.ro\/facultate\/wp-json\/wp\/v2\/types\/page"}],"author":[{"embeddable":true,"href":"https:\/\/istorie.unibuc.ro\/facultate\/wp-json\/wp\/v2\/users\/10"}],"replies":[{"embeddable":true,"href":"https:\/\/istorie.unibuc.ro\/facultate\/wp-json\/wp\/v2\/comments?post=17863"}],"version-history":[{"count":2,"href":"https:\/\/istorie.unibuc.ro\/facultate\/wp-json\/wp\/v2\/pages\/17863\/revisions"}],"predecessor-version":[{"id":17874,"href":"https:\/\/istorie.unibuc.ro\/facultate\/wp-json\/wp\/v2\/pages\/17863\/revisions\/17874"}],"up":[{"embeddable":true,"href":"https:\/\/istorie.unibuc.ro\/facultate\/wp-json\/wp\/v2\/pages\/17860"}],"wp:attachment":[{"href":"https:\/\/istorie.unibuc.ro\/facultate\/wp-json\/wp\/v2\/media?parent=17863"}],"curies":[{"name":"wp","href":"https:\/\/api.w.org\/{rel}","templated":true}]}}