{"id":17803,"date":"2025-02-24T08:39:28","date_gmt":"2025-02-24T08:39:28","guid":{"rendered":"https:\/\/istorie.unibuc.ro\/facultate\/?page_id=17803"},"modified":"2025-02-24T08:42:32","modified_gmt":"2025-02-24T08:42:32","slug":"profesor-univ-dr-emeritus-miron-ciho","status":"publish","type":"page","link":"https:\/\/istorie.unibuc.ro\/facultate\/departamente\/istorie-antica-arheologie-si-istoria-artei\/profesor-univ-dr-emeritus-miron-ciho\/","title":{"rendered":"Profesor univ. dr.\u00a0emeritus\u00a0Miron CIH\u00d3"},"content":{"rendered":"\n<h2 class=\"wp-block-heading\"><strong>STUDII<\/strong><\/h2>\n\n\n\n<p class=\"wp-block-paragraph\">1981 \u2013 Licen\u021b\u0103 \u00een istorie, Universitatea \u201cAl. I. Cuza\u201c Ia\u015fi, Facultatea de Istorie-filosofie<\/p>\n\n\n\n<p class=\"wp-block-paragraph\">2000 &#8211; Doctorat \u00een istorie, Universitatea din Bucure\u015fti, cu teza&nbsp;<strong><em>Plutarchi \u201eDe Iside et Osiride\u201c \u015fi civiliza\u0163ia Egiptului greco-roman<\/em><\/strong><\/p>\n\n\n\n<h2 class=\"wp-block-heading\"><strong>DOMENII DE INTERES<\/strong><\/h2>\n\n\n\n<p class=\"wp-block-paragraph\">Istoria Egiptului antic<\/p>\n\n\n\n<p class=\"wp-block-paragraph\">Limb\u0103, epigrafie \u0219i paleografie egiptean\u0103&nbsp;<\/p>\n\n\n\n<h2 class=\"wp-block-heading\"><strong>ACTIVITATE \u00ceN CADRUL DEPARTAMENTULUI<\/strong><\/h2>\n\n\n\n<p class=\"wp-block-paragraph\">Coordonarea cercet\u0103rilor \u0219i publica\u021bii \u00een domeniul egiptologiei.&nbsp;&nbsp;<\/p>\n\n\n\n<h2 class=\"wp-block-heading\"><strong>LIST\u0102 SELECTIV\u0102 DE LUCR\u0102RI<\/strong><\/h2>\n\n\n\n<p class=\"wp-block-paragraph\"><strong>Cartea por\u021bilor.&nbsp;Culegere cosmologic\u0103 egiptean\u0103 antic\u0103,&nbsp;<\/strong>Bucure\u0219ti, Ed. Univ. din Bucure\u0219ti, 2024<strong><\/strong><\/p>\n\n\n\n<p class=\"wp-block-paragraph\"><strong>Antologie de texte magice egiptene antice,<\/strong>&nbsp;Bucure\u0219ti, Ed. Univ. din Bucure\u0219ti, 2023<\/p>\n\n\n\n<p class=\"wp-block-paragraph\"><strong>Studii privind magia egiptean\u0103 antic\u0103,&nbsp;<\/strong>Bucure\u0219ti, Ed. Univ. din Bucure\u0219ti, 2019<strong><\/strong><\/p>\n\n\n\n<p class=\"wp-block-paragraph\"><strong>Scribul \u00een literatura faraonic\u0103<\/strong>, Bucure\u0219ti, Ed. Univ. din Bucure\u0219ti, 2018<\/p>\n\n\n\n<p class=\"wp-block-paragraph\"><strong>Ostraca: surse pentru studierea universului faraonic<\/strong>, Bucure\u0219ti, Ed. Univ. din Bucure\u0219ti, 2016<\/p>\n\n\n\n<p class=\"wp-block-paragraph\"><strong>Introducere \u00een studiul limbii medio-egiptene<\/strong>, Bucure\u0219ti, Ed. Univ. din Bucure\u0219ti, 2016. Edi\u021bie rev\u0103zut\u0103 \u0219i ad\u0103ugit\u0103:<strong>&nbsp;<\/strong>2017<\/p>\n\n\n\n<p class=\"wp-block-paragraph\"><strong>Lexiconul faraonilor<\/strong>, Bucure\u015fti, Ed. Universit\u0103\u0163ii din&nbsp;&nbsp; Bucure\u015fti, 2008, 294 pp.(reeditat\u0103 \u00een 2012).<\/p>\n\n\n\n<p class=\"wp-block-paragraph\"><strong>Civilizatia Egiptului greco-roman. Plutarch \u00abDespre Isis si Osiris\u00bb<\/strong>, Bucure\u015fti, Ed. Universit\u00e3tii din Bucuretti 2001, 255 pp. ; ed. a II-a,&nbsp;&nbsp;2007 .&nbsp;<\/p>\n\n\n\n<p class=\"wp-block-paragraph\"><strong>Studii privind magia egiptean\u0103 antic\u0103<\/strong>, Bucure\u015fti, Ed. Universit\u0103\u0163ii din&nbsp;&nbsp; Bucure\u015fti, 2007, 144 pp.(retip\u0103rit\u0103 de 4 ori).<\/p>\n\n\n\n<p class=\"wp-block-paragraph\"><strong>Faraonii Egiptului<\/strong>, Cluj-Napoca, Ed. Nereamia Napocae, 2003, 300 pp.<\/p>\n\n\n\n<p class=\"wp-block-paragraph\"><strong>Introducere \u00een studiul hieroglifelor<\/strong>, Bucure\u015fti, Ed. Elit, 1996, 133 pp.&nbsp;<\/p>\n\n\n\n<p class=\"wp-block-paragraph\"><strong>Istoria Orientului Antic. Egiptul faraonic \u015fi Mesopotamia<\/strong>, Bucure\u015fti, 1992 \u015fi editia a II-a, 1997, 240 pp.&nbsp;<\/p>\n\n\n\n<p class=\"wp-block-paragraph\"><strong>Antichit\u0103ti egiptene \u00een colec\u0163iile din Rom\u00e2nia<\/strong>, Cluj-Napoca, 1988<\/p>\n","protected":false},"excerpt":{"rendered":"<p>STUDII 1981 \u2013 Licen\u021b\u0103 \u00een istorie, Universitatea \u201cAl. I. Cuza\u201c Ia\u015fi, Facultatea de Istorie-filosofie 2000 &#8211; Doctorat \u00een istorie, Universitatea din Bucure\u015fti, cu teza&nbsp;Plutarchi \u201eDe Iside et Osiride\u201c \u015fi civiliza\u0163ia Egiptului greco-roman DOMENII DE INTERES Istoria Egiptului antic Limb\u0103, epigrafie \u0219i paleografie egiptean\u0103&nbsp; ACTIVITATE \u00ceN CADRUL DEPARTAMENTULUI Coordonarea cercet\u0103rilor \u0219i publica\u021bii \u00een domeniul egiptologiei.&nbsp;&nbsp; LIST\u0102 [&hellip;]<\/p>\n","protected":false},"author":10,"featured_media":0,"parent":173,"menu_order":0,"comment_status":"closed","ping_status":"closed","template":"","meta":{"_crdt_document":"","jetpack_post_was_ever_published":false,"footnotes":""},"class_list":["post-17803","page","type-page","status-publish","hentry"],"jetpack_sharing_enabled":true,"jetpack_shortlink":"https:\/\/wp.me\/PaobZd-4D9","jetpack-related-posts":[],"_links":{"self":[{"href":"https:\/\/istorie.unibuc.ro\/facultate\/wp-json\/wp\/v2\/pages\/17803","targetHints":{"allow":["GET"]}}],"collection":[{"href":"https:\/\/istorie.unibuc.ro\/facultate\/wp-json\/wp\/v2\/pages"}],"about":[{"href":"https:\/\/istorie.unibuc.ro\/facultate\/wp-json\/wp\/v2\/types\/page"}],"author":[{"embeddable":true,"href":"https:\/\/istorie.unibuc.ro\/facultate\/wp-json\/wp\/v2\/users\/10"}],"replies":[{"embeddable":true,"href":"https:\/\/istorie.unibuc.ro\/facultate\/wp-json\/wp\/v2\/comments?post=17803"}],"version-history":[{"count":2,"href":"https:\/\/istorie.unibuc.ro\/facultate\/wp-json\/wp\/v2\/pages\/17803\/revisions"}],"predecessor-version":[{"id":17807,"href":"https:\/\/istorie.unibuc.ro\/facultate\/wp-json\/wp\/v2\/pages\/17803\/revisions\/17807"}],"up":[{"embeddable":true,"href":"https:\/\/istorie.unibuc.ro\/facultate\/wp-json\/wp\/v2\/pages\/173"}],"wp:attachment":[{"href":"https:\/\/istorie.unibuc.ro\/facultate\/wp-json\/wp\/v2\/media?parent=17803"}],"curies":[{"name":"wp","href":"https:\/\/api.w.org\/{rel}","templated":true}]}}