{"id":17792,"date":"2025-02-24T08:22:49","date_gmt":"2025-02-24T08:22:49","guid":{"rendered":"https:\/\/istorie.unibuc.ro\/facultate\/?page_id=17792"},"modified":"2025-02-24T08:25:37","modified_gmt":"2025-02-24T08:25:37","slug":"prof-dr-gheorghe-vlad-nistor","status":"publish","type":"page","link":"https:\/\/istorie.unibuc.ro\/facultate\/departamente\/istorie-antica-arheologie-si-istoria-artei\/prof-dr-gheorghe-vlad-nistor\/","title":{"rendered":"Profesor univ. dr.\u00a0emeritus\u00a0Gheorghe Vlad NISTOR"},"content":{"rendered":"\n<h2 class=\"wp-block-heading\"><strong>STUDII<\/strong><\/h2>\n\n\n\n<p class=\"wp-block-paragraph\">1994&nbsp;&nbsp;&nbsp;&nbsp;&nbsp;&nbsp;&nbsp;&nbsp;&nbsp;&nbsp;&nbsp;Studii Postuniversitare in&nbsp;<em>British Cultural Studies<\/em>,&nbsp;Universitatea&nbsp;&nbsp;Warwick, UK<\/p>\n\n\n\n<p class=\"wp-block-paragraph\">1993&nbsp;&nbsp;&nbsp;&nbsp;&nbsp;&nbsp;&nbsp;&nbsp;&nbsp;&nbsp;&nbsp;Doctorat \u00een Istorie, Universitatea Bucure\u015fti:&nbsp;<em>Continuitate si&nbsp;&nbsp;discontinuitate urbana: problemele romanitatii britanice, secolele al IV-lea &#8211; al VI-lea.<\/em><\/p>\n\n\n\n<p class=\"wp-block-paragraph\">1978&nbsp;&nbsp;&nbsp;&nbsp;&nbsp;&nbsp;&nbsp;&nbsp;&nbsp;&nbsp;&nbsp;Licen\u021b\u0103 \u00een istorie,Facultatea de Istorie, Universitatea Bucure\u015fti<em>.<\/em><\/p>\n\n\n\n<h2 class=\"wp-block-heading\"><strong>DOMENII DE INTERES<\/strong><\/h2>\n\n\n\n<p class=\"wp-block-paragraph\">Istoria Romei antice<\/p>\n\n\n\n<p class=\"wp-block-paragraph\">Istorie politic\u0103<\/p>\n\n\n\n<p class=\"wp-block-paragraph\">Practica rela\u021biilor interna\u021bionale&nbsp;<\/p>\n\n\n\n<h2 class=\"wp-block-heading\">ACTIVITATE \u00ceN CADRUL DEPARTAMENTULUI<\/h2>\n\n\n\n<ul class=\"wp-block-list\">\n<li>Reprezentarea departamentului ca\u00a0Pre\u0219edinte \u0219i membru \u00een consiliul director al\u00a0<strong>Institutului Rom\u00e2n de la Atena<\/strong>\u00a0\u2013 din 2014<\/li>\n\n\n\n<li>Coordonarea unor cercet\u0103ri \u0219i publica\u021bii \u00een domeniul istoriei Imperiului Roman.\u00a0\u00a0<\/li>\n<\/ul>\n\n\n\n<h2 class=\"wp-block-heading\">LIST\u0102 SELECTIV\u0102 DE LUCR\u0102RI<\/h2>\n\n\n\n<ul class=\"wp-block-list\">\n<li><em>Magistra\u021bi \u0219i eunuci. Putere formal\u0103 \u0219i putere real\u0103 \u00een antichitatea t\u00e2rzie<\/em>. Bucure\u0219ti, Ed. Paideia,\u00a0<\/li>\n<\/ul>\n\n\n\n<p class=\"wp-block-paragraph\">2016 (coautor)<\/p>\n\n\n\n<ul class=\"wp-block-list\">\n<li><em>Armele Atenei<\/em>, Ed. Tritonic, Bucure\u0219ti, 2012, (co-editor)<\/li>\n\n\n\n<li><em>Marea Neagr<\/em><em>\u0103. Geopolitic\u0103 \u015fi istorie.\u00a0<\/em>(coeditor), 2006<\/li>\n\n\n\n<li><em>Cultur<\/em><em>\u0103 \u015fi civiliza\u0163ie antic\u0103<\/em>, Bucure\u015fti, 2005;<\/li>\n\n\n\n<li><em>Istoria Greciei si a Romei Antice \u00een colaborare,\u00a0<\/em>Bucure\u015fti, 2004;<\/li>\n\n\n\n<li><em>Redefinind sf\u00e2r\u015fitul. Cetate \u015fi imperiu,\u00a0<\/em>Bucure\u015fti, Nemira, 2000;<\/li>\n\n\n\n<li><em>Istoria lumii \u00een texte,<\/em>\u00a0Bucure\u015fti, Teora, 1999, coeditor.<\/li>\n\n\n\n<li><em>Forme de exercitare a autoritatii in Imperiul Roman Tirziu<\/em>, Bucure\u015fti, 1997\u00a0;<\/li>\n\n\n\n<li><em>Culture, History, Heritage. Theoretical readings of the British past,<\/em>The British Council, British\u00a0<\/li>\n<\/ul>\n\n\n\n<p class=\"wp-block-paragraph\">Cultural Studies Research Centre Series, Volume 2, Bucharest,1996, coeditor with Eve Patten;<\/p>\n\n\n\n<ul class=\"wp-block-list\">\n<li><em>De-Scribing the End of Roman Britain<\/em>, British Cultural Studies Research Centre Series,\u00a0<\/li>\n<\/ul>\n\n\n\n<p class=\"wp-block-paragraph\">Volume 1, Bucharest, 1996;<\/p>\n\n\n\n<ul class=\"wp-block-list\">\n<li><em>Colapsul unei societati complexe.Britannia secolului al V-lea,\u00a0<\/em>Editura<em>\u00a0<\/em>Erasmus<em>,<\/em>Bucure\u015fti, 1993;<\/li>\n\n\n\n<li><em>Istoria Greciei si a Romei Antice<\/em>,Editura Universitatii Independente Dimitrie Cantemir,\u00a0<\/li>\n<\/ul>\n\n\n\n<p class=\"wp-block-paragraph\">Bucure\u015fti, 1992.<\/p>\n\n\n\n<h2 class=\"wp-block-heading\">DECORA\u021aII<\/h2>\n\n\n\n<ul class=\"wp-block-list\">\n<li><em>Commandor 1<\/em><em>st\u00a0<\/em><em>grade, of Dannebrog Order of the Kingdom of Danemark, 2000\u00a0<\/em><\/li>\n\n\n\n<li><em>Gran Officer of the National Order of Merit of the Portuguese Republic, 1999\u00a0<\/em><\/li>\n\n\n\n<li><em>Commandor of the National Order of Merit of the French Republic, 1999<\/em><\/li>\n\n\n\n<li><em>Gran Officer of the National Order of Merit of Romania, 2000\u00a0<\/em><\/li>\n\n\n\n<li><em>Gran Officer of the National Order ,,Cruzeiro do Sud\u201d of the Federal Republic of Brasil,\u00a0<\/em><\/li>\n<\/ul>\n\n\n\n<p class=\"wp-block-paragraph\"><em>2001<\/em><\/p>\n\n\n\n<ul class=\"wp-block-list\">\n<li><em>,,Banda\u201d of the,,Aquila Azteca\u201d National Order of Mexico, 2004\u00a0<\/em><\/li>\n<\/ul>\n","protected":false},"excerpt":{"rendered":"<p>STUDII 1994&nbsp;&nbsp;&nbsp;&nbsp;&nbsp;&nbsp;&nbsp;&nbsp;&nbsp;&nbsp;&nbsp;Studii Postuniversitare in&nbsp;British Cultural Studies,&nbsp;Universitatea&nbsp;&nbsp;Warwick, UK 1993&nbsp;&nbsp;&nbsp;&nbsp;&nbsp;&nbsp;&nbsp;&nbsp;&nbsp;&nbsp;&nbsp;Doctorat \u00een Istorie, Universitatea Bucure\u015fti:&nbsp;Continuitate si&nbsp;&nbsp;discontinuitate urbana: problemele romanitatii britanice, secolele al IV-lea &#8211; al VI-lea. 1978&nbsp;&nbsp;&nbsp;&nbsp;&nbsp;&nbsp;&nbsp;&nbsp;&nbsp;&nbsp;&nbsp;Licen\u021b\u0103 \u00een istorie,Facultatea de Istorie, Universitatea Bucure\u015fti. DOMENII DE INTERES Istoria Romei antice Istorie politic\u0103 Practica rela\u021biilor interna\u021bionale&nbsp; ACTIVITATE \u00ceN CADRUL DEPARTAMENTULUI LIST\u0102 SELECTIV\u0102 DE LUCR\u0102RI 2016 (coautor) Cultural Studies Research Centre [&hellip;]<\/p>\n","protected":false},"author":10,"featured_media":0,"parent":173,"menu_order":0,"comment_status":"closed","ping_status":"closed","template":"","meta":{"_crdt_document":"","jetpack_post_was_ever_published":false,"footnotes":""},"class_list":["post-17792","page","type-page","status-publish","hentry"],"jetpack_sharing_enabled":true,"jetpack_shortlink":"https:\/\/wp.me\/PaobZd-4CY","jetpack-related-posts":[],"_links":{"self":[{"href":"https:\/\/istorie.unibuc.ro\/facultate\/wp-json\/wp\/v2\/pages\/17792","targetHints":{"allow":["GET"]}}],"collection":[{"href":"https:\/\/istorie.unibuc.ro\/facultate\/wp-json\/wp\/v2\/pages"}],"about":[{"href":"https:\/\/istorie.unibuc.ro\/facultate\/wp-json\/wp\/v2\/types\/page"}],"author":[{"embeddable":true,"href":"https:\/\/istorie.unibuc.ro\/facultate\/wp-json\/wp\/v2\/users\/10"}],"replies":[{"embeddable":true,"href":"https:\/\/istorie.unibuc.ro\/facultate\/wp-json\/wp\/v2\/comments?post=17792"}],"version-history":[{"count":2,"href":"https:\/\/istorie.unibuc.ro\/facultate\/wp-json\/wp\/v2\/pages\/17792\/revisions"}],"predecessor-version":[{"id":17796,"href":"https:\/\/istorie.unibuc.ro\/facultate\/wp-json\/wp\/v2\/pages\/17792\/revisions\/17796"}],"up":[{"embeddable":true,"href":"https:\/\/istorie.unibuc.ro\/facultate\/wp-json\/wp\/v2\/pages\/173"}],"wp:attachment":[{"href":"https:\/\/istorie.unibuc.ro\/facultate\/wp-json\/wp\/v2\/media?parent=17792"}],"curies":[{"name":"wp","href":"https:\/\/api.w.org\/{rel}","templated":true}]}}