{"id":175,"date":"2018-10-26T14:39:11","date_gmt":"2018-10-26T14:39:11","guid":{"rendered":"http:\/\/newhis.bucharest.university\/?page_id=175"},"modified":"2026-02-27T06:34:07","modified_gmt":"2026-02-27T06:34:07","slug":"relatii-internationale-si-istorie-universala","status":"publish","type":"page","link":"https:\/\/istorie.unibuc.ro\/facultate\/departamente\/relatii-internationale-si-istorie-universala\/","title":{"rendered":"Rela\u021bii Interna\u021bionale \u0219i Istorie Universal\u0103"},"content":{"rendered":"\n<p class=\"wp-block-paragraph\">Prin membrii s\u0103i, departamentul de Istorie Universal\u0103 reprezint\u0103 un nucleu de cercetare \u015fi de predare deosebit de puternic \u015fi de activ. Departamentul este recunoscut, prin multe subcolective ale ei (Istoriografie \u015fi istoria mentalit\u0103\u0163ilor, Bizan\u0163, Imperiul Otoman, Integrare Euro-Atlantic\u0103), drept centru de referin\u0163\u0103 pentru toate universit\u0103\u0163ile din \u0163ar\u0103. Departamentul \u015fi membrii s\u0103i au leg\u0103turi str\u00e2nse de colaborare cu universit\u0103\u0163i europene, ocup\u0103 func\u0163ii de conducere \u00een organisme interna\u0163ionale. Departamentul are un grup de tinere cadre didactice, cu o preg\u0103tire excep\u0163ional\u0103, toti av\u00e2nd titlul de doctor.<\/p>\n\n\n\n<h3 id=\"director-departament\" class=\"wp-block-heading\">Director departament<\/h3>\n\n\n\n<h4 id=\"lect-dr-manuela-dobre\" class=\"wp-block-heading\"><a href=\"https:\/\/istorie.unibuc.ro\/lect-univ-dr-manuela-dobre\/\" data-type=\"URL\" data-id=\"https:\/\/istorie.unibuc.ro\/lect-univ-dr-manuela-dobre\/\">Lect. Dr. Manuela Dobre<\/a><\/h4>\n\n\n\n<p class=\"wp-block-paragraph\"><\/p>\n\n\n\n<h3 id=\"membri\" class=\"wp-block-heading\">Membri<\/h3>\n\n\n\n<ul class=\"wp-block-list\">\n<li><a href=\"https:\/\/istorie.unibuc.ro\/wp-content\/uploads\/2021\/04\/CV_Bozgan-Ovidiu.pdf\">Prof. Dr. Ovidiu Bozgan<\/a><\/li>\n\n\n\n<li><a href=\"https:\/\/istorie.unibuc.ro\/wp-content\/uploads\/2021\/04\/CV_Dinu-Rudolf-2021.pdf\">Prof. Dr. Rudolf Mihai Dinu<\/a><\/li>\n\n\n\n<li><a href=\"http:\/\/istorie.unibuc.ro\/departamente\/relatii-internationale-si-istorie-universala\/prof-univ-dr-bogdan-murgescu\/\">Prof. Dr. Bogdan Murgescu<\/a><\/li>\n\n\n\n<li><a href=\"https:\/\/istorie.unibuc.ro\/wp-content\/uploads\/2021\/04\/CV_Panaite-Viorel.pdf\">Prof. Dr. Viorel Panaite<\/a><\/li>\n\n\n\n<li><a href=\"https:\/\/istorie.unibuc.ro\/wp-content\/uploads\/2019\/05\/CV_european_VStan-eng.pdf\">Prof. Dr. Valentin Stan<\/a><\/li>\n\n\n\n<li><a href=\"https:\/\/istorie.unibuc.ro\/wp-content\/uploads\/2021\/04\/CV_Constantiniu-Laurentiu.pdf\">Conf. Dr. Lauren\u021biu Constantiniu<\/a><\/li>\n\n\n\n<li><a href=\"http:\/\/istorie.unibuc.ro\/departamente\/relatii-internationale-si-istorie-universala\/lect-univ-dr-alexandru-murad-mironov\/\">Conf. Dr. Alexandru-Murad Mironov<\/a><\/li>\n\n\n\n<li><a href=\"http:\/\/istorie.unibuc.ro\/departamente\/relatii-internationale-si-istorie-universala\/lect-univ-dr-silvana-rachieru\/\">Conf. Dr. Silvana Rachieru<\/a><\/li>\n\n\n\n<li><a href=\"https:\/\/istorie.unibuc.ro\/departamente\/relatii-internationale-si-istorie-universala\/lect-univ-dr-marian-coman\/\">Conf. Dr. Marian Coman<\/a><\/li>\n\n\n\n<li><a href=\"https:\/\/istorie.unibuc.ro\/wp-content\/uploads\/2021\/04\/CV_Antoniu-Bogdan-SITE-1.pdf\">Lect. Dr. Bogdan Antoniu<\/a> &#8211; Prodecan<\/li>\n\n\n\n<li><a href=\"https:\/\/istorie.unibuc.ro\/wp-content\/uploads\/2024\/09\/CV_Mihail_Dobre.pdf\" target=\"_blank\" rel=\"noreferrer noopener\">Lect. Dr. Mihail Dobre<\/a><\/li>\n\n\n\n<li><a href=\"https:\/\/istorie.unibuc.ro\/wp-content\/uploads\/2021\/04\/CV_Matei-Alin-Victor.pdf\">Lect. Dr. Alin Matei<\/a><\/li>\n\n\n\n<li><a href=\"http:\/\/istorie.unibuc.ro\/departamente\/relatii-internationale-si-istorie-universala\/lect-univ-dr-christian-nasulea\/\">Lect. Dr. Christian N\u0103sulea<\/a><\/li>\n\n\n\n<li><a href=\"https:\/\/istorie.unibuc.ro\/wp-content\/uploads\/2021\/04\/CV_Zaharia-Dragos.pdf\">Lect. Dr. Dragos Zaharia<\/a><\/li>\n\n\n\n<li><a href=\"https:\/\/istorie.unibuc.ro\/wp-content\/uploads\/2021\/10\/Damian-Liviu-CV-2021-RE.docx\" data-type=\"URL\" data-id=\"https:\/\/istorie.unibuc.ro\/wp-content\/uploads\/2021\/10\/Damian-Liviu-CV-2021-RE.docx\">Lect. Dr. Liviu Damian<\/a><\/li>\n\n\n\n<li><a href=\"https:\/\/istorie.unibuc.ro\/facultate\/departamente\/relatii-internationale-si-istorie-universala\/lect-dr-mihaela-mustatea\/\" data-type=\"page\" data-id=\"18358\">Lect.dr. Mihaela Must\u0103\u021bea<\/a><\/li>\n\n\n\n<li><a href=\"https:\/\/istorie.unibuc.ro\/facultate\/radu-dipratu\/\" data-type=\"page\" data-id=\"21564\">Lect.dr. Radu Dipratu<\/a><\/li>\n\n\n\n<li>Asist.dr. Ioan Drago\u0219 Mateescu<\/li>\n<\/ul>\n\n\n\n<p class=\"wp-block-paragraph\"><strong>Profesor emeri<\/strong>t<\/p>\n\n\n\n<p class=\"wp-block-paragraph\">Prof. Dr. Andrei Pippidi<\/p>\n\n\n\n<div class=\"wp-block-file\"><a id=\"wp-block-file--media-25228897-f9e1-444e-a5de-70134db5687f\" href=\"https:\/\/istorie.unibuc.ro\/wp-content\/uploads\/2021\/02\/fisa_sintetica_evaluare_cd_2020_DRIIU.pdf\">fisa_sintetica_evaluare_cd_2020_DRIIU<\/a><a href=\"https:\/\/istorie.unibuc.ro\/wp-content\/uploads\/2021\/02\/fisa_sintetica_evaluare_cd_2020_DRIIU.pdf\" class=\"wp-block-file__button wp-element-button\" download aria-describedby=\"wp-block-file--media-25228897-f9e1-444e-a5de-70134db5687f\">Descarc\u0103<\/a><\/div>\n","protected":false},"excerpt":{"rendered":"<p>Prin membrii s\u0103i, departamentul de Istorie Universal\u0103 reprezint\u0103 un nucleu de cercetare \u015fi de predare deosebit de puternic \u015fi de activ. Departamentul este recunoscut, prin multe subcolective ale ei (Istoriografie \u015fi istoria mentalit\u0103\u0163ilor, Bizan\u0163, Imperiul Otoman, Integrare Euro-Atlantic\u0103), drept centru de referin\u0163\u0103 pentru toate universit\u0103\u0163ile din \u0163ar\u0103. Departamentul \u015fi membrii s\u0103i au leg\u0103turi str\u00e2nse de [&hellip;]<\/p>\n","protected":false},"author":2,"featured_media":0,"parent":167,"menu_order":0,"comment_status":"closed","ping_status":"closed","template":"","meta":{"_crdt_document":"","jetpack_post_was_ever_published":false,"footnotes":""},"class_list":["post-175","page","type-page","status-publish","hentry"],"jetpack_sharing_enabled":true,"jetpack_shortlink":"https:\/\/wp.me\/PaobZd-2P","jetpack-related-posts":[],"_links":{"self":[{"href":"https:\/\/istorie.unibuc.ro\/facultate\/wp-json\/wp\/v2\/pages\/175","targetHints":{"allow":["GET"]}}],"collection":[{"href":"https:\/\/istorie.unibuc.ro\/facultate\/wp-json\/wp\/v2\/pages"}],"about":[{"href":"https:\/\/istorie.unibuc.ro\/facultate\/wp-json\/wp\/v2\/types\/page"}],"author":[{"embeddable":true,"href":"https:\/\/istorie.unibuc.ro\/facultate\/wp-json\/wp\/v2\/users\/2"}],"replies":[{"embeddable":true,"href":"https:\/\/istorie.unibuc.ro\/facultate\/wp-json\/wp\/v2\/comments?post=175"}],"version-history":[{"count":36,"href":"https:\/\/istorie.unibuc.ro\/facultate\/wp-json\/wp\/v2\/pages\/175\/revisions"}],"predecessor-version":[{"id":21569,"href":"https:\/\/istorie.unibuc.ro\/facultate\/wp-json\/wp\/v2\/pages\/175\/revisions\/21569"}],"up":[{"embeddable":true,"href":"https:\/\/istorie.unibuc.ro\/facultate\/wp-json\/wp\/v2\/pages\/167"}],"wp:attachment":[{"href":"https:\/\/istorie.unibuc.ro\/facultate\/wp-json\/wp\/v2\/media?parent=175"}],"curies":[{"name":"wp","href":"https:\/\/api.w.org\/{rel}","templated":true}]}}