{"id":17261,"date":"2024-11-21T07:23:13","date_gmt":"2024-11-21T07:23:13","guid":{"rendered":"https:\/\/istorie.unibuc.ro\/facultate\/?page_id=17261"},"modified":"2024-11-21T07:38:40","modified_gmt":"2024-11-21T07:38:40","slug":"hartuire-discriminare-sesizare","status":"publish","type":"page","link":"https:\/\/istorie.unibuc.ro\/facultate\/studenti\/hartuire-discriminare-sesizare\/","title":{"rendered":"H\u0103r\u021buire &amp; discriminare-sesizare"},"content":{"rendered":"\n<p class=\"wp-block-paragraph\"><\/p>\n\n\n\n<p class=\"wp-block-paragraph\">Serviciul Incluziune \u2013 conceput \u0219i organizat drept&nbsp;<em>Hub \u2013<\/em>&nbsp;\u201ccentru\u201d \u2013 de acces al studen\u021bilor care se confrunt\u0103 cu diverse dificult\u0103\u021bi, c\u0103tre o comunitate academic\u0103 incluziv\u0103 care pre\u021buie\u0219te \u0219i promoveaz\u0103 diversitatea. Activitatea Biroului se concentreaz\u0103 pe acordarea de&nbsp;<strong>servicii de asisten\u021b\u0103 social\u0103<\/strong>&nbsp;\u00een scopul integr\u0103rii \u0219i adapt\u0103rii studen\u021bilor la mediul universitar.<\/p>\n\n\n\n<p class=\"wp-block-paragraph\"><strong>GRUP \u021aINT\u0102<\/strong><strong>:&nbsp;<\/strong><strong>studen\u021bii afla\u021bi \u00een situa\u021bii de vulnerabilitate<\/strong>&nbsp;\u2013 dizabilit\u0103\u021bi sau boli cronice, risc de abandon \u0219colar, proveni\u021bi din medii defavorizate, de diferite na\u021bionalit\u0103\u021bi sau etnii, cu probleme de integrare social\u0103, apar\u021bin\u00e2nd comunit\u0103\u021bii LGBTQIA2S+, care se confrunt\u0103 cu diferite adic\u021bii.<\/p>\n\n\n\n<p class=\"wp-block-paragraph\"><\/p>\n\n\n\n<h2 class=\"wp-block-heading\"><strong>Procedura privind incidentele de hartuire sexuala si discriminare de gen<\/strong><\/h2>\n\n\n\n<div class=\"wp-block-file\"><a id=\"wp-block-file--media-8f739707-4b68-4d6a-adc8-f48091678299\" href=\"https:\/\/istorie.unibuc.ro\/wp-content\/uploads\/2024\/11\/Procedura-privind-incidentele-de-hartuire-sexuala-si-discriminare-de-gen-1.pdf\">Procedura-privind-incidentele-de-hartuire-sexuala-si-discriminare-de-gen-1<\/a><a href=\"https:\/\/istorie.unibuc.ro\/wp-content\/uploads\/2024\/11\/Procedura-privind-incidentele-de-hartuire-sexuala-si-discriminare-de-gen-1.pdf\" class=\"wp-block-file__button wp-element-button\" download aria-describedby=\"wp-block-file--media-8f739707-4b68-4d6a-adc8-f48091678299\">Descarc\u0103<\/a><\/div>\n\n\n\n<p class=\"wp-block-paragraph\"><\/p>\n\n\n\n<p class=\"wp-block-paragraph\"><\/p>\n\n\n\n<h2 class=\"wp-block-heading\"><strong>Formular privind raportarea unui caz de h\u0103r\u021buire sexual\u0103 \u0219i discriminare de gen\u00a0<\/strong><\/h2>\n\n\n\n<p class=\"wp-block-paragraph\"><a href=\"https:\/\/docs.google.com\/forms\/d\/e\/1FAIpQLSc7tgp485GJEp3dfREcMu_1cBc6ose9hnfP5p5OpITvmnsFuQ\/viewform\">https:\/\/docs.google.com\/forms\/d\/e\/1FAIpQLSc7tgp485GJEp3dfREcMu_1cBc6ose9hnfP5p5OpITvmnsFuQ\/viewform<\/a><\/p>\n\n\n\n<p class=\"wp-block-paragraph\"><\/p>\n\n\n\n<p class=\"wp-block-paragraph\"><\/p>\n\n\n\n<p class=\"wp-block-paragraph\">UNIVERSITATEA din BUCURE\u0218TI ofer\u0103 sus\u021binere tuturor studen\u021bilor s\u0103i prin patru structuri\/departamente care acord\u0103 servicii de suport personalizate \u00een func\u021bie de necesit\u0103\u021bile fiec\u0103ruia.&nbsp;<strong>Toate sunt disponibile gratuit.&nbsp;<\/strong>Mai multe informa\u021bii sunt disponibile&nbsp;<strong><a href=\"https:\/\/unibuc.ro\/student-ub\/servicii-de-suport-studenti\/\" target=\"_blank\" rel=\"noreferrer noopener\">aici<\/a><\/strong>.&nbsp;<\/p>\n\n\n\n<p class=\"wp-block-paragraph\">\u00cempreun\u0103 \u00eencerc\u0103m s\u0103 identific\u0103m informa\u021biile relevante despre contextul socio-educa\u021bional al studentului UB, pentrul a facilita adaptarea \u0219i integrarea sa cu succes \u00een via\u021ba universitar\u0103. \u00cen acest punct intervine contribu\u021bia voastr\u0103 esen\u021bial\u0103, aceea de a accesa link-ul urm\u0103tor \u0219i de a completa&nbsp;<strong><em>Chestionarul de Integrare&nbsp;<\/em><a href=\"https:\/\/forms.office.com\/e\/fAD2w30HZj\" target=\"_blank\" rel=\"noreferrer noopener\">disponibil aici<\/a><\/strong>&nbsp;gest prin care \u201cne ajuta\u021bi s\u0103 v\u0103 ajut\u0103m\u201d! Dureaz\u0103 doar c\u00e2teva minute!<\/p>\n\n\n\n<p class=\"wp-block-paragraph\">\u00cen urma complet\u0103rii acestui chestionar vei beneficia de accesul la serviciile de suport oferite de UB, cu respectarea principiilor fundamentale: &nbsp;Diversitate \u0219i Excelen\u021b\u0103.&nbsp;<\/p>\n","protected":false},"excerpt":{"rendered":"<p>Serviciul Incluziune \u2013 conceput \u0219i organizat drept&nbsp;Hub \u2013&nbsp;\u201ccentru\u201d \u2013 de acces al studen\u021bilor care se confrunt\u0103 cu diverse dificult\u0103\u021bi, c\u0103tre o comunitate academic\u0103 incluziv\u0103 care pre\u021buie\u0219te \u0219i promoveaz\u0103 diversitatea. Activitatea Biroului se concentreaz\u0103 pe acordarea de&nbsp;servicii de asisten\u021b\u0103 social\u0103&nbsp;\u00een scopul integr\u0103rii \u0219i adapt\u0103rii studen\u021bilor la mediul universitar. GRUP \u021aINT\u0102:&nbsp;studen\u021bii afla\u021bi \u00een situa\u021bii de vulnerabilitate&nbsp;\u2013 dizabilit\u0103\u021bi [&hellip;]<\/p>\n","protected":false},"author":10,"featured_media":0,"parent":353,"menu_order":0,"comment_status":"closed","ping_status":"closed","template":"","meta":{"_crdt_document":"","jetpack_post_was_ever_published":false,"footnotes":""},"class_list":["post-17261","page","type-page","status-publish","hentry"],"jetpack_sharing_enabled":true,"jetpack_shortlink":"https:\/\/wp.me\/PaobZd-4up","jetpack-related-posts":[],"_links":{"self":[{"href":"https:\/\/istorie.unibuc.ro\/facultate\/wp-json\/wp\/v2\/pages\/17261","targetHints":{"allow":["GET"]}}],"collection":[{"href":"https:\/\/istorie.unibuc.ro\/facultate\/wp-json\/wp\/v2\/pages"}],"about":[{"href":"https:\/\/istorie.unibuc.ro\/facultate\/wp-json\/wp\/v2\/types\/page"}],"author":[{"embeddable":true,"href":"https:\/\/istorie.unibuc.ro\/facultate\/wp-json\/wp\/v2\/users\/10"}],"replies":[{"embeddable":true,"href":"https:\/\/istorie.unibuc.ro\/facultate\/wp-json\/wp\/v2\/comments?post=17261"}],"version-history":[{"count":2,"href":"https:\/\/istorie.unibuc.ro\/facultate\/wp-json\/wp\/v2\/pages\/17261\/revisions"}],"predecessor-version":[{"id":17270,"href":"https:\/\/istorie.unibuc.ro\/facultate\/wp-json\/wp\/v2\/pages\/17261\/revisions\/17270"}],"up":[{"embeddable":true,"href":"https:\/\/istorie.unibuc.ro\/facultate\/wp-json\/wp\/v2\/pages\/353"}],"wp:attachment":[{"href":"https:\/\/istorie.unibuc.ro\/facultate\/wp-json\/wp\/v2\/media?parent=17261"}],"curies":[{"name":"wp","href":"https:\/\/api.w.org\/{rel}","templated":true}]}}