{"id":17068,"date":"2025-01-21T08:40:00","date_gmt":"2025-01-21T08:40:00","guid":{"rendered":"https:\/\/istorie.unibuc.ro\/facultate\/?page_id=17068"},"modified":"2026-03-13T11:07:57","modified_gmt":"2026-03-13T11:07:57","slug":"decont-stb","status":"publish","type":"page","link":"https:\/\/istorie.unibuc.ro\/facultate\/studenti\/decont-stb\/","title":{"rendered":""},"content":{"rendered":"\n<p data-wp-context---core-fit-text=\"core\/fit-text::{&quot;fontSize&quot;:&quot;&quot;}\" data-wp-init---core-fit-text=\"core\/fit-text::callbacks.init\" data-wp-interactive data-wp-style--font-size=\"core\/fit-text::context.fontSize\" class=\"has-fit-text wp-block-paragraph\"><strong>DECONT S.T.B. pentru anul universitar<\/strong> <strong>2025 \u2013 2026<\/strong><\/p>\n\n\n\n<p class=\"wp-block-paragraph\">Universitatea din Bucure\u0219ti ofer\u0103 decontarea abonamentelor STB (Societatea de Transport Bucure\u0219ti) pentru studen\u021bi.<\/p>\n\n\n\n<p class=\"wp-block-paragraph\"><\/p>\n\n\n\n<figure class=\"wp-block-table\"><table><tbody><tr><td class=\"has-text-align-center\" data-align=\"center\" colspan=\"3\"><strong>PROGRAM DECONT<\/strong><\/td><\/tr><tr><td class=\"has-text-align-center\" data-align=\"center\"><strong>ZI<\/strong><\/td><td class=\"has-text-align-center\" data-align=\"center\"><strong>DAT\u0102<\/strong><\/td><td class=\"has-text-align-center\" data-align=\"center\"><strong>INTERVAL ORAR<\/strong><\/td><\/tr><tr><td class=\"has-text-align-center\" data-align=\"center\">Mar\u021bi<\/td><td class=\"has-text-align-center\" data-align=\"center\">10.03.2026, 17.03.2026<\/td><td class=\"has-text-align-center\" data-align=\"center\">14 &#8211; 16<\/td><\/tr><tr><td class=\"has-text-align-center\" data-align=\"center\">Miercuri<\/td><td class=\"has-text-align-center\" data-align=\"center\">11.03.2026, 18.03.2027<\/td><td class=\"has-text-align-center\" data-align=\"center\">14 &#8211; 16<\/td><\/tr><tr><td class=\"has-text-align-center\" data-align=\"center\">Joi<\/td><td class=\"has-text-align-center\" data-align=\"center\">12.03.2026<\/td><td class=\"has-text-align-center\" data-align=\"center\">14 &#8211; 16<\/td><\/tr><\/tbody><\/table><\/figure>\n\n\n\n<p class=\"has-red-color has-text-color has-link-color wp-elements-9c3fb3fb4a6e3555f15715b06870ae67 wp-block-paragraph\"><strong>Se vor primi toate abonamentele STB achizi\u021bionate dup\u0103 01 octombrie 2025 (aferente anului univ. 2025-2026).<\/strong><\/p>\n\n\n\n<p class=\"has-normal-font-size wp-block-paragraph\">Pentru decontare sunt eligibili doar studen\u021bii \u00eenmatricula\u021bi la forma de \u00eenv\u0103\u021b\u0103m\u00e2nt cu frecven\u021b\u0103 (IF) \u0219i cu v\u00e2rsta p\u00e2n\u0103 la 30 de ani. Mai multe detalii privind condi\u021biile de decontare \u0219i cuantumul sumelor decontate pute\u021bi g\u0103si \u00een procedura ata\u0219at\u0103 mai jos.<\/p>\n\n\n\n<p class=\"wp-block-paragraph\">Pentru decontare ave\u021bi nevoie de urm\u0103toarele documente:<\/p>\n\n\n\n<ul class=\"wp-block-list\">\n<li><strong>Carnet de student \u0219i legitima\u021bie de transport vizate pe anul universitar 2025- 2026<\/strong>&nbsp;(original + copie \u2013 copia se depune la prima decontare);<\/li>\n\n\n\n<li><strong>Carte de identitate student <\/strong>(original + copie \u2013 copia se depune la prima decontare);<\/li>\n\n\n\n<li><strong>Card de transport STB<\/strong>&nbsp;(original + copie \u2013 copia se depune la <strong>fiecare<\/strong> decontare) ori pentru <strong>YouthTB <\/strong>cardul este \u00eenlocuit de&nbsp;<strong>codul QR<\/strong>&nbsp;trimis pe e-mail de S.T.B.;<\/li>\n\n\n\n<li><strong>Bonul fiscal<\/strong> de achizi\u021bionare a abonamentului, \u00een original\u2013 Pentru YouthTB bonul fiscal este \u00eenlocuit de <strong>chitan\u021ba<\/strong> electronic\u0103 numit\u0103 \u201epayment_attachment.pdf\u201d <strong>(trebuie aduse dup\u0103 expirare);<\/strong><\/li>\n\n\n\n<li><strong>Extrasul de cont (RON) al studentului<\/strong>&nbsp;(copie). <strong>(NU se fac transferuri in conturi le REVOLUT).<\/strong> Se depune numai la prima decontare sau la schimbarea contului;&nbsp;<\/li>\n\n\n\n<li><strong>Consim\u021b\u0103m\u00e2ntul de prelucrare a datelor cu caracter personal <\/strong>(ata\u0219at mai jos), \u00een vederea decont\u0103rii (se depune numai la prima decontare);<\/li>\n\n\n\n<li><strong>Semn\u0103tur\u0103 pe tabelul centralizator\/lista nominal\u0103.<\/strong><\/li>\n<\/ul>\n\n\n\n<p class=\"wp-block-paragraph\"><strong>*<\/strong>Nu se accept\u0103 extrase de cont ale altor persoane (p\u0103rin\u021bi, prieteni, rude etc.)<\/p>\n\n\n\n<p class=\"wp-block-paragraph\"><\/p>\n\n\n\n<p class=\"wp-block-paragraph\">Documentele pentru decont se depun <strong>DOAR fizic<\/strong> la Administra\u021bia Facult\u0103\u021bii de Istorie, sala 28 (Facultatea de Matematic\u0103 \u0219i Informatic\u0103, parter). Este nevoie de semn\u0103tur\u0103 olograf\u0103 \u00een lista de decont.<\/p>\n\n\n\n<p class=\"wp-block-paragraph\">Pentru orice alte informa\u021bii sau nel\u0103muriri, pute\u021bi trimite un e-mail pe adresa <a href=\"mailto:administratie@istorie.unibuc.ro\">administratie@istorie.unibuc.ro<\/a> . R\u0103spund <strong>DOAR<\/strong> celor care scriu de pe  adresa de e-mail institu\u021bional. <\/p>\n\n\n\n<div class=\"wp-block-file\"><a id=\"wp-block-file--media-e6ff2407-71fa-435d-b9df-7d40f1e50208\" href=\"https:\/\/istorie.unibuc.ro\/wp-content\/uploads\/2025\/12\/FIUB_Declaratie-acord-GDPR_STB-2025-2026-1.pdf\">FIUB_Declara\u021bie acord GDPR_STB 2025-2026<\/a><a href=\"https:\/\/istorie.unibuc.ro\/wp-content\/uploads\/2025\/12\/FIUB_Declaratie-acord-GDPR_STB-2025-2026-1.pdf\" class=\"wp-block-file__button wp-element-button\" download aria-describedby=\"wp-block-file--media-e6ff2407-71fa-435d-b9df-7d40f1e50208\">Descarc\u0103<\/a><\/div>\n\n\n\n<div class=\"wp-block-file\"><a id=\"wp-block-file--media-690fbe31-8023-4dfd-b5df-2eb684895e75\" href=\"https:\/\/istorie.unibuc.ro\/wp-content\/uploads\/2025\/12\/FIUB_Procedura-decontare-abonamente-STB-2025-2026.pdf\">FIUB_Procedura decontare abonamente STB 2025-2026<\/a><a href=\"https:\/\/istorie.unibuc.ro\/wp-content\/uploads\/2025\/12\/FIUB_Procedura-decontare-abonamente-STB-2025-2026.pdf\" class=\"wp-block-file__button wp-element-button\" download aria-describedby=\"wp-block-file--media-690fbe31-8023-4dfd-b5df-2eb684895e75\">Descarc\u0103<\/a><\/div>\n\n\n\n<p class=\"wp-block-paragraph\"><\/p>\n","protected":false},"excerpt":{"rendered":"<p>DECONT S.T.B. pentru anul universitar 2025 \u2013 2026 Universitatea din Bucure\u0219ti ofer\u0103 decontarea abonamentelor STB (Societatea de Transport Bucure\u0219ti) pentru studen\u021bi. PROGRAM DECONT ZI DAT\u0102 INTERVAL ORAR Mar\u021bi 10.03.2026, 17.03.2026 14 &#8211; 16 Miercuri 11.03.2026, 18.03.2027 14 &#8211; 16 Joi 12.03.2026 14 &#8211; 16 Se vor primi toate abonamentele STB achizi\u021bionate dup\u0103 01 octombrie 2025 [&hellip;]<\/p>\n","protected":false},"author":10,"featured_media":0,"parent":353,"menu_order":0,"comment_status":"closed","ping_status":"closed","template":"","meta":{"_crdt_document":"","jetpack_post_was_ever_published":false,"footnotes":""},"class_list":["post-17068","page","type-page","status-publish","hentry"],"jetpack_sharing_enabled":true,"jetpack_shortlink":"https:\/\/wp.me\/PaobZd-4ri","jetpack-related-posts":[],"_links":{"self":[{"href":"https:\/\/istorie.unibuc.ro\/facultate\/wp-json\/wp\/v2\/pages\/17068","targetHints":{"allow":["GET"]}}],"collection":[{"href":"https:\/\/istorie.unibuc.ro\/facultate\/wp-json\/wp\/v2\/pages"}],"about":[{"href":"https:\/\/istorie.unibuc.ro\/facultate\/wp-json\/wp\/v2\/types\/page"}],"author":[{"embeddable":true,"href":"https:\/\/istorie.unibuc.ro\/facultate\/wp-json\/wp\/v2\/users\/10"}],"replies":[{"embeddable":true,"href":"https:\/\/istorie.unibuc.ro\/facultate\/wp-json\/wp\/v2\/comments?post=17068"}],"version-history":[{"count":33,"href":"https:\/\/istorie.unibuc.ro\/facultate\/wp-json\/wp\/v2\/pages\/17068\/revisions"}],"predecessor-version":[{"id":21733,"href":"https:\/\/istorie.unibuc.ro\/facultate\/wp-json\/wp\/v2\/pages\/17068\/revisions\/21733"}],"up":[{"embeddable":true,"href":"https:\/\/istorie.unibuc.ro\/facultate\/wp-json\/wp\/v2\/pages\/353"}],"wp:attachment":[{"href":"https:\/\/istorie.unibuc.ro\/facultate\/wp-json\/wp\/v2\/media?parent=17068"}],"curies":[{"name":"wp","href":"https:\/\/api.w.org\/{rel}","templated":true}]}}