{"id":17044,"date":"2024-10-23T07:13:42","date_gmt":"2024-10-23T07:13:42","guid":{"rendered":"https:\/\/istorie.unibuc.ro\/facultate\/?page_id=17044"},"modified":"2026-02-20T12:10:54","modified_gmt":"2026-02-20T12:10:54","slug":"proceduri-intreruperea-studiilor","status":"publish","type":"page","link":"https:\/\/istorie.unibuc.ro\/facultate\/studenti\/proceduri-intreruperea-studiilor\/","title":{"rendered":"Proceduri"},"content":{"rendered":"\n<h2 class=\"wp-block-heading\"><strong><em>Transferul de credite \u00eentre programele de master ale Facult\u0103\u021bii de Istorie<\/em><\/strong><\/h2>\n\n\n\n<p class=\"wp-block-paragraph\">Transferurile se vor face la \u00eenceputul fiec\u0103rui semestru (primele 2 s\u0103pt\u0103m\u00e2ni), \u00eentre cursuri cu num\u0103r egal sau superior de credite, \u00een limita a 25% din num\u0103rul total de credite; se pot lua cursuri din ani diferi\u021bi, dar nu din semestre diferite;<\/p>\n\n\n\n<p class=\"wp-block-paragraph\">Cererea completat\u0103 se va trimite pe adresa <a href=\"mailto:transfercreditemaster@gmail.com\">transfercreditemaster@gmail.com<\/a>.<\/p>\n\n\n\n<p class=\"wp-block-paragraph\">Toate transferurile de credite vor fi avizate ulterior depunerii cererii de c\u0103tre coordonatorii programelor de master.<\/p>\n\n\n\n<div class=\"wp-block-file\"><a id=\"wp-block-file--media-c3cc5fce-90d8-453c-ac9f-c27cdc6a82b7\" href=\"https:\/\/istorie.unibuc.ro\/wp-content\/uploads\/2026\/02\/Cerere-transfer-de-credite-master-facultate.docx\" target=\"_blank\" rel=\"noreferrer noopener\">Cerere-transfer-de-credite-master-facultate<\/a><a href=\"https:\/\/istorie.unibuc.ro\/wp-content\/uploads\/2026\/02\/Cerere-transfer-de-credite-master-facultate.docx\" class=\"wp-block-file__button wp-element-button\" download aria-describedby=\"wp-block-file--media-c3cc5fce-90d8-453c-ac9f-c27cdc6a82b7\">Descarc\u0103<\/a><\/div>\n\n\n\n<h2 class=\"wp-block-heading\"><strong><em>\u00censcrierea \u00een anul de studii<\/em><\/strong><\/h2>\n\n\n\n<p class=\"wp-block-paragraph\">Studentul are responsabilitatea de a se \u00eenscrie \u00een anul de studii corespunz\u0103tor \u00een termen de maximum 30 de zile de la \u00eenceperea anului universitar, complet\u00e2nd fi\u0219a de \u00eenscriere.<\/p>\n\n\n\n<div class=\"wp-block-file\"><a id=\"wp-block-file--media-a6142f97-e0b8-4643-ad54-6f01aa6f643c\" href=\"https:\/\/istorie.unibuc.ro\/wp-content\/uploads\/2025\/09\/Fisa-inscriere-anuala-2025-Anexa-GDPR.docx\" target=\"_blank\" rel=\"noreferrer noopener\">Fisa inscriere anuala 2025 + Anexa GDPR<\/a><a href=\"https:\/\/istorie.unibuc.ro\/wp-content\/uploads\/2025\/09\/Fisa-inscriere-anuala-2025-Anexa-GDPR.docx\" class=\"wp-block-file__button wp-element-button\" download aria-describedby=\"wp-block-file--media-a6142f97-e0b8-4643-ad54-6f01aa6f643c\">Descarc\u0103<\/a><\/div>\n\n\n\n<h2 class=\"wp-block-heading\"><strong><em>Cum se ob\u021bine o adeverin\u021b\u0103 de student?<\/em><\/strong><\/h2>\n\n\n\n<p class=\"wp-block-paragraph\">Se scrie pe email, secretarei de an <a href=\"https:\/\/istorie.unibuc.ro\/facultate\/contact\/\"><em>https:\/\/istorie.unibuc.ro\/facultate\/contact\/<\/em><\/a>, de pe adresa institu\u021bional\u0103 cu precizarea numelui, prenumelui, specializ\u0103rii, anului de studiu \u0219i pentru ce e necesar\u0103 adeverin\u021ba sau institu\u021bia unde trebuie dus\u0103.<\/p>\n\n\n\n<p class=\"wp-block-paragraph\">Adeverin\u021ba se va transmite pe email (dac\u0103 se solicit\u0103 acest lucru) \u00een 1-2 zile lucr\u0103toare.<\/p>\n\n\n\n<p class=\"wp-block-paragraph\"><\/p>\n\n\n\n<h2 class=\"wp-block-heading\"><strong><em>Cum se procedeaz\u0103 dac\u0103 nu se mai poate accesa adresa institu\u021bional\u0103?<\/em><\/strong><\/h2>\n\n\n\n<p class=\"wp-block-paragraph\">Se scrie un email pe adresa <a href=\"mailto:contact@it.unibuc.ro\"><em>emailstudent@s.unibuc.ro<\/em><\/a><em>,<\/em> se adauga email secretar\u0103 de an \u00een cc, \u00een care se va preciza numele, prenumele, facultatea, specializarea \u0219i anul de studiu \u0219i faptul c\u0103 nu se mai poate accesa adresa institu\u021bional\u0103.<\/p>\n\n\n\n<p class=\"wp-block-paragraph\"><\/p>\n\n\n\n<p class=\"wp-block-paragraph\"><\/p>\n\n\n\n<div class=\"wp-block-group\"><div class=\"wp-block-group__inner-container is-layout-constrained wp-block-group-is-layout-constrained\">\n<h2 class=\"wp-block-heading\"><strong><em>Transferul de credite \u00eentre programele de studii masterale ale facult\u0103\u021bilor Universit\u0103\u021bii din Bucure\u0219ti<\/em><\/strong><\/h2>\n<\/div><\/div>\n\n\n\n<div class=\"wp-block-group\"><div class=\"wp-block-group__inner-container is-layout-constrained wp-block-group-is-layout-constrained\">\n<div class=\"wp-block-group is-nowrap is-layout-flex wp-container-core-group-is-layout-8f761849 wp-block-group-is-layout-flex\">\n<div class=\"wp-block-file\"><a id=\"wp-block-file--media-165c5068-e7cd-4f4c-bc5a-01eb1e7704a1\" href=\"https:\/\/istorie.unibuc.ro\/wp-content\/uploads\/2025\/02\/Procedura-transfer-de-credite-master-UB.pdf\" target=\"_blank\" rel=\"noreferrer noopener\">Procedura transfer de credite master &#8211; UB<\/a><a href=\"https:\/\/istorie.unibuc.ro\/wp-content\/uploads\/2025\/02\/Procedura-transfer-de-credite-master-UB.pdf\" class=\"wp-block-file__button wp-element-button\" download aria-describedby=\"wp-block-file--media-165c5068-e7cd-4f4c-bc5a-01eb1e7704a1\">Descarc\u0103<\/a><\/div>\n\n\n\n<div class=\"wp-block-file\"><a id=\"wp-block-file--media-c6b7b88e-abd0-4f56-b038-87362f126394\" href=\"https:\/\/istorie.unibuc.ro\/wp-content\/uploads\/2025\/02\/Cerere-transfer-de-credite-master-alte-facultati.docx\" target=\"_blank\" rel=\"noreferrer noopener\">Cerere transfer de credite master &#8211; alte facult\u0103\u021bi<\/a><a href=\"https:\/\/istorie.unibuc.ro\/wp-content\/uploads\/2025\/02\/Cerere-transfer-de-credite-master-alte-facultati.docx\" class=\"wp-block-file__button wp-element-button\" download aria-describedby=\"wp-block-file--media-c6b7b88e-abd0-4f56-b038-87362f126394\">Descarc\u0103<\/a><\/div>\n<\/div>\n\n\n\n<p class=\"wp-block-paragraph\"><\/p>\n\n\n\n<h2 class=\"wp-block-heading\"><strong><em>Alegerea disciplinelor facultative \u00een cadrul Universit\u0103\u021bii din Bucure\u0219ti<\/em><\/strong><\/h2>\n\n\n\n<div class=\"wp-block-file\"><a id=\"wp-block-file--media-dae32180-fd2c-48a3-81f4-6e7e8dafae80\" href=\"https:\/\/istorie.unibuc.ro\/wp-content\/uploads\/2025\/03\/Alegere-discipline-facultative-anexa-RAPS-2024.pdf\" target=\"_blank\" rel=\"noreferrer noopener\">Alegere discipline facultative (anex\u0103 RAPS 2024)<\/a><a href=\"https:\/\/istorie.unibuc.ro\/wp-content\/uploads\/2025\/03\/Alegere-discipline-facultative-anexa-RAPS-2024.pdf\" class=\"wp-block-file__button wp-element-button\" download aria-describedby=\"wp-block-file--media-dae32180-fd2c-48a3-81f4-6e7e8dafae80\">Descarc\u0103<\/a><\/div>\n<\/div><\/div>\n\n\n\n<div class=\"wp-block-group\"><div class=\"wp-block-group__inner-container is-layout-constrained wp-block-group-is-layout-constrained\">\n<div class=\"wp-block-group is-nowrap is-layout-flex wp-container-core-group-is-layout-8f761849 wp-block-group-is-layout-flex\">\n<div class=\"wp-block-file\"><a id=\"wp-block-file--media-f77633cd-5946-4e79-a034-940daf4b6fb6\" href=\"https:\/\/istorie.unibuc.ro\/wp-content\/uploads\/2025\/03\/Discipline-facultative-2024_2025.pdf\" target=\"_blank\" rel=\"noreferrer noopener\">Discipline-facultative-2024_2025<\/a><a href=\"https:\/\/istorie.unibuc.ro\/wp-content\/uploads\/2025\/03\/Discipline-facultative-2024_2025.pdf\" class=\"wp-block-file__button wp-element-button\" download aria-describedby=\"wp-block-file--media-f77633cd-5946-4e79-a034-940daf4b6fb6\">Descarc\u0103<\/a><\/div>\n\n\n\n<div class=\"wp-block-file\"><a id=\"wp-block-file--media-3f2ff525-9654-48de-9e72-3f9d57c31e59\" href=\"https:\/\/istorie.unibuc.ro\/wp-content\/uploads\/2025\/03\/Cerere-cursuri-facultative.docx\" target=\"_blank\" rel=\"noreferrer noopener\">Cerere cursuri facultative<\/a><a href=\"https:\/\/istorie.unibuc.ro\/wp-content\/uploads\/2025\/03\/Cerere-cursuri-facultative.docx\" class=\"wp-block-file__button wp-element-button\" download aria-describedby=\"wp-block-file--media-3f2ff525-9654-48de-9e72-3f9d57c31e59\">Descarc\u0103<\/a><\/div>\n\n\n\n<p class=\"wp-block-paragraph\"><\/p>\n<\/div>\n<\/div><\/div>\n\n\n\n<h2 class=\"wp-block-heading\"><strong><em>Re\u00eenmatricularea<\/em><\/strong><\/h2>\n\n\n\n<p class=\"wp-block-paragraph\">Studentul exmatriculat se poate re\u00eenmatricula o singur\u0103 dat\u0103 (\u00een primii 5 ani de la exmatriculare), numai pe locuri cu tax\u0103 \u0219i cu condi\u021bia ca programul de studii s\u0103 \u0219colarizeze \u00een anul \u00een care se solicit\u0103 re\u00eenmatricularea.&nbsp;Studentul exmatriculat \u00een anul I de studii pentru nu poate fi re\u00eenmatriculat.&nbsp;<\/p>\n\n\n\n<p class=\"wp-block-paragraph\">Cererea de re\u00eenmatriculare \u0219i dovada pl\u0103\u021bii taxei de re\u00eenmatriculare (400 lei) se depun la secretariatul facult\u0103\u021bii, \u00een perioada 1-25 septembrie.<\/p>\n\n\n\n<div class=\"wp-block-file\"><a id=\"wp-block-file--media-25a2c7f8-1431-4b71-b657-cda4689f0a60\" href=\"https:\/\/istorie.unibuc.ro\/wp-content\/uploads\/2024\/10\/Cerere-reinmatriculare.docx\" target=\"_blank\" rel=\"noreferrer noopener\">Cerere reinmatriculare<\/a><a href=\"https:\/\/istorie.unibuc.ro\/wp-content\/uploads\/2024\/10\/Cerere-reinmatriculare.docx\" class=\"wp-block-file__button wp-element-button\" download aria-describedby=\"wp-block-file--media-25a2c7f8-1431-4b71-b657-cda4689f0a60\">Descarc\u0103<\/a><\/div>\n\n\n\n<h2 class=\"wp-block-heading\"><strong><em>Prelungirea duratei de \u0219colarizare<\/em><\/strong> <strong><em>(semestru de gra\u021bie)<\/em><\/strong><\/h2>\n\n\n\n<p class=\"wp-block-paragraph\">Studentul care, la finalul studiilor, dup\u0103 parcurgerea num\u0103rului de semestre (ani de studii) prev\u0103zute \u00een planul de \u00eenv\u0103\u021b\u0103m\u00e2nt, nu a finalizat \u00een totalitate obliga\u021biile \u0219colare \u0219i are un num\u0103r de cel mult 5 discipline nepromovate, poate solicita prelungirea duratei de \u0219colarizare \u00een anul universitar urm\u0103tor (1-2 semestre), cu tax\u0103 (1\/2 din taxa anual\u0103).<\/p>\n\n\n\n<p class=\"wp-block-paragraph\">Cererea de prelungire a duratei de \u0219colarizare se face p\u00e2n\u0103 la data de 25 septembrie. Studentul care nu depune cererea \u00een termenul stabilit, va fi exmatriculat.<\/p>\n\n\n\n<p class=\"wp-block-paragraph\">Pe parcursul prelungirii duratei de \u0219colarizare, studen\u021bii nu pot beneficia de \u00eentrerupere de studii.<\/p>\n\n\n\n<div class=\"wp-block-file\"><a id=\"wp-block-file--media-16927ffc-2c39-4a5c-b1ef-611533d87d70\" href=\"https:\/\/istorie.unibuc.ro\/wp-content\/uploads\/2025\/09\/Cerere-prelungire-durata-scolaritate.doc\" target=\"_blank\" rel=\"noreferrer noopener\">Cerere prelungire durat\u0103 scolaritate<\/a><a href=\"https:\/\/istorie.unibuc.ro\/wp-content\/uploads\/2025\/09\/Cerere-prelungire-durata-scolaritate.doc\" class=\"wp-block-file__button wp-element-button\" download aria-describedby=\"wp-block-file--media-16927ffc-2c39-4a5c-b1ef-611533d87d70\">Descarc\u0103<\/a><\/div>\n\n\n\n<h2 class=\"wp-block-heading\"><strong><em>Reexaminarea<\/em><\/strong> <\/h2>\n\n\n\n<p class=\"wp-block-paragraph\">Studentul se poate prezenta la examen de dou\u0103 ori gratuit, urm\u00e2nd ca celelalte prezent\u0103ri s\u0103 fie condi\u021bionate de plata taxei (100 lei). Aten\u0163ie &#8211; absen\u021ba la examen reprezint\u0103 nepromovare.<\/p>\n\n\n\n<p class=\"wp-block-paragraph\">Cererea de reexaminare \u0219i dovada pl\u0103\u021bii se vor transmite secretariatului, \u00een format electronic, cu o s\u0103pt\u0103m\u00e2n\u0103 \u00eenainte de examen.<\/p>\n\n\n\n<div class=\"wp-block-file\"><a id=\"wp-block-file--media-85d7c82a-9702-4ca1-9e44-7849fec503f9\" href=\"https:\/\/istorie.unibuc.ro\/wp-content\/uploads\/2025\/05\/Cerere-reexaminare.docx\">Cerere reexaminare<\/a><a href=\"https:\/\/istorie.unibuc.ro\/wp-content\/uploads\/2025\/05\/Cerere-reexaminare.docx\" class=\"wp-block-file__button wp-element-button\" download aria-describedby=\"wp-block-file--media-85d7c82a-9702-4ca1-9e44-7849fec503f9\">Descarc\u0103<\/a><\/div>\n\n\n\n<h2 class=\"wp-block-heading\"><strong><em>Reexaminarea \u00een vederea m\u0103ririi notei<\/em><\/strong><\/h2>\n\n\n\n<div class=\"wp-block-group\"><div class=\"wp-block-group__inner-container is-layout-constrained wp-block-group-is-layout-constrained\">\n<p class=\"wp-block-paragraph\">Studen\u021bii care au promovat toate examenele, p\u00e2n\u0103 la \u00eenceperea sesiunii de m\u0103rire, pot sus\u021bine m\u0103riri la cel mult 6 discipline (din care 3 gratuite), \u00een baza unei cereri individuale, aprobat\u0103 de decan. <\/p>\n\n\n\n<p class=\"wp-block-paragraph\">Nu sunt posibile m\u0103riri la examenele din anii preceden\u021bi. Nota se modific\u0103 \u00een catalog numai dac\u0103 studentul ob\u021bine o not\u0103 mai mare dec\u00e2t cea ini\u021bial\u0103.<\/p>\n\n\n\n<p class=\"wp-block-paragraph\">Cererea de m\u0103rire se va transmite secretariatului, \u00een format electronic p\u00e2n\u0103 la data \u00eenceperii sesiunii de reexamin\u0103ri \u0219i m\u0103riri.<\/p>\n<\/div><\/div>\n\n\n\n<div class=\"wp-block-file\"><a id=\"wp-block-file--media-faba8b9a-13ef-4714-8043-15e976cf2fdb\" href=\"https:\/\/istorie.unibuc.ro\/wp-content\/uploads\/2024\/10\/Cerere-marire.docx\" target=\"_blank\" rel=\"noreferrer noopener\">Cerere m\u0103rire<\/a><a href=\"https:\/\/istorie.unibuc.ro\/wp-content\/uploads\/2024\/10\/Cerere-marire.docx\" class=\"wp-block-file__button wp-element-button\" download aria-describedby=\"wp-block-file--media-faba8b9a-13ef-4714-8043-15e976cf2fdb\">Descarc\u0103<\/a><\/div>\n\n\n\n<p class=\"wp-block-paragraph\"><\/p>\n\n\n\n<h2 class=\"wp-block-heading\"><em><strong>Contesta\u021bia<\/strong><\/em><\/h2>\n\n\n\n<p class=\"wp-block-paragraph\">Studentul poate contesta nota ob\u021binut\u0103 la evalu\u0103rile scrise. Se recomand\u0103 ca \u00een prealabil studentul s\u0103 solicite feedback personalizat de la profesorul&nbsp; evaluator. Contesta\u021biile se depun\/transmit la secretariatul facult\u0103\u021bii \u00een termen de 48 de ore de la afi\u0219area\/comunicarea rezultatelor.<\/p>\n\n\n\n<p class=\"wp-block-paragraph\">Solu\u021bionarea contesta\u021biei este realizat\u0103 \u00een maximum 5 zile de la depunerea acesteia, \u00een prezen\u021ba studentului contestatar, \u00een cazul care studentul solicit\u0103 acest lucru. Nota acordat\u0103 \u00een urma reevalu\u0103rii este definitiv\u0103 \u0219i poate fi mai mic\u0103 dec\u00e2t nota acordat\u0103 ini\u021bial. Aceasta se trece \u00een catalog cu men\u021biunea \u201ccontesta\u021bie\u201d.<\/p>\n\n\n\n<div class=\"wp-block-file\"><a id=\"wp-block-file--media-0d93cf35-9b59-411c-a49c-9fff635df3b9\" href=\"https:\/\/istorie.unibuc.ro\/wp-content\/uploads\/2025\/02\/Cerere-contestatie.docx\" target=\"_blank\" rel=\"noreferrer noopener\">Cerere contestatie<\/a><a href=\"https:\/\/istorie.unibuc.ro\/wp-content\/uploads\/2025\/02\/Cerere-contestatie.docx\" class=\"wp-block-file__button wp-element-button\" download aria-describedby=\"wp-block-file--media-0d93cf35-9b59-411c-a49c-9fff635df3b9\">Descarc\u0103<\/a><\/div>\n\n\n\n<p class=\"wp-block-paragraph\"><\/p>\n\n\n\n<h2 class=\"wp-block-heading\"><strong><em>\u00centreruperea studiilor<\/em><\/strong><\/h2>\n\n\n\n<p class=\"wp-block-paragraph\">Se poate solicita o singur\u0103 dat\u0103 pe perioada \u0219colarit\u0103\u021bii pentru o perioad\u0103 de 1 an (excep\u021bie:&nbsp;concediu cre\u0219tere \u0219i \u00eengrijire copil). Pe perioada \u00eentreruperii studiilor se suspend\u0103 calitatea de student.<\/p>\n\n\n\n<div class=\"wp-block-file\"><a id=\"wp-block-file--media-a7f23b3e-490c-4c33-b7d9-c8fe9e7ac0c4\" href=\"https:\/\/istorie.unibuc.ro\/wp-content\/uploads\/2024\/10\/Cerere-intrerupere-studii.docx\" target=\"_blank\" rel=\"noreferrer noopener\">Cerere intrerupere studii<\/a><a href=\"https:\/\/istorie.unibuc.ro\/wp-content\/uploads\/2024\/10\/Cerere-intrerupere-studii.docx\" class=\"wp-block-file__button wp-element-button\" download aria-describedby=\"wp-block-file--media-a7f23b3e-490c-4c33-b7d9-c8fe9e7ac0c4\">Descarc\u0103<\/a><\/div>\n\n\n\n<p class=\"wp-block-paragraph\"><\/p>\n\n\n\n<h2 class=\"wp-block-heading\"><strong><em>Reluarea studiilor<\/em><\/strong><\/h2>\n\n\n\n<p class=\"wp-block-paragraph\">Cererea de reluare a studiilor se face p\u00e2n\u0103 la data de 25 septembrie, cu condi\u021bia func\u021bion\u0103rii \u00een continuare a programului de studii la care a fost \u00eenmatriculat. Studentul care nu depune cererea \u00een termenul stabilit, va fi exmatriculat. La reluarea studiilor se vor sus\u021bine eventualele obliga\u021bii \u0219colare de diferen\u021b\u0103, rezultate \u00een urma modific\u0103rii planurilor de \u00eenv\u0103\u021b\u0103m\u00e2nt<\/p>\n\n\n\n<div class=\"wp-block-file\"><a id=\"wp-block-file--media-7dbec07c-ba6f-4b78-8a2b-9dc61a8b6eee\" href=\"https:\/\/istorie.unibuc.ro\/wp-content\/uploads\/2024\/10\/Cerere-reluare-studii.docx\" target=\"_blank\" rel=\"noreferrer noopener\">Cerere reluare studii<\/a><a href=\"https:\/\/istorie.unibuc.ro\/wp-content\/uploads\/2024\/10\/Cerere-reluare-studii.docx\" class=\"wp-block-file__button wp-element-button\" download aria-describedby=\"wp-block-file--media-7dbec07c-ba6f-4b78-8a2b-9dc61a8b6eee\">Descarc\u0103<\/a><\/div>\n\n\n\n<p class=\"wp-block-paragraph\"><\/p>\n\n\n\n<p class=\"wp-block-paragraph\"><\/p>\n\n\n\n<h2 class=\"wp-block-heading\"><strong><em>Transferul \u00een an superior<\/em><\/strong><\/h2>\n\n\n\n<p class=\"wp-block-paragraph\">Studentul \u00eenmatriculat \u00een anul I de studii poate depune o cerere de transfer \u00een an superior \u00een perioada 1-5 octombrie. Comisia de recunoa\u0219tere \u0219i echivalare a creditelor de la nivelul facult\u0103\u021bii stabile\u0219te disciplinele din planurile de \u00eenv\u0103\u021b\u0103m\u00e2nt ale anilor promova\u021bi care vor fi echivalate (note \u0219i credite), precum \u0219i disciplinele pentru care se vor \u021bine examene de diferen\u021b\u0103 (p\u00e2n\u0103 la data de 1 noiembrie).<\/p>\n\n\n\n<div class=\"wp-block-file\"><a id=\"wp-block-file--media-d5e39b75-da34-4b99-a29f-a5a62d9684c1\" href=\"https:\/\/istorie.unibuc.ro\/wp-content\/uploads\/2025\/03\/Cerere-transfer-in-an-superior.docx\" target=\"_blank\" rel=\"noreferrer noopener\">Cerere transfer in an superior<\/a><a href=\"https:\/\/istorie.unibuc.ro\/wp-content\/uploads\/2025\/03\/Cerere-transfer-in-an-superior.docx\" class=\"wp-block-file__button wp-element-button\" download aria-describedby=\"wp-block-file--media-d5e39b75-da34-4b99-a29f-a5a62d9684c1\">Descarc\u0103<\/a><\/div>\n\n\n\n<p class=\"wp-block-paragraph\"><\/p>\n\n\n\n<h2 class=\"wp-block-heading\"><strong><em>Reclasificarea<\/em><\/strong><\/h2>\n\n\n\n<p class=\"wp-block-paragraph\">Statutul de student cu tax\u0103 se modific\u0103 la \u00eenceputul fiec\u0103rui an universitar.<\/p>\n\n\n\n<div class=\"wp-block-file\"><a id=\"wp-block-file--media-97b597c2-1c66-4aef-840a-3123c242aac5\" href=\"https:\/\/istorie.unibuc.ro\/wp-content\/uploads\/2025\/09\/Istorie-reclasificare-2025-2026-3.pdf\" target=\"_blank\" rel=\"noreferrer noopener\">Istorie reclasificare 2025-2026<\/a><a href=\"https:\/\/istorie.unibuc.ro\/wp-content\/uploads\/2025\/09\/Istorie-reclasificare-2025-2026-3.pdf\" class=\"wp-block-file__button wp-element-button\" download aria-describedby=\"wp-block-file--media-97b597c2-1c66-4aef-840a-3123c242aac5\">Descarc\u0103<\/a><\/div>\n\n\n\n<div class=\"wp-block-file\"><a id=\"wp-block-file--media-e485845a-471f-45e9-930a-2e79f0bc6db8\" href=\"https:\/\/istorie.unibuc.ro\/wp-content\/uploads\/2025\/09\/Acord-privind-prelucrarea-datelor-cu-caracter-personal-membru-familie-si-declaratie-venit.docx\" target=\"_blank\" rel=\"noreferrer noopener\">Acord privind prelucrarea datelor cu caracter personal membru familie \u0219i declara\u021bie venit<\/a><a href=\"https:\/\/istorie.unibuc.ro\/wp-content\/uploads\/2025\/09\/Acord-privind-prelucrarea-datelor-cu-caracter-personal-membru-familie-si-declaratie-venit.docx\" class=\"wp-block-file__button wp-element-button\" download aria-describedby=\"wp-block-file--media-e485845a-471f-45e9-930a-2e79f0bc6db8\">Descarc\u0103<\/a><\/div>\n\n\n\n<div class=\"wp-block-file\"><a id=\"wp-block-file--media-74e5669a-87fa-4834-a76e-4de7dca5297f\" href=\"https:\/\/istorie.unibuc.ro\/wp-content\/uploads\/2025\/09\/Acord-privind-prelucrarea-datelor-solicitant-si-declaratie-venit.docx\" target=\"_blank\" rel=\"noreferrer noopener\">Acord privind prelucrarea datelor solicitant \u0219i declara\u021bie venit<\/a><a href=\"https:\/\/istorie.unibuc.ro\/wp-content\/uploads\/2025\/09\/Acord-privind-prelucrarea-datelor-solicitant-si-declaratie-venit.docx\" class=\"wp-block-file__button wp-element-button\" download aria-describedby=\"wp-block-file--media-74e5669a-87fa-4834-a76e-4de7dca5297f\">Descarc\u0103<\/a><\/div>\n\n\n\n<hr class=\"wp-block-separator has-alpha-channel-opacity\"\/>\n\n\n\n<div class=\"wp-block-file\"><a id=\"wp-block-file--media-42a18fba-d060-4275-ac0d-15a1f40cb9b3\" href=\"https:\/\/istorie.unibuc.ro\/wp-content\/uploads\/2025\/10\/Aprobare-RAPS_2025_actualizare_aprobata-SENAT.pdf\" target=\"_blank\" rel=\"noreferrer noopener\">Regulamentul privind activitatea profesioanl\u0103 a studen\u021bilor 2025-2026 <\/a><a href=\"https:\/\/istorie.unibuc.ro\/wp-content\/uploads\/2025\/10\/Aprobare-RAPS_2025_actualizare_aprobata-SENAT.pdf\" class=\"wp-block-file__button wp-element-button\" download aria-describedby=\"wp-block-file--media-42a18fba-d060-4275-ac0d-15a1f40cb9b3\">Descarc\u0103<\/a><\/div>\n\n\n\n<div class=\"wp-block-file\"><a id=\"wp-block-file--media-ba71ac22-d696-42ae-85ca-0cb1f891f77a\" href=\"https:\/\/istorie.unibuc.ro\/wp-content\/uploads\/2025\/10\/METODOLOGIA-de-mobilitate-academica-interna-studenti-licenta-si-masterat-2024.pdf\" target=\"_blank\" rel=\"noreferrer noopener\">METODOLOGIA de mobilitate academica interna  studenti &#8211; licenta si masterat 2024<\/a><a href=\"https:\/\/istorie.unibuc.ro\/wp-content\/uploads\/2025\/10\/METODOLOGIA-de-mobilitate-academica-interna-studenti-licenta-si-masterat-2024.pdf\" class=\"wp-block-file__button wp-element-button\" download aria-describedby=\"wp-block-file--media-ba71ac22-d696-42ae-85ca-0cb1f891f77a\">Descarc\u0103<\/a><\/div>\n","protected":false},"excerpt":{"rendered":"<p>Transferul de credite \u00eentre programele de master ale Facult\u0103\u021bii de Istorie Transferurile se vor face la \u00eenceputul fiec\u0103rui semestru (primele 2 s\u0103pt\u0103m\u00e2ni), \u00eentre cursuri cu num\u0103r egal sau superior de credite, \u00een limita a 25% din num\u0103rul total de credite; se pot lua cursuri din ani diferi\u021bi, dar nu din semestre diferite; Cererea completat\u0103 se [&hellip;]<\/p>\n","protected":false},"author":10,"featured_media":0,"parent":353,"menu_order":0,"comment_status":"closed","ping_status":"closed","template":"","meta":{"_crdt_document":"","jetpack_post_was_ever_published":false,"footnotes":""},"class_list":["post-17044","page","type-page","status-publish","hentry"],"jetpack_sharing_enabled":true,"jetpack_shortlink":"https:\/\/wp.me\/PaobZd-4qU","jetpack-related-posts":[],"_links":{"self":[{"href":"https:\/\/istorie.unibuc.ro\/facultate\/wp-json\/wp\/v2\/pages\/17044","targetHints":{"allow":["GET"]}}],"collection":[{"href":"https:\/\/istorie.unibuc.ro\/facultate\/wp-json\/wp\/v2\/pages"}],"about":[{"href":"https:\/\/istorie.unibuc.ro\/facultate\/wp-json\/wp\/v2\/types\/page"}],"author":[{"embeddable":true,"href":"https:\/\/istorie.unibuc.ro\/facultate\/wp-json\/wp\/v2\/users\/10"}],"replies":[{"embeddable":true,"href":"https:\/\/istorie.unibuc.ro\/facultate\/wp-json\/wp\/v2\/comments?post=17044"}],"version-history":[{"count":32,"href":"https:\/\/istorie.unibuc.ro\/facultate\/wp-json\/wp\/v2\/pages\/17044\/revisions"}],"predecessor-version":[{"id":21419,"href":"https:\/\/istorie.unibuc.ro\/facultate\/wp-json\/wp\/v2\/pages\/17044\/revisions\/21419"}],"up":[{"embeddable":true,"href":"https:\/\/istorie.unibuc.ro\/facultate\/wp-json\/wp\/v2\/pages\/353"}],"wp:attachment":[{"href":"https:\/\/istorie.unibuc.ro\/facultate\/wp-json\/wp\/v2\/media?parent=17044"}],"curies":[{"name":"wp","href":"https:\/\/api.w.org\/{rel}","templated":true}]}}