{"id":16686,"date":"2024-10-04T09:08:25","date_gmt":"2024-10-04T09:08:25","guid":{"rendered":"https:\/\/istorie.unibuc.ro\/facultate\/?page_id=16686"},"modified":"2025-11-30T17:32:43","modified_gmt":"2025-11-30T17:32:43","slug":"fise-discipline-ipri","status":"publish","type":"page","link":"https:\/\/istorie.unibuc.ro\/facultate\/programe\/master\/istoria-si-practica-relatiilor-internationale\/fise-discipline-ipri\/","title":{"rendered":"Fi\u0219e discipline IPRI"},"content":{"rendered":"\n<h2 class=\"wp-block-heading\"><strong>An 1<\/strong><\/h2>\n\n\n\n<h2 class=\"wp-block-heading\"><strong>Semestrul 1<\/strong><\/h2>\n\n\n\n<div class=\"wp-block-file\"><a id=\"wp-block-file--media-721c1c08-a578-4535-a2b8-93316973cd6d\" href=\"https:\/\/istorie.unibuc.ro\/wp-content\/uploads\/2025\/11\/Aliante-si-sisteme-de-securitate-colectiva-in-Europa-pana-la-Marele-Razboi.-Studii-de-caz.pdf\">Alian\u021be \u0219i sisteme de securitate colectiv\u0103 \u00een Europa p\u00e2n\u0103 la Marele R\u0103zboi. Studii de caz<\/a><a href=\"https:\/\/istorie.unibuc.ro\/wp-content\/uploads\/2025\/11\/Aliante-si-sisteme-de-securitate-colectiva-in-Europa-pana-la-Marele-Razboi.-Studii-de-caz.pdf\" class=\"wp-block-file__button wp-element-button\" download aria-describedby=\"wp-block-file--media-721c1c08-a578-4535-a2b8-93316973cd6d\">Descarc\u0103<\/a><\/div>\n\n\n\n<div class=\"wp-block-file\"><a id=\"wp-block-file--media-708e1cb6-18ac-464a-9ed1-d00e3a63fa06\" href=\"https:\/\/istorie.unibuc.ro\/wp-content\/uploads\/2025\/11\/Analiza-politicii-externe_-teorii-metode-aplicatii.pdf\">Analiza politicii externe_ teorii, metode, aplica\u021bii<\/a><a href=\"https:\/\/istorie.unibuc.ro\/wp-content\/uploads\/2025\/11\/Analiza-politicii-externe_-teorii-metode-aplicatii.pdf\" class=\"wp-block-file__button wp-element-button\" download aria-describedby=\"wp-block-file--media-708e1cb6-18ac-464a-9ed1-d00e3a63fa06\">Descarc\u0103<\/a><\/div>\n\n\n\n<div class=\"wp-block-file\"><a id=\"wp-block-file--media-610fbcf0-c700-44c1-bf40-b494e5e55c42\" href=\"https:\/\/istorie.unibuc.ro\/wp-content\/uploads\/2025\/11\/Etica-si-integritate-academica.pdf\">Etic\u0103 \u0219i integritate academic\u0103<\/a><a href=\"https:\/\/istorie.unibuc.ro\/wp-content\/uploads\/2025\/11\/Etica-si-integritate-academica.pdf\" class=\"wp-block-file__button wp-element-button\" download aria-describedby=\"wp-block-file--media-610fbcf0-c700-44c1-bf40-b494e5e55c42\">Descarc\u0103<\/a><\/div>\n\n\n\n<div class=\"wp-block-file\"><a id=\"wp-block-file--media-42d3a1a9-2a03-43aa-8842-23e99441780d\" href=\"https:\/\/istorie.unibuc.ro\/wp-content\/uploads\/2025\/11\/Reconstructie-insecuritate-si-conflict-dupa-Primul-Razboi-Mondial.pdf\">Reconstruc\u021bie, (in)securitate \u0219i conflict dup\u0103 Primul R\u0103zboi Mondial<\/a><a href=\"https:\/\/istorie.unibuc.ro\/wp-content\/uploads\/2025\/11\/Reconstructie-insecuritate-si-conflict-dupa-Primul-Razboi-Mondial.pdf\" class=\"wp-block-file__button wp-element-button\" download aria-describedby=\"wp-block-file--media-42d3a1a9-2a03-43aa-8842-23e99441780d\">Descarc\u0103<\/a><\/div>\n\n\n\n<div class=\"wp-block-file\"><a id=\"wp-block-file--media-9f4f238c-aeb0-4b81-b63c-a46004322ecc\" href=\"https:\/\/istorie.unibuc.ro\/wp-content\/uploads\/2025\/11\/Seminar-de-surse_-Arhive-clasice-si-digitale-in-lumea-contemporana.pdf\">Seminar de surse_ Arhive clasice \u0219i digitale \u00een lumea contemporan\u0103<\/a><a href=\"https:\/\/istorie.unibuc.ro\/wp-content\/uploads\/2025\/11\/Seminar-de-surse_-Arhive-clasice-si-digitale-in-lumea-contemporana.pdf\" class=\"wp-block-file__button wp-element-button\" download aria-describedby=\"wp-block-file--media-9f4f238c-aeb0-4b81-b63c-a46004322ecc\">Descarc\u0103<\/a><\/div>\n\n\n\n<h2 class=\"wp-block-heading\"><strong>Semestrul 2<\/strong><\/h2>\n\n\n\n<div class=\"wp-block-file\"><a id=\"wp-block-file--media-d66ec32c-67b7-44d1-a6cc-060958d6f030\" href=\"https:\/\/istorie.unibuc.ro\/wp-content\/uploads\/2025\/11\/A.E.R.-America-Latina-contemporana_-provocari-regionale-si-globale.pdf\">A.E.R. &#8211; America Latin\u0103 contemporan\u0103_ provoc\u0103ri regionale \u0219i globale<\/a><a href=\"https:\/\/istorie.unibuc.ro\/wp-content\/uploads\/2025\/11\/A.E.R.-America-Latina-contemporana_-provocari-regionale-si-globale.pdf\" class=\"wp-block-file__button wp-element-button\" download aria-describedby=\"wp-block-file--media-d66ec32c-67b7-44d1-a6cc-060958d6f030\">Descarc\u0103<\/a><\/div>\n\n\n\n<div class=\"wp-block-file\"><a id=\"wp-block-file--media-d146c4b2-aaf6-4af6-8044-2a1c7a802416\" href=\"https:\/\/istorie.unibuc.ro\/wp-content\/uploads\/2025\/11\/A.E.R.-Evolutia-Chinei-in-relatiile-internationale.pdf\">A.E.R. &#8211; Evolu\u021bia Chinei in rela\u021biile interna\u021bionale<\/a><a href=\"https:\/\/istorie.unibuc.ro\/wp-content\/uploads\/2025\/11\/A.E.R.-Evolutia-Chinei-in-relatiile-internationale.pdf\" class=\"wp-block-file__button wp-element-button\" download aria-describedby=\"wp-block-file--media-d146c4b2-aaf6-4af6-8044-2a1c7a802416\">Descarc\u0103<\/a><\/div>\n\n\n\n<div class=\"wp-block-file\"><a id=\"wp-block-file--media-b3a18e77-065d-4371-9aea-906d9ad1cf97\" href=\"https:\/\/istorie.unibuc.ro\/wp-content\/uploads\/2025\/11\/A.E.R.-Conflictele-Orientului-Mijlociu_-origini-si-evolutii-contemporane.pdf\">A.E.R. &#8211; Conflictele Orientului Mijlociu_ origini \u0219i evolu\u021bii contemporane<\/a><a href=\"https:\/\/istorie.unibuc.ro\/wp-content\/uploads\/2025\/11\/A.E.R.-Conflictele-Orientului-Mijlociu_-origini-si-evolutii-contemporane.pdf\" class=\"wp-block-file__button wp-element-button\" download aria-describedby=\"wp-block-file--media-b3a18e77-065d-4371-9aea-906d9ad1cf97\">Descarc\u0103<\/a><\/div>\n\n\n\n<div class=\"wp-block-file\"><a id=\"wp-block-file--media-a2e51cf3-5a06-465d-a9ad-8af2a250da0b\" href=\"https:\/\/istorie.unibuc.ro\/wp-content\/uploads\/2025\/11\/Idei-structuri-provocari-economice-in-lumea-contemporana.-Curs-si-seminar-aplicat.pdf\">Idei, structuri, provoc\u0103ri economice \u00een lumea contemporan\u0103. Curs \u0219i seminar aplicat.<\/a><a href=\"https:\/\/istorie.unibuc.ro\/wp-content\/uploads\/2025\/11\/Idei-structuri-provocari-economice-in-lumea-contemporana.-Curs-si-seminar-aplicat.pdf\" class=\"wp-block-file__button wp-element-button\" download aria-describedby=\"wp-block-file--media-a2e51cf3-5a06-465d-a9ad-8af2a250da0b\">Descarc\u0103<\/a><\/div>\n\n\n\n<div class=\"wp-block-file\"><a id=\"wp-block-file--media-127d8da3-72bf-4882-8e3d-3dd3dae33b92\" href=\"https:\/\/istorie.unibuc.ro\/wp-content\/uploads\/2025\/11\/A.E.R.-Instrumente-si-strategii-in-diplomatia-Europeana_-Serviciul-European-de-Actiune-Externa.pdf\">A.E.R. &#8211; Instrumente \u0219i strategii \u00een diploma\u021bia European\u0103_ Serviciul European de Ac\u021biune Extern\u0103<\/a><a href=\"https:\/\/istorie.unibuc.ro\/wp-content\/uploads\/2025\/11\/A.E.R.-Instrumente-si-strategii-in-diplomatia-Europeana_-Serviciul-European-de-Actiune-Externa.pdf\" class=\"wp-block-file__button wp-element-button\" download aria-describedby=\"wp-block-file--media-127d8da3-72bf-4882-8e3d-3dd3dae33b92\">Descarc\u0103<\/a><\/div>\n\n\n\n<div class=\"wp-block-file\"><a id=\"wp-block-file--media-18e96397-3b4e-42ac-ba03-3f6b1528a7de\" href=\"https:\/\/istorie.unibuc.ro\/wp-content\/uploads\/2025\/11\/Marile-Puteri-si-Sud-Estul-Europei-1933-1949.pdf\">Marile Puteri \u015fi Sud-Estul Europei 1933-1949<\/a><a href=\"https:\/\/istorie.unibuc.ro\/wp-content\/uploads\/2025\/11\/Marile-Puteri-si-Sud-Estul-Europei-1933-1949.pdf\" class=\"wp-block-file__button wp-element-button\" download aria-describedby=\"wp-block-file--media-18e96397-3b4e-42ac-ba03-3f6b1528a7de\">Descarc\u0103<\/a><\/div>\n\n\n\n<div class=\"wp-block-file\"><a id=\"wp-block-file--media-bd3ec750-6959-4646-9bc7-7f23965248ec\" href=\"https:\/\/istorie.unibuc.ro\/wp-content\/uploads\/2025\/11\/A.E.R.-Politica-externa-a-URSS_Rusia-in-sec.XX-XXI.pdf\">_A.E.R. &#8211; Politica extern\u0103 a URSS_Rusia \u00een sec.XX-XXI<\/a><a href=\"https:\/\/istorie.unibuc.ro\/wp-content\/uploads\/2025\/11\/A.E.R.-Politica-externa-a-URSS_Rusia-in-sec.XX-XXI.pdf\" class=\"wp-block-file__button wp-element-button\" download aria-describedby=\"wp-block-file--media-bd3ec750-6959-4646-9bc7-7f23965248ec\">Descarc\u0103<\/a><\/div>\n\n\n\n<div class=\"wp-block-file\"><a id=\"wp-block-file--media-ca88ca69-35f5-4269-8ada-bd722f476e7e\" href=\"https:\/\/istorie.unibuc.ro\/wp-content\/uploads\/2025\/11\/A.E.R.-Securitate-dezvoltare-si-conflict-in-Africa.pdf\">A.E.R. &#8211; Securitate, dezvoltare \u0219i conflict \u00een Africa<\/a><a href=\"https:\/\/istorie.unibuc.ro\/wp-content\/uploads\/2025\/11\/A.E.R.-Securitate-dezvoltare-si-conflict-in-Africa.pdf\" class=\"wp-block-file__button wp-element-button\" download aria-describedby=\"wp-block-file--media-ca88ca69-35f5-4269-8ada-bd722f476e7e\">Descarc\u0103<\/a><\/div>\n\n\n\n<div class=\"wp-block-file\"><a id=\"wp-block-file--media-ce34adb9-38a6-435d-91b3-bff5a37f59d9\" href=\"https:\/\/istorie.unibuc.ro\/wp-content\/uploads\/2025\/11\/Seminar-metodologic-de-cercetare-aplicata-.pdf\">Seminar metodologic de cercetare aplicat\u0103<\/a><a href=\"https:\/\/istorie.unibuc.ro\/wp-content\/uploads\/2025\/11\/Seminar-metodologic-de-cercetare-aplicata-.pdf\" class=\"wp-block-file__button wp-element-button\" download aria-describedby=\"wp-block-file--media-ce34adb9-38a6-435d-91b3-bff5a37f59d9\">Descarc\u0103<\/a><\/div>\n\n\n\n<div class=\"wp-block-file\"><a id=\"wp-block-file--media-38ad5be6-4da6-4784-b734-a4902e3a17fd\" href=\"https:\/\/istorie.unibuc.ro\/wp-content\/uploads\/2025\/11\/Sisteme-politice-ideologie-si-practica-politicii-externe-in-sec-XX-XXI.-Studii-de-caz.pdf\">Sisteme politice, ideologie \u015fi practica politicii externe \u00een sec XX-XXI. Studii de caz.<\/a><a href=\"https:\/\/istorie.unibuc.ro\/wp-content\/uploads\/2025\/11\/Sisteme-politice-ideologie-si-practica-politicii-externe-in-sec-XX-XXI.-Studii-de-caz.pdf\" class=\"wp-block-file__button wp-element-button\" download aria-describedby=\"wp-block-file--media-38ad5be6-4da6-4784-b734-a4902e3a17fd\">Descarc\u0103<\/a><\/div>\n\n\n\n<div class=\"wp-block-file\"><a id=\"wp-block-file--media-b60be6d9-767e-4d7c-9163-3519cdba70a2\" href=\"https:\/\/istorie.unibuc.ro\/wp-content\/uploads\/2025\/11\/Soft-power-si-advocacy-in-politica-globala.pdf\">Soft power \u0219i advocacy \u00een politica global\u0103<\/a><a href=\"https:\/\/istorie.unibuc.ro\/wp-content\/uploads\/2025\/11\/Soft-power-si-advocacy-in-politica-globala.pdf\" class=\"wp-block-file__button wp-element-button\" download aria-describedby=\"wp-block-file--media-b60be6d9-767e-4d7c-9163-3519cdba70a2\">Descarc\u0103<\/a><\/div>\n\n\n\n<h2 class=\"wp-block-heading\"><strong>An 2<\/strong><\/h2>\n\n\n\n<h2 class=\"wp-block-heading\"><strong>Semestrul 1<\/strong><\/h2>\n\n\n\n<div class=\"wp-block-file\"><a id=\"wp-block-file--media-623c3a75-4ffa-43bb-ae4c-9a22edd9d843\" href=\"https:\/\/istorie.unibuc.ro\/wp-content\/uploads\/2025\/11\/Analiza-si-gestiunea-conflictelor-internationale-sec.-XX-XXI.-Studii-de-caz.pdf\">Analiza \u0219i gestiunea conflictelor interna\u021bionale sec. XX-XXI. Studii de caz<\/a><a href=\"https:\/\/istorie.unibuc.ro\/wp-content\/uploads\/2025\/11\/Analiza-si-gestiunea-conflictelor-internationale-sec.-XX-XXI.-Studii-de-caz.pdf\" class=\"wp-block-file__button wp-element-button\" download aria-describedby=\"wp-block-file--media-623c3a75-4ffa-43bb-ae4c-9a22edd9d843\">Descarc\u0103<\/a><\/div>\n\n\n\n<div class=\"wp-block-file\"><a id=\"wp-block-file--media-604cc1ee-d0d7-40b6-bd68-ecb1bd41afc9\" href=\"https:\/\/istorie.unibuc.ro\/wp-content\/uploads\/2025\/11\/Geopolitica-aplicata-in-analiza-relatiilor-internationale-contemporane.pdf\">Geopolitica aplicat\u0103 \u00een analiza rela\u0163iilor interna\u0163ionale contemporane<\/a><a href=\"https:\/\/istorie.unibuc.ro\/wp-content\/uploads\/2025\/11\/Geopolitica-aplicata-in-analiza-relatiilor-internationale-contemporane.pdf\" class=\"wp-block-file__button wp-element-button\" download aria-describedby=\"wp-block-file--media-604cc1ee-d0d7-40b6-bd68-ecb1bd41afc9\">Descarc\u0103<\/a><\/div>\n\n\n\n<div class=\"wp-block-file\"><a id=\"wp-block-file--media-fcebcb1b-5069-4652-8c0b-306b3f51aed2\" href=\"https:\/\/istorie.unibuc.ro\/wp-content\/uploads\/2025\/11\/Teorii-si-mecanisme-ale-relatiilor-internationale-.pdf\">Teorii \u015fi mecanisme ale rela\u0163iilor interna\u0163ionale<\/a><a href=\"https:\/\/istorie.unibuc.ro\/wp-content\/uploads\/2025\/11\/Teorii-si-mecanisme-ale-relatiilor-internationale-.pdf\" class=\"wp-block-file__button wp-element-button\" download aria-describedby=\"wp-block-file--media-fcebcb1b-5069-4652-8c0b-306b3f51aed2\">Descarc\u0103<\/a><\/div>\n\n\n\n<div class=\"wp-block-file\"><a id=\"wp-block-file--media-f13c7994-bf5e-40a0-a07f-acc87d55a4d9\" href=\"https:\/\/istorie.unibuc.ro\/wp-content\/uploads\/2025\/11\/Aplicatii-practice-in-domeniul-istoriei-digitale.pdf\">Aplica\u021bii practice \u00een domeniul istoriei digitale<\/a><a href=\"https:\/\/istorie.unibuc.ro\/wp-content\/uploads\/2025\/11\/Aplicatii-practice-in-domeniul-istoriei-digitale.pdf\" class=\"wp-block-file__button wp-element-button\" download aria-describedby=\"wp-block-file--media-f13c7994-bf5e-40a0-a07f-acc87d55a4d9\">Descarc\u0103<\/a><\/div>\n\n\n\n<h2 class=\"wp-block-heading\"><strong>Semestrul 2<\/strong><\/h2>\n\n\n\n<div class=\"wp-block-file\"><a id=\"wp-block-file--media-fafffb73-1511-4c6a-8e52-9bd50677ab9e\" href=\"https:\/\/istorie.unibuc.ro\/wp-content\/uploads\/2025\/11\/Diplomatie-negociere-si-conflict-in-lumea-contemporana.-Studii-de-caz.pdf\">Diploma\u021bie, negociere si conflict in lumea contemporana. Studii de caz<\/a><a href=\"https:\/\/istorie.unibuc.ro\/wp-content\/uploads\/2025\/11\/Diplomatie-negociere-si-conflict-in-lumea-contemporana.-Studii-de-caz.pdf\" class=\"wp-block-file__button wp-element-button\" download aria-describedby=\"wp-block-file--media-fafffb73-1511-4c6a-8e52-9bd50677ab9e\">Descarc\u0103<\/a><\/div>\n\n\n\n<div class=\"wp-block-file\"><a id=\"wp-block-file--media-ed21b94e-e130-4a20-ad73-8e9d6c77bfe9\" href=\"https:\/\/istorie.unibuc.ro\/wp-content\/uploads\/2025\/11\/Drept-international-aprofundat.-Studii-de-caz.pdf\">Drept interna\u021bional aprofundat. Studii de caz.<\/a><a href=\"https:\/\/istorie.unibuc.ro\/wp-content\/uploads\/2025\/11\/Drept-international-aprofundat.-Studii-de-caz.pdf\" class=\"wp-block-file__button wp-element-button\" download aria-describedby=\"wp-block-file--media-ed21b94e-e130-4a20-ad73-8e9d6c77bfe9\">Descarc\u0103<\/a><\/div>\n\n\n\n<div class=\"wp-block-file\"><a id=\"wp-block-file--media-f3e53311-d015-4976-8c45-a6ca786c980e\" href=\"https:\/\/istorie.unibuc.ro\/wp-content\/uploads\/2025\/11\/Practica-dizertatie.pdf\">Practic\u0103 dizerta\u021bie<\/a><a href=\"https:\/\/istorie.unibuc.ro\/wp-content\/uploads\/2025\/11\/Practica-dizertatie.pdf\" class=\"wp-block-file__button wp-element-button\" download aria-describedby=\"wp-block-file--media-f3e53311-d015-4976-8c45-a6ca786c980e\">Descarc\u0103<\/a><\/div>\n\n\n\n<div class=\"wp-block-file\"><a id=\"wp-block-file--media-c9808d6a-c31d-46ec-b066-ece1278594a4\" href=\"https:\/\/istorie.unibuc.ro\/wp-content\/uploads\/2025\/11\/Practica-specialitate.pdf\">Practica specialitate<\/a><a href=\"https:\/\/istorie.unibuc.ro\/wp-content\/uploads\/2025\/11\/Practica-specialitate.pdf\" class=\"wp-block-file__button wp-element-button\" download aria-describedby=\"wp-block-file--media-c9808d6a-c31d-46ec-b066-ece1278594a4\">Descarc\u0103<\/a><\/div>\n\n\n\n<div class=\"wp-block-file\"><a id=\"wp-block-file--media-10350fbc-dfdd-46c2-bb9b-444001e892b4\" href=\"https:\/\/istorie.unibuc.ro\/wp-content\/uploads\/2025\/11\/Seminar-aplicat-gandire-critica-si-comunicare-academica.pdf\">Seminar aplicat gandire critic\u0103 \u0219i comunicare academic\u0103<\/a><a href=\"https:\/\/istorie.unibuc.ro\/wp-content\/uploads\/2025\/11\/Seminar-aplicat-gandire-critica-si-comunicare-academica.pdf\" class=\"wp-block-file__button wp-element-button\" download aria-describedby=\"wp-block-file--media-10350fbc-dfdd-46c2-bb9b-444001e892b4\">Descarc\u0103<\/a><\/div>\n\n\n\n<p class=\"wp-block-paragraph\"><\/p>\n","protected":false},"excerpt":{"rendered":"<p>An 1 Semestrul 1 Semestrul 2 An 2 Semestrul 1 Semestrul 2<\/p>\n","protected":false},"author":10,"featured_media":0,"parent":217,"menu_order":0,"comment_status":"closed","ping_status":"closed","template":"","meta":{"_crdt_document":"","jetpack_post_was_ever_published":false,"footnotes":""},"class_list":["post-16686","page","type-page","status-publish","hentry"],"jetpack_sharing_enabled":true,"jetpack_shortlink":"https:\/\/wp.me\/PaobZd-4l8","jetpack-related-posts":[],"_links":{"self":[{"href":"https:\/\/istorie.unibuc.ro\/facultate\/wp-json\/wp\/v2\/pages\/16686","targetHints":{"allow":["GET"]}}],"collection":[{"href":"https:\/\/istorie.unibuc.ro\/facultate\/wp-json\/wp\/v2\/pages"}],"about":[{"href":"https:\/\/istorie.unibuc.ro\/facultate\/wp-json\/wp\/v2\/types\/page"}],"author":[{"embeddable":true,"href":"https:\/\/istorie.unibuc.ro\/facultate\/wp-json\/wp\/v2\/users\/10"}],"replies":[{"embeddable":true,"href":"https:\/\/istorie.unibuc.ro\/facultate\/wp-json\/wp\/v2\/comments?post=16686"}],"version-history":[{"count":5,"href":"https:\/\/istorie.unibuc.ro\/facultate\/wp-json\/wp\/v2\/pages\/16686\/revisions"}],"predecessor-version":[{"id":20959,"href":"https:\/\/istorie.unibuc.ro\/facultate\/wp-json\/wp\/v2\/pages\/16686\/revisions\/20959"}],"up":[{"embeddable":true,"href":"https:\/\/istorie.unibuc.ro\/facultate\/wp-json\/wp\/v2\/pages\/217"}],"wp:attachment":[{"href":"https:\/\/istorie.unibuc.ro\/facultate\/wp-json\/wp\/v2\/media?parent=16686"}],"curies":[{"name":"wp","href":"https:\/\/api.w.org\/{rel}","templated":true}]}}