{"id":1661,"date":"2018-12-18T06:46:13","date_gmt":"2018-12-18T06:46:13","guid":{"rendered":"https:\/\/istorie.unibuc.ro\/?page_id=1661"},"modified":"2018-12-18T06:49:57","modified_gmt":"2018-12-18T06:49:57","slug":"lect-univ-dr-damian-liviu","status":"publish","type":"page","link":"https:\/\/istorie.unibuc.ro\/facultate\/lect-univ-dr-damian-liviu\/","title":{"rendered":"Lect. Univ. Dr. Damian Liviu"},"content":{"rendered":"\n<p class=\"wp-block-paragraph\">Email: <a href=\"mailto:liviudami@gmail.com\">liviudami@gmail.com<\/a><\/p>\n\n\n\n<div class=\"wp-block-image\"><figure class=\"alignright is-resized\"><img data-recalc-dims=\"1\" loading=\"lazy\" decoding=\"async\" data-attachment-id=\"1663\" data-permalink=\"https:\/\/istorie.unibuc.ro\/facultate\/lect-univ-dr-damian-liviu\/damian\/\" data-orig-file=\"https:\/\/i0.wp.com\/istorie.unibuc.ro\/wp-content\/uploads\/2018\/12\/damian.jpg?fit=694%2C1000&amp;ssl=1\" data-orig-size=\"694,1000\" data-comments-opened=\"0\" data-image-meta=\"{&quot;aperture&quot;:&quot;0&quot;,&quot;credit&quot;:&quot;&quot;,&quot;camera&quot;:&quot;&quot;,&quot;caption&quot;:&quot;&quot;,&quot;created_timestamp&quot;:&quot;0&quot;,&quot;copyright&quot;:&quot;&quot;,&quot;focal_length&quot;:&quot;0&quot;,&quot;iso&quot;:&quot;0&quot;,&quot;shutter_speed&quot;:&quot;0&quot;,&quot;title&quot;:&quot;&quot;,&quot;orientation&quot;:&quot;0&quot;}\" data-image-title=\"damian\" data-image-description=\"\" data-image-caption=\"\" data-large-file=\"https:\/\/i0.wp.com\/istorie.unibuc.ro\/wp-content\/uploads\/2018\/12\/damian.jpg?fit=694%2C1000&amp;ssl=1\" src=\"https:\/\/i0.wp.com\/istorie.unibuc.ro\/wp-content\/uploads\/2018\/12\/damian.jpg?resize=294%2C424&#038;ssl=1\" alt=\"\" class=\"wp-image-1663\" width=\"294\" height=\"424\" srcset=\"https:\/\/i0.wp.com\/istorie.unibuc.ro\/wp-content\/uploads\/2018\/12\/damian.jpg?w=694&amp;ssl=1 694w, https:\/\/i0.wp.com\/istorie.unibuc.ro\/wp-content\/uploads\/2018\/12\/damian.jpg?resize=208%2C300&amp;ssl=1 208w\" sizes=\"auto, (max-width: 294px) 100vw, 294px\" \/><\/figure><\/div>\n\n\n\n<p class=\"wp-block-paragraph\"><strong>Education<\/strong><\/p>\n\n\n\n<p class=\"wp-block-paragraph\">2005: B. A. in History;\nBucharest University (Byzantine studies)<\/p>\n\n\n\n<p class=\"wp-block-paragraph\">2005-2007: M. A. in\nHistory; Bucharest University (Byzantine, South-Eastern studies)<\/p>\n\n\n\n<p class=\"wp-block-paragraph\">2005-2007: M.A. in\nTheology; Bucharest University (with a work on contemporary theological and\nhistorical epistemology, coord., Prof. &nbsp;Emil Barto\u0219)<\/p>\n\n\n\n<p class=\"wp-block-paragraph\">2007- 2010: Ph.D. in\nHistory; Bucharest University (coord. Prof. Stelian Brezeanu, with a work on\nAthanasios of Alexandria).&nbsp; <\/p>\n\n\n\n<p class=\"wp-block-paragraph\">2016- beginning with\nthe year 2016 (October) I am in the program for doctoral studies in Philosophy\nat Bucharest University, Faculty of Philosophy, with a work entitled: <em>Faith Between Word and Number in the Thought\nof Thomas F. Torrance<\/em>. <\/p>\n\n\n\n<p class=\"wp-block-paragraph\"><strong>Research<\/strong><\/p>\n\n\n\n<p class=\"wp-block-paragraph\">2007: (3 months) and\n2008 (6 months): I did research for my Ph. D work at the libraries of Emory\nUniversity (independent research).<\/p>\n\n\n\n<p class=\"wp-block-paragraph\">2011:\n(one semester: 1 September- 31 December): Short Term Scholar (Postdoctoral\nResearch Associate), Medieval Institute, University of Notre Dame.<\/p>\n\n\n\n<p class=\"wp-block-paragraph\">2018 (1-31 October):\nShort Term Scholar, Dumbarton Oaks, Harvard University<\/p>\n\n\n\n<p class=\"wp-block-paragraph\"><strong>Awards<\/strong><\/p>\n\n\n\n<p class=\"wp-block-paragraph\">2006: I received and Award of Excelence (<em>Premiul de excelen\u0163\u0103<\/em>) from former president of Romania, Emil\nConstantinescu, at the Forum organized by European Generation, at the section\n\u201cCulture and Faith\u201d<\/p>\n\n\n\n<p class=\"wp-block-paragraph\"><strong>Areas of research<\/strong><\/p>\n\n\n\n<p class=\"wp-block-paragraph\">Late Antiquity, Middle Ages\/Early Modernity,\nHistorical Epistemology, Philosophical Theology, Patristic (Patrology)<strong><\/strong><\/p>\n\n\n\n<p class=\"wp-block-paragraph\"><strong>Classes<\/strong>:<\/p>\n\n\n\n<p class=\"wp-block-paragraph\"><em>Byzantine Medieval Political Model<\/em><\/p>\n\n\n\n<p class=\"wp-block-paragraph\"><em>Byzantium\/Post-Byzantium and the Western World<\/em>\n<\/p>\n\n\n\n<p class=\"wp-block-paragraph\"><em>Byzantine Cultural Heritage in Eastern Europe<\/em><\/p>\n\n\n\n<p class=\"wp-block-paragraph\"><strong>Seminars<\/strong>: <em>The Historians Craft<\/em><\/p>\n\n\n\n<p class=\"wp-block-paragraph\"><em>&nbsp;&nbsp;&nbsp;&nbsp;&nbsp;&nbsp;&nbsp;&nbsp;&nbsp;&nbsp;&nbsp; &nbsp;&nbsp;&nbsp;&nbsp;&nbsp; Medieval Thought Through Texts<\/em><\/p>\n\n\n\n<p class=\"wp-block-paragraph\">My study&nbsp;<em>The Historian\u2019s\nCraft and Theology in the Thought of John Warwick Montgomery<\/em>,&nbsp; was mentioned in John Warwick\nMontgomery,&nbsp;<em>Fighting the Good Fight: A Life in Defense of the Faith<\/em>,\nWipf &amp; Stock Publishers, 2016, pp. 100-101.<\/p>\n\n\n\n<p class=\"wp-block-paragraph\">I have published: <\/p>\n\n\n\n<p class=\"wp-block-paragraph\"><strong>Papers and Conference:<\/strong><\/p>\n\n\n\n<ol class=\"wp-block-list\"><li>Damian Liviu, <em>Iconomie teologic\u0103 \u015fi comportament politic\n\u00een secolul al IV-lea. Pentru un concept al continuit\u0103\u0163ii \u015fi un model al\nautorit\u0103\u0163ii la Athanasios cel Mare<\/em>, \u00een <em>Lucr\u0103rile\nSesiunii Na\u0163ionale a Doctoranzilor \u00een Istorie<\/em> (edi\u0163ia I), Editura\nUniversit\u0103\u0163ii Oradea, 2009, pp. 139-149. <strong>[a\npaper on Athanasios of Alexandria theology and eclesiastical politics]<\/strong><\/li><\/ol>\n\n\n\n<ul class=\"wp-block-list\"><li>&nbsp;Damian Liviu,&nbsp;<em>La intersec\u0163ia\ndisciplinelor cunoa\u015fterii: teologia, istoriografia \u015fi \u015ftiin\u0163ele exacte. O\nprivire general\u0103 asupra problemei cunoa\u015fterii<\/em>, pp. 33-42, \u00een <em>Studii\n\u015fi materiale de istorie modern\u0103<\/em>, vol. XX, Editura Academiei Rom\u00e2ne,\nInstitutul de Istorie \u201eNicolae Iorga, Bucure\u015fti, 2007. [<strong>a paper under the Romanian Academy\npublication on historical and theological methodology]<\/strong><\/li><\/ul>\n\n\n\n<ul class=\"wp-block-list\"><li>&nbsp;Damian Liviu,&nbsp;<em>Dialog \u015fi integrare: istoriografia, teologia \u015fi\n\u015ftiin\u0163a. O privire general\u0103 asupra problemei cunoa\u015fterii<\/em>, \u00een \u201cAnalele Universit\u0103\u0163ii Bucure\u015fti\u201d, Anul LVI-2007,\npp. 79-114. [<strong>a second paper with Bucharest University\nPress publication on historical and theological methodology]<\/strong><\/li><\/ul>\n\n\n\n<ul class=\"wp-block-list\"><li>&nbsp;Damian Liviu,&nbsp;<em>Iconomie teologic\u0103 \u015fi\ncomportament politic \u00een secolul al IV-lea. Pentru un concept al continuit\u0103\u0163ii\n\u015fi un model al autorit\u0103\u0163ii la Athanasios cel Mare<\/em>, \u00een&nbsp;<em>Lucr\u0103rile\nSesiunii Na\u0163ionale a Doctoranzilor \u00een Istorie<\/em>&nbsp;(edi\u0163ia I), Editura\nUniversit\u0103\u0163ii Oradea, 2009, pp. 139-149.\n[<strong>a paper delievered and published at the\nNational Sessions of Phd students in history]<\/strong><\/li><\/ul>\n\n\n\n<ul class=\"wp-block-list\"><li>&nbsp;Damian Liviu,&nbsp;<em>Modelul de autoritate la\nAthanasios:&nbsp;<\/em><em>\u03bc\u03af\u03bc\u03b7\u03c3\u03b9\u03c2<\/em><em>.&nbsp;Un punct de\nvedere&nbsp;&nbsp;&nbsp;asupra problemei&nbsp;&nbsp;autorit\u0103\u0163ii&nbsp;\u015fi puterii\nla Athanasios<\/em>, \u00een&nbsp;<em>Orient \u015fi Occident.&nbsp;<\/em><em>In&nbsp;&nbsp;&nbsp;memoriam\nProfesor Gheorghe Zbuchea<\/em>&nbsp;(Coord. Lucia Popa, E. Lung, M. Dobre,\nR.&nbsp;&nbsp;Dinu), Ed. Universit\u0103\u0163ii Bucure\u015fti, 2012.\n[<strong>a paper on Athanasius the Great]<\/strong><\/li><\/ul>\n\n\n\n<ul class=\"wp-block-list\"><li>&nbsp;Damian Liviu,&nbsp;<em>The Cognitive and the Existential Dimension of Theology and&nbsp;<\/em><em>&nbsp;Historiography in the&nbsp;&nbsp;&nbsp;Post-modern\nEpistemological Dilemma<\/em><strong>,<\/strong><strong>&nbsp;<\/strong>\u00een &#8211; G. Sfameni Gasparro &#8211;&nbsp;&nbsp;&nbsp;A. Cosentino &#8211; M. Monaca (edited by),&nbsp;<em>Religion in the History of European Culture.&nbsp;&nbsp;&nbsp;&nbsp;Proceedings\nof the 9th EASR Conference and IAHR Special Conference, 14-17&nbsp;September 2009<\/em>,\nMessina, Biblioteca dell&#8217;Officina di Studi&nbsp;&nbsp;&nbsp;Medievali 16.&nbsp;&nbsp;1\/2, Palermo,&nbsp;2013.<\/li><\/ul>\n\n\n\n<ul class=\"wp-block-list\"><li>&nbsp;Damian Liviu,&nbsp;<em>Constantine the Great,\nImperial Propaganda and Christian Aggresivenes (312-337): the Ideological-Propaganda\nFace of an Emperor<\/em>, \u00een&nbsp;&nbsp;&nbsp;&nbsp;&nbsp;&nbsp;&nbsp;&nbsp;\nDumitru A. Vanca, Mark Cherry, Alin Albu, (Edited by)&nbsp;<em>Religion and\nPolitics. The Church-State Relationship: from Constantine the Great to\npost-Maastricht Europe<\/em>, Ed. Re\u00eentregirea (supliment of&nbsp;\u201cAltarul\nRe\u00eentregirii\u201d Journal) Alba Iulia, 2013. <\/li><\/ul>\n\n\n\n<ul class=\"wp-block-list\"><li>&nbsp;Damian Liviu,&nbsp;<em>Power, Authority and\nChristian Identity in Early Byzantine Empire<\/em>, \u00een&nbsp;\u201cAnalele\nUniversit\u0103\u0163ii Bucure\u015fti\u201d, Seria Istorie, 2\/2012.\n[<strong>a paper published with the scholarship\nreceived from Notre Dame University in 2011]<\/strong><strong><\/strong><\/li><\/ul>\n\n\n\n<ul class=\"wp-block-list\"><li>Damian Liviu,&nbsp;<em>Atanasie al\nAlexandriei \u015fi suveranitatea roman\u0103: contestarea modelului cezaropapist\narian&nbsp;<\/em>(337-358), \u00een \u201cStudii Bizantine\u201d, Bucure\u015fti, 4\/2013. [<strong>a paper on Athanasius the Great, roman\nimperial sovereignty and heresy in the IV<sup>th <\/sup>century]<\/strong><strong><\/strong><\/li><\/ul>\n\n\n\n<ol class=\"wp-block-list\"><li>&nbsp;Liviu Damian,<em>&nbsp;Sf\u00e2r\u015fitul grecit\u0103\u0163ii\nbizantine: francii, luteranii umani\u015fti si facerea bizantinismului european<\/em>,\nin &#8222;Studii Bizantine&#8221;, 5\/2014, pp. 59-76.\n[<strong>a paper on Byzantium, Lutheran\nhumanists, the Western World and the making of byzantinism]<\/strong><\/li><\/ol>\n\n\n\n<p class=\"wp-block-paragraph\">11.&nbsp;&nbsp;&nbsp;\nDamian Liviu, <em>The Historian\u2019s\nCraft and Theology in the Thought of John Warwick&nbsp;&nbsp;&nbsp;&nbsp;&nbsp;&nbsp; <\/em><\/p>\n\n\n\n<p class=\"wp-block-paragraph\"><em>&nbsp;&nbsp;&nbsp;&nbsp;&nbsp;&nbsp; Montgomery<\/em>, in \u201eGlobal Journal of Classical Theology\u201d\n(ISSN 1521-6055), 2014<\/p>\n\n\n\n<figure class=\"wp-block-embed\"><div class=\"wp-block-embed__wrapper\">\n<p><a href=\"http:\/\/www.globaljournalct.com\/wp-content\/uploads\/2015\/07\/Liviu-Vol-12-No-2-The-Historians-Craft.pdf\" target=\"_blank\" rel=\"noopener noreferrer nofollow\">D\u0103 clic pentru a accesa Liviu-Vol-12-No-2-The-Historians-Craft.pdf<\/a><\/p>\n<\/div><\/figure>\n\n\n\n<p class=\"wp-block-paragraph\">&nbsp;&nbsp;&nbsp;&nbsp;&nbsp; 12.&nbsp;\nDamian Liviu, <em>Guvernarea trupurilor la\nAtanasie. Trupul \u0219i libertatea \u00eentre erezie \u0219i <\/em><\/p>\n\n\n\n<p class=\"wp-block-paragraph\"><em>&nbsp;&nbsp;&nbsp;&nbsp;&nbsp;&nbsp;&nbsp;&nbsp;&nbsp;&nbsp;&nbsp; ortodoxie\n(329-373). Schi\u021b\u0103 a unui argument<\/em>, \u00een \u201cStudii bizantine.\nOrtodoxia \u0219i ereziile \u00een&nbsp;&nbsp;&nbsp;&nbsp;&nbsp; <\/p>\n\n\n\n<p class=\"wp-block-paragraph\">&nbsp;&nbsp;&nbsp;&nbsp;&nbsp;&nbsp;&nbsp;&nbsp;&nbsp;&nbsp;&nbsp; spa\u021biul bizantin\u201d, UER Press,\nBucure\u0219ti, 2017 (nr. 7\/2016)<\/p>\n\n\n\n<p class=\"wp-block-paragraph\"><strong>Conferences participation<\/strong><\/p>\n\n\n\n<p class=\"wp-block-paragraph\"><strong>2017<\/strong>:<\/p>\n\n\n\n<p class=\"wp-block-paragraph\">1.\nInvited at <em>Forumul Dialogos <\/em>(Centru\nde Afaceri Maris, in the city of Arad) on the topic of <em>Reforma in spa\u021biul rom\u00e2nesc<\/em>, 30 September 2017, moderated by Conf.\nuniv. dr. Emil Barto\u0219<\/p>\n\n\n\n<p class=\"wp-block-paragraph\">2. <em>Biserica Medieval\u0103 \u00eentre mi\u0219c\u0103ri\ncontestatare \u0219i pre-reformatoare. Evenimente, fapte, idei \u0219i aspecte comune cu\nReforma<\/em>, a paper presented at the conference:<em> Reforma protestant\u0103 \u00een Apus \u0219i R\u0103s\u0103rit. Simpozion Interna\u021bional\nInterdisciplinar<\/em>, 26 octombrie, 2017, Facultatea de Istorie, Universitatea\nAlexandru Ioan Cuza, Ia\u0219i.<\/p>\n\n\n\n<ul class=\"wp-block-list\"><li>During the conference\nI participated in : <em>Dialog-Expresii ale\nReformei \u00een contextul cultural contemporan<\/em><\/li><\/ul>\n\n\n\n<p class=\"wp-block-paragraph\">People\ninvited : Alexandru Florin Platon, istoric<\/p>\n\n\n\n<p class=\"wp-block-paragraph\">&nbsp;&nbsp;&nbsp;&nbsp;&nbsp;&nbsp;&nbsp;&nbsp;&nbsp;&nbsp;&nbsp;&nbsp;&nbsp;&nbsp;&nbsp;&nbsp;&nbsp;&nbsp;&nbsp;&nbsp;&nbsp;&nbsp;&nbsp; Emil Barto\u0219, teolog<\/p>\n\n\n\n<p class=\"wp-block-paragraph\">&nbsp;&nbsp;&nbsp;&nbsp;&nbsp;&nbsp;&nbsp;&nbsp;&nbsp;&nbsp;&nbsp;&nbsp;&nbsp;&nbsp;&nbsp;&nbsp;&nbsp;&nbsp;&nbsp;&nbsp;&nbsp;&nbsp;&nbsp; Liviu Damian, istoric<\/p>\n\n\n\n<p class=\"wp-block-paragraph\">3. <em>Formarea imaginii invizibilului \u00een g\u00e2ndirea\ncre\u0219tin\u0103 prin polemica cu p\u0103g\u00e2nismul (sec. II-III). Discurs apologetic \u0219i\nsimbol<\/em>, during the National Conference entitled:&nbsp; <em>Imagine,\nicoan\u0103 \u015fi cuv\u00e2nt<\/em> organized by <em>Facultatea\nde Filosofie<\/em> and <em>Facultatea de\nTeologie Ortodox\u0103 \u201eJustinian Patriarhul\u201d<\/em> din cadrul Universit\u0103\u021bii din\nBucure\u0219ti (the conference took place at the Faculty of Philosophy, 10-11\nnoiembrie 2017).<\/p>\n\n\n\n<p class=\"wp-block-paragraph\">&#8211; I have presented the same paper at the\nconference: I<em>maginea Invizibilului.Texte\n\u015fi iconografie<\/em> that took place on Saturday 9 december 2017, at 10.00 a\nclock,&nbsp; Sala 212, et. II, Str. Edgar\nQuinet 5-7, Sector 1, Bucure\u015fti (Facultatea de Litere, Universitatea\nBucure\u0219ti), organized by prof. Ecaterina Lung and conf. dr. Luminita Diaconu.<\/p>\n\n\n\n<p class=\"wp-block-paragraph\">I have presented:<\/p>\n\n\n\n<p class=\"wp-block-paragraph\">&nbsp;4. <em>Un argument din\nexisten\u021ba r\u0103ului \u00eempotriva naturalismului. Dac\u0103 naturalismul este mai ra\u0163ional,\nrezonabil \u015fi are for\u021b\u0103 explanatorie mai mare dec\u00e2t teismul<\/em>, during the\nAnual Conference SDF September 12 2017, Doctoral School \u2014 Faculty of\nPhilosophy, University of Bucharest.<\/p>\n\n\n\n<p class=\"wp-block-paragraph\">5. <em>Modelul politic bizantin \u0219i istoriografia\nrecent\u0103. Cazul bulgar<\/em>, during the Conference organized by <em>Simpozionul Societ\u0103\u0163ii Culturale Bizantine<\/em>,\nUniunea Elen\u0103 din Rom\u00e2nia and Ambasada Republicii Elene, 20 iunie 2017<\/p>\n\n\n\n<p class=\"wp-block-paragraph\">6. <em>The Byzantine Political Model and its\nReception (X-XV centuries)<\/em>, Ecole d\u2019ete de Byzantinologie, Etudier le monde\nbyzantin. M\u00e9thodologies et interpr\u00e9tations&nbsp;\n30 ao\u00fbt \u2013 5 septembre 2017, Bucarest<\/p>\n\n\n\n<p class=\"wp-block-paragraph\">I have presented a\npaper on <em>The making of the image of the\ninvisible in the early Christian thought through the polemics with paganism.\nApologetical discourse and symbol<\/em>, at the National Conference: Icon, Image\nand Word, at the Faculty of Philosophy, University of Bucharest, 10-11 November\n2017.<\/p>\n\n\n\n<p class=\"wp-block-paragraph\">I have\npresented a paper on evil and naturalism (<em>An\nargument from evil against naturalism\u2026<\/em>) at SDF Annual Conference, Faculty\nof Philosophy, University of Bucharest, 12 September 2017, <\/p>\n\n\n\n<p class=\"wp-block-paragraph\">&nbsp;Idem,&nbsp;<em>Rethinking\nAthanasius and Historiography. Athanasius as a Christian Thinker: theologian,\nphilosopher, historian<\/em>,&nbsp; at the \u201c23rd\nInternational Congress of Byzantine Studies 22-27\u201d, August 2016, Belgrade\n(Serbia)<\/p>\n\n\n\n<p class=\"wp-block-paragraph\">&nbsp;Idem, <em>Discu\u0163ia istoriografic\u0103 referitoare\nla concep\u0163ia augustinian\u0103 \u015fi bizantin\u0103 despre r\u0103zboi \u015fi situa\u0163ia politic\u0103 a\nImperiului Bizantin \u00een contextul primei cruciade (1096-1099)<\/em> (paper\npresented at the anual meeting of the Byzantine Cultural Society and the Greek\nUnion, in 2015)<\/p>\n\n\n\n<p class=\"wp-block-paragraph\">&nbsp;Idem, <em>Atanasie\nal Alexandriei \u015fi suveranitatea roman\u0103: contestarea modelului cezaropapist\narian&nbsp;<\/em>(337-358) (paper on Athanasius the Great presented at\nthe anual meeting of the Byzantine Cultural Society and the Greek Union, in\n2013)<\/p>\n\n\n\n<p class=\"wp-block-paragraph\">&nbsp;Idem, <em>Constantine\nthe Great,Imperial Propaganda and Chrisitan Aggresiveness (315-337): the\nideological propaganda face of an emperor<\/em>, To 12th International Simposium\nOrganized by of Theology Alba Iulia: \u201eChurch-State Relationship: From\nConstantine the Great to Post-Maastricht Europe\u201d, 14th-16th of May 2013, Alba\nIulia<\/p>\n\n\n\n<p class=\"wp-block-paragraph\">&nbsp;Idem, <em>Sf\u00e2r\u015fitul\ngrecit\u0103\u0163ii bizantine: francii, luteranii umani\u015fti si facerea bizantinismului\neuropean<\/em> (paper presented at the anual meeting of the\nByzantine Cultural Society and the Greek Union, 2014)<\/p>\n\n\n\n<p class=\"wp-block-paragraph\">&nbsp;Idem, <em>Istorie\nsi identitate cre\u0219tin\u0103<\/em>, (<em>History and\nChristian Identity<\/em>) with the project <em>Credinta\nsi Profesia<\/em> (<em>Faith and Scholarly\nProfession<\/em>) Centrul de Educa\u021bie Cre\u0219tin\u0103 \u0219i Cultur\u0103 Contemporan\u0103 Areopagus,\nTimi\u0219oara, 23-24 aprilie, (Romania) 2013;<\/p>\n\n\n\n<p class=\"wp-block-paragraph\">&nbsp;Idem,\nApril 2009: I have presented a paper on <em>Athanasius\nthe Great<\/em> at National Session of PhD history students in Romania, at Oradea\nUniversity<\/p>\n\n\n\n<p class=\"wp-block-paragraph\">&nbsp;Idem,\nSeptember 2009: I presented a paper<em> The\nCognitive and the Existential Dimension of Theology and Historiography in the\nPost-modern Epistemological Dilemma<\/em>, at the European Association for the\nStudy of Religions, Messina University<\/p>\n","protected":false},"excerpt":{"rendered":"<p>Email: liviudami@gmail.com Education 2005: B. A. in History; Bucharest University (Byzantine studies) 2005-2007: M. A. in History; Bucharest University (Byzantine, South-Eastern studies) 2005-2007: M.A. in Theology; Bucharest University (with a work on contemporary theological and historical epistemology, coord., Prof. &nbsp;Emil Barto\u0219) 2007- 2010: Ph.D. in History; Bucharest University (coord. Prof. Stelian Brezeanu, with a work [&hellip;]<\/p>\n","protected":false},"author":3,"featured_media":0,"parent":0,"menu_order":0,"comment_status":"closed","ping_status":"closed","template":"","meta":{"_crdt_document":"","jetpack_post_was_ever_published":false,"footnotes":""},"class_list":["post-1661","page","type-page","status-publish","hentry"],"jetpack_sharing_enabled":true,"jetpack_shortlink":"https:\/\/wp.me\/PaobZd-qN","jetpack-related-posts":[],"_links":{"self":[{"href":"https:\/\/istorie.unibuc.ro\/facultate\/wp-json\/wp\/v2\/pages\/1661","targetHints":{"allow":["GET"]}}],"collection":[{"href":"https:\/\/istorie.unibuc.ro\/facultate\/wp-json\/wp\/v2\/pages"}],"about":[{"href":"https:\/\/istorie.unibuc.ro\/facultate\/wp-json\/wp\/v2\/types\/page"}],"author":[{"embeddable":true,"href":"https:\/\/istorie.unibuc.ro\/facultate\/wp-json\/wp\/v2\/users\/3"}],"replies":[{"embeddable":true,"href":"https:\/\/istorie.unibuc.ro\/facultate\/wp-json\/wp\/v2\/comments?post=1661"}],"version-history":[{"count":4,"href":"https:\/\/istorie.unibuc.ro\/facultate\/wp-json\/wp\/v2\/pages\/1661\/revisions"}],"predecessor-version":[{"id":1669,"href":"https:\/\/istorie.unibuc.ro\/facultate\/wp-json\/wp\/v2\/pages\/1661\/revisions\/1669"}],"wp:attachment":[{"href":"https:\/\/istorie.unibuc.ro\/facultate\/wp-json\/wp\/v2\/media?parent=1661"}],"curies":[{"name":"wp","href":"https:\/\/api.w.org\/{rel}","templated":true}]}}