{"id":16496,"date":"2024-09-30T11:58:15","date_gmt":"2024-09-30T11:58:15","guid":{"rendered":"https:\/\/istorie.unibuc.ro\/facultate\/?page_id=16496"},"modified":"2025-11-30T17:40:56","modified_gmt":"2025-11-30T17:40:56","slug":"fise-disciplina-politica-si-societate","status":"publish","type":"page","link":"https:\/\/istorie.unibuc.ro\/facultate\/programe\/master\/politica-si-societate-in-secolul-al-xx-lea\/fise-disciplina-politica-si-societate\/","title":{"rendered":"Fi\u0219e disciplin\u0103 Politic\u0103 \u0219i societate"},"content":{"rendered":"\n<p class=\"wp-block-paragraph\"><\/p>\n\n\n\n<h2 class=\"wp-block-heading\"><\/h2>\n\n\n\n<h2 class=\"wp-block-heading\"><strong>An I<\/strong><\/h2>\n\n\n\n<h2 class=\"wp-block-heading\"><strong>Semestru I<\/strong><\/h2>\n\n\n\n<div class=\"wp-block-file\"><a id=\"wp-block-file--media-2650841a-6145-488d-aad7-8213eb3857d5\" href=\"https:\/\/istorie.unibuc.ro\/wp-content\/uploads\/2025\/11\/Etica-si-integritate-academica-1.pdf\">Etic\u0103 \u0219i integritate academic\u0103<\/a><a href=\"https:\/\/istorie.unibuc.ro\/wp-content\/uploads\/2025\/11\/Etica-si-integritate-academica-1.pdf\" class=\"wp-block-file__button wp-element-button\" download aria-describedby=\"wp-block-file--media-2650841a-6145-488d-aad7-8213eb3857d5\">Descarc\u0103<\/a><\/div>\n\n\n\n<div class=\"wp-block-file\"><a id=\"wp-block-file--media-facdfa6a-bcc5-4964-80b4-d10887010b18\" href=\"https:\/\/istorie.unibuc.ro\/wp-content\/uploads\/2025\/11\/Antisemitism-progrom-si-Holocaust-in-istoria-Europei-Represiune-si-Gulag-in-lumea-socialista-Anca-Tudorancea.pdf\">Antisemitism, progrom \u0219i Holocaust in istoria Europei  Represiune \u0219i Gulag \u00een lumea socialist\u0103 Anca Tudorancea<\/a><a href=\"https:\/\/istorie.unibuc.ro\/wp-content\/uploads\/2025\/11\/Antisemitism-progrom-si-Holocaust-in-istoria-Europei-Represiune-si-Gulag-in-lumea-socialista-Anca-Tudorancea.pdf\" class=\"wp-block-file__button wp-element-button\" download aria-describedby=\"wp-block-file--media-facdfa6a-bcc5-4964-80b4-d10887010b18\">Descarc\u0103<\/a><\/div>\n\n\n\n<div class=\"wp-block-file\"><a id=\"wp-block-file--media-4d9075ba-3330-4b32-ac35-2ea80948e334\" href=\"https:\/\/istorie.unibuc.ro\/wp-content\/uploads\/2025\/11\/Reconstructie-insecuritate-si-conflict.pdf\">Reconstruc\u021bie insecuritate \u0219i conflict<\/a><a href=\"https:\/\/istorie.unibuc.ro\/wp-content\/uploads\/2025\/11\/Reconstructie-insecuritate-si-conflict.pdf\" class=\"wp-block-file__button wp-element-button\" download aria-describedby=\"wp-block-file--media-4d9075ba-3330-4b32-ac35-2ea80948e334\">Descarc\u0103<\/a><\/div>\n\n\n\n<div class=\"wp-block-file\"><a id=\"wp-block-file--media-d955fea3-8cc8-4526-968e-a60eef594418\" href=\"https:\/\/istorie.unibuc.ro\/wp-content\/uploads\/2025\/11\/Seminar-de-surse-arhive-clasice-si-digitale-in-lumea-contemporana-M-Mustatea.pdf\">Seminar de surse   arhive clasice si digitale in lumea contemporana M Mustatea<\/a><a href=\"https:\/\/istorie.unibuc.ro\/wp-content\/uploads\/2025\/11\/Seminar-de-surse-arhive-clasice-si-digitale-in-lumea-contemporana-M-Mustatea.pdf\" class=\"wp-block-file__button wp-element-button\" download aria-describedby=\"wp-block-file--media-d955fea3-8cc8-4526-968e-a60eef594418\">Descarc\u0103<\/a><\/div>\n\n\n\n<div class=\"wp-block-file\"><a id=\"wp-block-file--media-cf1d4a33-fa4e-401d-b872-b66b7fc8e7f6\" href=\"https:\/\/istorie.unibuc.ro\/wp-content\/uploads\/2025\/11\/Spatii-sociale-si-viata-cotidiana-reflectate-in-literatura-sec.XX_.pdf\">Spa\u021bii sociale \u0219i via\u021b\u0103 cotidian\u0103 reflectate \u00een literatura sec.XX<\/a><a href=\"https:\/\/istorie.unibuc.ro\/wp-content\/uploads\/2025\/11\/Spatii-sociale-si-viata-cotidiana-reflectate-in-literatura-sec.XX_.pdf\" class=\"wp-block-file__button wp-element-button\" download aria-describedby=\"wp-block-file--media-cf1d4a33-fa4e-401d-b872-b66b7fc8e7f6\">Descarc\u0103<\/a><\/div>\n\n\n\n<p class=\"wp-block-paragraph\"><\/p>\n\n\n\n<h2 class=\"wp-block-heading\"><strong>Semestru II<\/strong><\/h2>\n\n\n\n<div class=\"wp-block-file\"><a id=\"wp-block-file--media-d3e04bdc-905c-4d5e-93c7-c4477668336d\" href=\"https:\/\/istorie.unibuc.ro\/wp-content\/uploads\/2025\/11\/Evolutia-sistemului-politic-american-sec-XIX-XXI-Antoniu.pdf\">Evolutia sistemului politic american sec XIX-XXI Antoniu<\/a><a href=\"https:\/\/istorie.unibuc.ro\/wp-content\/uploads\/2025\/11\/Evolutia-sistemului-politic-american-sec-XIX-XXI-Antoniu.pdf\" class=\"wp-block-file__button wp-element-button\" download aria-describedby=\"wp-block-file--media-d3e04bdc-905c-4d5e-93c7-c4477668336d\">Descarc\u0103<\/a><\/div>\n\n\n\n<div class=\"wp-block-file\"><a id=\"wp-block-file--media-be832578-303a-4bfb-b736-1fe151dbde1e\" href=\"https:\/\/istorie.unibuc.ro\/wp-content\/uploads\/2025\/11\/Migratia-in-lumea-contemporana.-Dimensiuni-socio-politice-Evolutii-politico-sociale-in-URSS-Rusia-in-sec.XX-XXI.pdf\">Migratia in lumea contemporana. Dimensiuni socio-politice   Evolu\u021bii politico-sociale \u00een URSS Rusia \u00een sec.XX-XXI<\/a><a href=\"https:\/\/istorie.unibuc.ro\/wp-content\/uploads\/2025\/11\/Migratia-in-lumea-contemporana.-Dimensiuni-socio-politice-Evolutii-politico-sociale-in-URSS-Rusia-in-sec.XX-XXI.pdf\" class=\"wp-block-file__button wp-element-button\" download aria-describedby=\"wp-block-file--media-be832578-303a-4bfb-b736-1fe151dbde1e\">Descarc\u0103<\/a><\/div>\n\n\n\n<div class=\"wp-block-file\"><a id=\"wp-block-file--media-a28b873a-fa4f-4303-a379-ef849263bbc7\" href=\"https:\/\/istorie.unibuc.ro\/wp-content\/uploads\/2025\/11\/Primul-Razboi-Mondial-politica-societate-si-cultura-A-Matei.pdf\">Primul Razboi Mondial  politica, societate si cultura A Matei<\/a><a href=\"https:\/\/istorie.unibuc.ro\/wp-content\/uploads\/2025\/11\/Primul-Razboi-Mondial-politica-societate-si-cultura-A-Matei.pdf\" class=\"wp-block-file__button wp-element-button\" download aria-describedby=\"wp-block-file--media-a28b873a-fa4f-4303-a379-ef849263bbc7\">Descarc\u0103<\/a><\/div>\n\n\n\n<div class=\"wp-block-file\"><a id=\"wp-block-file--media-10e37e39-9a1c-42de-b8f3-f4ae73de8843\" href=\"https:\/\/istorie.unibuc.ro\/wp-content\/uploads\/2025\/11\/Politica-si-societate-in-America-Latina-in-sec-XIX-XX.pdf\">Politic\u0103 \u0219i societate \u00een America Latin\u0103 \u00een sec XIX-XX<\/a><a href=\"https:\/\/istorie.unibuc.ro\/wp-content\/uploads\/2025\/11\/Politica-si-societate-in-America-Latina-in-sec-XIX-XX.pdf\" class=\"wp-block-file__button wp-element-button\" download aria-describedby=\"wp-block-file--media-10e37e39-9a1c-42de-b8f3-f4ae73de8843\">Descarc\u0103<\/a><\/div>\n\n\n\n<div class=\"wp-block-file\"><a id=\"wp-block-file--media-30130071-fadb-4198-863e-cbe30611c2dc\" href=\"https:\/\/istorie.unibuc.ro\/wp-content\/uploads\/2025\/11\/Atelier-metodologic-de-cercetare-aplicata.pdf\">Atelier metodologic de cercetare aplicat\u0103<\/a><a href=\"https:\/\/istorie.unibuc.ro\/wp-content\/uploads\/2025\/11\/Atelier-metodologic-de-cercetare-aplicata.pdf\" class=\"wp-block-file__button wp-element-button\" download aria-describedby=\"wp-block-file--media-30130071-fadb-4198-863e-cbe30611c2dc\">Descarc\u0103<\/a><\/div>\n\n\n\n<p class=\"wp-block-paragraph\"><\/p>\n\n\n\n<h2 class=\"wp-block-heading\"><strong>An II<\/strong><\/h2>\n\n\n\n<h2 class=\"wp-block-heading\"><strong>Semestru I<\/strong><\/h2>\n\n\n\n<div class=\"wp-block-file\"><a id=\"wp-block-file--media-113587cf-d71c-4c7a-9674-86016f760843\" href=\"https:\/\/istorie.unibuc.ro\/wp-content\/uploads\/2025\/11\/Aplicatii-practice-in-domeniul-istoriei-digitale-1.pdf\">Aplica\u021bii practice in domeniul istoriei digitale<\/a><a href=\"https:\/\/istorie.unibuc.ro\/wp-content\/uploads\/2025\/11\/Aplicatii-practice-in-domeniul-istoriei-digitale-1.pdf\" class=\"wp-block-file__button wp-element-button\" download aria-describedby=\"wp-block-file--media-113587cf-d71c-4c7a-9674-86016f760843\">Descarc\u0103<\/a><\/div>\n\n\n\n<div class=\"wp-block-file\"><a id=\"wp-block-file--media-19e60a45-cfe8-4d0e-a1cc-b5092464b875\" href=\"https:\/\/istorie.unibuc.ro\/wp-content\/uploads\/2025\/11\/Evolutii-politice-si-societale-in-Orientul-Mijlociu-in-sec.XX_.pdf\">Evolutii politice \u0219i societale in Orientul Mijlociu in sec.XX<\/a><a href=\"https:\/\/istorie.unibuc.ro\/wp-content\/uploads\/2025\/11\/Evolutii-politice-si-societale-in-Orientul-Mijlociu-in-sec.XX_.pdf\" class=\"wp-block-file__button wp-element-button\" download aria-describedby=\"wp-block-file--media-19e60a45-cfe8-4d0e-a1cc-b5092464b875\">Descarc\u0103<\/a><\/div>\n\n\n\n<div class=\"wp-block-file\"><a id=\"wp-block-file--media-9770b1cd-0206-4d73-bdc2-b384fa02ec25\" href=\"https:\/\/istorie.unibuc.ro\/wp-content\/uploads\/2025\/11\/Modele-sociale-si-comportamente-cotidiene-in-secolele-XX-XXI.-Studii-de-caz.pdf\">Modele sociale \u0219i comportamente cotidiene \u00een secolele XX &#8211; XXI. Studii de caz<\/a><a href=\"https:\/\/istorie.unibuc.ro\/wp-content\/uploads\/2025\/11\/Modele-sociale-si-comportamente-cotidiene-in-secolele-XX-XXI.-Studii-de-caz.pdf\" class=\"wp-block-file__button wp-element-button\" download aria-describedby=\"wp-block-file--media-9770b1cd-0206-4d73-bdc2-b384fa02ec25\">Descarc\u0103<\/a><\/div>\n\n\n\n<div class=\"wp-block-file\"><a id=\"wp-block-file--media-12b69add-3f1d-472c-8c3f-92b7d7a74ac5\" href=\"https:\/\/istorie.unibuc.ro\/wp-content\/uploads\/2025\/11\/Totalitarism-si-democratie-in-sec-XX.-Studii-de-caz.pdf\">Totalitarism si democra\u021bie in sec XX. Studii de caz.<\/a><a href=\"https:\/\/istorie.unibuc.ro\/wp-content\/uploads\/2025\/11\/Totalitarism-si-democratie-in-sec-XX.-Studii-de-caz.pdf\" class=\"wp-block-file__button wp-element-button\" download aria-describedby=\"wp-block-file--media-12b69add-3f1d-472c-8c3f-92b7d7a74ac5\">Descarc\u0103<\/a><\/div>\n\n\n\n<h2 class=\"wp-block-heading\"><strong>Semestru II<\/strong><\/h2>\n\n\n\n<div class=\"wp-block-file\"><a id=\"wp-block-file--media-6880387d-4e77-4918-8353-23279ff3ed65\" href=\"https:\/\/istorie.unibuc.ro\/wp-content\/uploads\/2025\/11\/Conflicte-etnice-si-religioase-in-Balcani.pdf\">Conflicte etnice \u0219i religioase in Balcani<\/a><a href=\"https:\/\/istorie.unibuc.ro\/wp-content\/uploads\/2025\/11\/Conflicte-etnice-si-religioase-in-Balcani.pdf\" class=\"wp-block-file__button wp-element-button\" download aria-describedby=\"wp-block-file--media-6880387d-4e77-4918-8353-23279ff3ed65\">Descarc\u0103<\/a><\/div>\n\n\n\n<div class=\"wp-block-file\"><a id=\"wp-block-file--media-66ef1c4c-0e41-463b-8d6d-c70582b64133\" href=\"https:\/\/istorie.unibuc.ro\/wp-content\/uploads\/2025\/11\/Practica-pentru-elaborarea-lucrarii-de-disertatie.pdf\">Practica pentru elaborarea lucr\u0103rii de diserta\u021bie<\/a><a href=\"https:\/\/istorie.unibuc.ro\/wp-content\/uploads\/2025\/11\/Practica-pentru-elaborarea-lucrarii-de-disertatie.pdf\" class=\"wp-block-file__button wp-element-button\" download aria-describedby=\"wp-block-file--media-66ef1c4c-0e41-463b-8d6d-c70582b64133\">Descarc\u0103<\/a><\/div>\n\n\n\n<div class=\"wp-block-file\"><a id=\"wp-block-file--media-0f4316f4-fffd-4d6a-ab9e-cceaafe567ec\" href=\"https:\/\/istorie.unibuc.ro\/wp-content\/uploads\/2025\/11\/Provocari-ideologice-si-raspunsuri-geopolitice-in-sec.XXI_.pdf\">Provoc\u0103ri ideologice \u0219i r\u0103spunsuri geopolitice \u00een sec.XXI<\/a><a href=\"https:\/\/istorie.unibuc.ro\/wp-content\/uploads\/2025\/11\/Provocari-ideologice-si-raspunsuri-geopolitice-in-sec.XXI_.pdf\" class=\"wp-block-file__button wp-element-button\" download aria-describedby=\"wp-block-file--media-0f4316f4-fffd-4d6a-ab9e-cceaafe567ec\">Descarc\u0103<\/a><\/div>\n\n\n\n<div class=\"wp-block-file\"><a id=\"wp-block-file--media-9aa481ff-93f5-4860-b566-addddd966644\" href=\"https:\/\/istorie.unibuc.ro\/wp-content\/uploads\/2025\/11\/Seminar-aplicat-de-gandire-critica-si-comunicare-academica.pdf\">Seminar aplicat de g\u00e2ndire critic\u0103 \u0219i comunicare academic\u0103<\/a><a href=\"https:\/\/istorie.unibuc.ro\/wp-content\/uploads\/2025\/11\/Seminar-aplicat-de-gandire-critica-si-comunicare-academica.pdf\" class=\"wp-block-file__button wp-element-button\" download aria-describedby=\"wp-block-file--media-9aa481ff-93f5-4860-b566-addddd966644\">Descarc\u0103<\/a><\/div>\n\n\n\n<div class=\"wp-block-file\"><a id=\"wp-block-file--media-b216a5bb-7c77-4631-be3b-0ad5fc7fdd4e\" href=\"https:\/\/istorie.unibuc.ro\/wp-content\/uploads\/2025\/11\/Sindicalism-si-activism-social-in-societatea-contemporana.pdf\">Sindicalism si activism social in societatea contemporana<\/a><a href=\"https:\/\/istorie.unibuc.ro\/wp-content\/uploads\/2025\/11\/Sindicalism-si-activism-social-in-societatea-contemporana.pdf\" class=\"wp-block-file__button wp-element-button\" download aria-describedby=\"wp-block-file--media-b216a5bb-7c77-4631-be3b-0ad5fc7fdd4e\">Descarc\u0103<\/a><\/div>\n\n\n\n<p class=\"wp-block-paragraph\"><\/p>\n","protected":false},"excerpt":{"rendered":"<p>An I Semestru I Semestru II An II Semestru I Semestru II<\/p>\n","protected":false},"author":10,"featured_media":0,"parent":211,"menu_order":0,"comment_status":"closed","ping_status":"closed","template":"","meta":{"_crdt_document":"","jetpack_post_was_ever_published":false,"footnotes":""},"class_list":["post-16496","page","type-page","status-publish","hentry"],"jetpack_sharing_enabled":true,"jetpack_shortlink":"https:\/\/wp.me\/PaobZd-4i4","jetpack-related-posts":[],"_links":{"self":[{"href":"https:\/\/istorie.unibuc.ro\/facultate\/wp-json\/wp\/v2\/pages\/16496","targetHints":{"allow":["GET"]}}],"collection":[{"href":"https:\/\/istorie.unibuc.ro\/facultate\/wp-json\/wp\/v2\/pages"}],"about":[{"href":"https:\/\/istorie.unibuc.ro\/facultate\/wp-json\/wp\/v2\/types\/page"}],"author":[{"embeddable":true,"href":"https:\/\/istorie.unibuc.ro\/facultate\/wp-json\/wp\/v2\/users\/10"}],"replies":[{"embeddable":true,"href":"https:\/\/istorie.unibuc.ro\/facultate\/wp-json\/wp\/v2\/comments?post=16496"}],"version-history":[{"count":4,"href":"https:\/\/istorie.unibuc.ro\/facultate\/wp-json\/wp\/v2\/pages\/16496\/revisions"}],"predecessor-version":[{"id":20980,"href":"https:\/\/istorie.unibuc.ro\/facultate\/wp-json\/wp\/v2\/pages\/16496\/revisions\/20980"}],"up":[{"embeddable":true,"href":"https:\/\/istorie.unibuc.ro\/facultate\/wp-json\/wp\/v2\/pages\/211"}],"wp:attachment":[{"href":"https:\/\/istorie.unibuc.ro\/facultate\/wp-json\/wp\/v2\/media?parent=16496"}],"curies":[{"name":"wp","href":"https:\/\/api.w.org\/{rel}","templated":true}]}}