{"id":16395,"date":"2024-09-30T10:19:17","date_gmt":"2024-09-30T10:19:17","guid":{"rendered":"https:\/\/istorie.unibuc.ro\/facultate\/?page_id=16395"},"modified":"2024-09-30T10:30:09","modified_gmt":"2024-09-30T10:30:09","slug":"prof-dr-sorin-cristian-ailincai","status":"publish","type":"page","link":"https:\/\/istorie.unibuc.ro\/facultate\/departamente\/istorie-antica-arheologie-si-istoria-artei\/prof-dr-sorin-cristian-ailincai\/","title":{"rendered":"Prof.dr. Sorin-Cristian Ailinc\u0103i"},"content":{"rendered":"<div class=\"wp-block-image\">\n<figure class=\"alignright size-large is-resized\"><img data-recalc-dims=\"1\" loading=\"lazy\" decoding=\"async\" width=\"771\" height=\"999\" data-attachment-id=\"16398\" data-permalink=\"https:\/\/istorie.unibuc.ro\/facultate\/departamente\/istorie-antica-arheologie-si-istoria-artei\/prof-dr-sorin-cristian-ailincai\/sorin-ailinci-011\/\" data-orig-file=\"https:\/\/i0.wp.com\/istorie.unibuc.ro\/wp-content\/uploads\/2024\/09\/Sorin-Ailinci-011-scaled.jpg?fit=1974%2C2560&amp;ssl=1\" data-orig-size=\"1974,2560\" data-comments-opened=\"0\" data-image-meta=\"{&quot;aperture&quot;:&quot;4.5&quot;,&quot;credit&quot;:&quot;GABRIEL DINCU&quot;,&quot;camera&quot;:&quot;Canon EOS 100D&quot;,&quot;caption&quot;:&quot;&quot;,&quot;created_timestamp&quot;:&quot;1726062558&quot;,&quot;copyright&quot;:&quot;&quot;,&quot;focal_length&quot;:&quot;39&quot;,&quot;iso&quot;:&quot;400&quot;,&quot;shutter_speed&quot;:&quot;0.016666666666667&quot;,&quot;title&quot;:&quot;&quot;,&quot;orientation&quot;:&quot;0&quot;}\" data-image-title=\"Sorin Ailinc?i 01(1)\" data-image-description=\"\" data-image-caption=\"\" data-medium-file=\"https:\/\/i0.wp.com\/istorie.unibuc.ro\/wp-content\/uploads\/2024\/09\/Sorin-Ailinci-011-scaled.jpg?fit=231%2C300&amp;ssl=1\" data-large-file=\"https:\/\/i0.wp.com\/istorie.unibuc.ro\/wp-content\/uploads\/2024\/09\/Sorin-Ailinci-011-scaled.jpg?fit=771%2C999&amp;ssl=1\" src=\"https:\/\/i0.wp.com\/istorie.unibuc.ro\/wp-content\/uploads\/2024\/09\/Sorin-Ailinci-011.jpg?resize=771%2C999&#038;ssl=1\" alt=\"\" class=\"wp-image-16398\" style=\"width:223px;height:auto\" srcset=\"https:\/\/i0.wp.com\/istorie.unibuc.ro\/wp-content\/uploads\/2024\/09\/Sorin-Ailinci-011-scaled.jpg?resize=790%2C1024&amp;ssl=1 790w, https:\/\/i0.wp.com\/istorie.unibuc.ro\/wp-content\/uploads\/2024\/09\/Sorin-Ailinci-011-scaled.jpg?resize=231%2C300&amp;ssl=1 231w, https:\/\/i0.wp.com\/istorie.unibuc.ro\/wp-content\/uploads\/2024\/09\/Sorin-Ailinci-011-scaled.jpg?resize=768%2C996&amp;ssl=1 768w, https:\/\/i0.wp.com\/istorie.unibuc.ro\/wp-content\/uploads\/2024\/09\/Sorin-Ailinci-011-scaled.jpg?resize=1184%2C1536&amp;ssl=1 1184w, https:\/\/i0.wp.com\/istorie.unibuc.ro\/wp-content\/uploads\/2024\/09\/Sorin-Ailinci-011-scaled.jpg?resize=1579%2C2048&amp;ssl=1 1579w, https:\/\/i0.wp.com\/istorie.unibuc.ro\/wp-content\/uploads\/2024\/09\/Sorin-Ailinci-011-scaled.jpg?w=1974&amp;ssl=1 1974w\" sizes=\"auto, (max-width: 771px) 100vw, 771px\" \/><\/figure>\n<\/div>\n\n\n<p class=\"wp-block-paragraph\"><strong>Email:\u00a0<\/strong><a href=\"mailto:sorin-cristian.ailincai@istorie.unibuc.ro\">sorin-cristian.ailincai@istorie.unibuc.ro<\/a><\/p>\n\n\n\n<p class=\"wp-block-paragraph\"><strong>Studii:<\/strong><strong><\/strong><\/p>\n\n\n\n<p class=\"wp-block-paragraph\">Doctor \u00een domeniul Istorie (2003-2010), Universitatea \u201dAlexandru Ioan Cuza\u201d din Ia\u0219i, tema \u201d\u00cenceputurile epocii fierului \u00een Dobrogea\u201d, distinc\u021bia Magna cum laude (conduc\u0103tor: Prof. univ. dr. Attila L\u00e1szl\u00f3); <\/p>\n\n\n\n<p class=\"wp-block-paragraph\">Studii aprofundate (master) (2001-2003), Universitatea din Bucure\u0219ti, Facultatea de Istorie, specializare: Istoria antic\u0103 \u0219i arheologie; <\/p>\n\n\n\n<p class=\"wp-block-paragraph\">Studii de licen\u021b\u0103 (1997-2001), Universitatea din Bucure\u0219ti, Facultatea de Istorie, specializare: Istoria antic\u0103 a Rom\u00e2niei \u0219i Universal\u0103.<\/p>\n\n\n\n<p class=\"wp-block-paragraph\"><\/p>\n\n\n\n<p class=\"wp-block-paragraph\"><strong>Domenii de interes:<\/strong><strong><\/strong><\/p>\n\n\n\n<p class=\"wp-block-paragraph\">-Civiliza\u021bii ale epocilor bronzului \u0219i fierului \u00een sud-estul Europei; <\/p>\n\n\n\n<p class=\"wp-block-paragraph\">Arheologia funerar\u0103; <\/p>\n\n\n\n<p class=\"wp-block-paragraph\">Metalurgia preistoric\u0103;<\/p>\n\n\n\n<p class=\"wp-block-paragraph\"><\/p>\n\n\n\n<p class=\"wp-block-paragraph\"><strong>Cursuri sustinute la facultate:<\/strong><strong><\/strong><\/p>\n\n\n\n<p class=\"wp-block-paragraph\">Curs general: Traci, ge\u021bi \u0219i daci \u00een izvoarele scrise \u0219i arheologice; <\/p>\n\n\n\n<p class=\"wp-block-paragraph\">Curs special: Bunuri cu caracter simbolic \u00een Pre- \u0219i Protoistorie; <\/p>\n\n\n\n<p class=\"wp-block-paragraph\">Curs op\u021bional: Arheologia funerar\u0103; <\/p>\n\n\n\n<p class=\"wp-block-paragraph\">Curs op\u021bional: Arheologia teoretic\u0103.<\/p>\n\n\n\n<p class=\"wp-block-paragraph\"><\/p>\n\n\n\n<p class=\"wp-block-paragraph\"><strong>Consultatii:<\/strong><strong><\/strong><\/p>\n\n\n\n<p class=\"wp-block-paragraph\"><strong>Lista selectiva de publicatii:<\/strong><strong><\/strong><\/p>\n\n\n\n<p class=\"wp-block-paragraph\"><strong>Carti\/capitole \u00een car\u021bi<\/strong><strong><\/strong><\/p>\n\n\n\n<p class=\"wp-block-paragraph\">Ailinc\u0103i, S.C. 2015, Tr\u0103ind cu mor\u0163ii. \u00cemnorm\u00e2nt\u0103ri \u00een a\u015fez\u0103ri de la \u00eenceputul epocii fierului \u00eentre Carpa\u0163i, Tisa \u015fi Nistru, Editura Academia Rom\u00e2n\u0103. Centrul de Sudii Transilvane, Cluj-Napoca, 2015 (ISBN 978-606-8694-12-2) (CNCS B) <\/p>\n\n\n\n<p class=\"wp-block-paragraph\">Ailinc\u0103i, S.C. 2013, \u00cenceputurile epocii fierului \u00een Dobrogea. Cercet\u0103rile arheologice de la Rev\u0103rsarea, Isaccea, jud. Tulcea, Br\u0103ila. <\/p>\n\n\n\n<p class=\"wp-block-paragraph\">S\u00eerbu, V., Ailinc\u0103i S., Simion G. 2008, Jijila\u2013Cet\u0103\u0163uie. O a\u015fezarea fortificat\u0103 a culturii Babadag \u00een nord-vestul Dobrogei, Br\u0103ila. <\/p>\n\n\n\n<p class=\"wp-block-paragraph\"><strong>Volume editate <\/strong><\/p>\n\n\n\n<p class=\"wp-block-paragraph\">Ailinc\u0103i, S.C., Micu, C., Mihail, F. (eds.) 2008, Omagiu lui Gavril\u0103 Simion la a 80-a aniversare, Tulcea. <\/p>\n\n\n\n<p class=\"wp-block-paragraph\">Ailinc\u0103i, S.C., Nu\u021bu, G., Mocanu, M., Micu, C., St\u0103nic\u0103, A. (eds.) 2021, Studii de arheologie \u0219i istorie antic\u0103 \u00een onoarea lui Victor Henrich Baumann cu ocazia celei de 80-a anivers\u0103ri, Biblioteca Istro-Pontica. Seria Arheologie 21, Editura Mega, Cluj-Napoca, 452 p.<\/p>\n\n\n\n<p class=\"wp-block-paragraph\"> Ailinc\u0103i, S.C., \u0162\u00e2rlea A., Micu C. (eds.) 2013, Din preistoria Dun\u0103rii de Jos. 50 de ani de la \u00eenceputul cercet\u0103rilor de la Babadag (1962-2012). Actele conferin\u0163ei \u201eLower Danube Prehistory. 50 Years of Excavations at Babadag, Tulcea, September 20th-22th, Br\u0103ila. <\/p>\n\n\n\n<p class=\"wp-block-paragraph\">Gog\u00e2ltan F., Ailinc\u0103i S.C. (eds.) 2016, Settlements of Life and Death. Studies from Prehistory to Middle Ages. Proceedings of an International Colloqium Tulcea, Romania, 25th-28th May 2016, Ed. Mega. <\/p>\n\n\n\n<p class=\"wp-block-paragraph\">Maran, J., B\u0103jenaru, R., Ailinc\u0103i, S.C., Popescu, A.D., Hansen, S. (eds.) 2020, Objects, Ideas and Travelers. Contacts between the Balkans, the Aegean and wetsren Amatolia during the Bronze and Early Iron Age, Volume to the Memory of Alexandru Vulpe. Proceedings of the Conference in Tulcea, 10-13 November, 2017, Universit\u00e4tsforschungen zur pr\u00e4historischen Arch\u00e4ologie, Band 350, Verlag Dr. Rudolf Habelt GmbH, Bonn, 2020. <\/p>\n\n\n\n<p class=\"wp-block-paragraph\">Nu\u0163u, G., Ailinc\u0103i, S.C., Micu, C. (eds.) 2017, Omul, Fluviul \u015fi Marea. Studii de arheologie \u015fi istorie \u00een oneoarea lui Florin Topoleanu la a 65-a aniversare, Ed. Mega. <\/p>\n\n\n\n<p class=\"wp-block-paragraph\">\u015etefan, C., Florea, M., Ailinc\u0103i, S., Micu, C. (eds.) 2014, Studii privind preistoria sud-estului Europei. Volum dedicat memoriei lui Mihai \u015eimon, Ed. Istros, Br\u0103ila. <\/p>\n\n\n\n<p class=\"wp-block-paragraph\">Zanoci, A., B\u0103\u0163, M., Ailinc\u0103i, S.C., \u0162\u00e2rlea, A. (eds.) 2018, Cercet\u0103ri interdisciplinare \u00een siturile de epoca fierului din spa\u0163iul tiso-nistrean. Materialele colloqium-ului de var\u0103 de la Saharna \/ Interdisciplinary research in Iron Age sites from the Tisa-Dnister area. Proceedings of Saharna Summer Colloqium, July 13th-16th, 2017, Biblioteca Istro-Pontica. Seria Arheologie 17, Editura Mega, Cluj-Napoca, 237 p. <\/p>\n\n\n\n<p class=\"wp-block-paragraph\">Zanoci, A., B\u0103\u021b, M., \u021a\u00e2rlea, A., Ailinc\u0103i, S.C. (eds.) 2019, Archaeological Structures from the Iron Age settlements in the Tisza-Dniester region. Proceedings of the Saharna Colloqium, July 12th-15th, 2018 \/ Structuri arheologice din a\u0219ez\u0103rile epocii fierului \u00een spa\u021biul tiso-nistrean. Materialele colloqium-ului de var\u0103 de la Saharna 12-15 iulie 2018, Biblioteca Istro-Pontica. Seria Arheologie 18, Editura Mega, Cluj-Napoca. <\/p>\n\n\n\n<p class=\"wp-block-paragraph\"><\/p>\n\n\n\n<p class=\"wp-block-paragraph\"><strong>Articole\/studii<\/strong><strong><\/strong><\/p>\n\n\n\n<p class=\"wp-block-paragraph\"><\/p>\n\n\n\n<p class=\"wp-block-paragraph\"> Ailinc\u0103i S. C., \u00cenceputurile epocii fierului \u00een Dobrogea, SCIVA 64, 3-4, 223-292. <\/p>\n\n\n\n<p class=\"wp-block-paragraph\">Ailinc\u0103i S., Jug\u0103naru G., \u0162\u00e2rlea A. C., Vernescu M. 2007, Early Iron Age Complexes with Human Remains from the Babadag Settlement, Peuce S.N. 3-4, 77-108. <\/p>\n\n\n\n<p class=\"wp-block-paragraph\">Ailinc\u0103i S., Miri\u0163oiu N., Soficaru A. 2006, A pit with human remains attributed to the Babadag culture discovered in pre-colonial leve lat Orgame, \u00een M\u0103nucu-Adame\u015fteanu, M. (ed.), A la recherche d\u2019une colonie. Actes du Colloque International. 40 ans de recherche arch\u00e9ologiques \u00e0 Orgam\u00e9\/Argamum, Bucure\u015fti, 81-107. <\/p>\n\n\n\n<p class=\"wp-block-paragraph\">Ailinc\u0103i S.-C., Constantinescu M., B\u0103l\u0103\u015fescu A. 2016, Feasts, Animal Sacrifice, deposits and Human Cadaver Manipulation at the Beginning of the First Millenium B.C. in the Lower Danube Region. The Satu Nou\u2013Valea lui Voicu site (Constanta county, South-East Romania), \u00een Gog\u00e2ltan F., Ailinc\u0103i S.C. (eds.), Settlements of Life and Death. Studies from Prehistory to Middle Ages. Proceedings of an International Colloqium Tulcea, Romania, 25th-28th May 2016, Ed. Mega, 235-254. <\/p>\n\n\n\n<p class=\"wp-block-paragraph\">Ailinc\u0103i S.C., Constantinescu M., Curta F., Soficaru A. 2014, An Early seventh-century female grave from Dobruja, Archaeologia Bulgarica 1, 2014, 65-84. <\/p>\n\n\n\n<p class=\"wp-block-paragraph\">Ailinc\u0103i, S. C. 2011, Ceramica culturii Babadag. Cu privire special\u0103 asupra descoperirilor din Dobrogea, Peuce, S.N. 9, 55-178.<\/p>\n\n\n\n<p class=\"wp-block-paragraph\"> Ailinc\u0103i, S.C. 2016, Analysis and Interpretation of the Babadag culture Pottery decorating Style, in Zanoci, A., Kaiser, E., Kashuba, M., Izbitser E., B\u0103\u0163, M. (eds.), Mensch, Kultur und Gesellschaft von der Kupferzeit bis zur Fr\u00fchen Eisenzeit im N\u00f6rdlichen Eurasien. Beitr\u00e4ge zu ehren zum 60. Geburtstag von Eugen Sava, Tyragetia International 1, Chi\u015fin\u0103u, 319-336. <\/p>\n\n\n\n<p class=\"wp-block-paragraph\">Ailinc\u0103i, S.C. 2016, Before the Greeks. The Early Iron Age in Dobrudja, \u00een Gog\u00e2ltan, F., Cordo\u015f, C. (eds.), Prehistoric Settlements: Social, Economic and Cultural Aspects. Seven Studies in the Carpathian area, Ed. Mega, 201-236.<\/p>\n\n\n\n<p class=\"wp-block-paragraph\"> Ailinc\u0103i, S.C. 2016, Living with the dead. Burials in Early Iron Age settlements between the Balkans, Tisza and Dnestr, \u00een S\u00eerbu, V., Jevti\u0107 M., Dimitrovi\u0107 K, Lju\u0161tina M. (eds.), Funerary Practives during the Bronze and Iron Ages in Central and Southeast Europe. Proceedings of the 14th International Colloqium of Funerary Archaeology in \u010ca\u010dak, Serbia, 24th-27th September 2015, 135-164. <\/p>\n\n\n\n<p class=\"wp-block-paragraph\">Ailinc\u0103i, S.C. 2020, Early Iron Age Stamped Pottery in Southeastern Europe. Analysis, Chronology and Interpretation, \u00een Maran, J., B\u0103jenaru, R., Ailinc\u0103i, S.C., Popescu, A.D., Hansen, S. (eds.), Objects, Ideas and Travelers. Contacts between the Balkans, the Aegean and wetsren Amatolia during the Bronze and Early Iron Age, Volume to the Memory of Alexandru Vulpe. Proceedings of the Conference in Tulcea, 10-13 November, 2017, Universit\u00e4tsforschungen zur pr\u00e4historischen Arch\u00e4ologie, Band 350, Verlag Dr. Rudolf Habelt GmbH, Bonn, 447-472. <\/p>\n\n\n\n<p class=\"wp-block-paragraph\">Ailinc\u0103i, S.C., Cernamori\u021bi, R.M., \u021a\u00e2rlea, A.C., Paraschiv, D. 2022, Vestigii uitate. Despre unele descoperiri preistorice de la Ostrov\u2013Piatra Frec\u0103\u021bei (cetatea Beroe), jud. Tulcea \/ Forgotten finds. On some prehistoric discoveries at Ostrov\u2013Piatra Frec\u0103\u021bei (ancient Beroe), Tulcea county, \u00een Zanoci, A., B\u0103\u021b, M. (eds.), Descoperiri vechi \u0219i abord\u0103ri noi \u00een areologia epocii fierului din spa\u021biul tiso-nistrean. Materialele colloquium-ului de var\u0103 de la Saharna, Saharna, 28-31 iulie 2022 \/ Old discoveries and new approaches to the Archaeology of the Iron Age in the Tisa-Dnister area. Proceedings of the Saharna Summer Colloqium, Saharna, July 28th-July 31th 2022, Proceedings of the Saharna Summer Colloquia 7, Chi\u0219in\u0103u, 11-50. <\/p>\n\n\n\n<p class=\"wp-block-paragraph\">Ailinc\u0103i, S.C., Constantinescu, M., 2015, Living with the dead. Burials in Early Iron Age settlement at Enisala \u2013 Palanca, Tulcea county (South-Eastern Romania), Sprawozdania Archeologiczne 67. <\/p>\n\n\n\n<p class=\"wp-block-paragraph\">Ailinc\u0103i, S.C., Constantinescu, M., Dima, A., Sava, G., Mihail, F., Micu, C., Mocanu, M., St\u0103nic\u0103, A.D. 2021, Bronze Age graves at Jijila (Southeastern Romania), in Heyd, V., Kulcsar, G., Preda-B\u0103l\u0103nic\u0103, B. (eds.), Yamnaya Interactions. Proceedings of the International Workshop held in Helsinki, 25-26 Aprilie 2019, Archaeolingua 44, The Yamnaya Impact on Prehistoric Europe 2, Budapest, 207-242. <\/p>\n\n\n\n<p class=\"wp-block-paragraph\">Ailinc\u0103i, S.C., Constantinescu, M., Ren\u0163a, E. 2015, Concerning the burials from the Early Iron Age settlement Bucu \u2013 Pochina, Ialomita county, SCIVA 66, 1-2, 5-30. <\/p>\n\n\n\n<p class=\"wp-block-paragraph\">Ailinc\u0103i, S.C., Mihail, F., Constantinescu, M., Carozza, L., Micu, C., Burens, A. 2016, D\u00e9couverte d&#8217;un tumulus de l&#8217;age du Bronze a Rahman sur la commune de Casimcea (D\u00e9p. de Tulcea), SCIVA 67, 1-2, 29-52. <\/p>\n\n\n\n<p class=\"wp-block-paragraph\">Ailinc\u0103i, S.C., B\u0103l\u0103\u0219escu, A., Radu, V., Dima, A., Sava, G., \u021a\u00e2rlea, A., S\u00eerbu, G., Mihail, F., St\u0103nic\u0103, A., Mocau, M., Micu, C., Cernamori\u021bi, R. 2023, Jijila \u2013 A Late Bronze Age Site on the Lower Danube, Archaeologia Bulgarica 27 (2), 1-28. <\/p>\n\n\n\n<p class=\"wp-block-paragraph\">Ailinc\u0103i, S.C., Adamescu, A., Mandache, T., Mirea, D., Simion, C., M\u0103n\u0103ilescu, C., Petre, A.R., \u021a\u00e2rlea, A. 2024, A dagger with parallel cutting edges from V\u00e2n\u0103tori, Gala\u021bi County (South-Eastern Romania), in Gog\u00e2ltan, F., Sava, V. (eds.), The Bronze Age on the both sides of the Carpathians. Studies in Honor of Tudor Soroceanu at 80 years, Ed. Mega, Cluj-Napoca, 195-214. https:\/\/icemtl.academia.edu\/AilincaiSorinCristian https:\/\/www.researchgate.net\/profile\/Sorin-Cristian-Ailincai<\/p>\n","protected":false},"excerpt":{"rendered":"<p>Email:\u00a0sorin-cristian.ailincai@istorie.unibuc.ro Studii: Doctor \u00een domeniul Istorie (2003-2010), Universitatea \u201dAlexandru Ioan Cuza\u201d din Ia\u0219i, tema \u201d\u00cenceputurile epocii fierului \u00een Dobrogea\u201d, distinc\u021bia Magna cum laude (conduc\u0103tor: Prof. univ. dr. Attila L\u00e1szl\u00f3); Studii aprofundate (master) (2001-2003), Universitatea din Bucure\u0219ti, Facultatea de Istorie, specializare: Istoria antic\u0103 \u0219i arheologie; Studii de licen\u021b\u0103 (1997-2001), Universitatea din Bucure\u0219ti, Facultatea de Istorie, specializare: [&hellip;]<\/p>\n","protected":false},"author":10,"featured_media":0,"parent":173,"menu_order":0,"comment_status":"closed","ping_status":"closed","template":"","meta":{"_crdt_document":"","jetpack_post_was_ever_published":false,"footnotes":""},"class_list":["post-16395","page","type-page","status-publish","hentry"],"jetpack_sharing_enabled":true,"jetpack_shortlink":"https:\/\/wp.me\/PaobZd-4gr","jetpack-related-posts":[],"_links":{"self":[{"href":"https:\/\/istorie.unibuc.ro\/facultate\/wp-json\/wp\/v2\/pages\/16395","targetHints":{"allow":["GET"]}}],"collection":[{"href":"https:\/\/istorie.unibuc.ro\/facultate\/wp-json\/wp\/v2\/pages"}],"about":[{"href":"https:\/\/istorie.unibuc.ro\/facultate\/wp-json\/wp\/v2\/types\/page"}],"author":[{"embeddable":true,"href":"https:\/\/istorie.unibuc.ro\/facultate\/wp-json\/wp\/v2\/users\/10"}],"replies":[{"embeddable":true,"href":"https:\/\/istorie.unibuc.ro\/facultate\/wp-json\/wp\/v2\/comments?post=16395"}],"version-history":[{"count":2,"href":"https:\/\/istorie.unibuc.ro\/facultate\/wp-json\/wp\/v2\/pages\/16395\/revisions"}],"predecessor-version":[{"id":16400,"href":"https:\/\/istorie.unibuc.ro\/facultate\/wp-json\/wp\/v2\/pages\/16395\/revisions\/16400"}],"up":[{"embeddable":true,"href":"https:\/\/istorie.unibuc.ro\/facultate\/wp-json\/wp\/v2\/pages\/173"}],"wp:attachment":[{"href":"https:\/\/istorie.unibuc.ro\/facultate\/wp-json\/wp\/v2\/media?parent=16395"}],"curies":[{"name":"wp","href":"https:\/\/api.w.org\/{rel}","templated":true}]}}