{"id":16318,"date":"2024-09-29T06:56:09","date_gmt":"2024-09-29T06:56:09","guid":{"rendered":"https:\/\/istorie.unibuc.ro\/facultate\/?page_id=16318"},"modified":"2024-09-29T07:00:32","modified_gmt":"2024-09-29T07:00:32","slug":"asist-dr-iulia-alexandra-iliescu","status":"publish","type":"page","link":"https:\/\/istorie.unibuc.ro\/facultate\/departamente\/istorie-antica-arheologie-si-istoria-artei\/asist-dr-iulia-alexandra-iliescu\/","title":{"rendered":"Asist. dr. Iulia-Alexandra Iliescu"},"content":{"rendered":"\n<p class=\"wp-block-paragraph\"><strong>Email:\u00a0<\/strong><a href=\"mailto:iulia-alexandra.iliescu@istorie.unibuc.ro\">iulia-alexandra.iliescu@istorie.unibuc.ro<\/a><\/p>\n\n\n\n<p class=\"wp-block-paragraph\"><\/p>\n\n\n\n<p class=\"wp-block-paragraph\"><strong>Studii:<\/strong><strong><\/strong><\/p>\n\n\n\n<p class=\"wp-block-paragraph\">Doctorat \u00een Istorie, teza de doctorat intitulat\u0103 \u201eThe Late Roman Pottery at Histria (4th \u2013 7th centuries AD). Considerations regarding the Local and Imported Pottery in Scythia Minor\u201d<\/p>\n\n\n\n<p class=\"wp-block-paragraph\"><\/p>\n\n\n\n<p class=\"wp-block-paragraph\"><strong>Domenii de interes:<\/strong><strong><\/strong><\/p>\n\n\n\n<p class=\"wp-block-paragraph\">Istorie \u0219i arheologie clasic\u0103 greco-roman\u0103, economie roman\u0103 \u0219i paleo-bizantin\u0103, ceramologie, managementul patrimoniului cultural<\/p>\n\n\n\n<p class=\"wp-block-paragraph\"><\/p>\n\n\n\n<p class=\"wp-block-paragraph\"><strong>Cursuri sustinute la facultate:<\/strong><strong><\/strong><\/p>\n\n\n\n<p class=\"wp-block-paragraph\">Seminar &#8211; Arheologie General\u0103. Patrimoniul Arheologic (Istorie, Istoria Artei, anul I)<\/p>\n\n\n\n<p class=\"wp-block-paragraph\"> Seminar &#8211; Arheologie General\u0103. Metode \u0219i Practici \u00een Arheologie (Istorie, anul I); <\/p>\n\n\n\n<p class=\"wp-block-paragraph\">Seminar &#8211; Expansiune \u015fi diploma\u0163ie \u00een spa\u0163iul mediteranean \u00een epoca roman\u0103 (Istorie \u0219i RISE, anul I); <\/p>\n\n\n\n<p class=\"wp-block-paragraph\">Seminar special de studiere a surselor istorice. Surse arheologice (Istorie, anul II); <\/p>\n\n\n\n<p class=\"wp-block-paragraph\">Seminar &#8211; Legisla\u0163ia \u015fi organiza\u0163iile de protec\u0163ie a patrimoniului cultural (Istoria Artei, anul II); <\/p>\n\n\n\n<p class=\"wp-block-paragraph\">Curs Special Aplicat &#8211; Desenul Arheologic (Istorie, anul III)<\/p>\n\n\n\n<p class=\"wp-block-paragraph\"><\/p>\n\n\n\n<p class=\"wp-block-paragraph\"><strong>Consultatii:<\/strong><strong><\/strong><\/p>\n\n\n\n<p class=\"wp-block-paragraph\"><\/p>\n\n\n\n<p class=\"wp-block-paragraph\"><strong>Lista selectiva de publicatii:<\/strong><strong><\/strong><\/p>\n\n\n\n<p class=\"wp-block-paragraph\"><strong>Carti\/capitole \u00een car\u021bi<\/strong><strong><\/strong><\/p>\n\n\n\n<p class=\"wp-block-paragraph\">V. Rusu-Bolinde\u021b, C. A. Roman, M. Gui, I. A. ILIESCU, F. O. Boti\u0219, S. Musta\u021b\u0103, D. Petru\u021b, Atlas of Roman Pottery Workshops from the Provinces of Dacia and Lower Moesia\/Scythia Minor (1st \u2013 7th centuries AD), vol. I, Mega Publishing House, Cluj-Napoca, 2018. <\/p>\n\n\n\n<p class=\"wp-block-paragraph\">V. Rusu-Bolinde\u021b, F. O. Boti\u0219, C. A. Roman, I. A. ILIESCU, I. Potra, B. E. Grigora\u0219, L. Nedelea, The Supply of Ceramic Goods in Dacia and Lower Moesia: Imports and Local Developments, Mega Publishing House, Cluj-Napoca, 2018. <\/p>\n\n\n\n<p class=\"wp-block-paragraph\"><\/p>\n\n\n\n<p class=\"wp-block-paragraph\"><strong>Articole\/studii<\/strong><strong><\/strong><\/p>\n\n\n\n<p class=\"wp-block-paragraph\"> R. Bugoi, Al. \u021a\u00e2rlea, I. ILIESCU, D. Dimofte, B. Manea, D. Ceccato, \u201eShedding new light on Late Antique pottery from Histria, Romania\u201d, NIMB, 538, 2023, 138-143.<\/p>\n\n\n\n<p class=\"wp-block-paragraph\">Al. \u021a\u00e2rlea, I. ILIESCU, V. Bottez, \u201eA Display of Faith. The Sign of the Cross in Household Contexts from Scythia Minor during the Late Roman period (5th \u2013 6th centuries AD)\u201d, Peuce, S.N. XX, 2022, 147-194. <\/p>\n\n\n\n<p class=\"wp-block-paragraph\">I. ILIESCU, V. Bottez, \u201eNorth-African imports attested in the West-Pontic area. Late Roman products recently discovered in Istros\u201d. \u00cen: A. Mrabet, F. (Boh\u00eel\u021bea) Mihu\u021b (eds.), In Africa et in Moesia. Fronti\u00e8res du monde romain. Partager le patrimoine de l\u2019Afrique du Nord et du Bas Danube \/ Borders of the Roman World. Sharing Heritage of North Africa and the Lower Danube, Bucharest University Press, Bucharest 2021, 131-150. <\/p>\n\n\n\n<p class=\"wp-block-paragraph\">I. ILIESCU, V. Bottez, \u201cLate Roman Lamps Discovered in Istros, on the Acropolis Centre-South Sector (2013-2020 Campaigns)\u201d, Peuce, S.N. XIX, 2021, 181-224. <\/p>\n\n\n\n<p class=\"wp-block-paragraph\">I. ILIESCU, V. Bottez, \u201eLate Roman Tableware Imports from Recent Research in Histria\u201d. In: G. R. Tsetskhladze, Al. Avram, J. Hargrave (eds.), The Greeks and Romans in the Black Sea and the Importance of the Pontic Region for the Graeco-Roman World (7th century BC \u2013 5th century AD): 20 Years On (1997-2017). Proceedings of the Sixth International Congress on Black Sea Antiquities (Constan\u021ba \u2013 18\u201322 September 2017) dedicated to Prof. Sir John Boardman to celebrate his exceptional achievements on his 90th Birthday, Archaeopress, Oxford 2021, 571-575. <\/p>\n\n\n\n<p class=\"wp-block-paragraph\">I. Al. ILIESCU, F. O Boti\u0219, \u201eThe Pottery Workshops from Histria\u201d. In: V. Rusu-Bolinde\u021b, C. A. Roman, M. Gui, I. A. Iliescu, F. O. Boti\u0219, S. Musta\u021b\u0103, D. Petru\u021b (eds.), Atlas of Roman Pottery Workshops from the Provinces of Dacia and Lower Moesia\/Scythia Minor (1st \u2013 7th centuries AD), vol. I, Mega Publishing House, Cluj-Napoca, 2018, p. 193\u2013210. <\/p>\n\n\n\n<p class=\"wp-block-paragraph\">I. Al. ILIESCU, \u201eThe Pottery Workshops at Drobeta\u201d. In: V. Rusu-Bolinde\u021b, C. A. Roman, M. Gui, I. A. Iliescu, F. O. Boti\u0219, S. Musta\u021b\u0103, D. Petru\u021b (eds.), Atlas of Roman Pottery Workshops from the Provinces of Dacia and Lower Moesia\/Scythia Minor (1st \u2013 7th centuries AD), vol. I, Mega Publishing House, Cluj-Napoca, 2018, p. 157\u2013174.<\/p>\n","protected":false},"excerpt":{"rendered":"<p>Email:\u00a0iulia-alexandra.iliescu@istorie.unibuc.ro Studii: Doctorat \u00een Istorie, teza de doctorat intitulat\u0103 \u201eThe Late Roman Pottery at Histria (4th \u2013 7th centuries AD). Considerations regarding the Local and Imported Pottery in Scythia Minor\u201d Domenii de interes: Istorie \u0219i arheologie clasic\u0103 greco-roman\u0103, economie roman\u0103 \u0219i paleo-bizantin\u0103, ceramologie, managementul patrimoniului cultural Cursuri sustinute la facultate: Seminar &#8211; Arheologie General\u0103. Patrimoniul [&hellip;]<\/p>\n","protected":false},"author":10,"featured_media":0,"parent":173,"menu_order":0,"comment_status":"closed","ping_status":"closed","template":"","meta":{"_crdt_document":"","jetpack_post_was_ever_published":false,"footnotes":""},"class_list":["post-16318","page","type-page","status-publish","hentry"],"jetpack_sharing_enabled":true,"jetpack_shortlink":"https:\/\/wp.me\/PaobZd-4fc","jetpack-related-posts":[],"_links":{"self":[{"href":"https:\/\/istorie.unibuc.ro\/facultate\/wp-json\/wp\/v2\/pages\/16318","targetHints":{"allow":["GET"]}}],"collection":[{"href":"https:\/\/istorie.unibuc.ro\/facultate\/wp-json\/wp\/v2\/pages"}],"about":[{"href":"https:\/\/istorie.unibuc.ro\/facultate\/wp-json\/wp\/v2\/types\/page"}],"author":[{"embeddable":true,"href":"https:\/\/istorie.unibuc.ro\/facultate\/wp-json\/wp\/v2\/users\/10"}],"replies":[{"embeddable":true,"href":"https:\/\/istorie.unibuc.ro\/facultate\/wp-json\/wp\/v2\/comments?post=16318"}],"version-history":[{"count":2,"href":"https:\/\/istorie.unibuc.ro\/facultate\/wp-json\/wp\/v2\/pages\/16318\/revisions"}],"predecessor-version":[{"id":16322,"href":"https:\/\/istorie.unibuc.ro\/facultate\/wp-json\/wp\/v2\/pages\/16318\/revisions\/16322"}],"up":[{"embeddable":true,"href":"https:\/\/istorie.unibuc.ro\/facultate\/wp-json\/wp\/v2\/pages\/173"}],"wp:attachment":[{"href":"https:\/\/istorie.unibuc.ro\/facultate\/wp-json\/wp\/v2\/media?parent=16318"}],"curies":[{"name":"wp","href":"https:\/\/api.w.org\/{rel}","templated":true}]}}