{"id":16297,"date":"2024-09-29T05:15:25","date_gmt":"2024-09-29T05:15:25","guid":{"rendered":"https:\/\/istorie.unibuc.ro\/facultate\/?page_id=16297"},"modified":"2024-09-29T05:24:49","modified_gmt":"2024-09-29T05:24:49","slug":"conf-dr-mihai-dan-constantinescu","status":"publish","type":"page","link":"https:\/\/istorie.unibuc.ro\/facultate\/departamente\/istorie-antica-arheologie-si-istoria-artei\/conf-dr-mihai-dan-constantinescu\/","title":{"rendered":"Conf. dr. Mihai Dan Constantinescu"},"content":{"rendered":"\n<p class=\"wp-block-paragraph\"><\/p>\n\n\n<div class=\"wp-block-image\">\n<figure class=\"alignright size-large is-resized\"><img data-recalc-dims=\"1\" loading=\"lazy\" decoding=\"async\" width=\"771\" height=\"560\" data-attachment-id=\"16304\" data-permalink=\"https:\/\/istorie.unibuc.ro\/facultate\/departamente\/istorie-antica-arheologie-si-istoria-artei\/conf-dr-mihai-dan-constantinescu\/constantinescu-foto-2\/\" data-orig-file=\"https:\/\/i0.wp.com\/istorie.unibuc.ro\/wp-content\/uploads\/2024\/09\/Constantinescu-foto-1.jpg?fit=2450%2C1779&amp;ssl=1\" data-orig-size=\"2450,1779\" data-comments-opened=\"0\" data-image-meta=\"{&quot;aperture&quot;:&quot;0&quot;,&quot;credit&quot;:&quot;Mircea Popa&quot;,&quot;camera&quot;:&quot;&quot;,&quot;caption&quot;:&quot;&quot;,&quot;created_timestamp&quot;:&quot;0&quot;,&quot;copyright&quot;:&quot;Mircea Popa 0721134224&quot;,&quot;focal_length&quot;:&quot;0&quot;,&quot;iso&quot;:&quot;0&quot;,&quot;shutter_speed&quot;:&quot;0&quot;,&quot;title&quot;:&quot;&quot;,&quot;orientation&quot;:&quot;0&quot;}\" data-image-title=\"Constantinescu foto\" data-image-description=\"\" data-image-caption=\"\" data-large-file=\"https:\/\/i0.wp.com\/istorie.unibuc.ro\/wp-content\/uploads\/2024\/09\/Constantinescu-foto-1.jpg?fit=771%2C560&amp;ssl=1\" src=\"https:\/\/i0.wp.com\/istorie.unibuc.ro\/wp-content\/uploads\/2024\/09\/Constantinescu-foto-1.jpg?resize=771%2C560&#038;ssl=1\" alt=\"\" class=\"wp-image-16304\" style=\"width:265px;height:auto\" srcset=\"https:\/\/i0.wp.com\/istorie.unibuc.ro\/wp-content\/uploads\/2024\/09\/Constantinescu-foto-1.jpg?resize=1024%2C744&amp;ssl=1 1024w, https:\/\/i0.wp.com\/istorie.unibuc.ro\/wp-content\/uploads\/2024\/09\/Constantinescu-foto-1.jpg?resize=300%2C218&amp;ssl=1 300w, https:\/\/i0.wp.com\/istorie.unibuc.ro\/wp-content\/uploads\/2024\/09\/Constantinescu-foto-1.jpg?resize=768%2C558&amp;ssl=1 768w, https:\/\/i0.wp.com\/istorie.unibuc.ro\/wp-content\/uploads\/2024\/09\/Constantinescu-foto-1.jpg?resize=1536%2C1115&amp;ssl=1 1536w, https:\/\/i0.wp.com\/istorie.unibuc.ro\/wp-content\/uploads\/2024\/09\/Constantinescu-foto-1.jpg?resize=2048%2C1487&amp;ssl=1 2048w, https:\/\/i0.wp.com\/istorie.unibuc.ro\/wp-content\/uploads\/2024\/09\/Constantinescu-foto-1.jpg?resize=400%2C290&amp;ssl=1 400w, https:\/\/i0.wp.com\/istorie.unibuc.ro\/wp-content\/uploads\/2024\/09\/Constantinescu-foto-1.jpg?w=2313&amp;ssl=1 2313w\" sizes=\"auto, (max-width: 771px) 100vw, 771px\" \/><\/figure>\n<\/div>\n\n\n<p class=\"wp-block-paragraph\">Email:\u00a0<a href=\"mailto:mihai.constantinescu@istorie.unibuc.ro\">mihai.constantinescu@istorie.unibuc.ro<\/a><\/p>\n\n\n\n<p class=\"wp-block-paragraph\"><strong>Studii:<\/strong><\/p>\n\n\n\n<p class=\"wp-block-paragraph\">Doctorat in istorie \u2013 Universitatea din Bucuresti (2011, cu lucrarea Etapele timpurii ale culturii Monteoru, coordonator \u0219tiin\u021bific Acad. Prof. dr. Alexandru Vulpe.<\/p>\n\n\n\n<p class=\"wp-block-paragraph\">Studii aprofundate (master), specializarea Istorie \u015fi Arheologie Greco- Roman\u0103, Facultatea de Istorie, Universitatea Bucure\u015fti (2006)<\/p>\n\n\n\n<p class=\"wp-block-paragraph\">Licen\u0163iat \u00een Istorie, Facultatea de Istorie, Universitatea Bucure\u015fti (\u015eef de promo\u0163ie) (2004)<\/p>\n\n\n\n<p class=\"wp-block-paragraph\"><\/p>\n\n\n\n<p class=\"wp-block-paragraph\"><strong>Domenii de interes:<\/strong><\/p>\n\n\n\n<p class=\"wp-block-paragraph\">Osteologie, metode pentru determinarea sexului \u015fi a v\u00e2rstei. <\/p>\n\n\n\n<p class=\"wp-block-paragraph\">Bioarheologia popula\u0163iilor pre-, protoistorice \u0219i medievale de pe teritoriul Rom\u00e2niei. <\/p>\n\n\n\n<p class=\"wp-block-paragraph\">Paleopatologie, violen\u021b\u0103 militar\u0103 \u0219i urmele l\u0103sate de aceasta pe schelet. <\/p>\n\n\n\n<p class=\"wp-block-paragraph\">Arheologie funerar\u0103 la popula\u0163iile preistorice de pe teritoriul Rom\u00e2niei.<\/p>\n\n\n\n<p class=\"wp-block-paragraph\"><\/p>\n\n\n\n<p class=\"wp-block-paragraph\"><strong>Cursuri sustinute la facultate:<\/strong><\/p>\n\n\n\n<p class=\"wp-block-paragraph\">Curs general &#8211; Pre \u015fi protoistoria Rom\u00e2niei. Culturi preistorice \u00een spa\u021biul actual al Rom\u00e2niei <\/p>\n\n\n\n<p class=\"wp-block-paragraph\">Curs special &#8211; Evolu\u021bia omului Curs master &#8211; Bioarheologie <\/p>\n\n\n\n<p class=\"wp-block-paragraph\">Curs metodologic &#8211; Editarea digital\u0103 a materialului arheologic<\/p>\n\n\n\n<p class=\"wp-block-paragraph\"><\/p>\n\n\n\n<p class=\"wp-block-paragraph\"><strong>Consultatii:<\/strong><\/p>\n\n\n\n<p class=\"wp-block-paragraph\">Miercuri intre orele 16.00-18.00<\/p>\n\n\n\n<p class=\"wp-block-paragraph\"><\/p>\n\n\n\n<p class=\"wp-block-paragraph\"><strong>Lista selectiva de publicatii:<\/strong><\/p>\n\n\n\n<p class=\"wp-block-paragraph\"><strong>Carti\/capitole \u00een car\u021bi<\/strong><\/p>\n\n\n\n<p class=\"wp-block-paragraph\">D. M. Istrate, M. Constantinescu, A. Soficaru, The Medieval Cemetery from Sibiu-Pia\u021ba Huet\/Hermannstadt. Archaeology, Anthropology, History, T\u00fcbinger Forschungen zur historischen Arch\u00e4ologie Band 6, Verlag Dr. Faustus, 2015, ISBN 978-3-933474-99-5. <\/p>\n\n\n\n<p class=\"wp-block-paragraph\">M. \u0218andor Chicideanu, M. Constantinescu, Necropola din epoca bronzului de la Plosca, Cluj Napoca, 2019. ISBN 978-606-020-068-0. <\/p>\n\n\n\n<p class=\"wp-block-paragraph\">M. Constantinescu, \u00cenceputurile culturii Monteoru. A\u0219ezarea de la N\u0103eni\u2013Z\u0103noaga Cetatea 2, Ed. Mega, Cluj Napoca, 2020. ISBN 978-606-020-205-9.<\/p>\n\n\n\n<p class=\"wp-block-paragraph\"><\/p>\n\n\n\n<p class=\"wp-block-paragraph\"><strong>Articole\/studii<\/strong><\/p>\n\n\n\n<p class=\"wp-block-paragraph\">M. Constantinescu, N. Miri\u0163oiu, Morm\u00e2ntul \u00een cist\u0103 de la Ml\u0103jet, jud. Buz\u0103u &#8211; analiz\u0103 antropologic\u0103 -, Mousaios 10, 2005, p. 25-30.<\/p>\n\n\n\n<p class=\"wp-block-paragraph\"> M. Hervella, M. Rotea, N. Izagirre, M. Constantinescu, S. Alonso, M. Ioana, C. Laz\u0103r, F. Ridiche, A. D. Soficaru, M.G. Netea, C. de-la-Rua, Ancient DNA from South-East Europe Reveals Different Events during Early and Middle Neolithic Influencing the European Genetic Heritage, PLoS ONE 10, 2015, 6: e0128810. doi:10.1371\/journal.pone.0128810.<\/p>\n\n\n\n<p class=\"wp-block-paragraph\"> M. Constantinescu, E. Gavril\u0103, S. Greer, A. Soficaru, D. Ungureanu, Fighting to the death: weapon injuries in a mass grave (16th-17th century) from Bucharest, Romania, International Journal of Osteoarchaeology 27, 2015, 1, p. 106-118. DOI: 10.1002\/oa.2450.<\/p>\n\n\n\n<p class=\"wp-block-paragraph\">S.C. Ailinc\u0103i, M. Constantinescu, Living with the dead. Burials in Early Iron Age settlement at Enisala\u2013Palanca, Tulcea County (south-eastern Romania), Sprawozdania Archeologiczne 67, 2015, p. 221-244.<\/p>\n\n\n\n<p class=\"wp-block-paragraph\">S. Inskip, M. Constantinescu, A. Brinkman, M. Hoogland, J. Sofaer, The effect of population variation on the accuracy of sex estimates derived from basal occipital discriminant functions, Archaeological and Anthropological Sciences 10, 2016, p. 675-683 (2018). DOI: 10.1007\/s12520-016-0380-6. <\/p>\n\n\n\n<p class=\"wp-block-paragraph\">M. Constantinescu, J. Watson, T.A. Crist, Short anthropological report on the Bronze Age cemetery from H\u0103pria, Studii de Preistorie 13, 2016, p. 175-186.<\/p>\n\n\n\n<p class=\"wp-block-paragraph\">M. Constantinescu, A. Soficaru, Historical evidence of tuberculosis in Bucharest (Romania), \u00een S. S. G\u00e1l (ed.), The Talking Dead 2. Past and present of biological anthropology-the heritage of T\u00f6r\u00f6k Aur\u00e9l\u2019s oeuvre. New results from ancient tuberculosis and leprosy research, Proceedings of the second international conference of the T\u00f6r\u00f6k Aur\u00e9l Anthropological Association from T\u00e2rgu Mure\u0219, 13-15 October 2017, Cluj-Napoca, 2018.<\/p>\n\n\n\n<p class=\"wp-block-paragraph\">\u00dc. Aguraiuja, M. Constantinescu, A. Lamb, C. Bonsall, Bronze Age subsistence strategies in the southeastern Carpathian Bend area, Romania: Results from stable isotope analyses, Journal of Archaeological Science: Reports 17, 2018, p. 510-519. DOI: 10.1016\/j.jasrep.2017.12.013. <\/p>\n\n\n\n<p class=\"wp-block-paragraph\">A.D. Soficaru, C. Ionic\u0103, M. Constantinescu, M. Enyedi, Altered shapes, same people: Scaphocephaly in the early modern Bucharest, HOMO &#8211; Journal of Comparative Human Biology 69, 2018, p. 176-187.https:\/\/doi.org\/10.1016\/j.jchb.2018.08.001. <\/p>\n\n\n\n<p class=\"wp-block-paragraph\">E. Cristiani, A. Radini, A. Zupancich, A. Gismondi, A. D\u2019Agostino, C. Ottoni, M. Carra, S. Vukoji\u010di\u0107, M. Constantinescu, D. Antonovi\u0107, T. Douglas Price, D. Bori\u0107, Wild cereal grain consumption among Early Holocene foragers of the Balkans predates the arrival of agriculture, e Life Sciences, 10, December 2021, DOI: 10.7554\/eLife.72976.<\/p>\n","protected":false},"excerpt":{"rendered":"<p>Email:\u00a0mihai.constantinescu@istorie.unibuc.ro Studii: Doctorat in istorie \u2013 Universitatea din Bucuresti (2011, cu lucrarea Etapele timpurii ale culturii Monteoru, coordonator \u0219tiin\u021bific Acad. Prof. dr. Alexandru Vulpe. Studii aprofundate (master), specializarea Istorie \u015fi Arheologie Greco- Roman\u0103, Facultatea de Istorie, Universitatea Bucure\u015fti (2006) Licen\u0163iat \u00een Istorie, Facultatea de Istorie, Universitatea Bucure\u015fti (\u015eef de promo\u0163ie) (2004) Domenii de interes: Osteologie, [&hellip;]<\/p>\n","protected":false},"author":10,"featured_media":0,"parent":173,"menu_order":0,"comment_status":"closed","ping_status":"closed","template":"","meta":{"_crdt_document":"","jetpack_post_was_ever_published":false,"footnotes":""},"class_list":["post-16297","page","type-page","status-publish","hentry"],"jetpack_sharing_enabled":true,"jetpack_shortlink":"https:\/\/wp.me\/PaobZd-4eR","jetpack-related-posts":[],"_links":{"self":[{"href":"https:\/\/istorie.unibuc.ro\/facultate\/wp-json\/wp\/v2\/pages\/16297","targetHints":{"allow":["GET"]}}],"collection":[{"href":"https:\/\/istorie.unibuc.ro\/facultate\/wp-json\/wp\/v2\/pages"}],"about":[{"href":"https:\/\/istorie.unibuc.ro\/facultate\/wp-json\/wp\/v2\/types\/page"}],"author":[{"embeddable":true,"href":"https:\/\/istorie.unibuc.ro\/facultate\/wp-json\/wp\/v2\/users\/10"}],"replies":[{"embeddable":true,"href":"https:\/\/istorie.unibuc.ro\/facultate\/wp-json\/wp\/v2\/comments?post=16297"}],"version-history":[{"count":3,"href":"https:\/\/istorie.unibuc.ro\/facultate\/wp-json\/wp\/v2\/pages\/16297\/revisions"}],"predecessor-version":[{"id":16305,"href":"https:\/\/istorie.unibuc.ro\/facultate\/wp-json\/wp\/v2\/pages\/16297\/revisions\/16305"}],"up":[{"embeddable":true,"href":"https:\/\/istorie.unibuc.ro\/facultate\/wp-json\/wp\/v2\/pages\/173"}],"wp:attachment":[{"href":"https:\/\/istorie.unibuc.ro\/facultate\/wp-json\/wp\/v2\/media?parent=16297"}],"curies":[{"name":"wp","href":"https:\/\/api.w.org\/{rel}","templated":true}]}}