{"id":1613,"date":"2018-11-20T00:39:42","date_gmt":"2018-11-20T00:39:42","guid":{"rendered":"http:\/\/newhis.bucharest.university\/?page_id=1613"},"modified":"2022-10-13T08:51:45","modified_gmt":"2022-10-13T08:51:45","slug":"politica-de-confidentialitate","status":"publish","type":"page","link":"https:\/\/istorie.unibuc.ro\/facultate\/politica-de-confidentialitate\/","title":{"rendered":"Politica de confidentialitate"},"content":{"rendered":"\n<h4 class=\"wp-block-heading\"><strong>Cine suntem<\/strong><\/h4>\n\n\n\n<p class=\"wp-block-paragraph\">Site-ul este de\u021binut \u0219i administrat de Universitatea din Bucure\u0219ti cu sediul \u00een \u015eoseaua Panduri, nr. 90, sector5, Bucure\u0219ti. Pentru a urm\u0103ri mai u\u0219or informa\u021biile, trebuie s\u0103 \u0219ti\u0163i c\u0103 ne putem referi la institu\u021bia noastr\u0103 folosind termenii \u201eUniversitatea din Bucure\u0219ti\u201d, \u201enou\u0103\u201d, \u201enostru\u201d etc, iar la tine, ca utilizator \u0219i vizitator al site-ului, folosind termenii \u201eutilizator\u201d, \u201edumneavoastr\u0103\u201d, etc.<br>Aceast\u0103 politic\u0103 descrie informa\u021biile pe care le colect\u0103m atunci c\u00e2nd vizita\u021bi www.unibuc.ro. Prin utilizarea acestui site web, sunte\u021bi de acord cu colectarea \u0219i utilizarea informa\u021biilor dumneavoastr\u0103 personale (\u00een cazul \u00een care acestea sunt furnizate) \u00een conformitate cu aceast\u0103 politic\u0103.<br>Site-ul poate con\u021bine leg\u0103turi c\u0103tre \u0219i de pe site-uri web. Dac\u0103 urma\u021bi un link c\u0103tre oricare dintre aceste site-uri web, re\u021bine\u021bi c\u0103 acestea au propriile politici de confiden\u021bialitate. Universitatea Bucure\u0219ti nu are nicio responsabilitate sau r\u0103spundere pentru aceste politici sau modul \u00een care aceste site-uri web \u00ee\u0219i gestioneaz\u0103 datele. Verifica\u021bi aceste politici \u00eenainte de a trimite orice informa\u021bii personale acestor site-uri.<\/p>\n\n\n\n<h4 class=\"wp-block-heading\"><strong>Informa\u021biile colectate \u015fi durata de stocare<\/strong><\/h4>\n\n\n\n<p class=\"wp-block-paragraph\">\u00cen cazul \u00een care utiliza\u021bi site-ul nostru, vom colecta \u0219i procesa urm\u0103toarele date personale despre dumneavoastr\u0103:<\/p>\n\n\n\n<ul class=\"wp-block-list\">\n<li>Informa\u021bii pe care ni le oferi\u021bi&nbsp;atunci c\u00e2nd completa\u021bi un formular web sau solicita\u021bi trimiterea newsletter-ului. Informa\u021biile pe care ni le furniza\u021bi pot include numele, adresa de e-mail, num\u0103rul de telefon, etc.<\/li>\n\n\n\n<li>Informatiile pe care ni le oferiti&nbsp;in formularul de solicitare de informatii publice (ex. nume, prenume, e-mail) sunt colectate conform Legii nr. 544\/2001<\/li>\n\n\n\n<li>Informa\u021bii pe care le colect\u0103m&nbsp;despre dumneavoastr\u0103, prin intermediul fi\u015fierelor cookie pe care le folosim, \u00een momentul \u00een care accesa\u021bi site-ul nostru. Pentru detalii suplimentare, consulta\u021bi informarea privind cookie-urile.<\/li>\n<\/ul>\n\n\n\n<p class=\"wp-block-paragraph\">Stocarea datelor de natur\u0103 personal\u0103 se realizeaz\u0103 pe servere situate \u00een Rom\u00e2nia, at\u00e2ta timp c\u00e2t avem consim\u021b\u0103m\u0203ntul dumneavoastr\u0103.<\/p>\n\n\n\n<h4 class=\"wp-block-heading\"><strong>Cum utiliz\u0103m datele personale pe care le furniza\u021bi sau le colect\u0103m<\/strong><\/h4>\n\n\n\n<p class=\"wp-block-paragraph\">Folosim datele personale despre dumneavoastr\u0103 \u00een urm\u0103toarele moduri:<\/p>\n\n\n\n<ul class=\"wp-block-list\">\n<li>datele personale furnizate de dumneavoastr\u0103 prin formularele noastre web vor fi folosite \u00een scopul proces\u0103rii cererilor dumneavoastr\u0103. Prin trimiterea solicit\u0103rii sunte\u021bi de acord cu prelucrarea datelor dumneavoastr\u0103 de c\u0103tre Universitatea din Bucure\u0219ti.<\/li>\n\n\n\n<li>\u00een cazul \u00een care sunte\u021bi de acord cu primirea de informa\u021bii prin newsletter, v\u0103 vom trimite nout\u01ce\u021bi despre urm\u0103toarele subiecte:<\/li>\n\n\n\n<li>informa\u021bii despre evenimentele \u015fi activit\u0103\u0163ile organizate \u00een cadrul Universit\u0103\u0163ii din Bucure\u015fti<\/li>\n\n\n\n<li>informa\u021biile tehnice pe care le colect\u0103m prin utilizarea cookie-urilor vor fi utilizate \u00een scopurile stabilite \u00een \u201cInformarea privind cookie-urile\u201d.<\/li>\n<\/ul>\n\n\n\n<h4 class=\"wp-block-heading\"><strong><br>Transferuri interna\u021bionale<\/strong><\/h4>\n\n\n\n<p class=\"wp-block-paragraph\">\u00cen vederea oferirii serviciului de newsletter, datele dumneavoastr\u0103 de identificare \u0219i contact sunt transmise c\u0103tre MailerLite, cu sediul \u00een Lituania.<br>Detalii privind m\u0103surile de protectie a datelor adoptate de c\u0103tre MailerLite se g\u0103sesc la adresa&nbsp;<a href=\"https:\/\/www.mailerlite.com\/terms-of-service\">https:\/\/www.mailerlite.com\/terms-of-service<\/a>&nbsp;&nbsp;\u015fi pe site-ul&nbsp;<a href=\"https:\/\/www.privacyshield.gov\/welcome\">https:\/\/www.privacyshield.gov\/welcome<\/a><br>Site-ul nostru web utilizeaz\u0103 Google Analytics, un serviciu pentru analiza web, precum \u015fi Google Adwords, furnizate de Google.<br>Google Analytics utilizeaz\u0103 fi\u0219iere de tip cookie pentru a ajuta un anumit site web s\u0103 analizeze modul \u00een care utiliza\u021bi respectivul site web. Informa\u021biile generate de fi\u0219ierele de tip cookie cu privire la utilizarea de c\u0103tre dumneavoastr\u0103 a site-ului web vor fi transmise \u0219i stocate de Google pe servere care pot fi localizate \u00een UE, SEE \u015fi\/sau Statele Unite. Google va utiliza aceste informa\u021bii \u00een scopul evalu\u0103rii utiliz\u0103rii de c\u0103tre dumneavoastr\u0103 a site-ului web, elabor\u00e2nd rapoarte cu privire la activitatea site-ului web \u0219i furniz\u00e2nd alte servicii referitoare la activitatea site-ului web \u0219i la utilizarea internetului. De asemenea, Google poate transfera aceste informa\u021bii c\u0103tre ter\u021bi \u00een cazul \u00een care are aceast\u0103 obliga\u0163ie conform legii sau \u00een cazul \u00een care ace\u0219ti ter\u021bi prelucreaz\u0103 informa\u021biile \u00een numele Google. Google nu va asocia adresa dumneavoastr\u0103 IP cu alte date de\u021binute de Google.<br>Informa\u021bii detaliate cu privire la Google \u0219i protec\u021bia datelor cu caracter personal (inclusiv modul \u00een care pute\u021bi controla informa\u021biile trimise c\u0103tre Google) pot fi g\u0103site la:&nbsp;<a href=\"https:\/\/policies.google.com\/privacy\/partners\">https:\/\/policies.google.com\/privacy\/partners<\/a>.<br>Din site-ul nostru web pute\u0163i s\u0103 distribui\u0163i un articol utiliz\u00e2nd un buton de distribuire \u00een re\u0163elele de socializare (de exemplu: Facebook, Twitter, Youtube). Informa\u021bii detaliate cu privire la protec\u021bia datelor cu caracter personal oferit\u0103 de aceste organizatii pot fi gasite la adresele:<br><a href=\"https:\/\/www.facebook.com\/policy.php\">https:\/\/www.facebook.com\/policy.php<\/a><br><a href=\"https:\/\/twitter.com\/en\/privacy\">https:\/\/twitter.com\/en\/privacy<\/a><br>https:\/\/www.youtube.com\/yt\/about\/policies\/#community-guidelines<\/p>\n\n\n\n<h4 class=\"wp-block-heading\"><strong>Accesa\u021bi datele dumneavoastr\u0103 personale<\/strong><\/h4>\n\n\n\n<p class=\"wp-block-paragraph\">Ave\u021bi dreptul s\u0103 cere\u021bi o copie a informa\u021biilor de\u021binute de noi&nbsp; prin formularea unei solicit\u0103ri de acces. Pentru a solicita o copie a datelor de\u021binute despre dumneavoastr\u0103 sau pentru a v\u0103 actualiza informa\u021biile, contacta\u021bi Universitatea din Bucure\u0219ti la adresa de e-mail&nbsp;<a href=\"mailto:dpo@unibuc.ro\">dpo@unibuc.ro<\/a>.<br>Datele de natur\u0103 personal\u0103 de\u021binute de c\u0103tre Universitatea din Bucure\u0219ti sunt supuse condi\u021biilor din Regulamentul UE 679\/2016 care ofer\u0103 persoanelor vizate dreptul de acces la toate tipurile de informa\u021bii \u00eenregistrate, de\u021binute de operatorul de date, sub rezerva anumitor limit\u0103ri.<\/p>\n\n\n\n<h4 class=\"wp-block-heading\"><strong>Drepturile persoanei vizate<\/strong><\/h4>\n\n\n\n<p class=\"wp-block-paragraph\">Conform Regulamentului 679\/2016 \u2013 GDPR, ave\u0163i dreptul de a solicita Universita\u0163ii din Bucure\u0219ti, \u00een calitate de operator de date de natur\u0103 personal\u0103, rectificarea, \u015ftergerea sau restric\u0163ionarea prelucr\u0103rii datelor personale referitoare la dumneavoastr\u0103.<br>De asemenea, ave\u0163i dreptului de a v\u0103 retrage consim\u0163\u0103m\u00e2ntul \u00een orice moment, f\u0103r\u0103 a afecta legalitatea prelucr\u0103rii efectuate pe baza acestuia, \u00eenainte de retragere. Dac\u0103 nu mai dori\u021bi s\u0103 primi\u021bi newsletter-ul, v\u0103 pute\u0163i dezabona prin trimiterea unui e-mail la adresa contact@pr.unibuc.ro sau prin folosirea linkului de dezabonare din cadrul newsletter-ului.<\/p>\n\n\n\n<h4 class=\"wp-block-heading\"><strong>Dreptul de a depune o pl\u00e2ngere \u00een fa\u0163a Autorit\u0103\u0163ii de supraveghere<\/strong><\/h4>\n\n\n\n<p class=\"wp-block-paragraph\">Conform Regulamentului 679 \/2016 \u2013 GDPR, ave\u021bi dreptul de a depune o pl\u00e2ngere la Autoritatea Na\u0163ional\u0103 de Supraveghere a Prelucr\u0103rii Datelor cu Caracter Personal. Mai multe detalii se pot ob\u021bine acces\u0203nd adresa http:\/\/www.dataprotection.ro\/.<\/p>\n","protected":false},"excerpt":{"rendered":"<p>Cine suntem Site-ul este de\u021binut \u0219i administrat de Universitatea din Bucure\u0219ti cu sediul \u00een \u015eoseaua Panduri, nr. 90, sector5, Bucure\u0219ti. Pentru a urm\u0103ri mai u\u0219or informa\u021biile, trebuie s\u0103 \u0219ti\u0163i c\u0103 ne putem referi la institu\u021bia noastr\u0103 folosind termenii \u201eUniversitatea din Bucure\u0219ti\u201d, \u201enou\u0103\u201d, \u201enostru\u201d etc, iar la tine, ca utilizator \u0219i vizitator al site-ului, folosind termenii [&hellip;]<\/p>\n","protected":false},"author":2,"featured_media":0,"parent":0,"menu_order":0,"comment_status":"closed","ping_status":"closed","template":"","meta":{"_crdt_document":"","jetpack_post_was_ever_published":false,"footnotes":""},"class_list":["post-1613","page","type-page","status-publish","hentry"],"jetpack_sharing_enabled":true,"jetpack_shortlink":"https:\/\/wp.me\/PaobZd-q1","jetpack-related-posts":[],"_links":{"self":[{"href":"https:\/\/istorie.unibuc.ro\/facultate\/wp-json\/wp\/v2\/pages\/1613","targetHints":{"allow":["GET"]}}],"collection":[{"href":"https:\/\/istorie.unibuc.ro\/facultate\/wp-json\/wp\/v2\/pages"}],"about":[{"href":"https:\/\/istorie.unibuc.ro\/facultate\/wp-json\/wp\/v2\/types\/page"}],"author":[{"embeddable":true,"href":"https:\/\/istorie.unibuc.ro\/facultate\/wp-json\/wp\/v2\/users\/2"}],"replies":[{"embeddable":true,"href":"https:\/\/istorie.unibuc.ro\/facultate\/wp-json\/wp\/v2\/comments?post=1613"}],"version-history":[{"count":2,"href":"https:\/\/istorie.unibuc.ro\/facultate\/wp-json\/wp\/v2\/pages\/1613\/revisions"}],"predecessor-version":[{"id":10985,"href":"https:\/\/istorie.unibuc.ro\/facultate\/wp-json\/wp\/v2\/pages\/1613\/revisions\/10985"}],"wp:attachment":[{"href":"https:\/\/istorie.unibuc.ro\/facultate\/wp-json\/wp\/v2\/media?parent=1613"}],"curies":[{"name":"wp","href":"https:\/\/api.w.org\/{rel}","templated":true}]}}