{"id":1564,"date":"2018-11-13T17:43:34","date_gmt":"2018-11-13T17:43:34","guid":{"rendered":"http:\/\/newhis.bucharest.university\/?page_id=1564"},"modified":"2018-11-13T17:44:12","modified_gmt":"2018-11-13T17:44:12","slug":"cercul-de-studii-medievale","status":"publish","type":"page","link":"https:\/\/istorie.unibuc.ro\/facultate\/studenti\/cercuri-studentesti\/cercul-de-studii-medievale\/","title":{"rendered":"Cercul de Studii Medievale"},"content":{"rendered":"\n<p class=\"wp-block-paragraph\">Cercul\nde Studii Medievale&nbsp;\u00ee\u015fi propune s\u0103 reuneasc\u0103 studen\u0163ii interesa\u0163i de\nstudiul istoriei Evului Mediu \u00eentr-un cadru academic, \u00een care s\u0103 aib\u0103\nposibilitatea de a-\u015fi expune ideile. Un alt obiectiv al Cercului este\n\u00eencurajarea lucrului \u00een echip\u0103, \u00een cadrul unor proiecte care presupun\ncercetare, urmat\u0103 de sus\u0163inerea unor prelegeri publice, editarea unei reviste\nde studii medievale, organizarea de expozi\u0163ii. At\u00e2t prin conferin\u0163ele, prelegerile\nsau pe diverse teme cum ar fi imaginea Regelui Arthur sau Magna Charta, membrii\nCercului urm\u0103resc atragerea studen\u0163ilor spre studiul istoriei medievale.<\/p>\n\n\n\n<p class=\"wp-block-paragraph\">\u00cenc\u0103\ndin anii &#8217;80 membrii Cercul de Studii Medievale au (re)descoperit un Ev Mediu\nfascinant din toate punctele de vedere: un Ev Mediu ce a p\u0103strat mo\u0219tenirea\nAntichit\u0103\u021bii f\u0103r\u0103 de care Rena\u0219terea nu ar mai fi fost cunoscut\u0103 \u00een termenii\nactuali, un Ev Mediu ce a deschis multe drumuri. C\u0103l\u0103toria este lung\u0103 dar o\nparte din ea o putem parcurge \u00eempreun\u0103.<\/p>\n\n\n\n<p class=\"wp-block-paragraph\">\u00cei\na\u0219tept\u0103m pe to\u021bi cei care vor s\u0103 descopere Evul Mediu!<\/p>\n\n\n\n<p class=\"wp-block-paragraph\">Coordonator: Prof. Univ. Dr. Ecaterina Gabriela Lung<\/p>\n\n\n\n<p class=\"wp-block-paragraph\">E-mail: <a href=\"mailto:ecaterina.lung@gmail.com\">ecaterina.lung@gmail.com<\/a><\/p>\n\n\n\n<p class=\"wp-block-paragraph\">Pre\u0219edinte:\nClaudia Colda\u0219 (Master Studii Medievale, Anul II)<\/p>\n\n\n\n<p class=\"wp-block-paragraph\">E-mail:\n<a href=\"mailto:claudia.coldas@yahoo.com\">claudia.coldas@yahoo.com<\/a><\/p>\n\n\n\n<p class=\"wp-block-paragraph\">Departamentul\nde Comunicare: Cristina Predonu (Master Studii Medievale, Anul II)<\/p>\n\n\n\n<p class=\"wp-block-paragraph\">E-mail:\ncristina.predonu@yahoo.com<\/p>\n\n\n\n<p class=\"wp-block-paragraph\">Facebook:\n<a href=\"https:\/\/www.facebook.com\/cercstudiimedievale\/\">Cercul de Studii Medievale-UB<\/a><\/p>\n\n\n\n<p class=\"wp-block-paragraph\">Activit\u0103\u021bi\nviitoare:<\/p>\n\n\n\n<ul class=\"wp-block-list\"><li>Mas\u0103 Rotund\u0103: Pove\u0219ti medievale despre Vlad \u021aepes<\/li><li>Vizionare film: Luther (2003)<\/li><li>Mas\u0103 Rotund\u0103: Regele Arthur \u0219i \u201eMarele Ecran\u201d<\/li><\/ul>\n\n\n\n<ul class=\"wp-block-gallery columns-1 is-cropped wp-block-gallery-1 is-layout-flex wp-block-gallery-is-layout-flex\"><li class=\"blocks-gallery-item\"><figure><img data-recalc-dims=\"1\" loading=\"lazy\" decoding=\"async\" width=\"771\" height=\"1091\" data-attachment-id=\"1565\" data-permalink=\"https:\/\/istorie.unibuc.ro\/facultate\/studenti\/cercuri-studentesti\/cercul-de-studii-medievale\/cercul-de-studii-medievale\/\" data-orig-file=\"https:\/\/i0.wp.com\/istorie.unibuc.ro\/wp-content\/uploads\/2018\/11\/Cercul-de-Studii-Medievale.jpg?fit=1239%2C1753&amp;ssl=1\" data-orig-size=\"1239,1753\" data-comments-opened=\"0\" data-image-meta=\"{&quot;aperture&quot;:&quot;0&quot;,&quot;credit&quot;:&quot;&quot;,&quot;camera&quot;:&quot;&quot;,&quot;caption&quot;:&quot;&quot;,&quot;created_timestamp&quot;:&quot;0&quot;,&quot;copyright&quot;:&quot;&quot;,&quot;focal_length&quot;:&quot;0&quot;,&quot;iso&quot;:&quot;0&quot;,&quot;shutter_speed&quot;:&quot;0&quot;,&quot;title&quot;:&quot;&quot;,&quot;orientation&quot;:&quot;0&quot;}\" data-image-title=\"Cercul de Studii Medievale\" data-image-description=\"\" data-image-caption=\"\" data-large-file=\"https:\/\/i0.wp.com\/istorie.unibuc.ro\/wp-content\/uploads\/2018\/11\/Cercul-de-Studii-Medievale.jpg?fit=724%2C1024&amp;ssl=1\" src=\"https:\/\/i0.wp.com\/newhis.bucharest.university\/wp-content\/uploads\/2018\/11\/Cercul-de-Studii-Medievale.jpg?resize=771%2C1091\" alt=\"\" data-id=\"1565\" data-link=\"http:\/\/newhis.bucharest.university\/?attachment_id=1565\" class=\"wp-image-1565\" srcset=\"https:\/\/i0.wp.com\/istorie.unibuc.ro\/wp-content\/uploads\/2018\/11\/Cercul-de-Studii-Medievale.jpg?w=1239&amp;ssl=1 1239w, https:\/\/i0.wp.com\/istorie.unibuc.ro\/wp-content\/uploads\/2018\/11\/Cercul-de-Studii-Medievale.jpg?resize=212%2C300&amp;ssl=1 212w, https:\/\/i0.wp.com\/istorie.unibuc.ro\/wp-content\/uploads\/2018\/11\/Cercul-de-Studii-Medievale.jpg?resize=768%2C1087&amp;ssl=1 768w, https:\/\/i0.wp.com\/istorie.unibuc.ro\/wp-content\/uploads\/2018\/11\/Cercul-de-Studii-Medievale.jpg?resize=724%2C1024&amp;ssl=1 724w\" sizes=\"auto, (max-width: 771px) 100vw, 771px\" \/><\/figure><\/li><\/ul>\n","protected":false},"excerpt":{"rendered":"<p>Cercul de Studii Medievale&nbsp;\u00ee\u015fi propune s\u0103 reuneasc\u0103 studen\u0163ii interesa\u0163i de studiul istoriei Evului Mediu \u00eentr-un cadru academic, \u00een care s\u0103 aib\u0103 posibilitatea de a-\u015fi expune ideile. Un alt obiectiv al Cercului este \u00eencurajarea lucrului \u00een echip\u0103, \u00een cadrul unor proiecte care presupun cercetare, urmat\u0103 de sus\u0163inerea unor prelegeri publice, editarea unei reviste de studii medievale, [&hellip;]<\/p>\n","protected":false},"author":2,"featured_media":0,"parent":1527,"menu_order":0,"comment_status":"closed","ping_status":"closed","template":"","meta":{"_crdt_document":"","jetpack_post_was_ever_published":false,"footnotes":""},"class_list":["post-1564","page","type-page","status-publish","hentry"],"jetpack_sharing_enabled":true,"jetpack_shortlink":"https:\/\/wp.me\/PaobZd-pe","jetpack-related-posts":[],"_links":{"self":[{"href":"https:\/\/istorie.unibuc.ro\/facultate\/wp-json\/wp\/v2\/pages\/1564","targetHints":{"allow":["GET"]}}],"collection":[{"href":"https:\/\/istorie.unibuc.ro\/facultate\/wp-json\/wp\/v2\/pages"}],"about":[{"href":"https:\/\/istorie.unibuc.ro\/facultate\/wp-json\/wp\/v2\/types\/page"}],"author":[{"embeddable":true,"href":"https:\/\/istorie.unibuc.ro\/facultate\/wp-json\/wp\/v2\/users\/2"}],"replies":[{"embeddable":true,"href":"https:\/\/istorie.unibuc.ro\/facultate\/wp-json\/wp\/v2\/comments?post=1564"}],"version-history":[{"count":3,"href":"https:\/\/istorie.unibuc.ro\/facultate\/wp-json\/wp\/v2\/pages\/1564\/revisions"}],"predecessor-version":[{"id":1568,"href":"https:\/\/istorie.unibuc.ro\/facultate\/wp-json\/wp\/v2\/pages\/1564\/revisions\/1568"}],"up":[{"embeddable":true,"href":"https:\/\/istorie.unibuc.ro\/facultate\/wp-json\/wp\/v2\/pages\/1527"}],"wp:attachment":[{"href":"https:\/\/istorie.unibuc.ro\/facultate\/wp-json\/wp\/v2\/media?parent=1564"}],"curies":[{"name":"wp","href":"https:\/\/api.w.org\/{rel}","templated":true}]}}