{"id":1558,"date":"2018-11-13T17:42:24","date_gmt":"2018-11-13T17:42:24","guid":{"rendered":"http:\/\/newhis.bucharest.university\/?page_id=1558"},"modified":"2018-11-13T17:42:25","modified_gmt":"2018-11-13T17:42:25","slug":"centrul-de-istorie-comparata-a-societatilor-antice-cicsa%ef%bb%bf","status":"publish","type":"page","link":"https:\/\/istorie.unibuc.ro\/facultate\/studenti\/cercuri-studentesti\/centrul-de-istorie-comparata-a-societatilor-antice-cicsa%ef%bb%bf\/","title":{"rendered":"Centrul de Istorie Comparat\u0103 a Societ\u0103\u021bilor Antice (CICSA)\ufeff"},"content":{"rendered":"\n<p class=\"wp-block-paragraph\"><strong>Centrul de Istorie Comparat\u0103 a\nSociet\u0103\u021bilor Antice (CICSA)<\/strong> este un centru de cercetare \u00eenfiin\u021bat \u00een anul 1997, \u00een\nurma ini\u021biativei d-lui prof. univ. dr. Gheorghe-Vlad Nistor, cu sprijinul\nCatedrei de Istorie Antic\u0103 \u0219i Arheologie (azi, Departamentul de Istorie Antic\u0103,\nArheologie \u0219i Istorie a Artei \u2013 DIAAIA) a Facult\u0103\u021bii de Istorie din\nUniversitatea Bucure\u0219ti. Centrul este o institu\u021bie educa\u0163ional\u0103, \u015ftiin\u0163ific\u0103 \u015fi\ncultural\u0103. <\/p>\n\n\n\n<p class=\"wp-block-paragraph\">\u00cenc\u0103 de la formare, CICSA a\nini\u021biat \u0219i dezvoltat cadrul favorabil pentru cercet\u0103rile comparate ale\nsociet\u0103\u021bilor preistorice, protoistorice, antice \u0219i medievale timpurii,\nconcretizate \u00een proiecte, manifest\u0103ri \u0219tiin\u021bifice, colabor\u0103ri cu alte\ninstitu\u021bii de profil din \u021bar\u0103 \u0219i str\u0103in\u0103tate, publicarea revistei centrului \u0219i\na unor volume tematice. Centrul reprezint\u0103 un mediu de dezvoltare a competen\u021belor\nacademice \u0219i \u0219tiin\u021bifice ale studen\u021bilor interesa\u021bi de domeniile cuprinse \u00een\nactivitatea Centrului.<\/p>\n\n\n\n<p class=\"wp-block-paragraph\">Printre\nrealiz\u0103rile CICSA se pot enumera constituirea unei importante biblioteci de\nspecialitate, aflat\u0103 la dispozi\u021bia cercet\u0103torilor \u0219i studen\u021bilor, editarea unei\nreviste proprii, dezvoltarea unor proiecte sus\u021binute prin granturi na\u021bionale,\norganizarea unei sec\u021biuni \u0219tiin\u021bifice studen\u021be\u0219ti precum \u0219i a cercet\u0103rii\narheologice \u00een variate situri, cel mai recent ad\u0103ugat \u00eentre acestea fiind\nsectorul Universit\u0103\u021bii din Bucure\u0219ti de la Histria. <\/p>\n\n\n\n<p class=\"wp-block-paragraph\">\u00cen prezent, Centrul are sediul\n\u00een Bd. Regina Elisabeta, nr. 4-12, (Facultatea de Istorie, sala 309), unde este\ninstalat\u0103 \u0219i biblioteca CICSA.<\/p>\n\n\n\n<p class=\"wp-block-paragraph\">&nbsp;Misiunea Centrului este, potrivit statutului, de a\ndezvolta activit\u0103\u021bi de formare, cercetare \u0219i promovare a cercet\u0103rii \u00een\ndomeniile: istoria \u0219i arheologia societ\u0103\u021bilor primitive, a civiliza\u021biilor din\nOrientul Antic, lumea greco-roman\u0103, Antichitatea T\u00e2rzie, Evul Mediu timpuriu,\narheologie maritim\u0103, arheologie istoric\u0103, arheometrie, arta \u0219i arhitectura\nciviliza\u021biilor preistorice, protoistorice, antice \u0219i medievale timpurii. De\nasemenea, CICSA promoveaz\u0103 stabilirea de rela\u021bii de colaborare la nivel\nna\u021bional \u0219i interna\u021bional \u00een specializ\u0103rile pe care le reprezint\u0103, coordonarea\n\u0219i participarea la programe de formare \u0219i activit\u0103\u021bi \u0219tiin\u021bifice \u00een \u021bar\u0103 \u0219i \u00een\nstr\u0103in\u0103tate, identificarea, formarea \u0219i stimularea resurselor umane cu\ncompeten\u021be profesionale \u00een domeniile promovate de c\u0103tre CICSA, publicarea\nrezultatelor acestor ac\u021biuni (revista CICSA \u0219i volume colective \u0219i de\ndocumente), utilizarea \u00een scop didactic \u0219i documentar a acestor proiecte. <\/p>\n\n\n\n<p class=\"wp-block-paragraph\">Membrii Centrului sunt persoanele care se angajeaz\u0103 s\u0103\nrespecte statutul \u015fi s\u0103 contribuie la realizarea obiectivelor. CICSA reune\u015fte: membri\ntitulari, membri asocia\u021bi studen\u021bi \u0219i membri asocia\u021bi.<\/p>\n\n\n\n<p class=\"wp-block-paragraph\">Activit\u0103\u021bile principale desf\u0103\u0219urate \u00een cadrul centrului sunt\neviden\u021biate prin organizarea comunic\u0103rilor \u0219tiin\u021bifice lunare, proiec\u021bii de\nfilme \u0219i documentare, vizite de studiu, ateliere, Revista CICSA. \u00cencep\u00e2nd cu\nanul 2013, Centrul organizeaz\u0103 <em>Sesiunea\nanual\u0103 de Comunic\u0103ri \u0218tiin\u021bifice<\/em> <em>CICSA<\/em>.\nEdi\u021biaa \u0219asea cu tema \u201e\n<em>Spa\u021biu, timp, memorie\u201d <\/em>a avut\nloc \u00een perioada&nbsp; 20-21 aprilie 2018.<\/p>\n\n\n\n<p class=\"wp-block-paragraph\">Pentru mai multe detalii cu\nprivire la activit\u0103\u021bile <em>Centrului de\nIstorie Comparat\u0103 a Societ\u0103\u021bilor Antice<\/em>, v\u0103 invit\u0103m s\u0103 accesa\u021bi blogul \u0219i\npagina de facebook !<\/p>\n\n\n\n<p class=\"wp-block-paragraph\">Website: <a href=\"https:\/\/cicsaunibuc.wordpress.com\/\">https:\/\/cicsaunibuc.wordpress.com\/<\/a><\/p>\n\n\n\n<p class=\"wp-block-paragraph\">Facebook: <a href=\"https:\/\/www.facebook.com\/CICSAunibuc\/\">https:\/\/www.facebook.com\/CICSAunibuc\/<\/a><\/p>\n\n\n\n<ul class=\"wp-block-gallery columns-3 is-cropped wp-block-gallery-1 is-layout-flex wp-block-gallery-is-layout-flex\"><li class=\"blocks-gallery-item\"><figure><img data-recalc-dims=\"1\" loading=\"lazy\" decoding=\"async\" width=\"771\" height=\"578\" data-attachment-id=\"1561\" data-permalink=\"https:\/\/istorie.unibuc.ro\/facultate\/studenti\/cercuri-studentesti\/centrul-de-istorie-comparata-a-societatilor-antice-cicsa%ef%bb%bf\/18077383_1434676613258452_5837639362170771790_o\/\" data-orig-file=\"https:\/\/i0.wp.com\/istorie.unibuc.ro\/wp-content\/uploads\/2018\/11\/18077383_1434676613258452_5837639362170771790_o.jpg?fit=2048%2C1536&amp;ssl=1\" data-orig-size=\"2048,1536\" data-comments-opened=\"0\" data-image-meta=\"{&quot;aperture&quot;:&quot;0&quot;,&quot;credit&quot;:&quot;&quot;,&quot;camera&quot;:&quot;&quot;,&quot;caption&quot;:&quot;&quot;,&quot;created_timestamp&quot;:&quot;0&quot;,&quot;copyright&quot;:&quot;&quot;,&quot;focal_length&quot;:&quot;0&quot;,&quot;iso&quot;:&quot;0&quot;,&quot;shutter_speed&quot;:&quot;0&quot;,&quot;title&quot;:&quot;&quot;,&quot;orientation&quot;:&quot;0&quot;}\" data-image-title=\"18077383_1434676613258452_5837639362170771790_o\" data-image-description=\"\" data-image-caption=\"\" data-large-file=\"https:\/\/i0.wp.com\/istorie.unibuc.ro\/wp-content\/uploads\/2018\/11\/18077383_1434676613258452_5837639362170771790_o.jpg?fit=771%2C578&amp;ssl=1\" src=\"https:\/\/i0.wp.com\/newhis.bucharest.university\/wp-content\/uploads\/2018\/11\/18077383_1434676613258452_5837639362170771790_o.jpg?resize=771%2C578\" alt=\"\" data-id=\"1561\" data-link=\"http:\/\/newhis.bucharest.university\/?attachment_id=1561\" class=\"wp-image-1561\" srcset=\"https:\/\/i0.wp.com\/istorie.unibuc.ro\/wp-content\/uploads\/2018\/11\/18077383_1434676613258452_5837639362170771790_o.jpg?w=2048&amp;ssl=1 2048w, https:\/\/i0.wp.com\/istorie.unibuc.ro\/wp-content\/uploads\/2018\/11\/18077383_1434676613258452_5837639362170771790_o.jpg?resize=300%2C225&amp;ssl=1 300w, https:\/\/i0.wp.com\/istorie.unibuc.ro\/wp-content\/uploads\/2018\/11\/18077383_1434676613258452_5837639362170771790_o.jpg?resize=768%2C576&amp;ssl=1 768w, https:\/\/i0.wp.com\/istorie.unibuc.ro\/wp-content\/uploads\/2018\/11\/18077383_1434676613258452_5837639362170771790_o.jpg?resize=1024%2C768&amp;ssl=1 1024w, https:\/\/i0.wp.com\/istorie.unibuc.ro\/wp-content\/uploads\/2018\/11\/18077383_1434676613258452_5837639362170771790_o.jpg?resize=400%2C300&amp;ssl=1 400w, https:\/\/i0.wp.com\/istorie.unibuc.ro\/wp-content\/uploads\/2018\/11\/18077383_1434676613258452_5837639362170771790_o.jpg?w=1542&amp;ssl=1 1542w\" sizes=\"auto, (max-width: 771px) 100vw, 771px\" \/><\/figure><\/li><li class=\"blocks-gallery-item\"><figure><img data-recalc-dims=\"1\" loading=\"lazy\" decoding=\"async\" width=\"771\" height=\"578\" data-attachment-id=\"1562\" data-permalink=\"https:\/\/istorie.unibuc.ro\/facultate\/studenti\/cercuri-studentesti\/centrul-de-istorie-comparata-a-societatilor-antice-cicsa%ef%bb%bf\/23334072_1625492234176888_5455859448950802240_o\/\" data-orig-file=\"https:\/\/i0.wp.com\/istorie.unibuc.ro\/wp-content\/uploads\/2018\/11\/23334072_1625492234176888_5455859448950802240_o.jpg?fit=2048%2C1536&amp;ssl=1\" data-orig-size=\"2048,1536\" data-comments-opened=\"0\" data-image-meta=\"{&quot;aperture&quot;:&quot;0&quot;,&quot;credit&quot;:&quot;&quot;,&quot;camera&quot;:&quot;&quot;,&quot;caption&quot;:&quot;&quot;,&quot;created_timestamp&quot;:&quot;0&quot;,&quot;copyright&quot;:&quot;&quot;,&quot;focal_length&quot;:&quot;0&quot;,&quot;iso&quot;:&quot;0&quot;,&quot;shutter_speed&quot;:&quot;0&quot;,&quot;title&quot;:&quot;&quot;,&quot;orientation&quot;:&quot;0&quot;}\" data-image-title=\"23334072_1625492234176888_5455859448950802240_o\" data-image-description=\"\" data-image-caption=\"\" data-large-file=\"https:\/\/i0.wp.com\/istorie.unibuc.ro\/wp-content\/uploads\/2018\/11\/23334072_1625492234176888_5455859448950802240_o.jpg?fit=771%2C578&amp;ssl=1\" src=\"https:\/\/i0.wp.com\/newhis.bucharest.university\/wp-content\/uploads\/2018\/11\/23334072_1625492234176888_5455859448950802240_o.jpg?resize=771%2C578\" alt=\"\" data-id=\"1562\" data-link=\"http:\/\/newhis.bucharest.university\/?attachment_id=1562\" class=\"wp-image-1562\" srcset=\"https:\/\/i0.wp.com\/istorie.unibuc.ro\/wp-content\/uploads\/2018\/11\/23334072_1625492234176888_5455859448950802240_o.jpg?w=2048&amp;ssl=1 2048w, https:\/\/i0.wp.com\/istorie.unibuc.ro\/wp-content\/uploads\/2018\/11\/23334072_1625492234176888_5455859448950802240_o.jpg?resize=300%2C225&amp;ssl=1 300w, https:\/\/i0.wp.com\/istorie.unibuc.ro\/wp-content\/uploads\/2018\/11\/23334072_1625492234176888_5455859448950802240_o.jpg?resize=768%2C576&amp;ssl=1 768w, https:\/\/i0.wp.com\/istorie.unibuc.ro\/wp-content\/uploads\/2018\/11\/23334072_1625492234176888_5455859448950802240_o.jpg?resize=1024%2C768&amp;ssl=1 1024w, https:\/\/i0.wp.com\/istorie.unibuc.ro\/wp-content\/uploads\/2018\/11\/23334072_1625492234176888_5455859448950802240_o.jpg?resize=400%2C300&amp;ssl=1 400w, https:\/\/i0.wp.com\/istorie.unibuc.ro\/wp-content\/uploads\/2018\/11\/23334072_1625492234176888_5455859448950802240_o.jpg?w=1542&amp;ssl=1 1542w\" sizes=\"auto, (max-width: 771px) 100vw, 771px\" \/><\/figure><\/li><li class=\"blocks-gallery-item\"><figure><img data-recalc-dims=\"1\" loading=\"lazy\" decoding=\"async\" width=\"771\" height=\"434\" data-attachment-id=\"1560\" data-permalink=\"https:\/\/istorie.unibuc.ro\/facultate\/studenti\/cercuri-studentesti\/centrul-de-istorie-comparata-a-societatilor-antice-cicsa%ef%bb%bf\/23509365_1629430710449707_8026784022749827938_o\/\" data-orig-file=\"https:\/\/i0.wp.com\/istorie.unibuc.ro\/wp-content\/uploads\/2018\/11\/23509365_1629430710449707_8026784022749827938_o.jpg?fit=1280%2C720&amp;ssl=1\" data-orig-size=\"1280,720\" data-comments-opened=\"0\" data-image-meta=\"{&quot;aperture&quot;:&quot;0&quot;,&quot;credit&quot;:&quot;&quot;,&quot;camera&quot;:&quot;&quot;,&quot;caption&quot;:&quot;&quot;,&quot;created_timestamp&quot;:&quot;0&quot;,&quot;copyright&quot;:&quot;&quot;,&quot;focal_length&quot;:&quot;0&quot;,&quot;iso&quot;:&quot;0&quot;,&quot;shutter_speed&quot;:&quot;0&quot;,&quot;title&quot;:&quot;&quot;,&quot;orientation&quot;:&quot;0&quot;}\" data-image-title=\"23509365_1629430710449707_8026784022749827938_o\" data-image-description=\"\" data-image-caption=\"\" data-large-file=\"https:\/\/i0.wp.com\/istorie.unibuc.ro\/wp-content\/uploads\/2018\/11\/23509365_1629430710449707_8026784022749827938_o.jpg?fit=771%2C434&amp;ssl=1\" src=\"https:\/\/i0.wp.com\/newhis.bucharest.university\/wp-content\/uploads\/2018\/11\/23509365_1629430710449707_8026784022749827938_o.jpg?resize=771%2C434\" alt=\"\" data-id=\"1560\" data-link=\"http:\/\/newhis.bucharest.university\/?attachment_id=1560\" class=\"wp-image-1560\" srcset=\"https:\/\/i0.wp.com\/istorie.unibuc.ro\/wp-content\/uploads\/2018\/11\/23509365_1629430710449707_8026784022749827938_o.jpg?w=1280&amp;ssl=1 1280w, https:\/\/i0.wp.com\/istorie.unibuc.ro\/wp-content\/uploads\/2018\/11\/23509365_1629430710449707_8026784022749827938_o.jpg?resize=300%2C169&amp;ssl=1 300w, https:\/\/i0.wp.com\/istorie.unibuc.ro\/wp-content\/uploads\/2018\/11\/23509365_1629430710449707_8026784022749827938_o.jpg?resize=768%2C432&amp;ssl=1 768w, https:\/\/i0.wp.com\/istorie.unibuc.ro\/wp-content\/uploads\/2018\/11\/23509365_1629430710449707_8026784022749827938_o.jpg?resize=1024%2C576&amp;ssl=1 1024w, https:\/\/i0.wp.com\/istorie.unibuc.ro\/wp-content\/uploads\/2018\/11\/23509365_1629430710449707_8026784022749827938_o.jpg?resize=400%2C225&amp;ssl=1 400w\" sizes=\"auto, (max-width: 771px) 100vw, 771px\" \/><\/figure><\/li><li class=\"blocks-gallery-item\"><figure><img data-recalc-dims=\"1\" loading=\"lazy\" decoding=\"async\" width=\"771\" height=\"578\" data-attachment-id=\"1559\" data-permalink=\"https:\/\/istorie.unibuc.ro\/facultate\/studenti\/cercuri-studentesti\/centrul-de-istorie-comparata-a-societatilor-antice-cicsa%ef%bb%bf\/28516151_1741658272560283_5312281240057555321_o\/\" data-orig-file=\"https:\/\/i0.wp.com\/istorie.unibuc.ro\/wp-content\/uploads\/2018\/11\/28516151_1741658272560283_5312281240057555321_o.jpg?fit=2048%2C1536&amp;ssl=1\" data-orig-size=\"2048,1536\" data-comments-opened=\"0\" data-image-meta=\"{&quot;aperture&quot;:&quot;0&quot;,&quot;credit&quot;:&quot;&quot;,&quot;camera&quot;:&quot;&quot;,&quot;caption&quot;:&quot;&quot;,&quot;created_timestamp&quot;:&quot;0&quot;,&quot;copyright&quot;:&quot;&quot;,&quot;focal_length&quot;:&quot;0&quot;,&quot;iso&quot;:&quot;0&quot;,&quot;shutter_speed&quot;:&quot;0&quot;,&quot;title&quot;:&quot;&quot;,&quot;orientation&quot;:&quot;0&quot;}\" data-image-title=\"28516151_1741658272560283_5312281240057555321_o\" data-image-description=\"\" data-image-caption=\"\" data-large-file=\"https:\/\/i0.wp.com\/istorie.unibuc.ro\/wp-content\/uploads\/2018\/11\/28516151_1741658272560283_5312281240057555321_o.jpg?fit=771%2C578&amp;ssl=1\" src=\"https:\/\/i0.wp.com\/newhis.bucharest.university\/wp-content\/uploads\/2018\/11\/28516151_1741658272560283_5312281240057555321_o.jpg?resize=771%2C578\" alt=\"\" data-id=\"1559\" data-link=\"http:\/\/newhis.bucharest.university\/?attachment_id=1559\" class=\"wp-image-1559\" srcset=\"https:\/\/i0.wp.com\/istorie.unibuc.ro\/wp-content\/uploads\/2018\/11\/28516151_1741658272560283_5312281240057555321_o.jpg?w=2048&amp;ssl=1 2048w, https:\/\/i0.wp.com\/istorie.unibuc.ro\/wp-content\/uploads\/2018\/11\/28516151_1741658272560283_5312281240057555321_o.jpg?resize=300%2C225&amp;ssl=1 300w, https:\/\/i0.wp.com\/istorie.unibuc.ro\/wp-content\/uploads\/2018\/11\/28516151_1741658272560283_5312281240057555321_o.jpg?resize=768%2C576&amp;ssl=1 768w, https:\/\/i0.wp.com\/istorie.unibuc.ro\/wp-content\/uploads\/2018\/11\/28516151_1741658272560283_5312281240057555321_o.jpg?resize=1024%2C768&amp;ssl=1 1024w, https:\/\/i0.wp.com\/istorie.unibuc.ro\/wp-content\/uploads\/2018\/11\/28516151_1741658272560283_5312281240057555321_o.jpg?resize=400%2C300&amp;ssl=1 400w, https:\/\/i0.wp.com\/istorie.unibuc.ro\/wp-content\/uploads\/2018\/11\/28516151_1741658272560283_5312281240057555321_o.jpg?w=1542&amp;ssl=1 1542w\" sizes=\"auto, (max-width: 771px) 100vw, 771px\" \/><\/figure><\/li><\/ul>\n","protected":false},"excerpt":{"rendered":"<p>Centrul de Istorie Comparat\u0103 a Societ\u0103\u021bilor Antice (CICSA) este un centru de cercetare \u00eenfiin\u021bat \u00een anul 1997, \u00een urma ini\u021biativei d-lui prof. univ. dr. Gheorghe-Vlad Nistor, cu sprijinul Catedrei de Istorie Antic\u0103 \u0219i Arheologie (azi, Departamentul de Istorie Antic\u0103, Arheologie \u0219i Istorie a Artei \u2013 DIAAIA) a Facult\u0103\u021bii de Istorie din Universitatea Bucure\u0219ti. Centrul este [&hellip;]<\/p>\n","protected":false},"author":2,"featured_media":0,"parent":1527,"menu_order":0,"comment_status":"closed","ping_status":"closed","template":"","meta":{"_crdt_document":"","jetpack_post_was_ever_published":false,"footnotes":""},"class_list":["post-1558","page","type-page","status-publish","hentry"],"jetpack_sharing_enabled":true,"jetpack_shortlink":"https:\/\/wp.me\/PaobZd-p8","jetpack-related-posts":[],"_links":{"self":[{"href":"https:\/\/istorie.unibuc.ro\/facultate\/wp-json\/wp\/v2\/pages\/1558","targetHints":{"allow":["GET"]}}],"collection":[{"href":"https:\/\/istorie.unibuc.ro\/facultate\/wp-json\/wp\/v2\/pages"}],"about":[{"href":"https:\/\/istorie.unibuc.ro\/facultate\/wp-json\/wp\/v2\/types\/page"}],"author":[{"embeddable":true,"href":"https:\/\/istorie.unibuc.ro\/facultate\/wp-json\/wp\/v2\/users\/2"}],"replies":[{"embeddable":true,"href":"https:\/\/istorie.unibuc.ro\/facultate\/wp-json\/wp\/v2\/comments?post=1558"}],"version-history":[{"count":1,"href":"https:\/\/istorie.unibuc.ro\/facultate\/wp-json\/wp\/v2\/pages\/1558\/revisions"}],"predecessor-version":[{"id":1563,"href":"https:\/\/istorie.unibuc.ro\/facultate\/wp-json\/wp\/v2\/pages\/1558\/revisions\/1563"}],"up":[{"embeddable":true,"href":"https:\/\/istorie.unibuc.ro\/facultate\/wp-json\/wp\/v2\/pages\/1527"}],"wp:attachment":[{"href":"https:\/\/istorie.unibuc.ro\/facultate\/wp-json\/wp\/v2\/media?parent=1558"}],"curies":[{"name":"wp","href":"https:\/\/api.w.org\/{rel}","templated":true}]}}