{"id":1545,"date":"2018-11-13T17:41:26","date_gmt":"2018-11-13T17:41:26","guid":{"rendered":"http:\/\/newhis.bucharest.university\/?page_id=1545"},"modified":"2018-11-13T17:50:51","modified_gmt":"2018-11-13T17:50:51","slug":"cercul-de-studii-muzeal","status":"publish","type":"page","link":"https:\/\/istorie.unibuc.ro\/facultate\/studenti\/cercuri-studentesti\/cercul-de-studii-muzeal\/","title":{"rendered":"Cercul de Studii Muzeale"},"content":{"rendered":"\n<p class=\"wp-block-paragraph\">Cercul\nde studii Muzeale creeaz\u0103 leg\u0103turi \u00eentre studen\u021bii pasiona\u021bi de istorie \u0219i\nspa\u021biu muzeal experimental \u0219i creativ. CSM a luat fiin\u021b\u0103 \u00een anul 2010 sub\ncoordonarea \u0219i \u00eendrumarea d-nei conf. univ. dr. Florentina Ni\u021bu. \u00cen prezent\nreune\u0219te studen\u021bi din toate cele trei programe de studii ale Facult\u0103\u021bii de\nIstorie, dar \u0219i absolven\u021bi, \u00eentrunirile sale\nfiind deschise tuturor studen\u021bilor din spa\u021biul universitar interesa\u021bi de\ndomeniul muzeografic.<\/p>\n\n\n\n<p class=\"wp-block-paragraph\">Grupul\ns-a catalizat \u00een urma expozi\u021biei dedicat\u0103 lui Nicolae Iorga. \u00cenc\u0103 de la formare,\nstuden\u021bii implica\u021bi \u00een proiectele Cercului de Studii Muzeale au lucrat \u00eempreun\u0103\nla realizarea unor expozi\u021bii care au avut \u00een centrul lor personalit\u0103\u021bi precum\nDimitrie Onciul, Emil Condurachi sau Kazimiera Illakowiczowna. Printre cele mai\nrecente activit\u0103\u021bi organizate se num\u0103r\u0103 expozi\u021bia \u201eIstorici, profesori, mentori\nla Universitatea din Bucure\u0219ti\u201d \u0219i implicarea \u00een reamenajarea Muzeului\nUniversit\u0103\u021bii din Bucure\u0219ti. Proiectele desf\u0103\u0219urate sunt completate de organizarea comunic\u0103rilor \u0219tiin\u021bifice, vizite de\nstudiu \u0219i ateliere practice organizate \u00een S\u0103pt\u0103m\u00e2na Por\u021bilor Deschise la\nFacultatea de Istorie.<\/p>\n\n\n\n<p class=\"wp-block-paragraph\">Cercul de Studii Muzeale\ncontribuie la cunoa\u0219terea \u0219i promovarea activit\u0103\u021bilor \u0219i proiectelor de colaborare\na institu\u021biilor de profil<strong> promov\u00e2nd\ncercetarea, interactivitatea, educa\u021bia, dialogul \u015fi angajarea creativ\u0103. <\/strong>Printre\nobiectivele sale se num\u0103r\u0103 promovarea domeniului muzeografic, redefinirea\nimaginii muzeului \u0219i transformarea muzeului \u00eentr-un spa\u021biu de \u00eenv\u0103\u021bare\npermanent prin realizarea de proiecte expozi\u021bionale \u00een cadrul Universit\u0103\u021bii din\nBucure\u0219ti.<\/p>\n\n\n\n<p class=\"wp-block-paragraph\">Misiunea\nCercului de Studii Muzeale se contureaz\u0103 \u00een jurul promov\u0103rii \u0219i r\u0103sp\u00e2ndirii\ncuno\u0219tin\u021belor legate de patrimoniul cultural \u0163in\u00e2nd\ncont de transform\u0103rile sociale din toate domeniile. De asemenea CSM propune\nabordarea unor concepte \u0219i strategii noi oferind astfel <\/p>\n\n\n\n<p class=\"wp-block-paragraph\">studen\u021bilor\nposibilitatea de a experimenta, \u00eenv\u0103\u021ba \u0219i inova \u00een domeniul muzeologiei. &nbsp;<\/p>\n\n\n\n<p class=\"wp-block-paragraph\">\u00cen Cercul de Studii Muzeale ve\u021bi g\u0103si \u00eentotdeauna un prieten, a\u0219adar v\u0103 invit\u0103m s\u0103 urm\u0103ri\u021bi blogul nostru \u0219i pagina de facebook a cercului:<\/p>\n\n\n\n<p class=\"wp-block-paragraph\">https:\/\/studiimuzeale.wordpress.com\/<br>\nhttps:\/\/www.facebook.com\/Cercul-de-Studii-Muzeale-1563144847271317\/<\/p>\n\n\n\n<p class=\"wp-block-paragraph\">\u00cempreun\u0103\nvom descoperi lumea muzeelor!!<\/p>\n\n\n\n<ul class=\"wp-block-gallery columns-3 is-cropped wp-block-gallery-1 is-layout-flex wp-block-gallery-is-layout-flex\"><li class=\"blocks-gallery-item\"><figure><img data-recalc-dims=\"1\" loading=\"lazy\" decoding=\"async\" width=\"640\" height=\"480\" data-attachment-id=\"1547\" data-permalink=\"https:\/\/istorie.unibuc.ro\/facultate\/studenti\/cercuri-studentesti\/cercul-de-studii-muzeal\/1-2\/\" data-orig-file=\"https:\/\/i0.wp.com\/istorie.unibuc.ro\/wp-content\/uploads\/2018\/11\/1.jpg?fit=640%2C480&amp;ssl=1\" data-orig-size=\"640,480\" data-comments-opened=\"0\" data-image-meta=\"{&quot;aperture&quot;:&quot;0&quot;,&quot;credit&quot;:&quot;&quot;,&quot;camera&quot;:&quot;&quot;,&quot;caption&quot;:&quot;&quot;,&quot;created_timestamp&quot;:&quot;0&quot;,&quot;copyright&quot;:&quot;&quot;,&quot;focal_length&quot;:&quot;0&quot;,&quot;iso&quot;:&quot;0&quot;,&quot;shutter_speed&quot;:&quot;0&quot;,&quot;title&quot;:&quot;&quot;,&quot;orientation&quot;:&quot;0&quot;}\" data-image-title=\"1\" data-image-description=\"\" data-image-caption=\"\" data-large-file=\"https:\/\/i0.wp.com\/istorie.unibuc.ro\/wp-content\/uploads\/2018\/11\/1.jpg?fit=640%2C480&amp;ssl=1\" src=\"https:\/\/i0.wp.com\/newhis.bucharest.university\/wp-content\/uploads\/2018\/11\/1.jpg?resize=640%2C480\" alt=\"\" data-id=\"1547\" data-link=\"http:\/\/newhis.bucharest.university\/?attachment_id=1547\" class=\"wp-image-1547\" srcset=\"https:\/\/i0.wp.com\/istorie.unibuc.ro\/wp-content\/uploads\/2018\/11\/1.jpg?w=640&amp;ssl=1 640w, https:\/\/i0.wp.com\/istorie.unibuc.ro\/wp-content\/uploads\/2018\/11\/1.jpg?resize=300%2C225&amp;ssl=1 300w, https:\/\/i0.wp.com\/istorie.unibuc.ro\/wp-content\/uploads\/2018\/11\/1.jpg?resize=400%2C300&amp;ssl=1 400w\" sizes=\"auto, (max-width: 640px) 100vw, 640px\" \/><\/figure><\/li><li class=\"blocks-gallery-item\"><figure><img data-recalc-dims=\"1\" loading=\"lazy\" decoding=\"async\" width=\"640\" height=\"480\" data-attachment-id=\"1548\" data-permalink=\"https:\/\/istorie.unibuc.ro\/facultate\/studenti\/cercuri-studentesti\/cercul-de-studii-muzeal\/attachment\/2\/\" data-orig-file=\"https:\/\/i0.wp.com\/istorie.unibuc.ro\/wp-content\/uploads\/2018\/11\/2.jpg?fit=640%2C480&amp;ssl=1\" data-orig-size=\"640,480\" data-comments-opened=\"0\" data-image-meta=\"{&quot;aperture&quot;:&quot;0&quot;,&quot;credit&quot;:&quot;&quot;,&quot;camera&quot;:&quot;&quot;,&quot;caption&quot;:&quot;&quot;,&quot;created_timestamp&quot;:&quot;0&quot;,&quot;copyright&quot;:&quot;&quot;,&quot;focal_length&quot;:&quot;0&quot;,&quot;iso&quot;:&quot;0&quot;,&quot;shutter_speed&quot;:&quot;0&quot;,&quot;title&quot;:&quot;&quot;,&quot;orientation&quot;:&quot;0&quot;}\" data-image-title=\"2\" data-image-description=\"\" data-image-caption=\"\" data-large-file=\"https:\/\/i0.wp.com\/istorie.unibuc.ro\/wp-content\/uploads\/2018\/11\/2.jpg?fit=640%2C480&amp;ssl=1\" src=\"https:\/\/i0.wp.com\/newhis.bucharest.university\/wp-content\/uploads\/2018\/11\/2.jpg?resize=640%2C480\" alt=\"\" data-id=\"1548\" data-link=\"http:\/\/newhis.bucharest.university\/?attachment_id=1548\" class=\"wp-image-1548\" srcset=\"https:\/\/i0.wp.com\/istorie.unibuc.ro\/wp-content\/uploads\/2018\/11\/2.jpg?w=640&amp;ssl=1 640w, https:\/\/i0.wp.com\/istorie.unibuc.ro\/wp-content\/uploads\/2018\/11\/2.jpg?resize=300%2C225&amp;ssl=1 300w, https:\/\/i0.wp.com\/istorie.unibuc.ro\/wp-content\/uploads\/2018\/11\/2.jpg?resize=400%2C300&amp;ssl=1 400w\" sizes=\"auto, (max-width: 640px) 100vw, 640px\" \/><\/figure><\/li><li class=\"blocks-gallery-item\"><figure><img data-recalc-dims=\"1\" loading=\"lazy\" decoding=\"async\" width=\"771\" height=\"434\" data-attachment-id=\"1549\" data-permalink=\"https:\/\/istorie.unibuc.ro\/facultate\/studenti\/cercuri-studentesti\/cercul-de-studii-muzeal\/attachment\/3\/\" data-orig-file=\"https:\/\/i0.wp.com\/istorie.unibuc.ro\/wp-content\/uploads\/2018\/11\/3.jpg?fit=2048%2C1154&amp;ssl=1\" data-orig-size=\"2048,1154\" data-comments-opened=\"0\" data-image-meta=\"{&quot;aperture&quot;:&quot;0&quot;,&quot;credit&quot;:&quot;&quot;,&quot;camera&quot;:&quot;&quot;,&quot;caption&quot;:&quot;&quot;,&quot;created_timestamp&quot;:&quot;0&quot;,&quot;copyright&quot;:&quot;&quot;,&quot;focal_length&quot;:&quot;0&quot;,&quot;iso&quot;:&quot;0&quot;,&quot;shutter_speed&quot;:&quot;0&quot;,&quot;title&quot;:&quot;&quot;,&quot;orientation&quot;:&quot;0&quot;}\" data-image-title=\"3\" data-image-description=\"\" data-image-caption=\"\" data-large-file=\"https:\/\/i0.wp.com\/istorie.unibuc.ro\/wp-content\/uploads\/2018\/11\/3.jpg?fit=771%2C434&amp;ssl=1\" src=\"https:\/\/i0.wp.com\/newhis.bucharest.university\/wp-content\/uploads\/2018\/11\/3.jpg?resize=771%2C434\" alt=\"\" data-id=\"1549\" data-link=\"http:\/\/newhis.bucharest.university\/?attachment_id=1549\" class=\"wp-image-1549\" srcset=\"https:\/\/i0.wp.com\/istorie.unibuc.ro\/wp-content\/uploads\/2018\/11\/3.jpg?w=2048&amp;ssl=1 2048w, https:\/\/i0.wp.com\/istorie.unibuc.ro\/wp-content\/uploads\/2018\/11\/3.jpg?resize=300%2C169&amp;ssl=1 300w, https:\/\/i0.wp.com\/istorie.unibuc.ro\/wp-content\/uploads\/2018\/11\/3.jpg?resize=768%2C433&amp;ssl=1 768w, https:\/\/i0.wp.com\/istorie.unibuc.ro\/wp-content\/uploads\/2018\/11\/3.jpg?resize=1024%2C577&amp;ssl=1 1024w, https:\/\/i0.wp.com\/istorie.unibuc.ro\/wp-content\/uploads\/2018\/11\/3.jpg?resize=400%2C225&amp;ssl=1 400w, https:\/\/i0.wp.com\/istorie.unibuc.ro\/wp-content\/uploads\/2018\/11\/3.jpg?w=1542&amp;ssl=1 1542w\" sizes=\"auto, (max-width: 771px) 100vw, 771px\" \/><\/figure><\/li><li class=\"blocks-gallery-item\"><figure><img data-recalc-dims=\"1\" loading=\"lazy\" decoding=\"async\" width=\"771\" height=\"434\" data-attachment-id=\"1550\" data-permalink=\"https:\/\/istorie.unibuc.ro\/facultate\/studenti\/cercuri-studentesti\/cercul-de-studii-muzeal\/4-2\/\" data-orig-file=\"https:\/\/i0.wp.com\/istorie.unibuc.ro\/wp-content\/uploads\/2018\/11\/4.jpg?fit=960%2C541&amp;ssl=1\" data-orig-size=\"960,541\" data-comments-opened=\"0\" data-image-meta=\"{&quot;aperture&quot;:&quot;0&quot;,&quot;credit&quot;:&quot;&quot;,&quot;camera&quot;:&quot;&quot;,&quot;caption&quot;:&quot;&quot;,&quot;created_timestamp&quot;:&quot;0&quot;,&quot;copyright&quot;:&quot;&quot;,&quot;focal_length&quot;:&quot;0&quot;,&quot;iso&quot;:&quot;0&quot;,&quot;shutter_speed&quot;:&quot;0&quot;,&quot;title&quot;:&quot;&quot;,&quot;orientation&quot;:&quot;0&quot;}\" data-image-title=\"4\" data-image-description=\"\" data-image-caption=\"\" data-large-file=\"https:\/\/i0.wp.com\/istorie.unibuc.ro\/wp-content\/uploads\/2018\/11\/4.jpg?fit=771%2C434&amp;ssl=1\" src=\"https:\/\/i0.wp.com\/newhis.bucharest.university\/wp-content\/uploads\/2018\/11\/4.jpg?resize=771%2C434\" alt=\"\" data-id=\"1550\" data-link=\"http:\/\/newhis.bucharest.university\/?attachment_id=1550\" class=\"wp-image-1550\" srcset=\"https:\/\/i0.wp.com\/istorie.unibuc.ro\/wp-content\/uploads\/2018\/11\/4.jpg?w=960&amp;ssl=1 960w, https:\/\/i0.wp.com\/istorie.unibuc.ro\/wp-content\/uploads\/2018\/11\/4.jpg?resize=300%2C169&amp;ssl=1 300w, https:\/\/i0.wp.com\/istorie.unibuc.ro\/wp-content\/uploads\/2018\/11\/4.jpg?resize=768%2C433&amp;ssl=1 768w, https:\/\/i0.wp.com\/istorie.unibuc.ro\/wp-content\/uploads\/2018\/11\/4.jpg?resize=400%2C225&amp;ssl=1 400w\" sizes=\"auto, (max-width: 771px) 100vw, 771px\" \/><\/figure><\/li><li class=\"blocks-gallery-item\"><figure><img data-recalc-dims=\"1\" loading=\"lazy\" decoding=\"async\" width=\"771\" height=\"578\" data-attachment-id=\"1551\" data-permalink=\"https:\/\/istorie.unibuc.ro\/facultate\/studenti\/cercuri-studentesti\/cercul-de-studii-muzeal\/attachment\/5\/\" data-orig-file=\"https:\/\/i0.wp.com\/istorie.unibuc.ro\/wp-content\/uploads\/2018\/11\/5.jpg?fit=2048%2C1536&amp;ssl=1\" data-orig-size=\"2048,1536\" data-comments-opened=\"0\" data-image-meta=\"{&quot;aperture&quot;:&quot;0&quot;,&quot;credit&quot;:&quot;&quot;,&quot;camera&quot;:&quot;&quot;,&quot;caption&quot;:&quot;&quot;,&quot;created_timestamp&quot;:&quot;0&quot;,&quot;copyright&quot;:&quot;&quot;,&quot;focal_length&quot;:&quot;0&quot;,&quot;iso&quot;:&quot;0&quot;,&quot;shutter_speed&quot;:&quot;0&quot;,&quot;title&quot;:&quot;&quot;,&quot;orientation&quot;:&quot;0&quot;}\" data-image-title=\"5\" data-image-description=\"\" data-image-caption=\"\" data-large-file=\"https:\/\/i0.wp.com\/istorie.unibuc.ro\/wp-content\/uploads\/2018\/11\/5.jpg?fit=771%2C578&amp;ssl=1\" src=\"https:\/\/i0.wp.com\/newhis.bucharest.university\/wp-content\/uploads\/2018\/11\/5.jpg?resize=771%2C578\" alt=\"\" data-id=\"1551\" data-link=\"http:\/\/newhis.bucharest.university\/?attachment_id=1551\" class=\"wp-image-1551\" srcset=\"https:\/\/i0.wp.com\/istorie.unibuc.ro\/wp-content\/uploads\/2018\/11\/5.jpg?w=2048&amp;ssl=1 2048w, https:\/\/i0.wp.com\/istorie.unibuc.ro\/wp-content\/uploads\/2018\/11\/5.jpg?resize=300%2C225&amp;ssl=1 300w, https:\/\/i0.wp.com\/istorie.unibuc.ro\/wp-content\/uploads\/2018\/11\/5.jpg?resize=768%2C576&amp;ssl=1 768w, https:\/\/i0.wp.com\/istorie.unibuc.ro\/wp-content\/uploads\/2018\/11\/5.jpg?resize=1024%2C768&amp;ssl=1 1024w, https:\/\/i0.wp.com\/istorie.unibuc.ro\/wp-content\/uploads\/2018\/11\/5.jpg?resize=400%2C300&amp;ssl=1 400w, https:\/\/i0.wp.com\/istorie.unibuc.ro\/wp-content\/uploads\/2018\/11\/5.jpg?w=1542&amp;ssl=1 1542w\" sizes=\"auto, (max-width: 771px) 100vw, 771px\" \/><\/figure><\/li><li class=\"blocks-gallery-item\"><figure><img data-recalc-dims=\"1\" loading=\"lazy\" decoding=\"async\" width=\"771\" height=\"578\" data-attachment-id=\"1552\" data-permalink=\"https:\/\/istorie.unibuc.ro\/facultate\/studenti\/cercuri-studentesti\/cercul-de-studii-muzeal\/attachment\/6\/\" data-orig-file=\"https:\/\/i0.wp.com\/istorie.unibuc.ro\/wp-content\/uploads\/2018\/11\/6.jpg?fit=2048%2C1536&amp;ssl=1\" data-orig-size=\"2048,1536\" data-comments-opened=\"0\" data-image-meta=\"{&quot;aperture&quot;:&quot;0&quot;,&quot;credit&quot;:&quot;&quot;,&quot;camera&quot;:&quot;&quot;,&quot;caption&quot;:&quot;&quot;,&quot;created_timestamp&quot;:&quot;0&quot;,&quot;copyright&quot;:&quot;&quot;,&quot;focal_length&quot;:&quot;0&quot;,&quot;iso&quot;:&quot;0&quot;,&quot;shutter_speed&quot;:&quot;0&quot;,&quot;title&quot;:&quot;&quot;,&quot;orientation&quot;:&quot;0&quot;}\" data-image-title=\"6\" data-image-description=\"\" data-image-caption=\"\" data-large-file=\"https:\/\/i0.wp.com\/istorie.unibuc.ro\/wp-content\/uploads\/2018\/11\/6.jpg?fit=771%2C578&amp;ssl=1\" src=\"https:\/\/i0.wp.com\/newhis.bucharest.university\/wp-content\/uploads\/2018\/11\/6.jpg?resize=771%2C578\" alt=\"\" data-id=\"1552\" data-link=\"http:\/\/newhis.bucharest.university\/?attachment_id=1552\" class=\"wp-image-1552\" srcset=\"https:\/\/i0.wp.com\/istorie.unibuc.ro\/wp-content\/uploads\/2018\/11\/6.jpg?w=2048&amp;ssl=1 2048w, https:\/\/i0.wp.com\/istorie.unibuc.ro\/wp-content\/uploads\/2018\/11\/6.jpg?resize=300%2C225&amp;ssl=1 300w, https:\/\/i0.wp.com\/istorie.unibuc.ro\/wp-content\/uploads\/2018\/11\/6.jpg?resize=768%2C576&amp;ssl=1 768w, https:\/\/i0.wp.com\/istorie.unibuc.ro\/wp-content\/uploads\/2018\/11\/6.jpg?resize=1024%2C768&amp;ssl=1 1024w, https:\/\/i0.wp.com\/istorie.unibuc.ro\/wp-content\/uploads\/2018\/11\/6.jpg?resize=400%2C300&amp;ssl=1 400w, https:\/\/i0.wp.com\/istorie.unibuc.ro\/wp-content\/uploads\/2018\/11\/6.jpg?w=1542&amp;ssl=1 1542w\" sizes=\"auto, (max-width: 771px) 100vw, 771px\" \/><\/figure><\/li><li class=\"blocks-gallery-item\"><figure><img data-recalc-dims=\"1\" loading=\"lazy\" decoding=\"async\" width=\"771\" height=\"578\" data-attachment-id=\"1553\" data-permalink=\"https:\/\/istorie.unibuc.ro\/facultate\/studenti\/cercuri-studentesti\/cercul-de-studii-muzeal\/attachment\/7\/\" data-orig-file=\"https:\/\/i0.wp.com\/istorie.unibuc.ro\/wp-content\/uploads\/2018\/11\/7.jpg?fit=960%2C720&amp;ssl=1\" data-orig-size=\"960,720\" data-comments-opened=\"0\" data-image-meta=\"{&quot;aperture&quot;:&quot;0&quot;,&quot;credit&quot;:&quot;&quot;,&quot;camera&quot;:&quot;&quot;,&quot;caption&quot;:&quot;&quot;,&quot;created_timestamp&quot;:&quot;0&quot;,&quot;copyright&quot;:&quot;&quot;,&quot;focal_length&quot;:&quot;0&quot;,&quot;iso&quot;:&quot;0&quot;,&quot;shutter_speed&quot;:&quot;0&quot;,&quot;title&quot;:&quot;&quot;,&quot;orientation&quot;:&quot;0&quot;}\" data-image-title=\"7\" data-image-description=\"\" data-image-caption=\"\" data-large-file=\"https:\/\/i0.wp.com\/istorie.unibuc.ro\/wp-content\/uploads\/2018\/11\/7.jpg?fit=771%2C578&amp;ssl=1\" src=\"https:\/\/i0.wp.com\/newhis.bucharest.university\/wp-content\/uploads\/2018\/11\/7.jpg?resize=771%2C578\" alt=\"\" data-id=\"1553\" data-link=\"http:\/\/newhis.bucharest.university\/?attachment_id=1553\" class=\"wp-image-1553\" srcset=\"https:\/\/i0.wp.com\/istorie.unibuc.ro\/wp-content\/uploads\/2018\/11\/7.jpg?w=960&amp;ssl=1 960w, https:\/\/i0.wp.com\/istorie.unibuc.ro\/wp-content\/uploads\/2018\/11\/7.jpg?resize=300%2C225&amp;ssl=1 300w, https:\/\/i0.wp.com\/istorie.unibuc.ro\/wp-content\/uploads\/2018\/11\/7.jpg?resize=768%2C576&amp;ssl=1 768w, https:\/\/i0.wp.com\/istorie.unibuc.ro\/wp-content\/uploads\/2018\/11\/7.jpg?resize=400%2C300&amp;ssl=1 400w\" sizes=\"auto, (max-width: 771px) 100vw, 771px\" \/><\/figure><\/li><li class=\"blocks-gallery-item\"><figure><img data-recalc-dims=\"1\" loading=\"lazy\" decoding=\"async\" width=\"771\" height=\"514\" data-attachment-id=\"1554\" data-permalink=\"https:\/\/istorie.unibuc.ro\/facultate\/studenti\/cercuri-studentesti\/cercul-de-studii-muzeal\/8-2\/\" data-orig-file=\"https:\/\/i0.wp.com\/istorie.unibuc.ro\/wp-content\/uploads\/2018\/11\/8.jpg?fit=2000%2C1333&amp;ssl=1\" data-orig-size=\"2000,1333\" data-comments-opened=\"0\" data-image-meta=\"{&quot;aperture&quot;:&quot;0&quot;,&quot;credit&quot;:&quot;&quot;,&quot;camera&quot;:&quot;&quot;,&quot;caption&quot;:&quot;&quot;,&quot;created_timestamp&quot;:&quot;0&quot;,&quot;copyright&quot;:&quot;&quot;,&quot;focal_length&quot;:&quot;0&quot;,&quot;iso&quot;:&quot;0&quot;,&quot;shutter_speed&quot;:&quot;0&quot;,&quot;title&quot;:&quot;&quot;,&quot;orientation&quot;:&quot;0&quot;}\" data-image-title=\"8\" data-image-description=\"\" data-image-caption=\"\" data-large-file=\"https:\/\/i0.wp.com\/istorie.unibuc.ro\/wp-content\/uploads\/2018\/11\/8.jpg?fit=771%2C513&amp;ssl=1\" src=\"https:\/\/i0.wp.com\/newhis.bucharest.university\/wp-content\/uploads\/2018\/11\/8.jpg?resize=771%2C514\" alt=\"\" data-id=\"1554\" data-link=\"http:\/\/newhis.bucharest.university\/?attachment_id=1554\" class=\"wp-image-1554\" srcset=\"https:\/\/i0.wp.com\/istorie.unibuc.ro\/wp-content\/uploads\/2018\/11\/8.jpg?w=2000&amp;ssl=1 2000w, https:\/\/i0.wp.com\/istorie.unibuc.ro\/wp-content\/uploads\/2018\/11\/8.jpg?resize=300%2C200&amp;ssl=1 300w, https:\/\/i0.wp.com\/istorie.unibuc.ro\/wp-content\/uploads\/2018\/11\/8.jpg?resize=768%2C512&amp;ssl=1 768w, https:\/\/i0.wp.com\/istorie.unibuc.ro\/wp-content\/uploads\/2018\/11\/8.jpg?resize=1024%2C682&amp;ssl=1 1024w, https:\/\/i0.wp.com\/istorie.unibuc.ro\/wp-content\/uploads\/2018\/11\/8.jpg?resize=400%2C267&amp;ssl=1 400w, https:\/\/i0.wp.com\/istorie.unibuc.ro\/wp-content\/uploads\/2018\/11\/8.jpg?w=1542&amp;ssl=1 1542w\" sizes=\"auto, (max-width: 771px) 100vw, 771px\" \/><\/figure><\/li><li class=\"blocks-gallery-item\"><figure><img decoding=\"async\" src=\"blob:http:\/\/newhis.bucharest.university\/405bf9b8-202f-4982-b83a-5d7d078730df\"\/><\/figure><\/li><li class=\"blocks-gallery-item\"><figure><img data-recalc-dims=\"1\" loading=\"lazy\" decoding=\"async\" width=\"771\" height=\"514\" data-attachment-id=\"1555\" data-permalink=\"https:\/\/istorie.unibuc.ro\/facultate\/studenti\/cercuri-studentesti\/cercul-de-studii-muzeal\/attachment\/10\/\" data-orig-file=\"https:\/\/i0.wp.com\/istorie.unibuc.ro\/wp-content\/uploads\/2018\/11\/10.jpg?fit=5184%2C3456&amp;ssl=1\" data-orig-size=\"5184,3456\" data-comments-opened=\"0\" data-image-meta=\"{&quot;aperture&quot;:&quot;4.56&quot;,&quot;credit&quot;:&quot;&quot;,&quot;camera&quot;:&quot;EOS 100D&quot;,&quot;caption&quot;:&quot;&quot;,&quot;created_timestamp&quot;:&quot;0&quot;,&quot;copyright&quot;:&quot;&quot;,&quot;focal_length&quot;:&quot;29&quot;,&quot;iso&quot;:&quot;400&quot;,&quot;shutter_speed&quot;:&quot;0.020263&quot;,&quot;title&quot;:&quot;&quot;,&quot;orientation&quot;:&quot;1&quot;}\" data-image-title=\"10\" data-image-description=\"\" data-image-caption=\"\" data-large-file=\"https:\/\/i0.wp.com\/istorie.unibuc.ro\/wp-content\/uploads\/2018\/11\/10.jpg?fit=771%2C514&amp;ssl=1\" src=\"https:\/\/i0.wp.com\/newhis.bucharest.university\/wp-content\/uploads\/2018\/11\/10.jpg?resize=771%2C514\" alt=\"\" data-id=\"1555\" data-link=\"http:\/\/newhis.bucharest.university\/?attachment_id=1555\" class=\"wp-image-1555\" srcset=\"https:\/\/i0.wp.com\/istorie.unibuc.ro\/wp-content\/uploads\/2018\/11\/10.jpg?w=5184&amp;ssl=1 5184w, https:\/\/i0.wp.com\/istorie.unibuc.ro\/wp-content\/uploads\/2018\/11\/10.jpg?resize=300%2C200&amp;ssl=1 300w, https:\/\/i0.wp.com\/istorie.unibuc.ro\/wp-content\/uploads\/2018\/11\/10.jpg?resize=768%2C512&amp;ssl=1 768w, https:\/\/i0.wp.com\/istorie.unibuc.ro\/wp-content\/uploads\/2018\/11\/10.jpg?resize=1024%2C683&amp;ssl=1 1024w, https:\/\/i0.wp.com\/istorie.unibuc.ro\/wp-content\/uploads\/2018\/11\/10.jpg?resize=400%2C267&amp;ssl=1 400w, https:\/\/i0.wp.com\/istorie.unibuc.ro\/wp-content\/uploads\/2018\/11\/10.jpg?w=1542&amp;ssl=1 1542w, https:\/\/i0.wp.com\/istorie.unibuc.ro\/wp-content\/uploads\/2018\/11\/10.jpg?w=2313&amp;ssl=1 2313w\" sizes=\"auto, (max-width: 771px) 100vw, 771px\" \/><\/figure><\/li><\/ul>\n","protected":false},"excerpt":{"rendered":"<p>Cercul de studii Muzeale creeaz\u0103 leg\u0103turi \u00eentre studen\u021bii pasiona\u021bi de istorie \u0219i spa\u021biu muzeal experimental \u0219i creativ. CSM a luat fiin\u021b\u0103 \u00een anul 2010 sub coordonarea \u0219i \u00eendrumarea d-nei conf. univ. dr. Florentina Ni\u021bu. \u00cen prezent reune\u0219te studen\u021bi din toate cele trei programe de studii ale Facult\u0103\u021bii de Istorie, dar \u0219i absolven\u021bi, \u00eentrunirile sale fiind [&hellip;]<\/p>\n","protected":false},"author":2,"featured_media":0,"parent":1527,"menu_order":0,"comment_status":"closed","ping_status":"closed","template":"","meta":{"_crdt_document":"","jetpack_post_was_ever_published":false,"footnotes":""},"class_list":["post-1545","page","type-page","status-publish","hentry"],"jetpack_sharing_enabled":true,"jetpack_shortlink":"https:\/\/wp.me\/PaobZd-oV","jetpack-related-posts":[],"_links":{"self":[{"href":"https:\/\/istorie.unibuc.ro\/facultate\/wp-json\/wp\/v2\/pages\/1545","targetHints":{"allow":["GET"]}}],"collection":[{"href":"https:\/\/istorie.unibuc.ro\/facultate\/wp-json\/wp\/v2\/pages"}],"about":[{"href":"https:\/\/istorie.unibuc.ro\/facultate\/wp-json\/wp\/v2\/types\/page"}],"author":[{"embeddable":true,"href":"https:\/\/istorie.unibuc.ro\/facultate\/wp-json\/wp\/v2\/users\/2"}],"replies":[{"embeddable":true,"href":"https:\/\/istorie.unibuc.ro\/facultate\/wp-json\/wp\/v2\/comments?post=1545"}],"version-history":[{"count":3,"href":"https:\/\/istorie.unibuc.ro\/facultate\/wp-json\/wp\/v2\/pages\/1545\/revisions"}],"predecessor-version":[{"id":1594,"href":"https:\/\/istorie.unibuc.ro\/facultate\/wp-json\/wp\/v2\/pages\/1545\/revisions\/1594"}],"up":[{"embeddable":true,"href":"https:\/\/istorie.unibuc.ro\/facultate\/wp-json\/wp\/v2\/pages\/1527"}],"wp:attachment":[{"href":"https:\/\/istorie.unibuc.ro\/facultate\/wp-json\/wp\/v2\/media?parent=1545"}],"curies":[{"name":"wp","href":"https:\/\/api.w.org\/{rel}","templated":true}]}}