{"id":1543,"date":"2018-11-13T17:39:38","date_gmt":"2018-11-13T17:39:38","guid":{"rendered":"http:\/\/newhis.bucharest.university\/?page_id=1543"},"modified":"2018-11-13T17:39:39","modified_gmt":"2018-11-13T17:39:39","slug":"cercul-de-istorie-militara","status":"publish","type":"page","link":"https:\/\/istorie.unibuc.ro\/facultate\/studenti\/cercuri-studentesti\/cercul-de-istorie-militara\/","title":{"rendered":"Cercul de Istorie Militar\u0103"},"content":{"rendered":"\n<p class=\"wp-block-paragraph\">Cercul de Istorie Militar\u0103 a fost \u00eenfiin\u021bat \u00een 2014, la ini\u021biativa lui\nVasile-Alexandru Mele\u0219teu, sub coordonarea domnului conf.univ.dr. Simion\nC\u00e2l\u021bia. Acest grup a fost g\u00e2ndit drept un mediu propice pentru a aduna studen\u021bi\npasiona\u021bi de istoria militar\u0103, at\u00e2t rom\u00e2neasc\u0103, c\u00e2t \u0219i universal\u0103. De asemenea, un\nalt motiv a fost legat de dorin\u021ba de a demonta anumite idei preconcepute\nreferitoare la istoria militar\u0103 \u0219i prezentarea acestui subiect \u00eentr-o manier\u0103\nistoric\u0103, subliniind complexitatea sa \u0219i modul \u00een care poate contribui la\ncunoa\u0219terea istoric\u0103. <\/p>\n\n\n\n<p class=\"wp-block-paragraph\">\u00cen cadrul cercului, sunt organizate mai multe activit\u0103\u021bi, una din acestea\nfiind reprezentat\u0103 de prezent\u0103rile membrilor. Scopul este dublu: pe de-o parte,\nmembrii cercului \u00ee\u0219i \u00eembog\u0103\u021besc cunoa\u0219terea despre istoria militar\u0103, iar pe\nde-alt\u0103 parte, persoana care prezint\u0103 \u00eenvat\u0103 s\u0103 \u00ee\u0219i expun\u0103 ideile \u00eentr-un mod\nacademic. \u00cen unele sitau\u021bii, sunt invita\u021bi speciali\u0219ti \u00een domeniul militar\npentru a \u021bine conferin\u021be pe diferite subiecte ce \u021bin de domniul pe care-l\nstudiaz\u0103. O alt\u0103 activitate este reprezentat\u0103 de vizite la muzee, unde diferi\u021bi\nspeciali\u0219ti \u00een domeniul istoriei militar\u0103 prezint\u0103 c\u00e2teva exponate, astfel c\u0103\nmembrii \u00eenva\u021b\u0103 istoria obiectului \u0219i modul \u00een care pot aplica acest demers \u00een cazul\npropriilor cercet\u0103ri. Vizionarea filmelor reprezint\u0103 o alt\u0103 activitate, scopul\nacesteia fiind at\u00e2t de a crea un mod propice socializ\u0103rii \u00eentre membrii\ncercului, dar \u0219i de a analiza critic anumite pelicule ce abordeaz\u0103 istoria\nmilitar\u0103. <\/p>\n\n\n\n<p class=\"wp-block-paragraph\">&nbsp;&nbsp;&nbsp;&nbsp;&nbsp;&nbsp;&nbsp;&nbsp;&nbsp;&nbsp;&nbsp; Cercul de Istorie Militar\u0103\na \u00eencheiat un parteneriat cu asocia\u021bia de re-enactment Compania Ursului Brun,\nspecializat\u0103 \u00een reconstituirea istoric\u0103 medieval\u0103. \u00cen acest context, au fost\norganizate mai multe prezent\u0103ri (de exemplu, \u201eB\u0103t\u0103lia de la Ramla, 1101\u201d, \u201eB\u0103t\u0103lia\nde la Grunwald\u201d), \u00een cadrul c\u0103rora a fost folosit echipamentul militar al\nasocia\u021biei pentru a ilustra mai bine diferite aspecte ale r\u0103zboiului medieval,\ncum ar fi: caracteristicile armelor \u0219i armurilor medievale, modul \u00een care\nechipamentul militar a influen\u021bat tactica \u0219i strategia comandan\u021bilor, sau\ndiferen\u021bele dintre recuzita militar\u0103 occidental\u0103 \u0219i cea oriental\u0103. <\/p>\n\n\n\n<p class=\"wp-block-paragraph\">Contact:<\/p>\n\n\n\n<ul class=\"wp-block-list\"><li>&nbsp;<a href=\"https:\/\/www.facebook.com\/groups\/CerculdeIstorieMilitara\/\">https:\/\/www.facebook.com\/groups\/CerculdeIstorieMilitara\/<\/a><\/li><li><a href=\"mailto:cercul.de.istorie.militara@gmail.com\">cercul.de.istorie.militara@gmail.com<\/a><\/li><\/ul>\n","protected":false},"excerpt":{"rendered":"<p>Cercul de Istorie Militar\u0103 a fost \u00eenfiin\u021bat \u00een 2014, la ini\u021biativa lui Vasile-Alexandru Mele\u0219teu, sub coordonarea domnului conf.univ.dr. Simion C\u00e2l\u021bia. Acest grup a fost g\u00e2ndit drept un mediu propice pentru a aduna studen\u021bi pasiona\u021bi de istoria militar\u0103, at\u00e2t rom\u00e2neasc\u0103, c\u00e2t \u0219i universal\u0103. De asemenea, un alt motiv a fost legat de dorin\u021ba de a demonta [&hellip;]<\/p>\n","protected":false},"author":2,"featured_media":0,"parent":1527,"menu_order":0,"comment_status":"closed","ping_status":"closed","template":"","meta":{"_crdt_document":"","jetpack_post_was_ever_published":false,"footnotes":""},"class_list":["post-1543","page","type-page","status-publish","hentry"],"jetpack_sharing_enabled":true,"jetpack_shortlink":"https:\/\/wp.me\/PaobZd-oT","jetpack-related-posts":[],"_links":{"self":[{"href":"https:\/\/istorie.unibuc.ro\/facultate\/wp-json\/wp\/v2\/pages\/1543","targetHints":{"allow":["GET"]}}],"collection":[{"href":"https:\/\/istorie.unibuc.ro\/facultate\/wp-json\/wp\/v2\/pages"}],"about":[{"href":"https:\/\/istorie.unibuc.ro\/facultate\/wp-json\/wp\/v2\/types\/page"}],"author":[{"embeddable":true,"href":"https:\/\/istorie.unibuc.ro\/facultate\/wp-json\/wp\/v2\/users\/2"}],"replies":[{"embeddable":true,"href":"https:\/\/istorie.unibuc.ro\/facultate\/wp-json\/wp\/v2\/comments?post=1543"}],"version-history":[{"count":1,"href":"https:\/\/istorie.unibuc.ro\/facultate\/wp-json\/wp\/v2\/pages\/1543\/revisions"}],"predecessor-version":[{"id":1544,"href":"https:\/\/istorie.unibuc.ro\/facultate\/wp-json\/wp\/v2\/pages\/1543\/revisions\/1544"}],"up":[{"embeddable":true,"href":"https:\/\/istorie.unibuc.ro\/facultate\/wp-json\/wp\/v2\/pages\/1527"}],"wp:attachment":[{"href":"https:\/\/istorie.unibuc.ro\/facultate\/wp-json\/wp\/v2\/media?parent=1543"}],"curies":[{"name":"wp","href":"https:\/\/api.w.org\/{rel}","templated":true}]}}