{"id":12655,"date":"2023-07-09T16:48:45","date_gmt":"2023-07-09T16:48:45","guid":{"rendered":"https:\/\/istorie.unibuc.ro\/facultate\/?page_id=12655"},"modified":"2026-04-29T07:40:47","modified_gmt":"2026-04-29T07:40:47","slug":"admitere-conversie-profesionala-2023","status":"publish","type":"page","link":"https:\/\/istorie.unibuc.ro\/facultate\/admitere-conversie-profesionala-2023\/","title":{"rendered":"Admitere Conversie profesional\u0103 \u00een Istorie 2026"},"content":{"rendered":"\n<hr class=\"wp-block-separator has-alpha-channel-opacity\"\/>\n\n\n\n<h2 class=\"wp-block-heading\">Calendar admitere &#8211; sesiunea iulie &#8211; septembrie 2026<\/h2>\n\n\n\n<p class=\"wp-block-paragraph\">1 iulie &#8211; 9 septembrie &#8211; \u00eenscrieri online<\/p>\n\n\n\n<p class=\"wp-block-paragraph\">10 septembrie &#8211; afi\u0219are&nbsp;&nbsp;provizorie<\/p>\n\n\n\n<p class=\"wp-block-paragraph\">11 &#8211; 15&nbsp;&nbsp;septembrie &#8211; confirmare loc<\/p>\n\n\n\n<p class=\"wp-block-paragraph\">16 septembrie &#8211; afi\u0219are final\u0103<\/p>\n\n\n\n<p class=\"wp-block-paragraph\"><strong><u>Taxa de \u00eenscriere \u015fi de studii:<\/u><\/strong><\/p>\n\n\n\n<p class=\"wp-block-paragraph\">Taxa de \u00eenscriere:\u00a0200 lei (se poate pl\u0103ti online prin platforma de admitere).<\/p>\n\n\n\n<p class=\"wp-block-paragraph\">Taxa de studii: 4600 lei<\/p>\n\n\n\n<p class=\"wp-block-paragraph\"><strong><u>Condi\u0163ii de admitere:<\/u><\/strong>&nbsp;<\/p>\n\n\n\n<ul class=\"wp-block-list\">\n<li>Media general\u0103 a anilor de studiu<\/li>\n<\/ul>\n\n\n\n<ul class=\"wp-block-list\">\n<li>Media examenului de licen\u021b\u0103<\/li>\n<\/ul>\n\n\n\n<p class=\"wp-block-paragraph\"><strong><u>Actele necesare pentru \u00eenscrierea la concursul de admitere:<\/u><\/strong><\/p>\n\n\n\n<ol style=\"list-style-type:1\" class=\"wp-block-list\">\n<li>Fi\u0219\u0103 de \u00eenscriere;<\/li>\n\n\n\n<li>Diploma de bacalaureat;<\/li>\n\n\n\n<li>Diploma de licen\u021b\u0103 \u0219i foaia matricol\u0103;<\/li>\n\n\n\n<li>Certificat de definitivat;<\/li>\n\n\n\n<li>Certificat de na\u015ftere;<\/li>\n\n\n\n<li>Certificat de c\u0103s\u0103torie sau modificare a numelui, dac\u0103 este cazul;<\/li>\n\n\n\n<li>Carte de identitate;<\/li>\n\n\n\n<li>Adeverin\u0163\u0103 medical\u0103 &#8211; tip, din care s\u0103 rezulte c\u0103 este apt pentru facultate;<\/li>\n\n\n\n<li>Adeverin\u021b\u0103 eliberat\u0103 de o unitate de \u00eenv\u0103\u021b\u0103m\u00e2nt preuniversitar care s\u0103 ateste c\u0103 solicitantul este \u00eencadrat \u00een anul \u0219colar respectiv, postul\/catedra ocupat\u0103, statutul acestuia (titular\/suplinitor), precum \u0219i informa\u021bii referitoare la acordarea definitiv\u0103rii \u00een \u00eenv\u0103\u021b\u0103m\u00e2nt, respectiv a gradului didactic;<\/li>\n\n\n\n<li>Dovada achit\u0103rii taxei de \u00eenscriere la concurs;<\/li>\n\n\n\n<li>1 fotografie format jpg.<\/li>\n<\/ol>\n\n\n\n<hr class=\"wp-block-separator has-alpha-channel-opacity\"\/>\n\n\n\n<div class=\"wp-block-file\"><a id=\"wp-block-file--media-13ed4be5-e62e-45b0-bdc9-81d6481abe87\" href=\"https:\/\/istorie.unibuc.ro\/wp-content\/uploads\/2025\/05\/OM-7877-2024-ORGANIZARE-CONVERSIE-PROFESIONALA.pdf\">OM 7877-2024 ORGANIZARE CONVERSIE PROFESIONALA<\/a><a href=\"https:\/\/istorie.unibuc.ro\/wp-content\/uploads\/2025\/05\/OM-7877-2024-ORGANIZARE-CONVERSIE-PROFESIONALA.pdf\" class=\"wp-block-file__button wp-element-button\" download aria-describedby=\"wp-block-file--media-13ed4be5-e62e-45b0-bdc9-81d6481abe87\">Descarc\u0103<\/a><\/div>\n\n\n\n<p class=\"wp-block-paragraph\"><\/p>\n","protected":false},"excerpt":{"rendered":"<p>Calendar admitere &#8211; sesiunea iulie &#8211; septembrie 2026 1 iulie &#8211; 9 septembrie &#8211; \u00eenscrieri online 10 septembrie &#8211; afi\u0219are&nbsp;&nbsp;provizorie 11 &#8211; 15&nbsp;&nbsp;septembrie &#8211; confirmare loc 16 septembrie &#8211; afi\u0219are final\u0103 Taxa de \u00eenscriere \u015fi de studii: Taxa de \u00eenscriere:\u00a0200 lei (se poate pl\u0103ti online prin platforma de admitere). Taxa de studii: 4600 lei Condi\u0163ii [&hellip;]<\/p>\n","protected":false},"author":9,"featured_media":0,"parent":0,"menu_order":0,"comment_status":"closed","ping_status":"closed","template":"","meta":{"_crdt_document":"{\"document\":\"AAAH7\/6Fiw7qAsYCCKABsgsEAowCBAKWCRICogEqBgISAhwCBgMBIgIQAgUAAgYCBgQIkFsABgIBAgoASgASAQIKAkJKALoBAQIKAkJKAKQBAQIKAkJKAKwBAQIKAkJKAK4BAQIKAkJKAI4BAQIKAkJKAIACAQIKAiQMckoAkAEBAgoCQkoArAMBAgoCQkoAggEBAgoCQkoAuAEBAgoAShACAQIKAkxSpAEBAgoAShACAQIKAkxSmAEBAgoCQkoAuAIBAgoBAEoSAgECCgJMADQBAgoCTAA+AQIKAkwAnAEBAgoCTACEAQECCgJMADwBAgoCTACUAgECCgJMADgBAgoCTACoAgECCgJMAK4JAQIKAkwArgEBAgoCTPIWshcBAgoASgASAQIKAQEISAEAqgHqAQBKAIwCAQIKAEr4Jy4ahif+JvB3BowCBqoJhgMMPggQqoQBzncGjAIGqgmGAww+CLcDKAMnAAQAJwAEAIEAhAGBAIQBgQCEAIEAhACBAIQAgQCEAIEAhACBAIQAgQCEAIEAhACBAIQAgQCEAIEAhAGBAIQAgQCEACcAKAQnACgBJwAHACgDJwAoAScAhwAoAycBBAAoACcAhwAoAycBBAAoACcAhwAoAycBBAAoACcAhwAoAycBBAAoACcAhwAoAycBBAAoACcAhwAoAycBBAAoACcAhwAoAycBBACEASgAJwCHACgDJwEEACgAJwCHACgDJwEEACgAJwCHACgDJwEEACgAJwCHACgDJwAoAScABwAoAycBBAAnAIcAKAMnACgBJwAHACgDJwEEACcAhwAoAycBBAAoACcAhwAoAycAKAInAAcAKAMnAQQAJwCHACgDJwEEACcAhwAoAycBBAAnAIcAKAMnAQQAJwCHACgDJwEEACcAhwAoAycBBAAnAIcAKAMnAQQAJwCHACgDJwEEACcAhwAoAycBBAAnAIcAKAMnAQQAJwCHACgDJwEEACcAhwAoAycAKAEnAIcAKAMnACgCJwAEACgBJwAEACgBJwCHACgDJwEoACcAqADEAIQAKAGEAKgAxOw+ljxzdGF0ZXZlcnNpb25kb2N1bWVudGRhdGVkb2N1bWVudHNsdWdkb2N1bWVudHN0YXR1c2RvY3VtZW50dGl0bGVBZG1pdGVyZSBDb252ZXJzaWUgcHJvZmVzaW9uYWzEgyDDrm4gSXN0b3JpZSAyMDI2ZG9jdW1lbnRjb250ZW50PCEtLSB3cDpzZXBhcmF0b3IgLS0+CjxociBjbGFzcz0id3AtYmxvY2stc2VwYXJhdG9yIGhhcy1hbHBoYS1jaGFubmVsLW9wYWNpdHkiLz4KPCEtLSAvd3A6c2VwYXJhdG9yIC0tPgoKPCEtLSB3cDpoZWFkaW5nIC0tPgo8aDIgY2xhc3M9IndwLWJsb2NrLWhlYWRpbmciPkNhbGVuZGFyIGFkbWl0ZXJlIC0gc2VzaXVuZWEgaXVsaWUgLSBzZXB0ZW1icmllIDIwMjY8L2gyPgo8IS0tIC93cDpoZWFkaW5nIC0tPgoKPCEtLSB3cDpwYXJhZ3JhcGggLS0+CjxwPjEgaXVsaWUgLSA5IHNlcHRlbWJyaWUgLSDDrm5zY3JpZXJpIG9ubGluZTwvcD4KPCEtLSAvd3A6cGFyYWdyYXBoIC0tPgoKPCEtLSB3cDpwYXJhZ3JhcGggLS0+CjxwPjEwIHNlcHRlbWJyaWUgLSBhZmnImWFyZXByb3Zpem9yaWU8L3A+CjwhLS0gL3dwOnBhcmFncmFwaCAtLT4KCjwhLS0gd3A6cGFyYWdyYXBoIC0tPgo8cD4xMSAtIDE1c2VwdGVtYnJpZSAtIGNvbmZpcm1hcmUgbG9jPC9wPgo8IS0tIC93cDpwYXJhZ3JhcGggLS0+Cgo8IS0tIHdwOnBhcmFncmFwaCAtLT4KPHA+MTYgc2VwdGVtYnJpZSAtIGFmaciZYXJlIGZpbmFsxIM8L3A+CjwhLS0gL3dwOnBhcmFncmFwaCAtLT4KCjwhLS0gd3A6cGFyYWdyYXBoIC0tPgo8cD48c3Ryb25nPjx1PlRheGEgZGUgw65uc2NyaWVyZSDFn2kgZGUgc3R1ZGlpOjwvdT48L3N0cm9uZz48L3A+CjwhLS0gL3dwOnBhcmFncmFwaCAtLT4KCjwhLS0gd3A6cGFyYWdyYXBoIC0tPgo8cD5UYXhhIGRlIMOubnNjcmllcmU6wqAyMDAgbGVpIHNlIHBvYXRlIHBsxIN0aSBvbmxpbmUgcHJhdG9ybWF0ZXIuPC9wPgo8IS0tIC93cDpwYXJhZ3JhcGggLS0+Cgo8IS0tIHdwOnBhcmFncmFwaCAtLT4KPHA+VGF4YSBkZSBzdHVkaWk6IDQ2MDAgbGVpPC9wPgo8IS0tIC93cDpwYXJhZ3JhcGggLS0+Cgo8IS0tIHdwOnBhcmFncmFwaCAtLT4KPHA+PHN0cm9uZz48dT5Db25kacWjaWkgZGUgYWRtaXRlcmU6PC91Pjwvc3Ryb25nPiZuYnNwOzwvcD4KPCEtLSAvd3A6cGFyYWdyYXBoIC0tPgoKPCEtLSB3cDpsaXN0IC0tPgo8dWwgY2xhc3M9IndwLWJsb2NrLWxpc3QiPjwhLS0gd3A6bGlzdC1pdGVtIC0tPgo8bGk+TWVkaWEgZ2VuZXJhbMSDIGEgYW5pbG9yIGRlIHN0dWRpdTwvbGk+CjwhLS0gL3dwOmxpc3QtaXRlbSAtLT48L3VsPgo8IS0tIC93cDpsaXN0IC0tPgoKPCEtLSB3cDpsaXN0IC0tPgo8dWwgY2xhc3M9IndwLWJsb2NrLWxpc3QiPjwhLS0gd3A6bGlzdC1pdGVtIC0tPgo8bGk+TWVkaWEgZXhhbWVudWx1aSBkZSBsaWNlbsibxIM8L2xpPgo8IS0tIC93cDpsaXN0LWl0ZW0gLS0+PC91bD4KPCEtLSAvd3A6bGlzdCAtLT4KCjwhLS0gd3A6cGFyYWdyYXBoIC0tPgo8cD48c3Ryb25nPjx1PkFjdGVsZSBuZWNlc2FyZSBwZW50cnUgw65uc2NyaWVyZWEgbGEgY29uY3Vyc3VsIGRlIGFkbWl0ZXJlOjwvdT48L3N0cm9uZz48L3A+CjwhLS0gL3dwOnBhcmFncmFwaCAtLT4KCjwhLS0gd3A6bGlzdCB7Im9yZGVyZWQiOnRydWUsInR5cGUiOiIxIn0gLS0+CjxvbCBzdHlsZT0ibGlzdC1zdHlsZS10eXBlOjEiIGNsYXNzPSJ3cC1ibG9jay1saXN0Ij48IS0tIHdwOmxpc3QtaXRlbSAtLT4KPGxpPkZpyJnEgyBkZSDDrm5zY3JpZXJlOzwvbGk+CjwhLS0gL3dwOmxpc3QtaXRlbSAtLT4KCjwhLS0gd3A6bGlzdC1pdGVtIC0tPgo8bGk+RGlwbG9tYSBkZSBiYWNhbGF1cmVhdDs8L2xpPgo8IS0tIC93cDpsaXN0LWl0ZW0gLS0+Cgo8IS0tIHdwOmxpc3QtaXRlbSAtLT4KPGxpPkRpcGxvbWEgZGUgbGljZW7Im8SDIMiZaSBmb2FpYSBtYXRyaWNvbMSDOzwvbGk+CjwhLS0gL3dwOmxpc3QtaXRlbSAtLT4KCjwhLS0gd3A6bGlzdC1pdGVtIC0tPgo8bGk+Q2VydGlmaWNhdCBkZSBkZWZpbml0aXZhdDs8L2xpPgo8IS0tIC93cDpsaXN0LWl0ZW0gLS0+Cgo8IS0tIHdwOmxpc3QtaXRlbSAtLT4KPGxpPkNlcnRpZmljYXQgZGUgbmHFn3RlcmU7PC9saT4KPCEtLSAvd3A6bGlzdC1pdGVtIC0tPgoKPCEtLSB3cDpsaXN0LWl0ZW0gLS0+CjxsaT5DZXJ0aWZpY2F0IGRlIGPEg3PEg3RvcmllIHNhdSBtb2RpZmljYXJlIGEgbnVtZWx1aSwgZGFjxIMgZXN0ZSBjYXp1bDs8L2xpPgo8IS0tIC93cDpsaXN0LWl0ZW0gLS0+Cgo8IS0tIHdwOmxpc3QtaXRlbSAtLT4KPGxpPkNhcnRlIGRlIGlkZW50aXRhdGU7PC9saT4KPCEtLSAvd3A6bGlzdC1pdGVtIC0tPgoKPCEtLSB3cDpsaXN0LWl0ZW0gLS0+CjxsaT5BZGV2ZXJpbsWjxIMgbWVkaWNhbMSDIC0gdGlwLCBkaW4gY2FyZSBzxIMgcmV6dWx0ZSBjxIMgZXN0ZSBhcHQgcGVudHJ1IGZhY3VsdGF0ZTs8L2xpPgo8IS0tIC93cDpsaXN0LWl0ZW0gLS0+Cgo8IS0tIHdwOmxpc3QtaXRlbSAtLT4KPGxpPkFkZXZlcmluyJvEgyBlbGliZXJhdMSDIGRlIG8gdW5pdGF0ZSBkZSDDrm52xIPIm8SDbcOibnQgcHJldW5pdmVyc2l0YXIgY2FyZSBzxIMgYXRlc3RlIGPEgyBzb2xpY2l0YW50dWwgZXN0ZSDDrm5jYWRyYXQgw65uIGFudWwgyJljb2xhciByZXNwZWN0aXYsIHBvc3R1bC9jYXRlZHJhIG9jdXBhdMSDLCBzdGF0dXR1bCBhY2VzdHVpYSAodGl0dWxhci9zdXBsaW5pdG9yKSwgcHJlY3VtIMiZaSBpbmZvcm1hyJtpaSByZWZlcml0b2FyZSBsYSBhY29yZGFyZWEgZGVmaW5pdGl2xINyaWkgw65uIMOubnbEg8ibxINtw6JudCwgcmVzcGVjdGl2IGEgZ3JhZHVsdWkgZGlkYWN0aWM7PC9saT4KPCEtLSAvd3A6bGlzdC1pdGVtIC0tPgoKPCEtLSB3cDpsaXN0LWl0ZW0gLS0+CjxsaT5Eb3ZhZGEgYWNoaXTEg3JpaSB0YXhlaSBkZSDDrm5zY3JpZXJlIGxhIGNvbmN1cnM7PC9saT4KPCEtLSAvd3A6bGlzdC1pdGVtIC0tPgoKPCEtLSB3cDpsaXN0LWl0ZW0gLS0+CjxsaT4xIGZvdG9ncmFmaWUgZm9ybWF0IGpwZy48L2xpPgo8IS0tIC93cDpsaXN0LWl0ZW0gLS0+PC9vbD4KPCEtLSAvd3A6bGlzdCAtLT4KCjwhLS0gd3A6c2VwYXJhdG9yIC0tPgo8aHIgY2xhc3M9IndwLWJsb2NrLXNlcGFyYXRvciBoYXMtYWxwaGEtY2hhbm5lbC1vcGFjaXR5Ii8+CjwhLS0gL3dwOnNlcGFyYXRvciAtLT4KCjwhLS0gd3A6ZmlsZSB7ImlkIjoxODQ2NSwiaHJlZiI6Imh0dHBzOi8vaXN0b3JpZS51bmlidWMucm8vd3AtY29udGVudC91cGxvYWRzLzIwMjUvMDUvT00tNzg3Ny0yMDI0LU9SR0FOSVpBUkUtQ09OVkVSU0lFLVBST0ZFU0lPTkFMQS5wZGYiLCJkaXNwbGF5UHJldmlldyI6ZmFsc2V9IC0tPgo8ZGl2IGNsYXNzPSJ3cC1ibG9jay1maWxlIj48YSBpZD0id3AtYmxvY2stZmlsZS0tbWVkaWEtMTNlZDRiZTUtZTYyZS00NWIwLWJkYzktODFkNjQ4MWFiZTg3IiBocmVmPSJodHRwczovL2lzdG9yaWUudW5pYnVjLnJvL3dwLWNvbnRlbnQvdXBsb2Fkcy8yMDI1LzA1L09NLTc4NzctMjAyNC1PUkdBTklaQVJFLUNPTlZFUlNJRS1QUk9GRVNJT05BTEEucGRmIj5PTSA3ODc3LTIwMjQgT1JHQU5JWkFSRSBDT05WRVJTSUUgUFJPRkVTSU9OQUxBPC9hPjxhIGhyZWY9Imh0dHBzOi8vaXN0b3JpZS51bmlidWMucm8vd3AtY29udGVudC91cGxvYWRzLzIwMjUvMDUvT00tNzg3Ny0yMDI0LU9SR0FOSVpBUkUtQ09OVkVSU0lFLVBST0ZFU0lPTkFMQS5wZGYiIGNsYXNzPSJ3cC1ibG9jay1maWxlX19idXR0b24gd3AtZWxlbWVudC1idXR0b24iIGRvd25sb2FkIGFyaWEtZGVzY3JpYmVkYnk9IndwLWJsb2NrLWZpbGUtLW1lZGlhLTEzZWQ0YmU1LWU2MmUtNDViMC1iZGM5LTgxZDY0ODFhYmU4NyI+RGVzY2FyY8SDPC9hPjwvZGl2Pgo8IS0tIC93cDpmaWxlIC0tPgoKPCEtLSB3cDpwYXJhZ3JhcGggLS0+CjxwPjwvcD4KPCEtLSAvd3A6cGFyYWdyYXBoIC0tPmRvY3VtZW50ZXhjZXJwdGRvY3VtZW50YXV0aG9yZG9jdW1lbnRmZWF0dXJlZF9tZWRpYWRvY3VtZW50Y29tbWVudF9zdGF0dXNkb2N1bWVudHBpbmdfc3RhdHVzZG9jdW1lbnR0ZW1wbGF0ZWRvY3VtZW50bWV0YWpldHBhY2tfcG9zdF93YXNfZXZlcl9wdWJsaXNoZWRmb290bm90ZXNkb2N1bWVudGJsb2Nrc2NsaWVudElkaXNWYWxpZG9yaWdpbmFsQ29udGVudG5hbWVhdHRyaWJ1dGVzb3BhY2l0eXRhZ05hbWVpbm5lckJsb2Nrc2NsaWVudElkaXNWYWxpZG9yaWdpbmFsQ29udGVudG5hbWVhdHRyaWJ1dGVzY29udGVudENhbGVuZGFyIGFkbWl0ZXJlIC0gc2VzaXVuZWEgaXVsaWUgLSBzZXB0ZW1icmllIDIwMjZsZXZlbGlubmVyQmxvY2tzY2xpZW50SWRpc1ZhbGlkb3JpZ2luYWxDb250ZW50bmFtZWF0dHJpYnV0ZXNjb250ZW50MSBpdWxpZSAtIDkgc2VwdGVtYnJpZSAtIMOubnNjcmllcmkgb25saW5lZHJvcENhcGlubmVyQmxvY2tzY2xpZW50SWRpc1ZhbGlkb3JpZ2luYWxDb250ZW50bmFtZWF0dHJpYnV0ZXNjb250ZW50MTAgc2VwdGVtYnJpZSAtIGFmaciZYXJlJm5ic3A7Jm5ic3A7cHJvdml6b3JpZWRyb3BDYXBpbm5lckJsb2Nrc2NsaWVudElkaXNWYWxpZG9yaWdpbmFsQ29udGVudG5hbWVhdHRyaWJ1dGVzY29udGVudDExIC0gMTUmbmJzcDsmbmJzcDtzZXB0ZW1icmllIC0gY29uZmlybWFyZSBsb2Nkcm9wQ2FwaW5uZXJCbG9ja3NjbGllbnRJZGlzVmFsaWRvcmlnaW5hbENvbnRlbnRuYW1lYXR0cmlidXRlc2NvbnRlbnQxNiBzZXB0ZW1icmllIC0gYWZpyJlhcmUgZmluYWzEg2Ryb3BDYXBpbm5lckJsb2Nrc2NsaWVudElkaXNWYWxpZG9yaWdpbmFsQ29udGVudG5hbWVhdHRyaWJ1dGVzY29udGVudDxzdHJvbmc+PHU+VGF4YSBkZSDDrm5zY3JpZXJlIMWfaSBkZSBzdHVkaWk6PC91Pjwvc3Ryb25nPmRyb3BDYXBpbm5lckJsb2Nrc2NsaWVudElkaXNWYWxpZG9yaWdpbmFsQ29udGVudG5hbWVhdHRyaWJ1dGVzY29udGVudFRheGEgZGUgw65uc2NyaWVyZTombmJzcDsyMDAgbGVpZHJvcENhcGlubmVyQmxvY2tzY2xpZW50SWRpc1ZhbGlkb3JpZ2luYWxDb250ZW50bmFtZWF0dHJpYnV0ZXNjb250ZW50VGF4YSBzZSBwb2F0ZSBwbMSDdGkgb25saW5lJm5ic3A7PGEgaHJlZj0iaHR0cHM6Ly9wby51bmlidWMucm8vbWFzdGVyLnBocCI+aHR0cHM6Ly9wby51bmlidWMucm8vbWFzdGVyLnBocDwvYT5kcm9wQ2FwaW5uZXJCbG9ja3NjbGllbnRJZGlzVmFsaWRvcmlnaW5hbENvbnRlbnRuYW1lYXR0cmlidXRlc2NvbnRlbnRUYXhhIGRlIHN0dWRpaTogNDYwMCBsZWlkcm9wQ2FwaW5uZXJCbG9ja3NjbGllbnRJZGlzVmFsaWRvcmlnaW5hbENvbnRlbnRuYW1lYXR0cmlidXRlc2NvbnRlbnQ8c3Ryb25nPjx1PkNvbmRpxaNpaSBkZSBhZG1pdGVyZTo8L3U+PC9zdHJvbmc+Jm5ic3A7ZHJvcENhcGlubmVyQmxvY2tzY2xpZW50SWRpc1ZhbGlkb3JpZ2luYWxDb250ZW50bmFtZWF0dHJpYnV0ZXNvcmRlcmVkdmFsdWVzaW5uZXJCbG9ja3NjbGllbnRJZGlzVmFsaWRvcmlnaW5hbENvbnRlbnRuYW1lYXR0cmlidXRlc2NvbnRlbnRNZWRpYSBnZW5lcmFsxIMgYSBhbmlsb3IgZGUgc3R1ZGl1aW5uZXJCbG9ja3NjbGllbnRJZGlzVmFsaWRvcmlnaW5hbENvbnRlbnRuYW1lYXR0cmlidXRlc29yZGVyZWR2YWx1ZXNpbm5lckJsb2Nrc2NsaWVudElkaXNWYWxpZG9yaWdpbmFsQ29udGVudG5hbWVhdHRyaWJ1dGVzY29udGVudE1lZGlhIGV4YW1lbnVsdWkgZGUgbGljZW7Im8SDaW5uZXJCbG9ja3NjbGllbnRJZGlzVmFsaWRvcmlnaW5hbENvbnRlbnRuYW1lYXR0cmlidXRlc2NvbnRlbnQ8c3Ryb25nPjx1PkFjdGVsZSBuZWNlc2FyZSBwZW50cnUgw65uc2NyaWVyZWEgbGEgY29uY3Vyc3VsIGRlIGFkbWl0ZXJlOjwvdT48L3N0cm9uZz5kcm9wQ2FwaW5uZXJCbG9ja3NjbGllbnRJZGlzVmFsaWRvcmlnaW5hbENvbnRlbnRuYW1lYXR0cmlidXRlc29yZGVyZWR2YWx1ZXN0eXBlaW5uZXJCbG9ja3NjbGllbnRJZGlzVmFsaWRvcmlnaW5hbENvbnRlbnRuYW1lYXR0cmlidXRlc2NvbnRlbnRGaciZxIMgZGUgw65uc2NyaWVyZTtpbm5lckJsb2Nrc2NsaWVudElkaXNWYWxpZG9yaWdpbmFsQ29udGVudG5hbWVhdHRyaWJ1dGVzY29udGVudERpcGxvbWEgZGUgYmFjYWxhdXJlYXQ7aW5uZXJCbG9ja3NjbGllbnRJZGlzVmFsaWRvcmlnaW5hbENvbnRlbnRuYW1lYXR0cmlidXRlc2NvbnRlbnREaXBsb21hIGRlIGxpY2VuyJvEgyDImWkgZm9haWEgbWF0cmljb2zEgztpbm5lckJsb2Nrc2NsaWVudElkaXNWYWxpZG9yaWdpbmFsQ29udGVudG5hbWVhdHRyaWJ1dGVzY29udGVudENlcnRpZmljYXQgZGUgZGVmaW5pdGl2YXQ7aW5uZXJCbG9ja3NjbGllbnRJZGlzVmFsaWRvcmlnaW5hbENvbnRlbnRuYW1lYXR0cmlidXRlc2NvbnRlbnRDZXJ0aWZpY2F0IGRlIG5hxZ90ZXJlO2lubmVyQmxvY2tzY2xpZW50SWRpc1ZhbGlkb3JpZ2luYWxDb250ZW50bmFtZWF0dHJpYnV0ZXNjb250ZW50Q2VydGlmaWNhdCBkZSBjxINzxIN0b3JpZSBzYXUgbW9kaWZpY2FyZSBhIG51bWVsdWksIGRhY8SDIGVzdGUgY2F6dWw7aW5uZXJCbG9ja3NjbGllbnRJZGlzVmFsaWRvcmlnaW5hbENvbnRlbnRuYW1lYXR0cmlidXRlc2NvbnRlbnRDYXJ0ZSBkZSBpZGVudGl0YXRlO2lubmVyQmxvY2tzY2xpZW50SWRpc1ZhbGlkb3JpZ2luYWxDb250ZW50bmFtZWF0dHJpYnV0ZXNjb250ZW50QWRldmVyaW7Fo8SDIG1lZGljYWzEgyAtIHRpcCwgZGluIGNhcmUgc8SDIHJlenVsdGUgY8SDIGVzdGUgYXB0IHBlbnRydSBmYWN1bHRhdGU7aW5uZXJCbG9ja3NjbGllbnRJZGlzVmFsaWRvcmlnaW5hbENvbnRlbnRuYW1lYXR0cmlidXRlc2NvbnRlbnRBZGV2ZXJpbsibxIMgZWxpYmVyYXTEgyBkZSBvIHVuaXRhdGUgZGUgw65udsSDyJvEg23Dom50IHByZXVuaXZlcnNpdGFyIGNhcmUgc8SDIGF0ZXN0ZSBjxIMgc29saWNpdGFudHVsIGVzdGUgw65uY2FkcmF0IMOubiBhbnVsIMiZY29sYXIgcmVzcGVjdGl2LCBwb3N0dWwvY2F0ZWRyYSBvY3VwYXTEgywgc3RhdHV0dWwgYWNlc3R1aWEgKHRpdHVsYXIvc3VwbGluaXRvciksIHByZWN1bSDImWkgaW5mb3JtYcibaWkgcmVmZXJpdG9hcmUgbGEgYWNvcmRhcmVhIGRlZmluaXRpdsSDcmlpIMOubiDDrm52xIPIm8SDbcOibnQsIHJlc3BlY3RpdiBhIGdyYWR1bHVpIGRpZGFjdGljO2lubmVyQmxvY2tzY2xpZW50SWRpc1ZhbGlkb3JpZ2luYWxDb250ZW50bmFtZWF0dHJpYnV0ZXNjb250ZW50RG92YWRhIGFjaGl0xINyaWkgdGF4ZWkgZGUgw65uc2NyaWVyZSBsYSBjb25jdXJzO2lubmVyQmxvY2tzY2xpZW50SWRpc1ZhbGlkb3JpZ2luYWxDb250ZW50bmFtZWF0dHJpYnV0ZXNjb250ZW50MSBmb3RvZ3JhZmllIGZvcm1hdCBqcGcuaW5uZXJCbG9ja3NjbGllbnRJZGlzVmFsaWRvcmlnaW5hbENvbnRlbnRuYW1lYXR0cmlidXRlc29wYWNpdHl0YWdOYW1laW5uZXJCbG9ja3NjbGllbnRJZGlzVmFsaWRvcmlnaW5hbENvbnRlbnRuYW1lYXR0cmlidXRlc2lkaHJlZmZpbGVJZGZpbGVOYW1lT00gNzg3Ny0yMDI0IE9SR0FOSVpBUkUgQ09OVkVSU0lFIFBST0ZFU0lPTkFMQXRleHRMaW5rSHJlZnNob3dEb3dubG9hZEJ1dHRvbmRvd25sb2FkQnV0dG9uVGV4dERlc2NhcmPEg2Rpc3BsYXlQcmV2aWV3cHJldmlld0hlaWdodGlubmVyQmxvY2tzY2xpZW50SWRpc1ZhbGlkb3JpZ2luYWxDb250ZW50bmFtZWF0dHJpYnV0ZXNjb250ZW50ZHJvcENhcGlubmVyQmxvY2tzwqAgc3RhdGVzYXZlZEF0c3RhdGVzYXZlZEJ5KHNlIHBvYXRlIHBsxIN0aSBvbmxpbmUgcHJpbiBwbGF0Zm9ybWEgZGUgYWRtaXRlcmUpLiZuYnM7Jm5ic3A7cCZuYnA7Jm5ic3A7cyhpbiBwbGYgZGUgYWRtaWUpBQcIBAgECAYIBS8IB7kFAYYBAasEARVBBQIDAQKhLQgHCAYIDggOCAtIAQQfCQgGCAcPBApHAAsIBw8ECgc0BQsIBw8ECgcpBwsIBw8ECgctBwsIBw8ECgcuBwsIBw8ECgceBwsIBw8ECgc3BwsIBw8ECgcSBkcACwgHDwQKB60BBwsIBw8ECgcYBwsIBw8ECgczBwsIBw8ECgcGCwgHDwQKByELCAcPBAoHBgsIBw8ECgcbCwgHDwQKB5MBBwsIBw8ECgcGBAsIBw8ECgcSCwgHDwQKBxcLCAcPBAoHJgsIBw8ECgcaCwgHDwQKBxYLCAcPBAoHggELCAcPBAoHFAsIBw8ECgeMAQsIBw8ECgevBAsIBw8ECgcvCwgHDwQKBxgLCAcPBApHAAsIBw8ECgIEBgguDFIACA4NCwgHDwQKRwALQQAFBwUHMwQIAwkBBQEIAhIBBAAAAQAAAAEGAAEBAACQAgF8QgEBAEEAAEEAAgBBAAIAQQACAEEAAgBBAAIAQQACAEEAAgBBAAIAQQACAEEAAgBBAABBAAIAQQAAQQACAEEAAgBBAABBAAIAQQACAEEAAgBBAAIAQQACAEEAAgBBAAIAQQACAEEAAgBBAAIAQQACAEEAAEEAQgAAQQACABRBAkIACTEDCQ4DAREIAgEDBEGjAQHxAgB9AXcTMjAyMy0wNy0wOVQxNjo0ODo0NXckYWRtaXRlcmUtY29udmVyc2llLXByb2Zlc2lvbmFsYS0yMDIzdwdwdWJsaXNofQl9AHcGY2xvc2VkdwZjbG9zZWR3AHl3AHckMDZhM2MxZDQtODc3MC00YmZmLTkyOTItOTgyYmYzYzA3MjNieHc6PGhyIGNsYXNzPSJ3cC1ibG9jay1zZXBhcmF0b3IgaGFzLWFscGhhLWNoYW5uZWwtb3BhY2l0eSIvPncOY29yZS9zZXBhcmF0b3J3DWFscGhhLWNoYW5uZWx3AmhydyQ3OGRlODRjNS1kNzQ5LTQ5MGQtOGU2Ni1mYTA3MTgzZTA2YmZ4d1Y8aDIgY2xhc3M9IndwLWJsb2NrLWhlYWRpbmciPkNhbGVuZGFyIGFkbWl0ZXJlIC0gc2VzaXVuZWEgaXVsaWUgLSBzZXB0ZW1icmllIDIwMjY8L2gyPncMY29yZS9oZWFkaW5nfQJ3JDAzZGViMjRkLTEwMGQtNDdiMi1hYzg1LWFkZTM4NjhhOTlmNnh3MTxwPjEgaXVsaWUgLSA5IHNlcHRlbWJyaWUgLSDDrm5zY3JpZXJpIG9ubGluZTwvcD53DmNvcmUvcGFyYWdyYXBoeXckOTgxNmEzMmItMDg3Yy00NWJjLWI1YTMtNDc5MzQxYzVhNzZieHctPHA+MTAgc2VwdGVtYnJpZSAtIGFmaciZYXJlwqDCoHByb3Zpem9yaWU8L3A+dw5jb3JlL3BhcmFncmFwaHl3JGZkMjk0NWMxLTEyZDctNDcwMi1hZmVhLTM2YjA3YTM0NjJhN3h3LTxwPjExIC0gMTXCoMKgc2VwdGVtYnJpZSAtIGNvbmZpcm1hcmUgbG9jPC9wPncOY29yZS9wYXJhZ3JhcGh5dyRhNjA2NGQ3NS0wZmIxLTRmNDYtYjM5Ni02MWE5MDllMDk4Yzh4dyc8cD4xNiBzZXB0ZW1icmllIC0gYWZpyJlhcmUgZmluYWzEgzwvcD53DmNvcmUvcGFyYWdyYXBoeXckNmM1YmE1YTQtYzgxZi00ZDRkLThlYjEtMDM2NDMyYzgxMzFjeHdAPHA+PHN0cm9uZz48dT5UYXhhIGRlIMOubnNjcmllcmUgxZ9pIGRlIHN0dWRpaTo8L3U+PC9zdHJvbmc+PC9wPncOY29yZS9wYXJhZ3JhcGh5dyQzMGYyOTRmNS1lZDZhLTQzOTQtYTk2YS0wMzFmOWY4OGIyYTV4dyM8cD5UYXhhIGRlIMOubnNjcmllcmU6wqAyMDAgbGVpPC9wPncOY29yZS9wYXJhZ3JhcGh5dyQyY2YxYmE4Ni01ODRmLTRjNWQtOTUyMS1kNzZjZTJkMTU1Y2F4d3E8cD5UYXhhIHNlIHBvYXRlIHBsxIN0aSBvbmxpbmXCoDxhIGhyZWY9Imh0dHBzOi8vcG8udW5pYnVjLnJvL21hc3Rlci5waHAiPmh0dHBzOi8vcG8udW5pYnVjLnJvL21hc3Rlci5waHA8L2E+PC9wPncOY29yZS9wYXJhZ3JhcGh5dyQ1NWUxMzBiYi0wZTUyLTQ5OTgtYjZjYy0wNTUyOGFmYjA0Mjl4dx88cD5UYXhhIGRlIHN0dWRpaTogNDYwMCBsZWk8L3A+dw5jb3JlL3BhcmFncmFwaHl3JDI0NTI4OTczLTc1ZDctNGFmMS04NmUwLTQ4NWFiZWMzNmIwMHh3OzxwPjxzdHJvbmc+PHU+Q29uZGnFo2lpIGRlIGFkbWl0ZXJlOjwvdT48L3N0cm9uZz4mbmJzcDs8L3A+dw5jb3JlL3BhcmFncmFwaHl3JDIwNTUzNjVlLWYzZGQtNDI4NC05ZWEyLTgyZTg0OWQwZjhhNnh3Hzx1bCBjbGFzcz0id3AtYmxvY2stbGlzdCI+PC91bD53CWNvcmUvbGlzdHl3AHckZWIxN2IxMzItYTVjNy00ZTYwLWFhODMtNzNlY2FjZmU5OGVieHcrPGxpPk1lZGlhIGdlbmVyYWzEgyBhIGFuaWxvciBkZSBzdHVkaXU8L2xpPncOY29yZS9saXN0LWl0ZW13JDFjMThmMzlhLTg2NjUtNDBkYS1hZDBjLWJjMjg1ZTMzNmY1MHh3Hzx1bCBjbGFzcz0id3AtYmxvY2stbGlzdCI+PC91bD53CWNvcmUvbGlzdHl3AHckMDYwYWEwNGItN2FmMC00NmRmLTlkMDItMWMwNWRmYjQ2OGIyeHcmPGxpPk1lZGlhIGV4YW1lbnVsdWkgZGUgbGljZW7Im8SDPC9saT53DmNvcmUvbGlzdC1pdGVtdyQ3MDU3YmI3Ny1kNzViLTRkZmEtYjIxNC0zNjAzMGJmNzQyM2R4d1s8cD48c3Ryb25nPjx1PkFjdGVsZSBuZWNlc2FyZSBwZW50cnUgw65uc2NyaWVyZWEgbGEgY29uY3Vyc3VsIGRlIGFkbWl0ZXJlOjwvdT48L3N0cm9uZz48L3A+dw5jb3JlL3BhcmFncmFwaHl3JDQxZmVhNWE1LWIyMzEtNDI2NS1iZDczLTZhYTQ2ZDllOTZhYXh3TTxvbCBzdHlsZT0ibGlzdC1zdHlsZS10eXBlOjEiIGNsYXNzPSJ3cC1ibG9jay1saXN0Ij4KCgoKCgoKCgoKCgoKCgoKCgoKCjwvb2w+dwljb3JlL2xpc3R4dwB3ATF3JDM4MjVkOWQyLTE3YjktNGFmZS1hYWEyLWUwMjcxZTNkMDBlMXh3HjxsaT5GaciZxIMgZGUgw65uc2NyaWVyZTs8L2xpPncOY29yZS9saXN0LWl0ZW13JDNiODI3OWQyLTlhNjItNDg5OS04MmIxLTk3NjA2YTMwZTFkZHh3IDxsaT5EaXBsb21hIGRlIGJhY2FsYXVyZWF0OzwvbGk+dw5jb3JlL2xpc3QtaXRlbXckMDU4ZTIyNWUtZjY2My00MWVmLTgyM2YtMzUzYmNmNjNiYjUzeHczPGxpPkRpcGxvbWEgZGUgbGljZW7Im8SDIMiZaSBmb2FpYSBtYXRyaWNvbMSDOzwvbGk+dw5jb3JlL2xpc3QtaXRlbXckYmQyNTAxYWMtMTgyOC00OTkwLWJjZTYtMjBmMzYwNDA2M2UzeHcjPGxpPkNlcnRpZmljYXQgZGUgZGVmaW5pdGl2YXQ7PC9saT53DmNvcmUvbGlzdC1pdGVtdyQyYzFkMTlkMS0yYzQ4LTQxMjYtYjkzOC04MDU5MDM2MDAzMTZ4dyA8bGk+Q2VydGlmaWNhdCBkZSBuYcWfdGVyZTs8L2xpPncOY29yZS9saXN0LWl0ZW13JGY3Y2FlMzA5LThmZDYtNDg5Mi04NzUxLTIxMjg2MmQ1MmMxY3h3TjxsaT5DZXJ0aWZpY2F0IGRlIGPEg3PEg3RvcmllIHNhdSBtb2RpZmljYXJlIGEgbnVtZWx1aSwgZGFjxIMgZXN0ZSBjYXp1bDs8L2xpPncOY29yZS9saXN0LWl0ZW13JDhhNmQzOTZlLTBhMWMtNGU1NS04MmIxLTI4NGJjMGFhMDY0N3h3HTxsaT5DYXJ0ZSBkZSBpZGVudGl0YXRlOzwvbGk+dw5jb3JlL2xpc3QtaXRlbXckMjA2NTc4OWItY2UzYS00MTA1LTlhM2QtODE3ZDI4ODYwZjVkeHdaPGxpPkFkZXZlcmluxaPEgyBtZWRpY2FsxIMgLSB0aXAsIGRpbiBjYXJlIHPEgyByZXp1bHRlIGPEgyBlc3RlIGFwdCBwZW50cnUgZmFjdWx0YXRlOzwvbGk+dw5jb3JlL2xpc3QtaXRlbXckMjgwNjgxOGEtMWFiYS00NzJjLWEwMjgtYmJiOTQ4NTE3ZTNmeHfPAjxsaT5BZGV2ZXJpbsibxIMgZWxpYmVyYXTEgyBkZSBvIHVuaXRhdGUgZGUgw65udsSDyJvEg23Dom50IHByZXVuaXZlcnNpdGFyIGNhcmUgc8SDIGF0ZXN0ZSBjxIMgc29saWNpdGFudHVsIGVzdGUgw65uY2FkcmF0IMOubiBhbnVsIMiZY29sYXIgcmVzcGVjdGl2LCBwb3N0dWwvY2F0ZWRyYSBvY3VwYXTEgywgc3RhdHV0dWwgYWNlc3R1aWEgKHRpdHVsYXIvc3VwbGluaXRvciksIHByZWN1bSDImWkgaW5mb3JtYcibaWkgcmVmZXJpdG9hcmUgbGEgYWNvcmRhcmVhIGRlZmluaXRpdsSDcmlpIMOubiDDrm52xIPIm8SDbcOibnQsIHJlc3BlY3RpdiBhIGdyYWR1bHVpIGRpZGFjdGljOzwvbGk+dw5jb3JlL2xpc3QtaXRlbXckMDg1YjJkMTktMzM0Ni00ZTJmLWI3MjMtZDc1ZTRjMWRhNzRjeHc6PGxpPkRvdmFkYSBhY2hpdMSDcmlpIHRheGVpIGRlIMOubnNjcmllcmUgbGEgY29uY3Vyczs8L2xpPncOY29yZS9saXN0LWl0ZW13JDJhMTAzZjdiLTdjZGMtNDE1ZC05MmZiLTBmNzlkODMzYTE4ZXh3ITxsaT4xIGZvdG9ncmFmaWUgZm9ybWF0IGpwZy48L2xpPncOY29yZS9saXN0LWl0ZW13JGU3ODVlMWIyLThkYjgtNDVlYS1hYWRhLTNkODczOTNmZTM0MXh3OjxociBjbGFzcz0id3AtYmxvY2stc2VwYXJhdG9yIGhhcy1hbHBoYS1jaGFubmVsLW9wYWNpdHkiLz53DmNvcmUvc2VwYXJhdG9ydw1hbHBoYS1jaGFubmVsdwJocnckMzA2ZjkxODUtYzMzOS00YjM3LTkwYmUtMzI3NmE1ZmUwOWMweHeJBDxkaXYgY2xhc3M9IndwLWJsb2NrLWZpbGUiPjxhIGlkPSJ3cC1ibG9jay1maWxlLS1tZWRpYS0xM2VkNGJlNS1lNjJlLTQ1YjAtYmRjOS04MWQ2NDgxYWJlODciIGhyZWY9Imh0dHBzOi8vaXN0b3JpZS51bmlidWMucm8vd3AtY29udGVudC91cGxvYWRzLzIwMjUvMDUvT00tNzg3Ny0yMDI0LU9SR0FOSVpBUkUtQ09OVkVSU0lFLVBST0ZFU0lPTkFMQS5wZGYiPk9NIDc4NzctMjAyNCBPUkdBTklaQVJFIENPTlZFUlNJRSBQUk9GRVNJT05BTEE8L2E+PGEgaHJlZj0iaHR0cHM6Ly9pc3RvcmllLnVuaWJ1Yy5yby93cC1jb250ZW50L3VwbG9hZHMvMjAyNS8wNS9PTS03ODc3LTIwMjQtT1JHQU5JWkFSRS1DT05WRVJTSUUtUFJPRkVTSU9OQUxBLnBkZiIgY2xhc3M9IndwLWJsb2NrLWZpbGVfX2J1dHRvbiB3cC1lbGVtZW50LWJ1dHRvbiIgZG93bmxvYWQgYXJpYS1kZXNjcmliZWRieT0id3AtYmxvY2stZmlsZS0tbWVkaWEtMTNlZDRiZTUtZTYyZS00NWIwLWJkYzktODFkNjQ4MWFiZTg3Ij5EZXNjYXJjxIM8L2E+PC9kaXY+dwljb3JlL2ZpbGV9oaACd2dodHRwczovL2lzdG9yaWUudW5pYnVjLnJvL3dwLWNvbnRlbnQvdXBsb2Fkcy8yMDI1LzA1L09NLTc4NzctMjAyNC1PUkdBTklaQVJFLUNPTlZFUlNJRS1QUk9GRVNJT05BTEEucGRmdzl3cC1ibG9jay1maWxlLS1tZWRpYS0xM2VkNGJlNS1lNjJlLTQ1YjAtYmRjOS04MWQ2NDgxYWJlODd3Z2h0dHBzOi8vaXN0b3JpZS51bmlidWMucm8vd3AtY29udGVudC91cGxvYWRzLzIwMjUvMDUvT00tNzg3Ny0yMDI0LU9SR0FOSVpBUkUtQ09OVkVSU0lFLVBST0ZFU0lPTkFMQS5wZGZ4eX2YCXckMDhlZjhhZjgtNWQ4OC00YjZhLTgyMmYtMjYzODVkNmZlMDlleHcHPHA+PC9wPncOY29yZS9wYXJhZ3JhcGh5dyRhYzVmZmQ5Ni1hYjkxLTRkMjYtYWFhMi1hNmUwNDdmZWU0Y2F7QnndguvG0AB9r\/6Fiw53JDU2YzBkMjQ3LTZkZjEtNGUxMC1iOTBjLTA0NjIyYzNhOWU0MwGv\/8KFBxOuAwFHAawCCAEwFQIBCAENAQIBAAEQAQcBAQIABAICA7gZABcFCXWgCQA=\",\"updateId\":71705009}","jetpack_post_was_ever_published":false,"footnotes":""},"class_list":["post-12655","page","type-page","status-publish","hentry"],"jetpack_sharing_enabled":true,"jetpack_shortlink":"https:\/\/wp.me\/PaobZd-3i7","jetpack-related-posts":[],"_links":{"self":[{"href":"https:\/\/istorie.unibuc.ro\/facultate\/wp-json\/wp\/v2\/pages\/12655","targetHints":{"allow":["GET"]}}],"collection":[{"href":"https:\/\/istorie.unibuc.ro\/facultate\/wp-json\/wp\/v2\/pages"}],"about":[{"href":"https:\/\/istorie.unibuc.ro\/facultate\/wp-json\/wp\/v2\/types\/page"}],"author":[{"embeddable":true,"href":"https:\/\/istorie.unibuc.ro\/facultate\/wp-json\/wp\/v2\/users\/9"}],"replies":[{"embeddable":true,"href":"https:\/\/istorie.unibuc.ro\/facultate\/wp-json\/wp\/v2\/comments?post=12655"}],"version-history":[{"count":24,"href":"https:\/\/istorie.unibuc.ro\/facultate\/wp-json\/wp\/v2\/pages\/12655\/revisions"}],"predecessor-version":[{"id":21825,"href":"https:\/\/istorie.unibuc.ro\/facultate\/wp-json\/wp\/v2\/pages\/12655\/revisions\/21825"}],"wp:attachment":[{"href":"https:\/\/istorie.unibuc.ro\/facultate\/wp-json\/wp\/v2\/media?parent=12655"}],"curies":[{"name":"wp","href":"https:\/\/api.w.org\/{rel}","templated":true}]}}