{"id":12650,"date":"2023-07-09T16:41:40","date_gmt":"2023-07-09T16:41:40","guid":{"rendered":"https:\/\/istorie.unibuc.ro\/facultate\/?page_id=12650"},"modified":"2026-04-07T04:47:02","modified_gmt":"2026-04-07T04:47:02","slug":"admitere-master-2025","status":"publish","type":"page","link":"https:\/\/istorie.unibuc.ro\/facultate\/admitere2026\/admitere-master-2025\/","title":{"rendered":"PREADMITERE MASTER &#8211; SESIUNEA MAI 2026"},"content":{"rendered":"\n<p class=\"wp-block-paragraph\"><\/p>\n\n\n\n<h2 class=\"wp-block-heading\"><strong>Criterii de eligibilitate:<\/strong><\/h2>\n\n\n\n<p class=\"wp-block-paragraph\">La preadmiterea \u00een ciclul de studii universitare de masterat din sesiunea <strong>mai 2026 <\/strong> pot candida studen\u021bi afla\u021bi <strong>\u00eentr-un an terminal al studiilor de licen\u021b\u0103<\/strong> sau a<strong>bsolven\u021bi ai unui program de studii de licen\u021b\u0103 din anii anteriori<\/strong>, care doresc garantarea anticipat\u0103 (prin preadmitere) a unui loc pentru studii de masterat \u00een cadrul Facult\u0103\u021bii de Istorie<\/p>\n\n\n\n<p class=\"wp-block-paragraph\">Pentru validarea \u0219i \u00eenmatricularea candida\u021bilor preadmi\u0219i,<strong> promovarea examenului de licen\u021b\u0103<\/strong> p\u00e2n\u0103 la data de <strong>7 iulie 2026<\/strong>, conform legii, este o condi\u021bie obligatorie. Neconfirmare locului \u00een perioada stabilit\u0103 duce la pierderea dreptului de \u00eenmatriculare.<\/p>\n\n\n\n<p class=\"wp-block-paragraph\"><\/p>\n\n\n\n<h2 class=\"wp-block-heading\"><strong>Locuri disponibile:<\/strong><\/h2>\n\n\n\n<p class=\"wp-block-paragraph\"><\/p>\n\n\n\n<figure class=\"wp-block-table\"><table class=\"has-fixed-layout\"><thead><tr><td><strong>Domeniu master<\/strong><\/td><td><strong>Program master<\/strong><\/td><td><strong>Form\u0103 de \u00eenv\u0103\u021b\u0103m\u00e2nt<\/strong><\/td><td><strong>Locuri buget<\/strong><\/td><td><strong>Locuri tax\u0103<\/strong><\/td><\/tr><\/thead><tbody><tr><td rowspan=\"8\">Istorie<\/td><td>Istoria Comunismului \u00een Rom\u00e2nia<\/td><td>IF<\/td><td>14&nbsp;<\/td><td rowspan=\"7\">200<\/td><\/tr><tr><td>Istoria Ideilor, Mentalit\u0103\u021bilor \u0219i a Culturii de Mas\u0103 (sec. XIX &#8211; XXI)<\/td><td>IF<\/td><td>&nbsp;12<\/td><\/tr><tr><td>Istorie, Resurse Culturale \u0219i Patrimoniu \u00een Societatea Contemporan\u0103<\/td><td>IF<\/td><td>14<\/td><\/tr><tr><td>Societate, stat, r\u0103zboi \u00een secolele XVIII-XX<\/td><td>IF<\/td><td>15<\/td><\/tr><tr><td>\u0218tiin\u021bele Antichit\u0103\u021bii, Medievistic\u0103 \u0219i Arheologie<\/td><td>IF<\/td><td>16<\/td><\/tr><tr><td>Istoria \u0219i Practica Rela\u021biilor Interna\u021bionale<\/td><td>IF<\/td><td>14<\/td><\/tr><tr><td>Politic\u0103 \u0219i Societate \u00een secolul XX<\/td><td>IF<\/td><td>14<\/td><\/tr><tr><td>Total<\/td><td>\ufeff<\/td><td>99<\/td><td>299<\/td><\/tr><\/tbody><\/table><\/figure>\n\n\n\n<p class=\"wp-block-paragraph\">**cifrele men\u021bionate pot fi modificate \u00een func\u021bie aprobarea Ministerului Educa\u021biei \u0219i Cercet\u0103rii<\/p>\n\n\n\n<p class=\"wp-block-paragraph\"><\/p>\n\n\n\n<h2 class=\"wp-block-heading\"><strong>\u00censcrieri:<\/strong><\/h2>\n\n\n\n<p class=\"wp-block-paragraph\"><\/p>\n\n\n\n<p class=\"wp-block-paragraph\">04 &#8211; 14 mai &#8211; \u00eenscrieri online&nbsp;<\/p>\n\n\n\n<p class=\"wp-block-paragraph\">12 &#8211; 14 mai &#8211; \u00eenscrieri fizic (se acord\u0103 asisten\u021b\u0103 pentru \u00eenscrierea online &#8211; Facultatea de Matematic\u0103, Strada Academiei nr. 14, \u00eentre orele 10.00 &#8211; 14.00)<\/p>\n\n\n\n<p class=\"wp-block-paragraph\">18 &#8211; 21 mai &#8211; evaluare dosare \u0219i interviuri<\/p>\n\n\n\n<p class=\"wp-block-paragraph\">26 mai &#8211; afi\u0219are provizorie&nbsp;<\/p>\n\n\n\n<p class=\"wp-block-paragraph\">01 &#8211; 03\u00a0\u0219i 06 &#8211; 07 iulie &#8211; confirmare loc facultate \u2013 fizic\u00a0<\/p>\n\n\n\n<h2 class=\"wp-block-heading\"><strong>Criterii de admitere:<\/strong><\/h2>\n\n\n\n<ul class=\"wp-block-list\">\n<li>1. Scrisoare de inten\u021bie (cu accent pe interesele de cercetare \u0219i realiz\u0103rile anterioare)<\/li>\n\n\n\n<li>2. Sus\u021binerea unui interviu<\/li>\n<\/ul>\n\n\n\n<h2 class=\"wp-block-heading\"><strong>Criterii de departajare:<\/strong><\/h2>\n\n\n\n<ul class=\"wp-block-list\">\n<li>Media anului terminal din ciclul licen\u021b\u0103;<\/li>\n\n\n\n<li>Media examenului de licen\u021b\u0103;<\/li>\n\n\n\n<li>Nota de la proba de admitere: Interviu pe baza scrisorii de Inten\u021bie.<\/li>\n<\/ul>\n\n\n\n<h2 class=\"wp-block-heading\"><strong>Taxe:<\/strong><\/h2>\n\n\n\n<p class=\"wp-block-paragraph\">Taxa \u00eenscriere: 200 lei\/dosar, se poate pl\u0103ti:<\/p>\n\n\n\n<ul class=\"wp-block-list\">\n<li>online <a href=\"https:\/\/po.unibuc.ro\/master.php\">https:\/\/po.unibuc.ro\/master.php<\/a><\/li>\n<\/ul>\n\n\n\n<p class=\"wp-block-paragraph\">Taxa anual\u0103 de \u0219colarizare este 5500 lei \u0219i se poate pl\u0103ti \u00een 4 tran\u0219e.<\/p>\n\n\n\n<h2 class=\"wp-block-heading\"><\/h2>\n\n\n\n<h2 class=\"wp-block-heading\"><strong>Confirmare loc buget<\/strong>:<\/h2>\n\n\n\n<p class=\"wp-block-paragraph\">Confirmarea <strong><em>locului la buget<\/em><\/strong> se face prin depunerea diplomei de bacalaureat \u0219i a diplomei de licen\u021b\u0103 sau a adeverin\u021bei de licen\u021b\u0103 pentru promo\u021bia 2026 \u00een original, a documentelor \u00eenc\u0103rcate pe platforma de admitere, inclusiv a fi\u0219ei de \u00eenscriere (generat\u0103 de platform\u0103); semnarea contractului de studii, \u00een 2 exemplare (se poate desc\u0103rca de pe site) \u0219i plata taxei de \u00eenmatriculare (50 lei). <\/p>\n\n\n\n<h2 class=\"wp-block-heading\"><strong>Confirmare loc cu tax\u0103:&nbsp;<\/strong><\/h2>\n\n\n\n<p class=\"wp-block-paragraph\">Confirmarea <strong><em>locului cu tax\u0103<\/em> <\/strong>se face se face prin depunerea diplomei de bacalaureat \u0219i a diplomei de licen\u021b\u0103 sau a adeverin\u021bei de licen\u021b\u0103 pentru promo\u021bia 2026 \u00een copie, a documentelor \u00eenc\u0103rcate pe platforma de admitere inclusiv a fi\u0219ei de \u00eenscriere (generat\u0103 de platform\u0103); plata taxei de confirmare &#8211; 2000 lei (este parte din taxa de studii); semnarea contractului de studii, \u00een 2 exemplare (se poate desc\u0103rca de pe site) \u0219i plata taxei de \u00eenmatriculare (50 lei). <\/p>\n\n\n\n<h2 class=\"wp-block-heading\"><\/h2>\n\n\n\n<hr class=\"wp-block-separator has-alpha-channel-opacity\"\/>\n\n\n\n<h2 class=\"wp-block-heading\"><strong>Regulamente:<\/strong><\/h2>\n\n\n\n<div class=\"wp-block-file\"><a id=\"wp-block-file--media-84bb800f-41a2-4046-b310-a48f86403bc3\" href=\"https:\/\/istorie.unibuc.ro\/wp-content\/uploads\/2026\/03\/Regulament-admitere-masterat-2026-Senat-site.pdf\" target=\"_blank\" rel=\"noreferrer noopener\">Regulament admitere masterat 2026 Senat &#8211; site<\/a><a href=\"https:\/\/istorie.unibuc.ro\/wp-content\/uploads\/2026\/03\/Regulament-admitere-masterat-2026-Senat-site.pdf\" class=\"wp-block-file__button wp-element-button\" download aria-describedby=\"wp-block-file--media-84bb800f-41a2-4046-b310-a48f86403bc3\">Descarc\u0103<\/a><\/div>\n\n\n\n<div class=\"wp-block-file\"><a id=\"wp-block-file--media-af7115dd-091d-4d4f-b433-702806ef6d75\" href=\"https:\/\/istorie.unibuc.ro\/wp-content\/uploads\/2026\/03\/Ghid-preadmitere-masterat-2026.pdf\" target=\"_blank\" rel=\"noreferrer noopener\">Ghid preadmitere masterat 2026<\/a><a href=\"https:\/\/istorie.unibuc.ro\/wp-content\/uploads\/2026\/03\/Ghid-preadmitere-masterat-2026.pdf\" class=\"wp-block-file__button wp-element-button\" download aria-describedby=\"wp-block-file--media-af7115dd-091d-4d4f-b433-702806ef6d75\">Descarc\u0103<\/a><\/div>\n\n\n\n<div class=\"wp-block-file\"><a id=\"wp-block-file--media-2a2427c6-c40b-4e74-8057-b8e8cd37a784\" href=\"https:\/\/istorie.unibuc.ro\/wp-content\/uploads\/2026\/03\/Anexa-4-admitere-candidati-medaliati_olimpici-2026-site.pdf\" target=\"_blank\" rel=\"noreferrer noopener\">Anexa 4 admitere candidati medaliati_olimpici 2026 &#8211; site<\/a><a href=\"https:\/\/istorie.unibuc.ro\/wp-content\/uploads\/2026\/03\/Anexa-4-admitere-candidati-medaliati_olimpici-2026-site.pdf\" class=\"wp-block-file__button wp-element-button\" download aria-describedby=\"wp-block-file--media-2a2427c6-c40b-4e74-8057-b8e8cd37a784\">Descarc\u0103<\/a><\/div>\n\n\n\n<p class=\"wp-block-paragraph\"><\/p>\n","protected":false},"excerpt":{"rendered":"<p>Criterii de eligibilitate: La preadmiterea \u00een ciclul de studii universitare de masterat din sesiunea mai 2026 pot candida studen\u021bi afla\u021bi \u00eentr-un an terminal al studiilor de licen\u021b\u0103 sau absolven\u021bi ai unui program de studii de licen\u021b\u0103 din anii anteriori, care doresc garantarea anticipat\u0103 (prin preadmitere) a unui loc pentru studii de masterat \u00een cadrul Facult\u0103\u021bii [&hellip;]<\/p>\n","protected":false},"author":10,"featured_media":0,"parent":1824,"menu_order":0,"comment_status":"closed","ping_status":"closed","template":"","meta":{"_crdt_document":"","jetpack_post_was_ever_published":false,"footnotes":""},"class_list":["post-12650","page","type-page","status-publish","hentry"],"jetpack_sharing_enabled":true,"jetpack_shortlink":"https:\/\/wp.me\/PaobZd-3i2","jetpack-related-posts":[],"_links":{"self":[{"href":"https:\/\/istorie.unibuc.ro\/facultate\/wp-json\/wp\/v2\/pages\/12650","targetHints":{"allow":["GET"]}}],"collection":[{"href":"https:\/\/istorie.unibuc.ro\/facultate\/wp-json\/wp\/v2\/pages"}],"about":[{"href":"https:\/\/istorie.unibuc.ro\/facultate\/wp-json\/wp\/v2\/types\/page"}],"author":[{"embeddable":true,"href":"https:\/\/istorie.unibuc.ro\/facultate\/wp-json\/wp\/v2\/users\/10"}],"replies":[{"embeddable":true,"href":"https:\/\/istorie.unibuc.ro\/facultate\/wp-json\/wp\/v2\/comments?post=12650"}],"version-history":[{"count":212,"href":"https:\/\/istorie.unibuc.ro\/facultate\/wp-json\/wp\/v2\/pages\/12650\/revisions"}],"predecessor-version":[{"id":21767,"href":"https:\/\/istorie.unibuc.ro\/facultate\/wp-json\/wp\/v2\/pages\/12650\/revisions\/21767"}],"up":[{"embeddable":true,"href":"https:\/\/istorie.unibuc.ro\/facultate\/wp-json\/wp\/v2\/pages\/1824"}],"wp:attachment":[{"href":"https:\/\/istorie.unibuc.ro\/facultate\/wp-json\/wp\/v2\/media?parent=12650"}],"curies":[{"name":"wp","href":"https:\/\/api.w.org\/{rel}","templated":true}]}}