{"id":12646,"date":"2023-07-09T16:26:49","date_gmt":"2023-07-09T16:26:49","guid":{"rendered":"https:\/\/istorie.unibuc.ro\/facultate\/?page_id=12646"},"modified":"2026-04-06T12:43:53","modified_gmt":"2026-04-06T12:43:53","slug":"admitere-licenta-2025","status":"publish","type":"page","link":"https:\/\/istorie.unibuc.ro\/facultate\/admitere2026\/admitere-licenta-2025\/","title":{"rendered":"ADMITERE LICEN\u021a\u0102 SESIUNEA IULIE 2026"},"content":{"rendered":"\n<h1 class=\"wp-block-heading\"><strong><span style=\"text-decoration: underline;\">Programele de studii universitare de licen\u021b\u0103:<\/span><\/strong><\/h1>\n\n\n\n<h2 class=\"wp-block-heading\"><strong>ISTORIE IF<\/strong><\/h2>\n\n\n\n<h2 class=\"wp-block-heading\"><strong>ISTORIE ID<\/strong><\/h2>\n\n\n\n<h2 class=\"wp-block-heading\"><strong>ISTORIA ARTEI IF<\/strong><\/h2>\n\n\n\n<h2 class=\"wp-block-heading\"><strong>RELA\u021aII INTERNA\u021aIONALE \u0218I STUDII EUROPENE IF<\/strong><\/h2>\n\n\n\n<h2 class=\"wp-block-heading has-text-align-center\"><strong>Locuri 2026<\/strong>  <\/h2>\n\n\n\n<figure class=\"wp-block-table\"><table class=\"has-fixed-layout\"><tbody><tr><td class=\"has-text-align-center\" data-align=\"center\" rowspan=\"2\">Program<\/td><td class=\"has-text-align-center\" data-align=\"center\" rowspan=\"2\">Forma de \u00eenv\u0103\u021b\u0103m\u00e2nt<\/td><td class=\"has-text-align-center\" data-align=\"center\" colspan=\"2\">Locuri propuse 2026 <\/td><\/tr><tr><td class=\"has-text-align-center\" data-align=\"center\">buget<\/td><td class=\"has-text-align-center\" data-align=\"center\">tax\u0103<\/td><\/tr><tr><td class=\"has-text-align-center\" data-align=\"center\" rowspan=\"2\">Istorie<\/td><td class=\"has-text-align-center\" data-align=\"center\">IF<\/td><td class=\"has-text-align-center\" data-align=\"center\">140 (din care 3 locuri MApN*)<\/td><td class=\"has-text-align-center\" data-align=\"center\">110<\/td><\/tr><tr><td class=\"has-text-align-center\" data-align=\"center\">ID<\/td><td class=\"has-text-align-center\" data-align=\"center\">&#8211;<\/td><td class=\"has-text-align-center\" data-align=\"center\">75<\/td><\/tr><tr><td class=\"has-text-align-center\" data-align=\"center\">Rela\u021bii Interna\u021bionale \u0219i Studii Europene<\/td><td class=\"has-text-align-center\" data-align=\"center\">IF<\/td><td class=\"has-text-align-center\" data-align=\"center\">100<\/td><td class=\"has-text-align-center\" data-align=\"center\">50<\/td><\/tr><tr><td class=\"has-text-align-center\" data-align=\"center\">Istoria Artei<\/td><td class=\"has-text-align-center\" data-align=\"center\">IF<\/td><td class=\"has-text-align-center\" data-align=\"center\">40<\/td><td class=\"has-text-align-center\" data-align=\"center\">20<\/td><\/tr><\/tbody><\/table><\/figure>\n\n\n\n<p class=\"wp-block-paragraph\">*3 dintre candida\u021bii admi\u0219i pot opta pentru o carier\u0103 militar\u0103, prin semnarea unui contract \u00een acest sens cu Academia For\u021belor Terestre &#8222;Nicolae B\u0103lcescu&#8221; din Sibiu <a href=\"https:\/\/www.armyacademy.ro\/scolarizare_univ_civile.php\">https:\/\/www.armyacademy.ro\/scolarizare_univ_civile.php<\/a><\/p>\n\n\n\n<p class=\"wp-block-paragraph\"><strong>Admitere etnici rom\u00e2ni<\/strong> (locuri bugetate): <a href=\"https:\/\/unibuc.ro\/international\/admitere-etnici-romani\/\">https:\/\/unibuc.ro\/international\/admitere-etnici-romani\/<\/a><\/p>\n\n\n\n<p class=\"wp-block-paragraph\"><strong>Admitere studen\u021bi interna\u021bionali: <\/strong><a href=\"https:\/\/unibuc.ro\/international\/studenti-internationali\/?lang=en\">https:\/\/unibuc.ro\/international\/studenti-internationali\/admitere-licenta\/<\/a><\/p>\n\n\n\n<h2 class=\"wp-block-heading\"><strong>\u00censcrieri<\/strong>:<\/h2>\n\n\n\n<div class=\"wp-block-group\"><div class=\"wp-block-group__inner-container is-layout-constrained wp-block-group-is-layout-constrained\">\n<p class=\"wp-block-paragraph\">1 &#8211; 22 iulie &#8211; \u00eenscrieri online<\/p>\n\n\n\n<p class=\"wp-block-paragraph\">18 &#8211; 22 iulie &#8211; \u00eenscrieri fizic&nbsp;&#8211; se asigur\u0103 suport tehnic pentru \u00eenscrierea pe platforma (luni-vineri &#8211; 10.00-14.00, s\u00e2mb\u0103t\u0103-duminic\u0103 &#8211; 10.00-12.00)<\/p>\n\n\n\n<p class=\"wp-block-paragraph\">23 &#8211; 24 iulie &#8211; evaluare dosare<\/p>\n\n\n\n<p class=\"wp-block-paragraph\">24 iulie &#8211; afi\u0219are provizorie (dup\u0103 ora 14:00)<\/p>\n\n\n\n<p class=\"wp-block-paragraph\">25 &#8211; 28 iulie &#8211; confirmare loc facultate fizic (luni-vineri &#8211; 10.00-14.00, s\u00e2mb\u0103t\u0103-duminic\u0103 &#8211; 10.00-12.00)<\/p>\n\n\n\n<p class=\"wp-block-paragraph\">28 iulie &#8211; afi\u0219are&nbsp;provizorie (dup\u0103 ora 16.00)<\/p>\n\n\n\n<p class=\"wp-block-paragraph\">29 &#8211; 31 iulie confirmare loc facultate fizic (luni-vineri &#8211; 10.00-14.00)<\/p>\n\n\n\n<p class=\"wp-block-paragraph\">&nbsp;31 iulie &#8211; afi\u0219are (dup\u0103 ora 16.00)<\/p>\n\n\n\n<h2 class=\"wp-block-heading\"><strong>Criterii de admitere:<\/strong><\/h2>\n<\/div><\/div>\n\n\n\n<ul class=\"wp-block-list\">\n<li>Scrisoare de inten\u021bie. Evaluarea se face pe baza calificativelor: \u201eadmis\u201d, \u201drespins\u201d;<\/li>\n<\/ul>\n\n\n\n<ul class=\"wp-block-list\">\n<li>Media ob\u021binut\u0103 la bacalaureat. Pe baza acesteia se realizeaz\u0103 ierarhizarea candida\u021bilor.<\/li>\n<\/ul>\n\n\n\n<h2 class=\"wp-block-heading\"><strong>Criterii de departajare:<\/strong><\/h2>\n\n\n\n<ul class=\"wp-block-list\">\n<li>Nota ob\u0163inut\u0103 \u00een cadrul examenului de bacalaureat la Limba \u0219i literatura rom\u00e2n\u0103;<\/li>\n\n\n\n<li>Nota ob\u021binut\u0103 \u00een cadrul examenului de bacalaureat la proba obligatorie a profilului urmat.<\/li>\n<\/ul>\n\n\n\n<h2 class=\"wp-block-heading\"><strong>Preciz\u0103ri locuri olimpici<\/strong>:<\/h2>\n\n\n\n<p class=\"wp-block-paragraph\">\u00cen cadrul concursului de admitere, \u00een cazul candida\u021bilor care au ob\u021binut \u00een perioada studiilor liceale premii (I, II, III) la olimpiadele interna\u021bionale recunoscute de minister \u0219i&nbsp; premiul I la olimpiadele na\u021bionale, vor fi admi\u0219i cu nota 10. De asemenea, candida\u021bii care au ob\u021binut premiile II \u0219i III la Olimpiada Na\u021bional\u0103 de Istorie vor fi admi\u0219i cu nota 10.<\/p>\n\n\n\n<h2 class=\"wp-block-heading\"><strong>Acte necesare<\/strong>:<\/h2>\n\n\n\n<p class=\"wp-block-paragraph\">C.I sau pa\u0219aport;<\/p>\n\n\n\n<p class=\"wp-block-paragraph\">Certificatul de na\u015ftere;<\/p>\n\n\n\n<p class=\"wp-block-paragraph\">Diploma de bacalaureat \/ diploma echivalent\u0103 cu aceasta sau adeverin\u0163\u0103 (\u00een cazul liceelor la care nu s-au eliberat diplomele pentru promo\u0163ia 2025) eliberat\u0103 de c\u0103tre institu\u0163ia de \u00eenv\u0103\u0163\u0103m\u00e2nt, \u00een care se men\u0163ioneaz\u0103 media general\u0103 de la examenul de bacalaureat, notele la probele examenului de bacalaureat, termenul de valabilitate \u015fi faptul c\u0103 nu a fost eliberat\u0103 diploma;<\/p>\n\n\n\n<p class=\"wp-block-paragraph\">Adeverin\u0163a medical\u0103-tip, din care s\u0103 rezulte c\u0103 este apt pentru facultatea la care candideaz\u0103;<\/p>\n\n\n\n<p class=\"wp-block-paragraph\">Chitan\u0163\u0103 de plat\u0103 a taxei \/ dovada achit\u0103rii on line a taxei de \u00eenscriere la concursul de admitere;<\/p>\n\n\n\n<p class=\"wp-block-paragraph\">Dou\u0103 fotografii tip B.I. \/ C. I.;<\/p>\n\n\n\n<p class=\"wp-block-paragraph\">Diploma de olimpic, ob\u021binute \u00een perioada studiilor liceale (dac\u0103 este cazul);<\/p>\n\n\n\n<p class=\"wp-block-paragraph\">Recomandare pentru candida\u021bii minorit\u0103\u021bii rrome (dac\u0103 este cazul);<\/p>\n\n\n\n<p class=\"wp-block-paragraph\">Candida\u021bii care provin din sistemul de protectie social\u0103 sau sunt persoane cu dizabilit\u0103\u021bi pot opta pentru a candida pentru un loc special alocat acestor categorii de persoane, prezent\u00e2nd documentele justificative \u00een acest sens (dac\u0103 este cazul);<\/p>\n\n\n\n<p class=\"wp-block-paragraph\">Documentul de recunoa\u0219tere a studiilor efectuate \u00een afara Rom\u00e2niei, conform prevederilor legale \u00een vigoare la data \u00eenscrierii (dac\u0103 este cazul);<\/p>\n\n\n\n<h2 class=\"wp-block-heading\"><strong>Taxe<\/strong>:<\/h2>\n\n\n\n<ul class=\"wp-block-list\">\n<li>Taxa \u00eenscriere: 250 lei \/ dosar<\/li>\n\n\n\n<li>online <a href=\"https:\/\/po.unibuc.ro\/admitere.php\">https:\/\/po.unibuc.ro\/admitere.php<\/a><\/li>\n<\/ul>\n\n\n\n<p class=\"wp-block-paragraph\">Taxa de \u0219colarizare (locuri tax\u0103):&nbsp;<\/p>\n\n\n\n<ul class=\"wp-block-list\">\n<li>&nbsp;5.500 lei \/ an<\/li>\n<\/ul>\n\n\n\n<h2 class=\"wp-block-heading\"><strong>Admitere Olimpici medalia\u021bi la competi\u021bii sportive<\/strong>:<\/h2>\n\n\n\n<p class=\"wp-block-paragraph\"> <a href=\"https:\/\/admitere.unibuc.ro\/olimpici\/\">https:\/\/admitere.unibuc.ro\/olimpici\/<\/a><\/p>\n\n\n\n<hr class=\"wp-block-separator has-alpha-channel-opacity\"\/>\n\n\n\n<h2 class=\"wp-block-heading\"><strong>Regulamente<\/strong><\/h2>\n\n\n\n<div class=\"wp-block-file\"><a id=\"wp-block-file--media-189d3907-658a-4036-a71c-eb384cfe8ec7\" href=\"https:\/\/istorie.unibuc.ro\/wp-content\/uploads\/2026\/04\/Regulament-admitere-licenta-2026-Senat-site.pdf\" target=\"_blank\" rel=\"noreferrer noopener\">Regulament admitere licen\u021b\u0103 2026 Senat &#8211; site<\/a><a href=\"https:\/\/istorie.unibuc.ro\/wp-content\/uploads\/2026\/04\/Regulament-admitere-licenta-2026-Senat-site.pdf\" class=\"wp-block-file__button wp-element-button\" download aria-describedby=\"wp-block-file--media-189d3907-658a-4036-a71c-eb384cfe8ec7\">Descarc\u0103<\/a><\/div>\n\n\n\n<div class=\"wp-block-file\"><a id=\"wp-block-file--media-6d7c593f-d1e6-46b7-82da-6f1b8923d122\" href=\"https:\/\/istorie.unibuc.ro\/wp-content\/uploads\/2026\/04\/Anexa-4-admitere-candidati-medaliati_olimpici-2026-site.pdf\" target=\"_blank\" rel=\"noreferrer noopener\">Anexa 4 admitere candidati medaliati_olimpici 2026 &#8211; site<\/a><a href=\"https:\/\/istorie.unibuc.ro\/wp-content\/uploads\/2026\/04\/Anexa-4-admitere-candidati-medaliati_olimpici-2026-site.pdf\" class=\"wp-block-file__button wp-element-button\" download aria-describedby=\"wp-block-file--media-6d7c593f-d1e6-46b7-82da-6f1b8923d122\">Descarc\u0103<\/a><\/div>\n\n\n\n<div class=\"wp-block-file\"><a id=\"wp-block-file--media-44af777b-c493-4b01-bd3a-9ff2e842b492\" href=\"https:\/\/istorie.unibuc.ro\/wp-content\/uploads\/2025\/06\/2021_2022_Licee_rural.xlsx\">Licee din mediul rural<\/a><a href=\"https:\/\/istorie.unibuc.ro\/wp-content\/uploads\/2025\/06\/2021_2022_Licee_rural.xlsx\" class=\"wp-block-file__button wp-element-button\" download aria-describedby=\"wp-block-file--media-44af777b-c493-4b01-bd3a-9ff2e842b492\">Descarc\u0103<\/a><\/div>\n\n\n\n<p class=\"wp-block-paragraph\"><\/p>\n","protected":false},"excerpt":{"rendered":"<p>Programele de studii universitare de licen\u021b\u0103: ISTORIE IF ISTORIE ID ISTORIA ARTEI IF RELA\u021aII INTERNA\u021aIONALE \u0218I STUDII EUROPENE IF Locuri 2026 Program Forma de \u00eenv\u0103\u021b\u0103m\u00e2nt Locuri propuse 2026 buget tax\u0103 Istorie IF 140 (din care 3 locuri MApN*) 110 ID &#8211; 75 Rela\u021bii Interna\u021bionale \u0219i Studii Europene IF 100 50 Istoria Artei IF 40 20 [&hellip;]<\/p>\n","protected":false},"author":10,"featured_media":0,"parent":1824,"menu_order":0,"comment_status":"closed","ping_status":"closed","template":"","meta":{"_crdt_document":"","jetpack_post_was_ever_published":false,"footnotes":""},"class_list":["post-12646","page","type-page","status-publish","hentry"],"jetpack_sharing_enabled":true,"jetpack_shortlink":"https:\/\/wp.me\/PaobZd-3hY","jetpack-related-posts":[],"_links":{"self":[{"href":"https:\/\/istorie.unibuc.ro\/facultate\/wp-json\/wp\/v2\/pages\/12646","targetHints":{"allow":["GET"]}}],"collection":[{"href":"https:\/\/istorie.unibuc.ro\/facultate\/wp-json\/wp\/v2\/pages"}],"about":[{"href":"https:\/\/istorie.unibuc.ro\/facultate\/wp-json\/wp\/v2\/types\/page"}],"author":[{"embeddable":true,"href":"https:\/\/istorie.unibuc.ro\/facultate\/wp-json\/wp\/v2\/users\/10"}],"replies":[{"embeddable":true,"href":"https:\/\/istorie.unibuc.ro\/facultate\/wp-json\/wp\/v2\/comments?post=12646"}],"version-history":[{"count":149,"href":"https:\/\/istorie.unibuc.ro\/facultate\/wp-json\/wp\/v2\/pages\/12646\/revisions"}],"predecessor-version":[{"id":21764,"href":"https:\/\/istorie.unibuc.ro\/facultate\/wp-json\/wp\/v2\/pages\/12646\/revisions\/21764"}],"up":[{"embeddable":true,"href":"https:\/\/istorie.unibuc.ro\/facultate\/wp-json\/wp\/v2\/pages\/1824"}],"wp:attachment":[{"href":"https:\/\/istorie.unibuc.ro\/facultate\/wp-json\/wp\/v2\/media?parent=12646"}],"curies":[{"name":"wp","href":"https:\/\/api.w.org\/{rel}","templated":true}]}}