{"id":12,"date":"2018-10-24T21:02:46","date_gmt":"2018-10-24T21:02:46","guid":{"rendered":"http:\/\/newhis.bucharest.university\/?page_id=12"},"modified":"2018-10-26T13:28:53","modified_gmt":"2018-10-26T13:28:53","slug":"facultate","status":"publish","type":"page","link":"https:\/\/istorie.unibuc.ro\/facultate\/","title":{"rendered":"Facultate"},"content":{"rendered":"\n<p class=\"wp-block-paragraph\">Studiile \u00een domeniul istoriei la Universitatea Bucure\u015fti dateaz\u0103 \u00eenc\u0103 de la crearea acesteia ca institu\u0163ie de \u00eenv\u0103\u0163\u0103m\u00e2nt superior, prin decretul din 1864 al domnitorului Alexandru Ioan Cuza.<\/p>\n\n\n\n<p class=\"wp-block-paragraph\">Primele cursuri, organizate \u00een cadrul Facult\u0103\u0163ii de Litere, Drept \u015fi Filosofie, aveau ca tem\u0103 studierea antichit\u0103\u0163ilor \u015fi a patrimoniului arheologic. Subiectele s-au multiplicat \u00een timp, iar \u015ftiin\u0163ele istorice au fost reprezentate mai bine de un secol \u00een universitatea bucure\u015ftean\u0103 prin personalit\u0103\u0163i majore ale culturii rom\u00e2ne\u015fti. Nicolae Iorga, Vasile P\u00e2rvan, Dimitrie Onciul, Ioan Bogdan, Gheorghe Br\u0103tianu, Mihail Berza, Emil Condurachi, Ion Nestor, Dionisie Pippidi, Constantin C. Giurescu sunt numai o parte dintre cei care au fondat \u015fi au \u00eembog\u0103\u0163it tradi\u0163ia studiilor istorice \u00een aceast\u0103 institu\u0163ie.<\/p>\n\n\n\n<p class=\"wp-block-paragraph\">Dup\u0103 1990 programele facult\u0103\u0163ii au devenit mai variate, at\u00e2t la nivel de licen\u0163\u0103 c\u00e2t \u015fi la cel masteral. La sec\u0163ia tradi\u0163ional\u0103 de Istorie s-au ad\u0103ugat specializ\u0103rile Istoria Artei \u015fi Rela\u0163ii Interna\u0163ionale \u015fi Studii Europene. Studiile de master s-au dezvoltat continuu, iar \u00een 2008 au fost acreditate nou\u0103 direc\u0163ii de master \u00een sistemul Bologna. \u00cen ciclul al treilea studiile sunt organizate \u00een cadrul \u015ecolii doctorale. \u00cen acest moment Facultatea de Istorie include cel mai mare num\u0103r de specializ\u0103ri pe care le-a propus de-a lungul \u00eentregii sale existen\u0163e, unele cursuri fiind unice \u00een mediul universitar rom\u00e2nesc. \u00cen prezent facultatea are num\u0103rul cel mai mare de studen\u0163i de toate gradele \u015fi formele de studii din istoria sa.<\/p>\n\n\n\n<ul class=\"wp-block-list\"><li><strong>Istoric<\/strong><\/li><li><strong>Conducere<\/strong><\/li><li><strong>Secretariat<\/strong><\/li><li><strong>Biblioteca<\/strong><\/li><li><strong>Regulamente<\/strong><\/li><li><strong>Alumni<\/strong><\/li><\/ul>\n","protected":false},"excerpt":{"rendered":"<p>Studiile \u00een domeniul istoriei la Universitatea Bucure\u015fti dateaz\u0103 \u00eenc\u0103 de la crearea acesteia ca institu\u0163ie de \u00eenv\u0103\u0163\u0103m\u00e2nt superior, prin decretul din 1864 al domnitorului Alexandru Ioan Cuza. Primele cursuri, organizate \u00een cadrul Facult\u0103\u0163ii de Litere, Drept \u015fi Filosofie, aveau ca tem\u0103 studierea antichit\u0103\u0163ilor \u015fi a patrimoniului arheologic. Subiectele s-au multiplicat \u00een timp, iar \u015ftiin\u0163ele istorice [&hellip;]<\/p>\n","protected":false},"author":2,"featured_media":0,"parent":0,"menu_order":0,"comment_status":"closed","ping_status":"closed","template":"","meta":{"_crdt_document":"","jetpack_post_was_ever_published":false,"footnotes":""},"class_list":["post-12","page","type-page","status-publish","hentry"],"jetpack_sharing_enabled":true,"jetpack_shortlink":"https:\/\/wp.me\/PaobZd-c","jetpack-related-posts":[],"_links":{"self":[{"href":"https:\/\/istorie.unibuc.ro\/facultate\/wp-json\/wp\/v2\/pages\/12","targetHints":{"allow":["GET"]}}],"collection":[{"href":"https:\/\/istorie.unibuc.ro\/facultate\/wp-json\/wp\/v2\/pages"}],"about":[{"href":"https:\/\/istorie.unibuc.ro\/facultate\/wp-json\/wp\/v2\/types\/page"}],"author":[{"embeddable":true,"href":"https:\/\/istorie.unibuc.ro\/facultate\/wp-json\/wp\/v2\/users\/2"}],"replies":[{"embeddable":true,"href":"https:\/\/istorie.unibuc.ro\/facultate\/wp-json\/wp\/v2\/comments?post=12"}],"version-history":[{"count":3,"href":"https:\/\/istorie.unibuc.ro\/facultate\/wp-json\/wp\/v2\/pages\/12\/revisions"}],"predecessor-version":[{"id":106,"href":"https:\/\/istorie.unibuc.ro\/facultate\/wp-json\/wp\/v2\/pages\/12\/revisions\/106"}],"wp:attachment":[{"href":"https:\/\/istorie.unibuc.ro\/facultate\/wp-json\/wp\/v2\/media?parent=12"}],"curies":[{"name":"wp","href":"https:\/\/api.w.org\/{rel}","templated":true}]}}