{"id":117,"date":"2018-10-26T13:41:15","date_gmt":"2018-10-26T13:41:15","guid":{"rendered":"http:\/\/newhis.bucharest.university\/?page_id=117"},"modified":"2026-01-26T15:01:22","modified_gmt":"2026-01-26T15:01:22","slug":"conducere","status":"publish","type":"page","link":"https:\/\/istorie.unibuc.ro\/facultate\/facultate\/conducere\/","title":{"rendered":"Conducere"},"content":{"rendered":"\n<h2 class=\"wp-block-heading\"><strong>Decan\n<\/strong><\/h2>\n\n\n\n<h4 class=\"wp-block-heading\"><strong>Conf. univ. dr. Matei Gheboianu<\/strong><\/h4>\n\n\n\n<p class=\"wp-block-paragraph\"><strong>Program audien\u021be<\/strong>: Miercuri, 14:00 \u2013 15:00, etaj 2, Birou decanat<\/p>\n\n\n\n<p class=\"wp-block-paragraph\"><strong><strong>Email<\/strong><\/strong>: <a href=\"mailto:matei.gheboianu@istorie.unibuc.ro\">matei.gheboianu@istorie.unibuc.ro<\/a><\/p>\n\n\n\n<hr class=\"wp-block-separator has-css-opacity\"\/>\n\n\n\n<h2 class=\"wp-block-heading\"><strong>Prodecani<\/strong><\/h2>\n\n\n\n<h4 class=\"wp-block-heading\"><strong>Lect.\nuniv. dr. Alexandrina-Victoria Litu-Girboviceanu<\/strong><\/h4>\n\n\n\n<p class=\"wp-block-paragraph\"><strong>Prodecan &#8211; <\/strong>resurse umane, practic\u0103 studen\u021beasc\u0103<\/p>\n\n\n\n<p class=\"wp-block-paragraph\"><strong>Program audien\u021be<\/strong>: Miercuri, 17:00-18:00, etaj 2, Birou decanat<\/p>\n\n\n\n<p class=\"wp-block-paragraph\"><strong>Email<\/strong>: <a href=\"mailto:alexandra.litu@istorie.unibuc.ro\">alexandra.litu@istorie.unibuc.ro<\/a><\/p>\n\n\n\n<hr class=\"wp-block-separator has-css-opacity\"\/>\n\n\n\n<h4 class=\"wp-block-heading\"><strong>Lect. univ. dr. Bogdan Antoniu<\/strong><\/h4>\n\n\n\n<p class=\"wp-block-paragraph\"><strong>Prodecan &#8211; <\/strong>\u0219colaritate<\/p>\n\n\n\n<p class=\"wp-block-paragraph\"><strong>Program audiente<\/strong>: Joi, 13:00-15:00; Vineri, 13:00-15:00, etaj 2, Birou decanat<\/p>\n\n\n\n<p class=\"wp-block-paragraph\"><strong>Email<\/strong>:&nbsp;<a href=\"mailto:alin.matei@istorie.unibuc.ro\">bogdan.antoniu@istorie.unibuc.ro<\/a><\/p>\n\n\n\n<hr class=\"wp-block-separator has-css-opacity\"\/>\n\n\n\n<h4 class=\"wp-block-heading\"><strong>Conf. univ. dr. Andrei-Florin Sora<\/strong><\/h4>\n\n\n\n<p class=\"wp-block-paragraph\"><strong>Prodecan &#8211; <\/strong>cercetare, burse \u0219i caz\u0103ri studen\u021be\u0219ti<\/p>\n\n\n\n<p class=\"wp-block-paragraph\"><strong>Program audien\u021be<\/strong>: Luni, 14:00-16:00, etaj 2, Birou decanat<\/p>\n\n\n\n<p class=\"wp-block-paragraph\"><strong>Email<\/strong>: <a href=\"mailto:florinandrei.sora@istorie.unibuc.ro\">florinandrei.sora@istorie.unibuc.ro<\/a><\/p>\n\n\n\n<hr class=\"wp-block-separator has-alpha-channel-opacity\"\/>\n\n\n\n<h4 class=\"wp-block-heading\"><strong>Conf. univ. dr. Alexandru Mironov<\/strong><\/h4>\n\n\n\n<p class=\"wp-block-paragraph\"><strong>Coordonator ERASMUS <\/strong><\/p>\n\n\n\n<p class=\"wp-block-paragraph\"><strong>Program audien\u021be<\/strong>: Miercuri, 10:00-12:00, etaj 2, sala 221<\/p>\n\n\n\n<p class=\"wp-block-paragraph\"><strong>Email<\/strong>:&nbsp;<a href=\"mailto:florinandrei.sora@istorie.unibuc.ro\">alexandru.mironov@istorie.unibuc.ro<\/a><\/p>\n\n\n\n<hr class=\"wp-block-separator has-alpha-channel-opacity\"\/>\n\n\n\n<hr class=\"wp-block-separator has-alpha-channel-opacity\"\/>\n\n\n\n<h2 class=\"wp-block-heading\"><strong>Membrii consiliului\nFacult\u0103\u021bii de Istorie<\/strong><\/h2>\n\n\n\n<ol class=\"wp-block-list\">\n<li>Conf. univ. dr. Matei Gheboianu<\/li>\n\n\n\n<li>Prof. univ. dr. Carol C\u0103pi\u021b\u0103<\/li>\n\n\n\n<li>Prof. univ. dr. Florin Muller<\/li>\n\n\n\n<li>Prof. univ. dr. Bogdan Murgescu <\/li>\n\n\n\n<li>Prof. univ. dr. Mirela Murgescu<\/li>\n\n\n\n<li>Conf. univ. dr. Simona Corlan<\/li>\n\n\n\n<li>Conf. univ. dr. Florica Boh\u00eel\u021bea-Mihu\u021b<\/li>\n\n\n\n<li>Conf. univ. dr. Florentina Ni\u021bu<\/li>\n\n\n\n<li>Conf. univ. dr. Florin Andrei Sora <\/li>\n\n\n\n<li>&nbsp;Conf. univ. dr. Radu Nedici<\/li>\n\n\n\n<li>&nbsp;Conf. univ. dr. Alexandru Murad-Mironov<\/li>\n\n\n\n<li>&nbsp;Lect. univ. dr.&nbsp; Daniela Zaharia <\/li>\n\n\n\n<li>&nbsp;Lect. univ. dr. Manuela Dobre<\/li>\n\n\n\n<li>&nbsp;Lect. univ. dr. Alexandra Li\u021bu<\/li>\n\n\n\n<li>&nbsp;Lect. univ. dr. Alexandra \u021a\u00e2rlea<\/li>\n\n\n\n<li>&nbsp;Lect. univ. dr. Mihaela Must\u0103\u021bea<\/li>\n\n\n\n<li>&nbsp;Lect. univ. dr. Bogdan George Antoniu<\/li>\n\n\n\n<li>&nbsp;Lect. univ. dr. Drago\u0219 Zaharia<\/li>\n\n\n\n<li>&nbsp;Lect. univ. dr. Christian N\u0103sulea<\/li>\n\n\n\n<li>&nbsp;Popovici Virgil Alexandru &#8211; student reprezentant licen\u021b\u0103 anul I<\/li>\n\n\n\n<li>Oancea Loredana Gabriela &#8211; student reprezentant licen\u021b\u0103 anul I<\/li>\n\n\n\n<li>&nbsp;Ni\u021b\u0103 Gheorghe Lucian &#8211; student reprezentant licen\u021b\u0103 anul II<\/li>\n\n\n\n<li>Mititelu Maia Teodora &#8211; student reprezentant licen\u021b\u0103 anul II<\/li>\n\n\n\n<li>Stancu Marius Octavian &#8211; student reprezentant licen\u021b\u0103 anul III<\/li>\n\n\n\n<li>Petre Darius Nicolae &#8211; student reprezentant master anul I<\/li>\n\n\n\n<li>Grigore Andreea Beatrice &#8211; student reprezentant&nbsp; master II<\/li>\n\n\n\n<li>Vasile Alexandru-Marian  &#8211; reprezentant doctorat<\/li>\n<\/ol>\n\n\n<p><!--EndFragment--><\/p>\n<h3 id=\"mce_49\" class=\"editor-rich-text__tinymce mce-content-body\" role=\"textbox\" contenteditable=\"true\" aria-label=\"Write heading\u2026\" aria-autocomplete=\"list\" aria-expanded=\"false\" aria-multiline=\"true\" data-is-placeholder-visible=\"false\">Reprezentantii studentilor:<\/h3>\n<p><!--EndFragment--><\/p>\n<p>Reprezentan\u021bii de an ai studen\u021bilor sunt:<\/p>\n\n\n<ol class=\"wp-block-list\">\n<li>Popovici Virgil Alexandru &#8211; student reprezentant licen\u021b\u0103 anul I<\/li>\n\n\n\n<li>Oancea Loredana Gabriela &#8211; student reprezentant licen\u021b\u0103 anul I<\/li>\n\n\n\n<li>&nbsp;Ni\u021b\u0103 Gheorghe Lucian &#8211; student reprezentant licen\u021b\u0103 anul II<\/li>\n\n\n\n<li>Mititelu Maia Teodora &#8211; student reprezentant licen\u021b\u0103 anul II<\/li>\n\n\n\n<li>Stancu Marius Octavian &#8211; student reprezentant licen\u021b\u0103 anul III<\/li>\n\n\n\n<li>Petre Darius Nicolae &#8211; student reprezentant master anul I<\/li>\n\n\n\n<li>Grigore Andreea Beatrice &#8211; student reprezentant&nbsp; master II<\/li>\n\n\n\n<li>Vasile Alexandru-Marian &#8211; reprezentant doctorat<\/li>\n<\/ol>\n\n\n\n<h2 class=\"wp-block-heading\">Reprezentan\u021bi \u00een Senatul UB<\/h2>\n\n\n\n<ul class=\"wp-block-list has-normal-font-size\">\n<li>Prof.dr. Bogdan Murgescu<\/li>\n\n\n\n<li>Conf.dr. Florentina Ni\u021bu<\/li>\n\n\n\n<li>Conf.dr. Valentin Bottez<\/li>\n\n\n\n<li>Lect.dr. Manuela Dobre<\/li>\n<\/ul>\n\n\n\n<h2 class=\"wp-block-heading\">Reprezentant studen\u021bi \u00een Senatul UB<\/h2>\n\n\n\n<ul class=\"wp-block-list\">\n<li>L\u0103z\u0103rescu Albert-Alexandru (master an I).<\/li>\n<\/ul>\n\n\n\n<h3 class=\"wp-block-heading\">Componen\u021ba CEAC<\/h3>\n\n\n\n<ul class=\"wp-block-list\">\n<li><strong>Conf.dr. Andrei Florin Sora&nbsp;<\/strong>\u2013 prodecan, pre\u0219edinte al Comisiei de Calitate a Facult\u0103\u021bii de Istorie<\/li>\n\n\n\n<li><strong>Lect.dr. Daniela Popescu<\/strong> \u2013 membru&nbsp;\u00een Comisia de Calitate a Facult\u0103\u021bii de Istorie<\/li>\n\n\n\n<li><strong>Lector dr. Christian N\u0103sulea&nbsp;<\/strong>\u2013 membru&nbsp;\u00een Comisia de Calitate a Facult\u0103\u021bii de Istorie<\/li>\n\n\n\n<li><strong>Lector dr. Vladimir Cre\u021bulescu<\/strong> \u2013 membru&nbsp;\u00een Comisia de Calitate a Facult\u0103\u021bii de Istorie<\/li>\n\n\n\n<li><strong>Petre Darius Nicolae<\/strong>&nbsp;&#8211; licen\u021b\u0103 anul III,&nbsp;membru&nbsp;\u00een Comisia de Calitate a Facult\u0103\u021bii de Istoriei<\/li>\n\n\n\n<li><strong>Albert L\u0103z\u0103rescu<\/strong>&nbsp;&#8211; pre\u0219edinte ASID<\/li>\n\n\n\n<li><strong>Ioana Ciocan<\/strong>&nbsp;&#8211; angajator &#8211; Art Safari<\/li>\n<\/ul>\n\n\n\n<p class=\"wp-block-paragraph\"><\/p>\n\n\n\n<p class=\"wp-block-paragraph\"><\/p>\n\n\n\n<p class=\"wp-block-paragraph\"><\/p>\n\n\n\n<div class=\"wp-block-cover\"><img data-recalc-dims=\"1\" loading=\"lazy\" decoding=\"async\" width=\"771\" height=\"771\" data-attachment-id=\"18148\" data-permalink=\"https:\/\/istorie.unibuc.ro\/facultate\/facultate\/conducere\/image-generation-pxds8pxx8itsqobxamawxof1np52-1741771830984-result\/\" data-orig-file=\"https:\/\/i0.wp.com\/istorie.unibuc.ro\/wp-content\/uploads\/2025\/03\/image-generation-pXDS8PXx8iTsqoBxAmAwxoF1NP52-1741771830984-result.jpeg?fit=1024%2C1024&amp;ssl=1\" data-orig-size=\"1024,1024\" data-comments-opened=\"0\" data-image-meta=\"{&quot;aperture&quot;:&quot;0&quot;,&quot;credit&quot;:&quot;&quot;,&quot;camera&quot;:&quot;&quot;,&quot;caption&quot;:&quot;&quot;,&quot;created_timestamp&quot;:&quot;0&quot;,&quot;copyright&quot;:&quot;&quot;,&quot;focal_length&quot;:&quot;0&quot;,&quot;iso&quot;:&quot;0&quot;,&quot;shutter_speed&quot;:&quot;0&quot;,&quot;title&quot;:&quot;&quot;,&quot;orientation&quot;:&quot;0&quot;}\" data-image-title=\"image-generation-pXDS8PXx8iTsqoBxAmAwxoF1NP52-1741771830984-result\" data-image-description=\"\" data-image-caption=\"\" data-large-file=\"https:\/\/i0.wp.com\/istorie.unibuc.ro\/wp-content\/uploads\/2025\/03\/image-generation-pXDS8PXx8iTsqoBxAmAwxoF1NP52-1741771830984-result.jpeg?fit=771%2C771&amp;ssl=1\" class=\"wp-block-cover__image-background wp-image-18148 size-full\" alt=\"\" src=\"https:\/\/i0.wp.com\/istorie.unibuc.ro\/wp-content\/uploads\/2025\/03\/image-generation-pXDS8PXx8iTsqoBxAmAwxoF1NP52-1741771830984-result.jpeg?resize=771%2C771&#038;ssl=1\" data-object-fit=\"cover\" srcset=\"https:\/\/i0.wp.com\/istorie.unibuc.ro\/wp-content\/uploads\/2025\/03\/image-generation-pXDS8PXx8iTsqoBxAmAwxoF1NP52-1741771830984-result.jpeg?w=1024&amp;ssl=1 1024w, https:\/\/i0.wp.com\/istorie.unibuc.ro\/wp-content\/uploads\/2025\/03\/image-generation-pXDS8PXx8iTsqoBxAmAwxoF1NP52-1741771830984-result.jpeg?resize=300%2C300&amp;ssl=1 300w, https:\/\/i0.wp.com\/istorie.unibuc.ro\/wp-content\/uploads\/2025\/03\/image-generation-pXDS8PXx8iTsqoBxAmAwxoF1NP52-1741771830984-result.jpeg?resize=150%2C150&amp;ssl=1 150w, https:\/\/i0.wp.com\/istorie.unibuc.ro\/wp-content\/uploads\/2025\/03\/image-generation-pXDS8PXx8iTsqoBxAmAwxoF1NP52-1741771830984-result.jpeg?resize=768%2C768&amp;ssl=1 768w\" sizes=\"auto, (max-width: 771px) 100vw, 771px\" \/><span aria-hidden=\"true\" class=\"wp-block-cover__background has-background-dim\" style=\"background-color:#6c5951\"><\/span><div class=\"wp-block-cover__inner-container is-layout-constrained wp-block-cover-is-layout-constrained\">\n<p class=\"has-text-align-center has-large-font-size wp-block-paragraph\"><a href=\"https:\/\/istorie.unibuc.ro\/facultate\/facultate\/conducere\/minute-consiliu-facultatea-de-istorie\/\" data-type=\"page\" data-id=\"18144\">Minute Consiliu Facultatea de Istorie<\/a><\/p>\n<\/div><\/div>\n","protected":false},"excerpt":{"rendered":"<p>Decan Conf. univ. dr. Matei Gheboianu Program audien\u021be: Miercuri, 14:00 \u2013 15:00, etaj 2, Birou decanat Email: matei.gheboianu@istorie.unibuc.ro Prodecani Lect. univ. dr. Alexandrina-Victoria Litu-Girboviceanu Prodecan &#8211; resurse umane, practic\u0103 studen\u021beasc\u0103 Program audien\u021be: Miercuri, 17:00-18:00, etaj 2, Birou decanat Email: alexandra.litu@istorie.unibuc.ro Lect. univ. dr. Bogdan Antoniu Prodecan &#8211; \u0219colaritate Program audiente: Joi, 13:00-15:00; Vineri, 13:00-15:00, etaj [&hellip;]<\/p>\n","protected":false},"author":2,"featured_media":0,"parent":12,"menu_order":0,"comment_status":"closed","ping_status":"closed","template":"","meta":{"_crdt_document":"","jetpack_post_was_ever_published":false,"footnotes":""},"class_list":["post-117","page","type-page","status-publish","hentry"],"jetpack_sharing_enabled":true,"jetpack_shortlink":"https:\/\/wp.me\/PaobZd-1T","jetpack-related-posts":[],"_links":{"self":[{"href":"https:\/\/istorie.unibuc.ro\/facultate\/wp-json\/wp\/v2\/pages\/117","targetHints":{"allow":["GET"]}}],"collection":[{"href":"https:\/\/istorie.unibuc.ro\/facultate\/wp-json\/wp\/v2\/pages"}],"about":[{"href":"https:\/\/istorie.unibuc.ro\/facultate\/wp-json\/wp\/v2\/types\/page"}],"author":[{"embeddable":true,"href":"https:\/\/istorie.unibuc.ro\/facultate\/wp-json\/wp\/v2\/users\/2"}],"replies":[{"embeddable":true,"href":"https:\/\/istorie.unibuc.ro\/facultate\/wp-json\/wp\/v2\/comments?post=117"}],"version-history":[{"count":62,"href":"https:\/\/istorie.unibuc.ro\/facultate\/wp-json\/wp\/v2\/pages\/117\/revisions"}],"predecessor-version":[{"id":21196,"href":"https:\/\/istorie.unibuc.ro\/facultate\/wp-json\/wp\/v2\/pages\/117\/revisions\/21196"}],"up":[{"embeddable":true,"href":"https:\/\/istorie.unibuc.ro\/facultate\/wp-json\/wp\/v2\/pages\/12"}],"wp:attachment":[{"href":"https:\/\/istorie.unibuc.ro\/facultate\/wp-json\/wp\/v2\/media?parent=117"}],"curies":[{"name":"wp","href":"https:\/\/api.w.org\/{rel}","templated":true}]}}