{"id":11000,"date":"2022-10-13T09:17:26","date_gmt":"2022-10-13T09:17:26","guid":{"rendered":"https:\/\/istorie.unibuc.ro\/facultate\/?page_id=11000"},"modified":"2022-10-13T09:18:09","modified_gmt":"2022-10-13T09:18:09","slug":"mihai-retegan-1950-2021","status":"publish","type":"page","link":"https:\/\/istorie.unibuc.ro\/facultate\/mihai-retegan-1950-2021\/","title":{"rendered":"Mihai Retegan (1950 &#8211; 2021)"},"content":{"rendered":"\n<p class=\"wp-block-paragraph\">17.08.1950 \u2013 05.11.2021<\/p>\n\n\n\n<figure class=\"wp-block-image size-full\"><img data-recalc-dims=\"1\" loading=\"lazy\" decoding=\"async\" width=\"234\" height=\"234\" data-attachment-id=\"8509\" data-permalink=\"https:\/\/istorie.unibuc.ro\/facultate\/facultate\/memorie-institutionala\/image-8\/\" data-orig-file=\"https:\/\/i0.wp.com\/istorie.unibuc.ro\/wp-content\/uploads\/2021\/11\/image.png?fit=234%2C234&amp;ssl=1\" data-orig-size=\"234,234\" data-comments-opened=\"0\" data-image-meta=\"{&quot;aperture&quot;:&quot;0&quot;,&quot;credit&quot;:&quot;&quot;,&quot;camera&quot;:&quot;&quot;,&quot;caption&quot;:&quot;&quot;,&quot;created_timestamp&quot;:&quot;0&quot;,&quot;copyright&quot;:&quot;&quot;,&quot;focal_length&quot;:&quot;0&quot;,&quot;iso&quot;:&quot;0&quot;,&quot;shutter_speed&quot;:&quot;0&quot;,&quot;title&quot;:&quot;&quot;,&quot;orientation&quot;:&quot;0&quot;}\" data-image-title=\"image\" data-image-description=\"\" data-image-caption=\"\" data-large-file=\"https:\/\/i0.wp.com\/istorie.unibuc.ro\/wp-content\/uploads\/2021\/11\/image.png?fit=234%2C234&amp;ssl=1\" src=\"https:\/\/i0.wp.com\/istorie.unibuc.ro\/wp-content\/uploads\/2021\/11\/image.png?resize=234%2C234&#038;ssl=1\" alt=\"\" class=\"wp-image-8509\" srcset=\"https:\/\/i0.wp.com\/istorie.unibuc.ro\/wp-content\/uploads\/2021\/11\/image.png?w=234&amp;ssl=1 234w, https:\/\/i0.wp.com\/istorie.unibuc.ro\/wp-content\/uploads\/2021\/11\/image.png?resize=150%2C150&amp;ssl=1 150w\" sizes=\"auto, (max-width: 234px) 100vw, 234px\" \/><\/figure>\n\n\n\n<p class=\"has-text-align-left wp-block-paragraph\">\u00cen seara zilei de 5 noiembrie 2021, a murit profesorul de istorie contemporan\u0103 rom\u00e2neasc\u0103 Mihai Retegan, un important specialist al acestui domeniu. Mul\u021bi dintre noi l-am cunoscut \u00een calitate de coleg \u00een cadrul Departamentului de Istoria Rom\u00e2nilor \u0219i a Sud Estului European, pe care l-a condus \u00een perioada 2012-2015. \u00cenc\u0103 \u0219i mai mul\u021bi, \u00een calitate de actuali \u0219i fo\u0219ti studen\u021bi, au avut \u0219ansa de a \u00eei asculta prelegerile, descoperind deopotriv\u0103 un profesor exigent, dar plin de entuziasm \u0219i voie bun\u0103. Dup\u0103 absolvirea facult\u0103\u021bii, \u00een 1974, \u0219i-a \u00eenceput activitatea ca cercet\u0103tor \u0219tiin\u021bific la \u201eInstitutul de istorie militar\u0103\u201d, iar din 1995 a devenit cadru didactic \u00een cadrul Facult\u0103\u021bii de Istorie. Domeniile de cercetare au fost legate de: Istoria Rom\u00e2nilor dup\u0103 Primul R\u0103zboi Mondial p\u00e2n\u0103 la pr\u0103bu\u0219irea comunismului (politica extern\u0103, al doilea r\u0103zboi mondial, regimul comunist, crizele comunismului \u0219i efectele asupra Rom\u00e2niei, rela\u021biile Rom\u00e2niei cu Marea Britanie \u00een cel de-al doilea r\u0103zboi mondial).<\/p>\n\n\n\n<p class=\"has-text-align-left wp-block-paragraph\">Mihai Retegan a fost licen\u021biat al Facult\u0103\u021bii de Istorie, Universitatea din Bucure\u0219ti (1970-1974), \u0219i doctor \u00een istorie (1993). Contribu\u021bia sa la cunoa\u0219terea istoric\u0103 a fost recunoscut\u0103 prin conferirea unui num\u0103r important de premii, ordine \u0219i medalii: premiul Academiei Rom\u00e2ne pentru istorie contemporan\u0103 (1985); premiul Comisiei Rom\u00e2ne de Istorie Militar\u0103, pentru activitatea \u0219tiin\u021bific\u0103 (1996); premiul Comisiei Rom\u00e2ne de Istorie Militar\u0103, pentru volumul <em>Armata rom\u00e2n\u0103 \u00een anii celui de-al Doilea R\u0103zboi Mondial<\/em> (1997); premiul Funda\u021biei Magazin istoric, pentru volumul <em>1968 din prim\u0103var\u0103 p\u00e2n\u0103 \u00een toamn\u0103<\/em> (1999); premiul Funda\u021biei Magazin istoric, pentru volumul <em>SSI-SOE, jurnal politic, 1941-1944<\/em> (2008); Medalia 50 de ani de la Revolu\u021bia ungar\u0103, conferit\u0103 de pre\u0219edintele Ungariei (2006); Ordinul de Onoare, conferit de pre\u0219edintele Republicii Moldova (2010). Profesor Doctor Honoris Causa al Universit\u0103\u021bii \u201eOvidius\u201d din Constan\u021ba (iunie 2011).<\/p>\n\n\n\n<p class=\"has-text-align-left wp-block-paragraph\">Dintre publica\u021biile sale, amintim: <em>Istoria militar\u0103 a poporului rom\u00e2n<\/em>, vol. VI, 1989 (coautor); <em>Rom\u00e2nia \u00een anii celui de-al doilea r\u0103zboi mondial<\/em>, vol. I-III, 1989 (coautor<em>); 23 August 1944. Documente<\/em>, vol. I-IV, 1984 \u2013 1985 (coautor); <em>1918, f\u0103urirea Rom\u00e2niei Mari<\/em>, 1993 (coautor); <em>Transilvania \u00een evolu\u0163ia rela\u0163iilor rom\u00e2no-ungare. O nou\u0103 abordare<\/em>, (coautor) 1993 (\u015fi edi\u0163ie \u00een limba englez\u0103); <em>Armata rom\u00e2n\u0103 \u00een al doilea r\u0103zboi mondial<\/em>, 1995 (coautor); <em>Rom\u00e2nia \u00een r\u0103zboi, 1941 \u2013 1945<\/em>. <em>Un destin \u00een istorie<\/em> (coautor), 1995;&nbsp; <em>Explozia. Percep\u0163ii rom\u00e2ne, iugoslave \u015fi sovietice asupra evenimentelor din Polonia \u015fi Ungaria <\/em>(coautor), 1996;<em> 1956. Explozia<\/em> (coautor), 1996; <em>\u00cen balan\u0163a for\u0163elor. Alian\u0163e militare rom\u00e2ne\u015fti interbelice<\/em>, 1997; <em>1968. din prim\u0103var\u0103 p\u00e2n\u0103 \u00een toamn\u0103<\/em>, 1998 (\u015fi edi\u0163ii \u00een limbile englez\u0103 \u015fi ceh\u0103). <em>Eliberararea Basarabiei \u015fi a nordului Bucovinei, 22 iunie \u2013 26 iulie 1941 <\/em>(coautor), 1999; <em>1968. In the Shadow of the Prague Spring<\/em>, 2000; <em>1968. Ve stinu Prazskeho iara. Crta k rumunske zahranicni politice<\/em>, Praha, Argo, 2002; <em>1989. Principiul dominoului. Pr\u0103bu\u015firea regimurilor comuniste europene<\/em>, 2000 (coautor); <em>R\u0103zboi \u015fi societate, 1941 \u2013 1945,<\/em> vol. I, 1999, (coautor); <em>Istoria Rom\u00e2nilor, manual pentru clasa a XII<\/em>, (coordonator \u0219i autor), 2000; <em>R\u0103zboi \u015fi societate: Rom\u00e2nia 1941-1945. de la Prut \u00een Crimeea (22 iunie-8 noiembrie 1941) <\/em>(coautor), 2000; <em>R\u0103zboi politic \u00een blocul comunist. Rela\u0163ii rom\u00e2no-sovietice \u00een anii \u015faizeci<\/em>, vol. I-II, 2002-2004<em>; Istoria Rom\u00e2nilor<\/em>, vol. VIII, IX, 2003, 2008 (coautor); <em>Structuri politice \u00een Europa Central\u0103 \u015fi de Sud-Est<\/em>, vol. I-II, (coautor); <em>Regimul comunist din Rom\u00e2nia. O cronologie politic\u0103<\/em>, 2004 (coautor); <em>SSI \u2013 SOE Jurnal politic, 1941 \u2013 1944<\/em>, 2007 (coautor<em>); Povestea unei tr\u0103d\u0103ri<\/em>, 2010; <em>International Relations. Approaches and Studies<\/em>, 2014 (ed.); <em>1968 din prim\u0103var\u0103 p\u00e2n\u0103 \u00een toamn\u0103. Schi\u021b\u0103 de politic\u0103 extern\u0103 \u0219i politic\u0103 militar\u0103 rom\u00e2neasc\u0103<\/em>, edi\u021bia a II, rev\u0103zut\u0103 \u0219i ad\u0103ugit\u0103, 2014; <em>Ambasadorii Maiest\u0103\u021bii Sale \u00een Rom\u00e2nia, 1964-1970<\/em>, 2017.<\/p>\n","protected":false},"excerpt":{"rendered":"<p>17.08.1950 \u2013 05.11.2021 \u00cen seara zilei de 5 noiembrie 2021, a murit profesorul de istorie contemporan\u0103 rom\u00e2neasc\u0103 Mihai Retegan, un important specialist al acestui domeniu. Mul\u021bi dintre noi l-am cunoscut \u00een calitate de coleg \u00een cadrul Departamentului de Istoria Rom\u00e2nilor \u0219i a Sud Estului European, pe care l-a condus \u00een perioada 2012-2015. \u00cenc\u0103 \u0219i mai [&hellip;]<\/p>\n","protected":false},"author":1,"featured_media":0,"parent":0,"menu_order":0,"comment_status":"closed","ping_status":"closed","template":"","meta":{"_crdt_document":"","footnotes":""},"class_list":["post-11000","page","type-page","status-publish","hentry"],"jetpack_sharing_enabled":true,"jetpack_shortlink":"https:\/\/wp.me\/PaobZd-2Rq","jetpack-related-posts":[],"_links":{"self":[{"href":"https:\/\/istorie.unibuc.ro\/facultate\/wp-json\/wp\/v2\/pages\/11000","targetHints":{"allow":["GET"]}}],"collection":[{"href":"https:\/\/istorie.unibuc.ro\/facultate\/wp-json\/wp\/v2\/pages"}],"about":[{"href":"https:\/\/istorie.unibuc.ro\/facultate\/wp-json\/wp\/v2\/types\/page"}],"author":[{"embeddable":true,"href":"https:\/\/istorie.unibuc.ro\/facultate\/wp-json\/wp\/v2\/users\/1"}],"replies":[{"embeddable":true,"href":"https:\/\/istorie.unibuc.ro\/facultate\/wp-json\/wp\/v2\/comments?post=11000"}],"version-history":[{"count":2,"href":"https:\/\/istorie.unibuc.ro\/facultate\/wp-json\/wp\/v2\/pages\/11000\/revisions"}],"predecessor-version":[{"id":11002,"href":"https:\/\/istorie.unibuc.ro\/facultate\/wp-json\/wp\/v2\/pages\/11000\/revisions\/11002"}],"wp:attachment":[{"href":"https:\/\/istorie.unibuc.ro\/facultate\/wp-json\/wp\/v2\/media?parent=11000"}],"curies":[{"name":"wp","href":"https:\/\/api.w.org\/{rel}","templated":true}]}}